{"id":1843,"date":"2024-09-11T08:34:30","date_gmt":"2024-09-11T08:34:30","guid":{"rendered":"https:\/\/gulfcoastlegal.mystaging.dev\/ayuda-legal\/derecho-de-familia\/"},"modified":"2025-02-07T19:37:53","modified_gmt":"2025-02-07T19:37:53","slug":"derecho-de-familia","status":"publish","type":"page","link":"https:\/\/gulfcoastlegal.org\/es\/ayuda-legal\/derecho-de-familia\/","title":{"rendered":"Derecho de familia"},"content":{"rendered":"<section id=\"block_acf-block-67a66110c9cb7\" class=\"gcl-block gcl-hero-image alignfull my-12 overflow-hidden\">\n  <div class=\"container flex flex-col lg:flex-row justify-between items-center gap-y-12 gap-x-6\">\n    <div class=\"lg:w-6\/12\">\n      <h1 class=\"\">Derecho de Familia \/ Asistencia contra la Violencia Dom&eacute;stica<\/h1>\n      <div class=\"pr-16 mb-10 lg:mb-14\">\n        <p>El personal de GLS ha sido capacitado sobre la din&aacute;mica de la violencia dom&eacute;stica y el trabajo con los sobrevivientes de una manera compasiva y empoderadora.<\/p>\n      <\/div>\n\n              <a class=\"btn btn-wide btn-primary\" href=\"https:\/\/glsoi.legalserver.org\/modules\/matter\/extern_intake.php?pid=129&amp;h=daa817&amp;\" target=\"_blank\" title=\"Solicitar asistencia - Opens in a new window\" rel=\"noopener noreferrer\">\n          Solicitar asistencia        <\/a>\n          <\/div>\n          <div class=\"lg:w-6\/12 text-right\">\n        <div class=\"decoration-orange hero-small\">\n          <img fetchpriority=\"high\" decoding=\"async\" width=\"496\" height=\"496\" src=\"https:\/\/gulfcoastlegal.org\/wp-content\/uploads\/2024\/12\/family-png-496x496.webp\" class=\"rounded-lg not-transparent\" alt=\"\" loading=\"eager\" srcset=\"https:\/\/gulfcoastlegal.org\/wp-content\/uploads\/2024\/12\/family-png-496x496.webp 496w, https:\/\/gulfcoastlegal.org\/wp-content\/uploads\/2024\/12\/family-png-160x160.webp 160w, https:\/\/gulfcoastlegal.org\/wp-content\/uploads\/2024\/12\/family-png-136x136.webp 136w, https:\/\/gulfcoastlegal.org\/wp-content\/uploads\/2024\/12\/family-png-400x400.webp 400w, https:\/\/gulfcoastlegal.org\/wp-content\/uploads\/2024\/12\/family-png-300x300.webp 300w, https:\/\/gulfcoastlegal.org\/wp-content\/uploads\/2024\/12\/family-png.webp 500w\" sizes=\"(max-width: 496px) 100vw, 496px\" data-has-transparency=\"false\" data-dominant-color=\"2a2570\" style=\"--dominant-color: #2a2570;\">        <\/div>\n      <\/div>\n      <\/div>\n<\/section>\n\n\n<section id=\"block_acf-block-67a66110d1bdc\" class=\"gcl-block gcl-cta-white-box-with-media alignfull container my-16 lg:my-32\">\n  <div class=\"box flex flex-col xl:flex-row gap-10 xl:gap-16\">\n    <div class=\"xl:w-7\/12\">\n      <h2 class=\"\">GLS puede ayudarte si:<\/h2>\n\n              <ul class=\"list-image-checkmark\">\n                      <li>Necesita protecci&oacute;n contra la violencia dom&eacute;stica o sexual a trav&eacute;s de &oacute;rdenes de restricci&oacute;n.<\/li>\n                      <li>Est&aacute; buscando un divorcio o lidiando con problemas de custodia y manutenci&oacute;n de los hijos.<\/li>\n                      <li>Necesita ayuda legal con la paternidad, la tutela o el establecimiento de los derechos de paternidad.<\/li>\n                      <li>Se enfrenta a disputas por divisi&oacute;n de bienes o necesita ayuda con los bienes conyugales durante un divorcio.<\/li>\n                  <\/ul>\n          <\/div>\n    <div class=\"xl:w-5\/12\">\n              <video controls=\"true\" poster=\"https:\/\/gulfcoastlegal.org\/wp-content\/uploads\/2024\/09\/family-poster-496x280.webp\" src=\"https:\/\/gulfcoastlegal.org\/wp-content\/uploads\/2024\/09\/Family-Law-GLS.mp4\" class=\"rounded-md mb-10 aspect-video object-cover w-full\">\n        <\/video>\n      \n              <a class=\"btn block btn-primary\" href=\"https:\/\/glsoi.legalserver.org\/modules\/matter\/extern_intake.php?pid=129&amp;h=daa817&amp;\" target=\"_blank\" title=\"Solicitar asistencia - Opens in a new window\" rel=\"noopener noreferrer\">\n          Solicitar asistencia        <\/a>\n          <\/div>\n  <\/div>\n<\/section>\n\n\n<section id=\"block_acf-block-67a66110d3f4b\" class=\"gcl-block gcl-text alignfull container my-16\">\n\t<div class=\"lg:w-10\/12\">\n\t\t\t\t\t\t\t<p class=\"h4 overflow-hidden mb-6\">Estamos comprometidos a guiar a los clientes a trav\u00e9s del proceso de divorcio y ofrecer apoyo para presentar y obtener medidas cautelares de protecci\u00f3n contra la violencia dom\u00e9stica y otros asuntos relacionados:<\/p>\n\t\t\t<\/div>\n\n\t<div class=\"lg:w-8\/12\">\n\t\t<ul>\n<li>Revisar y compilar todas las divulgaciones financieras requeridas si se proporciona una representaci\u00f3n completa<\/li>\n<li>La presentaci\u00f3n y finalizaci\u00f3n de interrogatorios, solicitudes de producci\u00f3n y descubrimientos son asuntos si se proporcionan con representaci\u00f3n completa.<\/li>\n<li>Asesorar y presentar mociones de respuesta sobre cuestiones de desacato y aplicaci\u00f3n de la ley si se le proporciona una representaci\u00f3n completa.<\/li>\n<li>Ayudarlo a prepararse para la mediaci\u00f3n, las audiencias; y\/o<\/li>\n<li>Repasando los siguientes pasos en su caso.<\/li>\n<li>Reubicaci\u00f3n y Compensaci\u00f3n a las V\u00edctimas: Referencias y Asesoramiento<\/li>\n<\/ul>\n\t<\/div>\n<\/section>\n\n\n<div id=\"block_acf-block-67a66110d50ea\" class=\"gcl-block gcl-text-white-background alignfull container my-16 lg:my-24\">\n\t<div class=\"box px-6 py-8 lg:p-10 w-full lg:w-8\/12\">\n\t\t<h3 class=\"\">Recursos adicionales<\/h3>\n\n\t\t<ul>\n<li>CASA (San Petersburgo): (727) 895-4912 TTY: (727) 828-1269 <a href=\"http:\/\/www.casa-stpete.org\" target=\"_blank\" rel=\"noopener noreferrer\" title=\"casa-stpete.org - Opens in new window\">casa-stpete.org<\/a><\/li>\n<li>Hope Villages of America &ndash; The Haven (Clearwater): (727) 443-4031 <a href=\"http:\/\/www.hopevillagesofamerica.org\" target=\"_blank\" rel=\"noopener noreferrer\" title=\"hopevillagesofamerica.org - Opens in new window\">hopevillagesofamerica.org<\/a><\/li>\n<li>Servicios Familiares HOPE (Bradenton): (941) 747-8499 <a href=\"http:\/\/www.hopefamilyservice.org\" target=\"_blank\" rel=\"noopener noreferrer\" title=\"hopefamilyservice.org - Opens in new window\">hopefamilyservice.org<\/a><\/li>\n<li>SPARCC (Sarasota): (941) 365-1976 <a href=\"http:\/\/www.sparcc.net\" target=\"_blank\" rel=\"noopener noreferrer\" title=\"sparcc.net - Opens in new window\">sparcc.net<\/a><\/li>\n<\/ul>\n\t<\/div>\n<\/div>\n\n\n<section id=\"block_acf-block-67a65f64f0055\" class=\"gcl-block gcl-cta-blue alignfull container my-16 lg:my-32\">\n  <div class=\"box bg-primary-100 text-gray-5 px-6 py-8 md:p-12 lg:p-20 xg:py-24 xl:px-52 text-center\">\n\n    <h2 class=\"text-gray-5\">Cambia tu vida con GLS ahora<\/h2>\n\n    <p>Puede solicitar servicios legales las 24 horas del d&iacute;a, los 7 d&iacute;as de la semana a trav&eacute;s de nuestro formulario en l&iacute;nea. Nos pondremos en contacto contigo para informarte si tu solicitud ha sido aceptada o no. Los casos de emergencia (violencia dom&eacute;stica y asuntos urgentes de vivienda) ser&aacute;n priorizados y contactados primero.  <\/p>\n\n          <a class=\"btn btn-wide btn-primary-inverted\" href=\"https:\/\/glsoi.legalserver.org\/modules\/matter\/extern_intake.php?pid=129&amp;h=daa817&amp;\" target=\"_blank\" title=\"Solicitar asistencia - Opens in a new window\" rel=\"noopener noreferrer\">\n        Solicitar asistencia      <\/a>\n    \n  <\/div>\n<\/section>\n\n\n<section id=\"block_acf-block-675874c0eecaa\" class=\"gcl-block gcl-footer alignfull relative pb-20 lg:pb-28 lg:pt-52\">\n\t<img decoding=\"async\" width=\"1920\" height=\"1197\" src=\"https:\/\/gulfcoastlegal.org\/wp-content\/uploads\/2024\/10\/equal-justice-under-law-1920x1197.webp\" class=\"absolute top-0 bottom-0 left-0 right-0 w-full h-full object-cover object-top hidden lg:block not-transparent\" alt=\"equal-justice-under-law\" loading=\"lazy\" data-has-transparency=\"false\" data-dominant-color=\"b2a48b\" style=\"--dominant-color: #b2a48b;\" \/>\t<div class=\"container\">\n\t\t<div class=\"box px-6 py-8 md:p-8 lg:p-14 relative z-10\">\n\n\t\t\t<h2 class=''>Cont\u00e1ctenos<\/h2>\n\t\t\t<p>Las solicitudes se pueden completar en persona. GLS acepta visitas sin cita previa de lunes a viernes de 9:00 a.m. a 5:00 p.m. Tenga en cuenta que GLS cierra a las personas sin cita previa de lunes a jueves de 12:30 p.m. a 1:30 p.m. y no acepta visitas sin cita previa despu\u00e9s de las 12:30 p.m. los viernes  <\/p>\n\n\t\t\t\t\t\t\t<div class=\"grid lg:grid-cols-2 xl:grid-cols-4 gap-10 border-t border-gray-40 pt-6\">\n\t\t\t\t\t\t\t\t\t\t\t<div>\n\t\t\t\t\t\t\t\t\t\t\t\t\t\t\t<h3>Oficina de Manatee<\/h3>\n\t\t\t\t\t\t\t\t\t\t\t\t\t\t\t\t\t\t\t\t\t\t<div class=\"flex gap-2 mb-3\">\n\t\t\t\t\t\t\t\t\t<img decoding=\"async\" src=\"https:\/\/gulfcoastlegal.org\/wp-content\/themes\/gulfcoastlegal\/dist\/images\/address-pin.svg\" class=\"h-6 w-6\" alt=\"\">\n\t\t\t\t\t\t\t\t\t<p>1112 Manatee Ave E, 2nd Floor, Bradenton, FL 34208<\/p>\n\t\t\t\t\t\t\t\t<\/div>\n\t\t\t\t\t\t\t\t\t\t\t\t\t\t\t\t\t\t\t\t\t\t<div class=\"flex gap-2\">\n\t\t\t\t\t\t\t\t\t<img decoding=\"async\" src=\"https:\/\/gulfcoastlegal.org\/wp-content\/themes\/gulfcoastlegal\/dist\/images\/phone.svg\" class=\"h-6 w-6\" alt=\"\">\n\t\t\t\t\t\t\t\t\t<p>941-746-6151<\/p>\n\t\t\t\t\t\t\t\t<\/div>\n\t\t\t\t\t\t\t\t\t\t\t\t\t<\/div>\n\t\t\t\t\t\t\t\t\t\t\t<div>\n\t\t\t\t\t\t\t\t\t\t\t\t\t\t\t<h3>Oficina de Pinellas<\/h3>\n\t\t\t\t\t\t\t\t\t\t\t\t\t\t\t\t\t\t\t\t\t\t<div class=\"flex gap-2 mb-3\">\n\t\t\t\t\t\t\t\t\t<img decoding=\"async\" src=\"https:\/\/gulfcoastlegal.org\/wp-content\/themes\/gulfcoastlegal\/dist\/images\/address-pin.svg\" class=\"h-6 w-6\" alt=\"\">\n\t\t\t\t\t\t\t\t\t<p>501 1st Ave N, Suite 420, St. Petersburg, FL 33701<\/p>\n\t\t\t\t\t\t\t\t<\/div>\n\t\t\t\t\t\t\t\t\t\t\t\t\t\t\t\t\t\t\t\t\t\t<div class=\"flex gap-2\">\n\t\t\t\t\t\t\t\t\t<img decoding=\"async\" src=\"https:\/\/gulfcoastlegal.org\/wp-content\/themes\/gulfcoastlegal\/dist\/images\/phone.svg\" class=\"h-6 w-6\" alt=\"\">\n\t\t\t\t\t\t\t\t\t<p>727-821-0726<\/p>\n\t\t\t\t\t\t\t\t<\/div>\n\t\t\t\t\t\t\t\t\t\t\t\t\t<\/div>\n\t\t\t\t\t\t\t\t\t\t\t<div>\n\t\t\t\t\t\t\t\t\t\t\t\t\t\t\t<h3>Oficina de Sarasota<\/h3>\n\t\t\t\t\t\t\t\t\t\t\t\t\t\t\t\t\t\t\t\t\t\t<div class=\"flex gap-2 mb-3\">\n\t\t\t\t\t\t\t\t\t<img decoding=\"async\" src=\"https:\/\/gulfcoastlegal.org\/wp-content\/themes\/gulfcoastlegal\/dist\/images\/address-pin.svg\" class=\"h-6 w-6\" alt=\"\">\n\t\t\t\t\t\t\t\t\t<p>250 Tamiami Trail S, Suite 201, Venice, FL 34285<\/p>\n\t\t\t\t\t\t\t\t<\/div>\n\t\t\t\t\t\t\t\t\t\t\t\t\t\t\t\t\t\t\t\t\t\t<div class=\"flex gap-2\">\n\t\t\t\t\t\t\t\t\t<img decoding=\"async\" src=\"https:\/\/gulfcoastlegal.org\/wp-content\/themes\/gulfcoastlegal\/dist\/images\/phone.svg\" class=\"h-6 w-6\" alt=\"\">\n\t\t\t\t\t\t\t\t\t<p>800-230-5920<\/p>\n\t\t\t\t\t\t\t\t<\/div>\n\t\t\t\t\t\t\t\t\t\t\t\t\t<\/div>\n\t\t\t\t\t\t\t\t\t\t\t<div>\n\t\t\t\t\t\t\t\t\t\t\t\t\t\t\t<h3>Oficina de Wimauma<\/h3>\n\t\t\t\t\t\t\t\t\t\t\t\t\t\t\t\t\t\t\t\t\t\t<div class=\"flex gap-2 mb-3\">\n\t\t\t\t\t\t\t\t\t<img decoding=\"async\" src=\"https:\/\/gulfcoastlegal.org\/wp-content\/themes\/gulfcoastlegal\/dist\/images\/address-pin.svg\" class=\"h-6 w-6\" alt=\"\">\n\t\t\t\t\t\t\t\t\t<p>*next to Beth-El Ministries, 18238 US-301S, Wimauma, FL 33598<\/p>\n\t\t\t\t\t\t\t\t<\/div>\n\t\t\t\t\t\t\t\t\t\t\t\t\t\t\t\t\t\t\t\t\t\t<div class=\"flex gap-2\">\n\t\t\t\t\t\t\t\t\t<img decoding=\"async\" src=\"https:\/\/gulfcoastlegal.org\/wp-content\/themes\/gulfcoastlegal\/dist\/images\/phone.svg\" class=\"h-6 w-6\" alt=\"\">\n\t\t\t\t\t\t\t\t\t<p>727-821-0726<\/p>\n\t\t\t\t\t\t\t\t<\/div>\n\t\t\t\t\t\t\t\t\t\t\t\t\t<\/div>\n\t\t\t\t\t\t\t\t\t<\/div>\n\t\t\t\t\t<\/div>\n\t<\/div>\n<\/section>\n","protected":false},"excerpt":{"rendered":"","protected":false},"author":2,"featured_media":0,"parent":1826,"menu_order":0,"comment_status":"closed","ping_status":"closed","template":"","meta":{"_acf_changed":false,"footnotes":""},"class_list":["post-1843","page","type-page","status-publish","hentry"],"acf":[],"yoast_head":"<!-- This site is optimized with the Yoast SEO plugin v25.9 - https:\/\/yoast.com\/wordpress\/plugins\/seo\/ -->\n<title>Derecho de familia - Gulf Coast Legal<\/title>\n<meta name=\"robots\" content=\"index, follow, max-snippet:-1, max-image-preview:large, max-video-preview:-1\" \/>\n<link rel=\"canonical\" href=\"https:\/\/gulfcoastlegal.org\/es\/ayuda-legal\/derecho-de-familia\/\" \/>\n<meta property=\"og:locale\" content=\"es_ES\" \/>\n<meta property=\"og:type\" content=\"article\" \/>\n<meta property=\"og:title\" content=\"Derecho de familia - Gulf Coast Legal\" \/>\n<meta property=\"og:url\" content=\"https:\/\/gulfcoastlegal.org\/es\/ayuda-legal\/derecho-de-familia\/\" \/>\n<meta property=\"og:site_name\" content=\"Gulf Coast Legal\" \/>\n<meta property=\"article:publisher\" content=\"https:\/\/www.facebook.com\/GulfcoastLegalServices\/\" \/>\n<meta property=\"article:modified_time\" content=\"2025-02-07T19:37:53+00:00\" \/>\n<meta name=\"twitter:card\" content=\"summary_large_image\" \/>\n<script type=\"application\/ld+json\" class=\"yoast-schema-graph\">{\"@context\":\"https:\/\/schema.org\",\"@graph\":[{\"@type\":\"WebPage\",\"@id\":\"https:\/\/gulfcoastlegal.org\/es\/ayuda-legal\/derecho-de-familia\/\",\"url\":\"https:\/\/gulfcoastlegal.org\/es\/ayuda-legal\/derecho-de-familia\/\",\"name\":\"Derecho de familia - Gulf Coast Legal\",\"isPartOf\":{\"@id\":\"https:\/\/gulfcoastlegal.org\/#website\"},\"datePublished\":\"2024-09-11T08:34:30+00:00\",\"dateModified\":\"2025-02-07T19:37:53+00:00\",\"breadcrumb\":{\"@id\":\"https:\/\/gulfcoastlegal.org\/es\/ayuda-legal\/derecho-de-familia\/#breadcrumb\"},\"inLanguage\":\"es-ES\",\"potentialAction\":[{\"@type\":\"ReadAction\",\"target\":[\"https:\/\/gulfcoastlegal.org\/es\/ayuda-legal\/derecho-de-familia\/\"]}]},{\"@type\":\"BreadcrumbList\",\"@id\":\"https:\/\/gulfcoastlegal.org\/es\/ayuda-legal\/derecho-de-familia\/#breadcrumb\",\"itemListElement\":[{\"@type\":\"ListItem\",\"position\":1,\"name\":\"Ayuda legal\",\"item\":\"https:\/\/gulfcoastlegal.org\/es\/ayuda-legal\/\"},{\"@type\":\"ListItem\",\"position\":2,\"name\":\"Derecho de familia\"}]},{\"@type\":\"WebSite\",\"@id\":\"https:\/\/gulfcoastlegal.org\/#website\",\"url\":\"https:\/\/gulfcoastlegal.org\/\",\"name\":\"Gulf Coast Legal\",\"description\":\"\",\"publisher\":{\"@id\":\"https:\/\/gulfcoastlegal.org\/#organization\"},\"potentialAction\":[{\"@type\":\"SearchAction\",\"target\":{\"@type\":\"EntryPoint\",\"urlTemplate\":\"https:\/\/gulfcoastlegal.org\/?s={search_term_string}\"},\"query-input\":{\"@type\":\"PropertyValueSpecification\",\"valueRequired\":true,\"valueName\":\"search_term_string\"}}],\"inLanguage\":\"es-ES\"},{\"@type\":\"Organization\",\"@id\":\"https:\/\/gulfcoastlegal.org\/#organization\",\"name\":\"Gulf Coast Legal\",\"url\":\"https:\/\/gulfcoastlegal.org\/\",\"logo\":{\"@type\":\"ImageObject\",\"inLanguage\":\"es-ES\",\"@id\":\"https:\/\/gulfcoastlegal.org\/#\/schema\/logo\/image\/\",\"url\":\"https:\/\/gulfcoastlegal.org\/wp-content\/uploads\/2024\/09\/gulfcoast-legal-services-logo.svg\",\"contentUrl\":\"https:\/\/gulfcoastlegal.org\/wp-content\/uploads\/2024\/09\/gulfcoast-legal-services-logo.svg\",\"width\":200,\"height\":60,\"caption\":\"Gulf Coast Legal\"},\"image\":{\"@id\":\"https:\/\/gulfcoastlegal.org\/#\/schema\/logo\/image\/\"},\"sameAs\":[\"https:\/\/www.facebook.com\/GulfcoastLegalServices\/\",\"https:\/\/www.instagram.com\/gulfcoast_legal_services\/\",\"https:\/\/www.indeed.com\/cmp\/Gulfcoast-Legal-Services-1\"]}]}<\/script>\n<!-- \/ Yoast SEO plugin. -->","yoast_head_json":{"title":"Derecho de familia - Gulf Coast Legal","robots":{"index":"index","follow":"follow","max-snippet":"max-snippet:-1","max-image-preview":"max-image-preview:large","max-video-preview":"max-video-preview:-1"},"canonical":"https:\/\/gulfcoastlegal.org\/es\/ayuda-legal\/derecho-de-familia\/","og_locale":"es_ES","og_type":"article","og_title":"Derecho de familia - Gulf Coast Legal","og_url":"https:\/\/gulfcoastlegal.org\/es\/ayuda-legal\/derecho-de-familia\/","og_site_name":"Gulf Coast Legal","article_publisher":"https:\/\/www.facebook.com\/GulfcoastLegalServices\/","article_modified_time":"2025-02-07T19:37:53+00:00","twitter_card":"summary_large_image","schema":{"@context":"https:\/\/schema.org","@graph":[{"@type":"WebPage","@id":"https:\/\/gulfcoastlegal.org\/es\/ayuda-legal\/derecho-de-familia\/","url":"https:\/\/gulfcoastlegal.org\/es\/ayuda-legal\/derecho-de-familia\/","name":"Derecho de familia - Gulf Coast Legal","isPartOf":{"@id":"https:\/\/gulfcoastlegal.org\/#website"},"datePublished":"2024-09-11T08:34:30+00:00","dateModified":"2025-02-07T19:37:53+00:00","breadcrumb":{"@id":"https:\/\/gulfcoastlegal.org\/es\/ayuda-legal\/derecho-de-familia\/#breadcrumb"},"inLanguage":"es-ES","potentialAction":[{"@type":"ReadAction","target":["https:\/\/gulfcoastlegal.org\/es\/ayuda-legal\/derecho-de-familia\/"]}]},{"@type":"BreadcrumbList","@id":"https:\/\/gulfcoastlegal.org\/es\/ayuda-legal\/derecho-de-familia\/#breadcrumb","itemListElement":[{"@type":"ListItem","position":1,"name":"Ayuda legal","item":"https:\/\/gulfcoastlegal.org\/es\/ayuda-legal\/"},{"@type":"ListItem","position":2,"name":"Derecho de familia"}]},{"@type":"WebSite","@id":"https:\/\/gulfcoastlegal.org\/#website","url":"https:\/\/gulfcoastlegal.org\/","name":"Gulf Coast Legal","description":"","publisher":{"@id":"https:\/\/gulfcoastlegal.org\/#organization"},"potentialAction":[{"@type":"SearchAction","target":{"@type":"EntryPoint","urlTemplate":"https:\/\/gulfcoastlegal.org\/?s={search_term_string}"},"query-input":{"@type":"PropertyValueSpecification","valueRequired":true,"valueName":"search_term_string"}}],"inLanguage":"es-ES"},{"@type":"Organization","@id":"https:\/\/gulfcoastlegal.org\/#organization","name":"Gulf Coast Legal","url":"https:\/\/gulfcoastlegal.org\/","logo":{"@type":"ImageObject","inLanguage":"es-ES","@id":"https:\/\/gulfcoastlegal.org\/#\/schema\/logo\/image\/","url":"https:\/\/gulfcoastlegal.org\/wp-content\/uploads\/2024\/09\/gulfcoast-legal-services-logo.svg","contentUrl":"https:\/\/gulfcoastlegal.org\/wp-content\/uploads\/2024\/09\/gulfcoast-legal-services-logo.svg","width":200,"height":60,"caption":"Gulf Coast Legal"},"image":{"@id":"https:\/\/gulfcoastlegal.org\/#\/schema\/logo\/image\/"},"sameAs":["https:\/\/www.facebook.com\/GulfcoastLegalServices\/","https:\/\/www.instagram.com\/gulfcoast_legal_services\/","https:\/\/www.indeed.com\/cmp\/Gulfcoast-Legal-Services-1"]}]}},"_links":{"self":[{"href":"https:\/\/gulfcoastlegal.org\/es\/wp-json\/wp\/v2\/pages\/1843","targetHints":{"allow":["GET"]}}],"collection":[{"href":"https:\/\/gulfcoastlegal.org\/es\/wp-json\/wp\/v2\/pages"}],"about":[{"href":"https:\/\/gulfcoastlegal.org\/es\/wp-json\/wp\/v2\/types\/page"}],"author":[{"embeddable":true,"href":"https:\/\/gulfcoastlegal.org\/es\/wp-json\/wp\/v2\/users\/2"}],"replies":[{"embeddable":true,"href":"https:\/\/gulfcoastlegal.org\/es\/wp-json\/wp\/v2\/comments?post=1843"}],"version-history":[{"count":0,"href":"https:\/\/gulfcoastlegal.org\/es\/wp-json\/wp\/v2\/pages\/1843\/revisions"}],"up":[{"embeddable":true,"href":"https:\/\/gulfcoastlegal.org\/es\/wp-json\/wp\/v2\/pages\/1826"}],"wp:attachment":[{"href":"https:\/\/gulfcoastlegal.org\/es\/wp-json\/wp\/v2\/media?parent=1843"}],"curies":[{"name":"wp","href":"https:\/\/api.w.org\/{rel}","templated":true}]}}