{"id":1866,"date":"2024-09-11T08:39:54","date_gmt":"2024-09-11T08:39:54","guid":{"rendered":"https:\/\/gulfcoastlegal.mystaging.dev\/recursos\/"},"modified":"2025-02-07T19:44:48","modified_gmt":"2025-02-07T19:44:48","slug":"recursos","status":"publish","type":"page","link":"https:\/\/gulfcoastlegal.org\/es\/recursos\/","title":{"rendered":"Recursos"},"content":{"rendered":"<section id=\"block_acf-block-67a662b028d1e\" class=\"gcl-block gcl-hero-text alignfull my-12\">\n\t<div class=\"container text-left\">\n\t\t<h1 class=''>Recursos<\/h1>\n\t\t<div class=\"inline-block xl:w-7\/12\">\n\t\t\t<p>Explore nuestra p\u00e1gina de Recursos para obtener informaci\u00f3n legal esencial, gu\u00edas de autoayuda y enlaces a servicios externos \u00fatiles. Empod\u00e9rate con conocimiento y apoyo para diversos asuntos legales.<\/p>\n\t\t<\/div>\n\t<\/div>\n<\/section>\n\n\n\n<section id=\"block_acf-block-67a662b029067\" class=\"gcl-block gcl-archive-grid alignfull my-16 lg:mb-28\">\n\t<div class=\"container grid md:grid-cols-2 xl:grid-cols-3 gap-8 xl:gap-10\">\n\t\t<a role=\"article\" class=\"group box p-0 flex flex-col overflow-hidden text-gray-80 hover:text-gray-80 hover:shadow-md no-underline\" href=\"https:\/\/gulfcoastlegal.org\/es\/resource\/family-law-tips\/\">\n\t<img decoding=\"async\" width=\"624\" height=\"414\" src=\"https:\/\/gulfcoastlegal.org\/wp-content\/uploads\/2024\/09\/family-law-tips-624x414.webp\" class=\"block aspect-video object-cover not-transparent wp-post-image\" alt=\"family-law-tips\" loading=\"lazy\" srcset=\"https:\/\/gulfcoastlegal.org\/wp-content\/uploads\/2024\/09\/family-law-tips-624x414.webp 624w, https:\/\/gulfcoastlegal.org\/wp-content\/uploads\/2024\/09\/family-law-tips-792x525.webp 792w, https:\/\/gulfcoastlegal.org\/wp-content\/uploads\/2024\/09\/family-law-tips-1280x849.webp 1280w, https:\/\/gulfcoastlegal.org\/wp-content\/uploads\/2024\/09\/family-law-tips-768x509.webp 768w, https:\/\/gulfcoastlegal.org\/wp-content\/uploads\/2024\/09\/family-law-tips-1536x1018.webp 1536w, https:\/\/gulfcoastlegal.org\/wp-content\/uploads\/2024\/09\/family-law-tips-600x398.webp 600w, https:\/\/gulfcoastlegal.org\/wp-content\/uploads\/2024\/09\/family-law-tips-496x329.webp 496w, https:\/\/gulfcoastlegal.org\/wp-content\/uploads\/2024\/09\/family-law-tips-136x90.webp 136w, https:\/\/gulfcoastlegal.org\/wp-content\/uploads\/2024\/09\/family-law-tips.webp 1920w\" sizes=\"auto, (max-width: 624px) 100vw, 624px\" data-has-transparency=\"false\" data-dominant-color=\"888b70\" style=\"--dominant-color: #888b70;\" \/>\t\t<div class=\"p-6 flex flex-col grow\">\n\t\t<h2 class=\"h6 group-hover:text-primary-100 mb-4\">Consejos sobre derecho de familia<\/h2>\n\n\t\t<p class=\"mb-0\">Asesoramiento esencial sobre c\u00f3mo abordar cuestiones de derecho de familia, desde el divorcio hasta la custodia de los hijos, para proteger sus derechos e intereses.<\/p>\n\n\t\t<span class=\"lg:hidden btn btn-primary mt-6\">M\u00e1s Informaci\u00f3n<\/span>\n\t<\/div>\n<\/a>\n<a role=\"article\" class=\"group box p-0 flex flex-col overflow-hidden text-gray-80 hover:text-gray-80 hover:shadow-md no-underline\" href=\"https:\/\/gulfcoastlegal.org\/es\/resource\/housing-financial-stability-tips\/\">\n\t<img decoding=\"async\" width=\"624\" height=\"350\" src=\"https:\/\/gulfcoastlegal.org\/wp-content\/uploads\/2024\/09\/financial-tips-624x350.webp\" class=\"block aspect-video object-cover not-transparent wp-post-image\" alt=\"financial-tips\" loading=\"lazy\" srcset=\"https:\/\/gulfcoastlegal.org\/wp-content\/uploads\/2024\/09\/financial-tips-624x350.webp 624w, https:\/\/gulfcoastlegal.org\/wp-content\/uploads\/2024\/09\/financial-tips-792x444.webp 792w, https:\/\/gulfcoastlegal.org\/wp-content\/uploads\/2024\/09\/financial-tips-1280x718.webp 1280w, https:\/\/gulfcoastlegal.org\/wp-content\/uploads\/2024\/09\/financial-tips-768x431.webp 768w, https:\/\/gulfcoastlegal.org\/wp-content\/uploads\/2024\/09\/financial-tips-1536x862.webp 1536w, https:\/\/gulfcoastlegal.org\/wp-content\/uploads\/2024\/09\/financial-tips-600x337.webp 600w, https:\/\/gulfcoastlegal.org\/wp-content\/uploads\/2024\/09\/financial-tips-496x278.webp 496w, https:\/\/gulfcoastlegal.org\/wp-content\/uploads\/2024\/09\/financial-tips-136x76.webp 136w, https:\/\/gulfcoastlegal.org\/wp-content\/uploads\/2024\/09\/financial-tips.webp 1920w\" sizes=\"auto, (max-width: 624px) 100vw, 624px\" data-has-transparency=\"false\" data-dominant-color=\"645c51\" style=\"--dominant-color: #645c51;\" \/>\t\t<div class=\"p-6 flex flex-col grow\">\n\t\t<h2 class=\"h6 group-hover:text-primary-100 mb-4\">Consejos para la Vivienda y la Estabilidad Financiera<\/h2>\n\n\t\t<p class=\"mb-0\">Consejos pr\u00e1cticos para asegurar una vivienda estable y administrar sus finanzas de manera efectiva en tiempos de incertidumbre.<\/p>\n\n\t\t<span class=\"lg:hidden btn btn-primary mt-6\">M\u00e1s Informaci\u00f3n<\/span>\n\t<\/div>\n<\/a>\n<a role=\"article\" class=\"group box p-0 flex flex-col overflow-hidden text-gray-80 hover:text-gray-80 hover:shadow-md no-underline\" href=\"https:\/\/gulfcoastlegal.org\/es\/resource\/taxation-tips\/\">\n\t<img decoding=\"async\" width=\"624\" height=\"416\" src=\"https:\/\/gulfcoastlegal.org\/wp-content\/uploads\/2024\/09\/taxation-tips-624x416.webp\" class=\"block aspect-video object-cover not-transparent wp-post-image\" alt=\"taxation-tips\" loading=\"lazy\" srcset=\"https:\/\/gulfcoastlegal.org\/wp-content\/uploads\/2024\/09\/taxation-tips-624x416.webp 624w, https:\/\/gulfcoastlegal.org\/wp-content\/uploads\/2024\/09\/taxation-tips-792x528.webp 792w, https:\/\/gulfcoastlegal.org\/wp-content\/uploads\/2024\/09\/taxation-tips-1280x853.webp 1280w, https:\/\/gulfcoastlegal.org\/wp-content\/uploads\/2024\/09\/taxation-tips-768x512.webp 768w, https:\/\/gulfcoastlegal.org\/wp-content\/uploads\/2024\/09\/taxation-tips-1536x1024.webp 1536w, https:\/\/gulfcoastlegal.org\/wp-content\/uploads\/2024\/09\/taxation-tips-600x400.webp 600w, https:\/\/gulfcoastlegal.org\/wp-content\/uploads\/2024\/09\/taxation-tips-496x331.webp 496w, https:\/\/gulfcoastlegal.org\/wp-content\/uploads\/2024\/09\/taxation-tips-136x91.webp 136w, https:\/\/gulfcoastlegal.org\/wp-content\/uploads\/2024\/09\/taxation-tips.webp 1920w\" sizes=\"auto, (max-width: 624px) 100vw, 624px\" data-has-transparency=\"false\" data-dominant-color=\"878176\" style=\"--dominant-color: #878176;\" \/>\t\t<div class=\"p-6 flex flex-col grow\">\n\t\t<h2 class=\"h6 group-hover:text-primary-100 mb-4\">Consejos Tributarios<\/h2>\n\n\t\t<p class=\"mb-0\">Estrategias clave para administrar sus impuestos, garantizar el cumplimiento y maximizar sus beneficios financieros.<\/p>\n\n\t\t<span class=\"lg:hidden btn btn-primary mt-6\">M\u00e1s Informaci\u00f3n<\/span>\n\t<\/div>\n<\/a>\n<a role=\"article\" class=\"group box p-0 flex flex-col overflow-hidden text-gray-80 hover:text-gray-80 hover:shadow-md no-underline\" href=\"https:\/\/gulfcoastlegal.org\/es\/resource\/lgbtq-rights\/\">\n\t<img decoding=\"async\" width=\"624\" height=\"416\" src=\"https:\/\/gulfcoastlegal.org\/wp-content\/uploads\/2024\/09\/lgbtq-rights-624x416.webp\" class=\"block aspect-video object-cover not-transparent wp-post-image\" alt=\"lgbtq-rights\" loading=\"lazy\" srcset=\"https:\/\/gulfcoastlegal.org\/wp-content\/uploads\/2024\/09\/lgbtq-rights-624x416.webp 624w, https:\/\/gulfcoastlegal.org\/wp-content\/uploads\/2024\/09\/lgbtq-rights-792x528.webp 792w, https:\/\/gulfcoastlegal.org\/wp-content\/uploads\/2024\/09\/lgbtq-rights-1280x853.webp 1280w, https:\/\/gulfcoastlegal.org\/wp-content\/uploads\/2024\/09\/lgbtq-rights-768x512.webp 768w, https:\/\/gulfcoastlegal.org\/wp-content\/uploads\/2024\/09\/lgbtq-rights-1536x1024.webp 1536w, https:\/\/gulfcoastlegal.org\/wp-content\/uploads\/2024\/09\/lgbtq-rights-600x400.webp 600w, https:\/\/gulfcoastlegal.org\/wp-content\/uploads\/2024\/09\/lgbtq-rights-496x331.webp 496w, https:\/\/gulfcoastlegal.org\/wp-content\/uploads\/2024\/09\/lgbtq-rights-136x91.webp 136w, https:\/\/gulfcoastlegal.org\/wp-content\/uploads\/2024\/09\/lgbtq-rights.webp 1920w\" sizes=\"auto, (max-width: 624px) 100vw, 624px\" data-has-transparency=\"false\" data-dominant-color=\"a19c74\" style=\"--dominant-color: #a19c74;\" \/>\t\t<div class=\"p-6 flex flex-col grow\">\n\t\t<h2 class=\"h6 group-hover:text-primary-100 mb-4\">Derechos LGBTQ<\/h2>\n\n\t\t<p class=\"mb-0\">Informaci\u00f3n importante sobre las protecciones legales y los derechos de la comunidad LGBTQ, lo que le permite vivir de manera segura.<\/p>\n\n\t\t<span class=\"lg:hidden btn btn-primary mt-6\">M\u00e1s Informaci\u00f3n<\/span>\n\t<\/div>\n<\/a>\n\t<\/div>\n\n\t<nav aria-label=\"Pagination\" class=\"gcl-block container my-24\">\n\t\t\t<\/nav>\n\n\n<section id=\"block_acf-block-675874c0eecaa\" class=\"gcl-block gcl-footer alignfull relative pb-20 lg:pb-28 lg:pt-52\">\n\t<img decoding=\"async\" width=\"1920\" height=\"1197\" src=\"https:\/\/gulfcoastlegal.org\/wp-content\/uploads\/2024\/10\/equal-justice-under-law-1920x1197.webp\" class=\"absolute top-0 bottom-0 left-0 right-0 w-full h-full object-cover object-top hidden lg:block not-transparent\" alt=\"equal-justice-under-law\" loading=\"lazy\" data-has-transparency=\"false\" data-dominant-color=\"b2a48b\" style=\"--dominant-color: #b2a48b;\" \/>\t<div class=\"container\">\n\t\t<div class=\"box px-6 py-8 md:p-8 lg:p-14 relative z-10\">\n\n\t\t\t<h2 class=''>Cont\u00e1ctenos<\/h2>\n\t\t\t<p>Las solicitudes se pueden completar en persona. GLS acepta visitas sin cita previa de lunes a viernes de 9:00 a.m. a 5:00 p.m. Tenga en cuenta que GLS cierra a las personas sin cita previa de lunes a jueves de 12:30 p.m. a 1:30 p.m. y no acepta visitas sin cita previa despu\u00e9s de las 12:30 p.m. los viernes  <\/p>\n\n\t\t\t\t\t\t\t<div class=\"grid lg:grid-cols-2 xl:grid-cols-4 gap-10 border-t border-gray-40 pt-6\">\n\t\t\t\t\t\t\t\t\t\t\t<div>\n\t\t\t\t\t\t\t\t\t\t\t\t\t\t\t<h3>Oficina de Manatee<\/h3>\n\t\t\t\t\t\t\t\t\t\t\t\t\t\t\t\t\t\t\t\t\t\t<div class=\"flex gap-2 mb-3\">\n\t\t\t\t\t\t\t\t\t<img decoding=\"async\" src=\"https:\/\/gulfcoastlegal.org\/wp-content\/themes\/gulfcoastlegal\/dist\/images\/address-pin.svg\" class=\"h-6 w-6\" alt=\"\">\n\t\t\t\t\t\t\t\t\t<p>1112 Manatee Ave E, 2nd Floor, Bradenton, FL 34208<\/p>\n\t\t\t\t\t\t\t\t<\/div>\n\t\t\t\t\t\t\t\t\t\t\t\t\t\t\t\t\t\t\t\t\t\t<div class=\"flex gap-2\">\n\t\t\t\t\t\t\t\t\t<img decoding=\"async\" src=\"https:\/\/gulfcoastlegal.org\/wp-content\/themes\/gulfcoastlegal\/dist\/images\/phone.svg\" class=\"h-6 w-6\" alt=\"\">\n\t\t\t\t\t\t\t\t\t<p>941-746-6151<\/p>\n\t\t\t\t\t\t\t\t<\/div>\n\t\t\t\t\t\t\t\t\t\t\t\t\t<\/div>\n\t\t\t\t\t\t\t\t\t\t\t<div>\n\t\t\t\t\t\t\t\t\t\t\t\t\t\t\t<h3>Oficina de Pinellas<\/h3>\n\t\t\t\t\t\t\t\t\t\t\t\t\t\t\t\t\t\t\t\t\t\t<div class=\"flex gap-2 mb-3\">\n\t\t\t\t\t\t\t\t\t<img decoding=\"async\" src=\"https:\/\/gulfcoastlegal.org\/wp-content\/themes\/gulfcoastlegal\/dist\/images\/address-pin.svg\" class=\"h-6 w-6\" alt=\"\">\n\t\t\t\t\t\t\t\t\t<p>501 1st Ave N, Suite 420, St. Petersburg, FL 33701<\/p>\n\t\t\t\t\t\t\t\t<\/div>\n\t\t\t\t\t\t\t\t\t\t\t\t\t\t\t\t\t\t\t\t\t\t<div class=\"flex gap-2\">\n\t\t\t\t\t\t\t\t\t<img decoding=\"async\" src=\"https:\/\/gulfcoastlegal.org\/wp-content\/themes\/gulfcoastlegal\/dist\/images\/phone.svg\" class=\"h-6 w-6\" alt=\"\">\n\t\t\t\t\t\t\t\t\t<p>727-821-0726<\/p>\n\t\t\t\t\t\t\t\t<\/div>\n\t\t\t\t\t\t\t\t\t\t\t\t\t<\/div>\n\t\t\t\t\t\t\t\t\t\t\t<div>\n\t\t\t\t\t\t\t\t\t\t\t\t\t\t\t<h3>Oficina de Sarasota<\/h3>\n\t\t\t\t\t\t\t\t\t\t\t\t\t\t\t\t\t\t\t\t\t\t<div class=\"flex gap-2 mb-3\">\n\t\t\t\t\t\t\t\t\t<img decoding=\"async\" src=\"https:\/\/gulfcoastlegal.org\/wp-content\/themes\/gulfcoastlegal\/dist\/images\/address-pin.svg\" class=\"h-6 w-6\" alt=\"\">\n\t\t\t\t\t\t\t\t\t<p>250 Tamiami Trail S, Suite 201, Venice, FL 34285<\/p>\n\t\t\t\t\t\t\t\t<\/div>\n\t\t\t\t\t\t\t\t\t\t\t\t\t\t\t\t\t\t\t\t\t\t<div class=\"flex gap-2\">\n\t\t\t\t\t\t\t\t\t<img decoding=\"async\" src=\"https:\/\/gulfcoastlegal.org\/wp-content\/themes\/gulfcoastlegal\/dist\/images\/phone.svg\" class=\"h-6 w-6\" alt=\"\">\n\t\t\t\t\t\t\t\t\t<p>800-230-5920<\/p>\n\t\t\t\t\t\t\t\t<\/div>\n\t\t\t\t\t\t\t\t\t\t\t\t\t<\/div>\n\t\t\t\t\t\t\t\t\t\t\t<div>\n\t\t\t\t\t\t\t\t\t\t\t\t\t\t\t<h3>Oficina de Wimauma<\/h3>\n\t\t\t\t\t\t\t\t\t\t\t\t\t\t\t\t\t\t\t\t\t\t<div class=\"flex gap-2 mb-3\">\n\t\t\t\t\t\t\t\t\t<img decoding=\"async\" src=\"https:\/\/gulfcoastlegal.org\/wp-content\/themes\/gulfcoastlegal\/dist\/images\/address-pin.svg\" class=\"h-6 w-6\" alt=\"\">\n\t\t\t\t\t\t\t\t\t<p>*next to Beth-El Ministries, 18238 US-301S, Wimauma, FL 33598<\/p>\n\t\t\t\t\t\t\t\t<\/div>\n\t\t\t\t\t\t\t\t\t\t\t\t\t\t\t\t\t\t\t\t\t\t<div class=\"flex gap-2\">\n\t\t\t\t\t\t\t\t\t<img decoding=\"async\" src=\"https:\/\/gulfcoastlegal.org\/wp-content\/themes\/gulfcoastlegal\/dist\/images\/phone.svg\" class=\"h-6 w-6\" alt=\"\">\n\t\t\t\t\t\t\t\t\t<p>727-821-0726<\/p>\n\t\t\t\t\t\t\t\t<\/div>\n\t\t\t\t\t\t\t\t\t\t\t\t\t<\/div>\n\t\t\t\t\t\t\t\t\t<\/div>\n\t\t\t\t\t<\/div>\n\t<\/div>\n<\/section>\n","protected":false},"excerpt":{"rendered":"","protected":false},"author":2,"featured_media":0,"parent":0,"menu_order":0,"comment_status":"closed","ping_status":"closed","template":"","meta":{"_acf_changed":false,"footnotes":""},"class_list":["post-1866","page","type-page","status-publish","hentry"],"acf":[],"yoast_head":"<!-- This site is optimized with the Yoast SEO plugin v25.9 - https:\/\/yoast.com\/wordpress\/plugins\/seo\/ -->\n<title>Recursos - Gulf Coast Legal<\/title>\n<meta name=\"robots\" content=\"index, follow, max-snippet:-1, max-image-preview:large, max-video-preview:-1\" \/>\n<link rel=\"canonical\" href=\"https:\/\/gulfcoastlegal.org\/es\/recursos\/\" \/>\n<meta property=\"og:locale\" content=\"es_ES\" \/>\n<meta property=\"og:type\" content=\"article\" \/>\n<meta property=\"og:title\" content=\"Recursos - Gulf Coast Legal\" \/>\n<meta property=\"og:url\" content=\"https:\/\/gulfcoastlegal.org\/es\/recursos\/\" \/>\n<meta property=\"og:site_name\" content=\"Gulf Coast Legal\" \/>\n<meta property=\"article:publisher\" content=\"https:\/\/www.facebook.com\/GulfcoastLegalServices\/\" \/>\n<meta property=\"article:modified_time\" content=\"2025-02-07T19:44:48+00:00\" \/>\n<meta name=\"twitter:card\" content=\"summary_large_image\" \/>\n<script type=\"application\/ld+json\" class=\"yoast-schema-graph\">{\"@context\":\"https:\/\/schema.org\",\"@graph\":[{\"@type\":\"WebPage\",\"@id\":\"https:\/\/gulfcoastlegal.org\/es\/recursos\/\",\"url\":\"https:\/\/gulfcoastlegal.org\/es\/recursos\/\",\"name\":\"Recursos - Gulf Coast Legal\",\"isPartOf\":{\"@id\":\"https:\/\/gulfcoastlegal.org\/#website\"},\"datePublished\":\"2024-09-11T08:39:54+00:00\",\"dateModified\":\"2025-02-07T19:44:48+00:00\",\"inLanguage\":\"es-ES\",\"potentialAction\":[{\"@type\":\"ReadAction\",\"target\":[\"https:\/\/gulfcoastlegal.org\/es\/recursos\/\"]}]},{\"@type\":\"WebSite\",\"@id\":\"https:\/\/gulfcoastlegal.org\/#website\",\"url\":\"https:\/\/gulfcoastlegal.org\/\",\"name\":\"Gulf Coast Legal\",\"description\":\"\",\"publisher\":{\"@id\":\"https:\/\/gulfcoastlegal.org\/#organization\"},\"potentialAction\":[{\"@type\":\"SearchAction\",\"target\":{\"@type\":\"EntryPoint\",\"urlTemplate\":\"https:\/\/gulfcoastlegal.org\/?s={search_term_string}\"},\"query-input\":{\"@type\":\"PropertyValueSpecification\",\"valueRequired\":true,\"valueName\":\"search_term_string\"}}],\"inLanguage\":\"es-ES\"},{\"@type\":\"Organization\",\"@id\":\"https:\/\/gulfcoastlegal.org\/#organization\",\"name\":\"Gulf Coast Legal\",\"url\":\"https:\/\/gulfcoastlegal.org\/\",\"logo\":{\"@type\":\"ImageObject\",\"inLanguage\":\"es-ES\",\"@id\":\"https:\/\/gulfcoastlegal.org\/#\/schema\/logo\/image\/\",\"url\":\"https:\/\/gulfcoastlegal.org\/wp-content\/uploads\/2024\/09\/gulfcoast-legal-services-logo.svg\",\"contentUrl\":\"https:\/\/gulfcoastlegal.org\/wp-content\/uploads\/2024\/09\/gulfcoast-legal-services-logo.svg\",\"width\":200,\"height\":60,\"caption\":\"Gulf Coast Legal\"},\"image\":{\"@id\":\"https:\/\/gulfcoastlegal.org\/#\/schema\/logo\/image\/\"},\"sameAs\":[\"https:\/\/www.facebook.com\/GulfcoastLegalServices\/\",\"https:\/\/www.instagram.com\/gulfcoast_legal_services\/\",\"https:\/\/www.indeed.com\/cmp\/Gulfcoast-Legal-Services-1\"]}]}<\/script>\n<!-- \/ Yoast SEO plugin. -->","yoast_head_json":{"title":"Recursos - Gulf Coast Legal","robots":{"index":"index","follow":"follow","max-snippet":"max-snippet:-1","max-image-preview":"max-image-preview:large","max-video-preview":"max-video-preview:-1"},"canonical":"https:\/\/gulfcoastlegal.org\/es\/recursos\/","og_locale":"es_ES","og_type":"article","og_title":"Recursos - Gulf Coast Legal","og_url":"https:\/\/gulfcoastlegal.org\/es\/recursos\/","og_site_name":"Gulf Coast Legal","article_publisher":"https:\/\/www.facebook.com\/GulfcoastLegalServices\/","article_modified_time":"2025-02-07T19:44:48+00:00","twitter_card":"summary_large_image","schema":{"@context":"https:\/\/schema.org","@graph":[{"@type":"WebPage","@id":"https:\/\/gulfcoastlegal.org\/es\/recursos\/","url":"https:\/\/gulfcoastlegal.org\/es\/recursos\/","name":"Recursos - Gulf Coast Legal","isPartOf":{"@id":"https:\/\/gulfcoastlegal.org\/#website"},"datePublished":"2024-09-11T08:39:54+00:00","dateModified":"2025-02-07T19:44:48+00:00","inLanguage":"es-ES","potentialAction":[{"@type":"ReadAction","target":["https:\/\/gulfcoastlegal.org\/es\/recursos\/"]}]},{"@type":"WebSite","@id":"https:\/\/gulfcoastlegal.org\/#website","url":"https:\/\/gulfcoastlegal.org\/","name":"Gulf Coast Legal","description":"","publisher":{"@id":"https:\/\/gulfcoastlegal.org\/#organization"},"potentialAction":[{"@type":"SearchAction","target":{"@type":"EntryPoint","urlTemplate":"https:\/\/gulfcoastlegal.org\/?s={search_term_string}"},"query-input":{"@type":"PropertyValueSpecification","valueRequired":true,"valueName":"search_term_string"}}],"inLanguage":"es-ES"},{"@type":"Organization","@id":"https:\/\/gulfcoastlegal.org\/#organization","name":"Gulf Coast Legal","url":"https:\/\/gulfcoastlegal.org\/","logo":{"@type":"ImageObject","inLanguage":"es-ES","@id":"https:\/\/gulfcoastlegal.org\/#\/schema\/logo\/image\/","url":"https:\/\/gulfcoastlegal.org\/wp-content\/uploads\/2024\/09\/gulfcoast-legal-services-logo.svg","contentUrl":"https:\/\/gulfcoastlegal.org\/wp-content\/uploads\/2024\/09\/gulfcoast-legal-services-logo.svg","width":200,"height":60,"caption":"Gulf Coast Legal"},"image":{"@id":"https:\/\/gulfcoastlegal.org\/#\/schema\/logo\/image\/"},"sameAs":["https:\/\/www.facebook.com\/GulfcoastLegalServices\/","https:\/\/www.instagram.com\/gulfcoast_legal_services\/","https:\/\/www.indeed.com\/cmp\/Gulfcoast-Legal-Services-1"]}]}},"_links":{"self":[{"href":"https:\/\/gulfcoastlegal.org\/es\/wp-json\/wp\/v2\/pages\/1866","targetHints":{"allow":["GET"]}}],"collection":[{"href":"https:\/\/gulfcoastlegal.org\/es\/wp-json\/wp\/v2\/pages"}],"about":[{"href":"https:\/\/gulfcoastlegal.org\/es\/wp-json\/wp\/v2\/types\/page"}],"author":[{"embeddable":true,"href":"https:\/\/gulfcoastlegal.org\/es\/wp-json\/wp\/v2\/users\/2"}],"replies":[{"embeddable":true,"href":"https:\/\/gulfcoastlegal.org\/es\/wp-json\/wp\/v2\/comments?post=1866"}],"version-history":[{"count":0,"href":"https:\/\/gulfcoastlegal.org\/es\/wp-json\/wp\/v2\/pages\/1866\/revisions"}],"wp:attachment":[{"href":"https:\/\/gulfcoastlegal.org\/es\/wp-json\/wp\/v2\/media?parent=1866"}],"curies":[{"name":"wp","href":"https:\/\/api.w.org\/{rel}","templated":true}]}}