{"id":1926,"date":"2024-11-26T10:04:59","date_gmt":"2024-11-26T10:04:59","guid":{"rendered":"https:\/\/gulfcoastlegal.mystaging.dev\/ayuda-legal\/proyectos-especiales\/"},"modified":"2025-02-07T19:39:54","modified_gmt":"2025-02-07T19:39:54","slug":"proyectos-especiales","status":"publish","type":"page","link":"https:\/\/gulfcoastlegal.org\/es\/ayuda-legal\/proyectos-especiales\/","title":{"rendered":"Proyectos Especiales"},"content":{"rendered":"<section id=\"block_acf-block-67a6618a0c506\" class=\"gcl-block gcl-hero-image alignfull my-12 overflow-hidden\">\n  <div class=\"container flex flex-col lg:flex-row justify-between items-center gap-y-12 gap-x-6\">\n    <div class=\"lg:w-6\/12\">\n      <h1 class=\"\">Proyectos Especiales<\/h1>\n      <div class=\"pr-16 mb-10 lg:mb-14\">\n        <p>La unidad de Proyectos Especiales se dedica a coordinar eventos comunitarios y cultivar asociaciones con agencias locales, con un &eacute;nfasis particular en la divulgaci&oacute;n y los proyectos especiales que quedan fuera del alcance de nuestras unidades de defensa general.<\/p>\n<div id=\"tango-capture-box\" style=\"--tango-capture-box-background-color: transparent;--tango-capture-box-color: #FF7442\"><\/div>\n      <\/div>\n\n              <a class=\"btn btn-wide btn-primary\" href=\"https:\/\/glsoi.legalserver.org\/modules\/matter\/extern_intake.php?pid=129&amp;h=daa817&amp;\" target=\"_blank\" title=\"Solicitar asistencia - Opens in a new window\" rel=\"noopener noreferrer\">\n          Solicitar asistencia        <\/a>\n          <\/div>\n          <div class=\"lg:w-6\/12 text-right\">\n        <div class=\"decoration-blue hero-small\">\n          <img fetchpriority=\"high\" decoding=\"async\" width=\"496\" height=\"496\" src=\"https:\/\/gulfcoastlegal.org\/wp-content\/uploads\/2024\/11\/Special--496x496.webp\" class=\"rounded-lg not-transparent\" alt=\"\" loading=\"eager\" srcset=\"https:\/\/gulfcoastlegal.org\/wp-content\/uploads\/2024\/11\/Special--496x496.webp 496w, https:\/\/gulfcoastlegal.org\/wp-content\/uploads\/2024\/11\/Special--160x160.webp 160w, https:\/\/gulfcoastlegal.org\/wp-content\/uploads\/2024\/11\/Special--136x136.webp 136w, https:\/\/gulfcoastlegal.org\/wp-content\/uploads\/2024\/11\/Special--400x400.webp 400w, https:\/\/gulfcoastlegal.org\/wp-content\/uploads\/2024\/11\/Special--300x300.webp 300w, https:\/\/gulfcoastlegal.org\/wp-content\/uploads\/2024\/11\/Special-.webp 500w\" sizes=\"(max-width: 496px) 100vw, 496px\" data-has-transparency=\"false\" data-dominant-color=\"2b2870\" style=\"--dominant-color: #2b2870;\">        <\/div>\n      <\/div>\n      <\/div>\n<\/section>\n\n\n<section id=\"block_acf-block-67a6618a15029\" class=\"gcl-block gcl-cta-white-box-with-media alignfull container my-16 lg:my-32\">\n  <div class=\"box flex flex-col xl:flex-row gap-10 xl:gap-16\">\n    <div class=\"xl:w-7\/12\">\n      \n              <ul class=\"list-image-checkmark\">\n                      <li>Alcance comunitario y educaci\u00f3n: Organiza eventos, talleres y campa\u00f1as para crear conciencia sobre los derechos legales, los recursos y el apoyo disponibles para los miembros de la comunidad dentro de nuestras \u00e1reas de servicio.  <\/li>\n                      <li>Asociaciones y colaboraciones estrat\u00e9gicas: Desarrolla y fortalece relaciones con agencias locales, organizaciones sin fines de lucro y organizaciones comunitarias para ampliar el acceso a servicios legales, compartir recursos y crear sistemas de apoyo m\u00e1s completos para las personas necesitadas.<\/li>\n                      <li>Gesti\u00f3n de Proyectos Legales Especiales: Lidera y ejecuta iniciativas que abordan problemas legales espec\u00edficos o brechas en los servicios que quedan fuera del alcance del trabajo de defensa general de la organizaci\u00f3n, como brindar asistencia legal a poblaciones \u00fanicas o enfocarse en desaf\u00edos legales emergentes.<\/li>\n                  <\/ul>\n          <\/div>\n    <div class=\"xl:w-5\/12\">\n              <img decoding=\"async\" width=\"496\" height=\"329\" src=\"https:\/\/gulfcoastlegal.org\/wp-content\/uploads\/2024\/09\/family-law-tips-496x329.webp\" class=\"rounded-md mb-10 not-transparent\" alt=\"family-law-tips\" loading=\"lazy\" srcset=\"https:\/\/gulfcoastlegal.org\/wp-content\/uploads\/2024\/09\/family-law-tips-496x329.webp 496w, https:\/\/gulfcoastlegal.org\/wp-content\/uploads\/2024\/09\/family-law-tips-792x525.webp 792w, https:\/\/gulfcoastlegal.org\/wp-content\/uploads\/2024\/09\/family-law-tips-1280x849.webp 1280w, https:\/\/gulfcoastlegal.org\/wp-content\/uploads\/2024\/09\/family-law-tips-768x509.webp 768w, https:\/\/gulfcoastlegal.org\/wp-content\/uploads\/2024\/09\/family-law-tips-1536x1018.webp 1536w, https:\/\/gulfcoastlegal.org\/wp-content\/uploads\/2024\/09\/family-law-tips-624x414.webp 624w, https:\/\/gulfcoastlegal.org\/wp-content\/uploads\/2024\/09\/family-law-tips-600x398.webp 600w, https:\/\/gulfcoastlegal.org\/wp-content\/uploads\/2024\/09\/family-law-tips-136x90.webp 136w, https:\/\/gulfcoastlegal.org\/wp-content\/uploads\/2024\/09\/family-law-tips.webp 1920w\" sizes=\"auto, (max-width: 496px) 100vw, 496px\" data-has-transparency=\"false\" data-dominant-color=\"888b70\" style=\"--dominant-color: #888b70;\" \/>      \n          <\/div>\n  <\/div>\n<\/section>\n\n<section id=\"block_acf-block-67a6618a1b612\" class=\"gcl-block gcl-example-cases alignfull container my-16 lg:my-36\">\n\n  <h2 class='mb-4 lg:mb-16 lg:w-8\/12'>Se pueden manejar los siguientes tipos de casos:<\/h2>\n\n  <div class=\"flex flex-col gap-6 xl:flex-row scrollspy\">\n    <div class=\"xl:w-5\/12\">\n      <p>&nbsp;<\/p>\n<div id=\"tango-capture-box\" style=\"--tango-capture-box-background-color: transparent;--tango-capture-box-color: #FF7442\"><\/div>\n\n              <div class=\"sticky flex-col hidden w-3\/4 gap-4 xl:flex top-12 2xl:w-3\/5\">\n                      <a href=\"#boxblock_acf-block-67a6618a1b612_0\" class=\"btn pill is-active\" data-target=\"0\" role=\"button\">\n              <span class=''><strong>Eliminaci\u00f3n o sellado de antecedentes penales<\/strong><\/span>\n            <\/a>\n                      <a href=\"#boxblock_acf-block-67a6618a1b612_1\" class=\"btn pill \" data-target=\"1\" role=\"button\">\n              <span class=''><strong>Defensa de los Derechos de las V\u00edctimas<\/strong><\/span>\n            <\/a>\n                      <a href=\"#boxblock_acf-block-67a6618a1b612_2\" class=\"btn pill \" data-target=\"2\" role=\"button\">\n              <span class=''><strong>Defensa de los derechos de las personas con discapacidad<\/strong><\/span>\n            <\/a>\n                      <a href=\"#boxblock_acf-block-67a6618a1b612_3\" class=\"btn pill \" data-target=\"3\" role=\"button\">\n              <span class=''><strong>Eventos de Divulgaci\u00f3n y Cl\u00ednicas Legales<\/strong><\/span>\n            <\/a>\n                  <\/div>\n      \n    <\/div>\n    <div class=\"xl:w-7\/12\">\n                <div class=\"flex flex-col gap-6 px-6 py-8 mb-10 box md:flex-row lg:p-10 lg:gap-10 lg:mb-12 scroll-mt-12\" data-index=\"0\" id=\"boxblock_acf-block-67a6618a1b612_0\">\n                        <div class=\"grow\">\n              <h3 class=''><strong>Eliminaci\u00f3n o sellado de antecedentes penales<\/strong><\/h3>\n\n              <div class=\"lg:columns-1\">\n                <p>Ayudar a las personas a limpiar o sellar los antecedentes penales para mejorar su acceso al empleo, la vivienda y otras oportunidades, especialmente para aquellos con condenas previas relacionadas con delitos menores o aquellos que buscan un nuevo comienzo.<\/p>\n<div id=\"tango-capture-box\" style=\"--tango-capture-box-background-color: transparent;--tango-capture-box-color: #FF7442\"><\/div>\n              <\/div>\n\n                          <\/div>\n          <\/div>\n                <div class=\"flex flex-col gap-6 px-6 py-8 mb-10 box md:flex-row lg:p-10 lg:gap-10 lg:mb-12 scroll-mt-12\" data-index=\"1\" id=\"boxblock_acf-block-67a6618a1b612_1\">\n                        <div class=\"grow\">\n              <h3 class=''><strong>Defensa de los Derechos de las V\u00edctimas<\/strong><\/h3>\n\n              <div class=\"lg:columns-1\">\n                <p>Representar a las v\u00edctimas de delitos en la defensa de sus derechos, incluida la asistencia para obtener \u00f3rdenes de protecci\u00f3n, acceder a la compensaci\u00f3n de las v\u00edctimas o abogar por servicios y adaptaciones adecuados en el sistema de justicia penal.<\/p>\n<div id=\"tango-capture-box\" style=\"--tango-capture-box-background-color: transparent;--tango-capture-box-color: #FF7442\"><\/div>\n              <\/div>\n\n                          <\/div>\n          <\/div>\n                <div class=\"flex flex-col gap-6 px-6 py-8 mb-10 box md:flex-row lg:p-10 lg:gap-10 lg:mb-12 scroll-mt-12\" data-index=\"2\" id=\"boxblock_acf-block-67a6618a1b612_2\">\n                        <div class=\"grow\">\n              <h3 class=''><strong>Defensa de los derechos de las personas con discapacidad<\/strong><\/h3>\n\n              <div class=\"lg:columns-1\">\n                <p>Proporcionar asesoramiento legal a las personas con discapacidades que buscan adaptaciones en la vivienda, el empleo o los servicios p\u00fablicos, asegurando que no sean discriminadas y tengan acceso a todos sus derechos bajo la ley.<\/p>\n<div id=\"tango-capture-box\" style=\"--tango-capture-box-background-color: transparent;--tango-capture-box-color: #FF7442\"><\/div>\n              <\/div>\n\n                          <\/div>\n          <\/div>\n                <div class=\"flex flex-col gap-6 px-6 py-8 mb-10 box md:flex-row lg:p-10 lg:gap-10 lg:mb-12 scroll-mt-12\" data-index=\"3\" id=\"boxblock_acf-block-67a6618a1b612_3\">\n                        <div class=\"grow\">\n              <h3 class=''><strong>Eventos de Divulgaci\u00f3n y Cl\u00ednicas Legales<\/strong><\/h3>\n\n              <div class=\"lg:columns-1\">\n                <p>Organizar eventos de alcance comunitario y cl\u00ednicas legales para brindar asesoramiento, informaci\u00f3n y recursos legales gratuitos a las poblaciones desatendidas. Esto incluye ofrecer consultas en el lugar, talleres y sesiones educativas sobre temas como los derechos de los inquilinos, el derecho de familia o la eliminaci\u00f3n de antecedentes penales.<\/p>\n<div id=\"tango-capture-box\" style=\"--tango-capture-box-background-color: transparent;--tango-capture-box-color: #FF7442\"><\/div>\n              <\/div>\n\n                          <\/div>\n          <\/div>\n          <\/div>\n  <\/div>\n\n<\/section>\n\n<section id=\"block_acf-block-67a6618a1c160\" class=\"gcl-block gcl-cta-blue alignfull container my-16 lg:my-32\">\n  <div class=\"box bg-primary-100 text-gray-5 px-6 py-8 md:p-12 lg:p-20 xg:py-24 xl:px-52 text-center\">\n\n    <h2 class='text-gray-5'>Vamos a conectarnos<\/h2>\n\n    <p>Si desea obtener m\u00e1s informaci\u00f3n sobre c\u00f3mo usted o su organizaci\u00f3n pueden participar o tiene ideas para iniciativas especiales, comun\u00edquese con nuestra subdirectora de proyectos especiales, <a href=\"mailto:jericaj@gulfcoastlegal.org\">Jerica Johnson<\/a>, para obtener m\u00e1s informaci\u00f3n. Juntos, podemos ampliar el acceso a la justicia y apoyar a quienes m\u00e1s lo necesitan.<\/p>\n\n    \n  <\/div>\n<\/section>\n\n<section id=\"block_acf-block-675874c0eecaa\" class=\"gcl-block gcl-footer alignfull relative pb-20 lg:pb-28 lg:pt-52\">\n\t<img decoding=\"async\" width=\"1920\" height=\"1197\" src=\"https:\/\/gulfcoastlegal.org\/wp-content\/uploads\/2024\/10\/equal-justice-under-law-1920x1197.webp\" class=\"absolute top-0 bottom-0 left-0 right-0 w-full h-full object-cover object-top hidden lg:block not-transparent\" alt=\"equal-justice-under-law\" loading=\"lazy\" data-has-transparency=\"false\" data-dominant-color=\"b2a48b\" style=\"--dominant-color: #b2a48b;\" \/>\t<div class=\"container\">\n\t\t<div class=\"box px-6 py-8 md:p-8 lg:p-14 relative z-10\">\n\n\t\t\t<h2 class=''>Cont\u00e1ctenos<\/h2>\n\t\t\t<p>Las solicitudes se pueden completar en persona. GLS acepta visitas sin cita previa de lunes a viernes de 9:00 a.m. a 5:00 p.m. Tenga en cuenta que GLS cierra a las personas sin cita previa de lunes a jueves de 12:30 p.m. a 1:30 p.m. y no acepta visitas sin cita previa despu\u00e9s de las 12:30 p.m. los viernes  <\/p>\n\n\t\t\t\t\t\t\t<div class=\"grid lg:grid-cols-2 xl:grid-cols-4 gap-10 border-t border-gray-40 pt-6\">\n\t\t\t\t\t\t\t\t\t\t\t<div>\n\t\t\t\t\t\t\t\t\t\t\t\t\t\t\t<h3>Oficina de Manatee<\/h3>\n\t\t\t\t\t\t\t\t\t\t\t\t\t\t\t\t\t\t\t\t\t\t<div class=\"flex gap-2 mb-3\">\n\t\t\t\t\t\t\t\t\t<img decoding=\"async\" src=\"https:\/\/gulfcoastlegal.org\/wp-content\/themes\/gulfcoastlegal\/dist\/images\/address-pin.svg\" class=\"h-6 w-6\" alt=\"\">\n\t\t\t\t\t\t\t\t\t<p>1112 Manatee Ave E, 2nd Floor, Bradenton, FL 34208<\/p>\n\t\t\t\t\t\t\t\t<\/div>\n\t\t\t\t\t\t\t\t\t\t\t\t\t\t\t\t\t\t\t\t\t\t<div class=\"flex gap-2\">\n\t\t\t\t\t\t\t\t\t<img decoding=\"async\" src=\"https:\/\/gulfcoastlegal.org\/wp-content\/themes\/gulfcoastlegal\/dist\/images\/phone.svg\" class=\"h-6 w-6\" alt=\"\">\n\t\t\t\t\t\t\t\t\t<p>941-746-6151<\/p>\n\t\t\t\t\t\t\t\t<\/div>\n\t\t\t\t\t\t\t\t\t\t\t\t\t<\/div>\n\t\t\t\t\t\t\t\t\t\t\t<div>\n\t\t\t\t\t\t\t\t\t\t\t\t\t\t\t<h3>Oficina de Pinellas<\/h3>\n\t\t\t\t\t\t\t\t\t\t\t\t\t\t\t\t\t\t\t\t\t\t<div class=\"flex gap-2 mb-3\">\n\t\t\t\t\t\t\t\t\t<img decoding=\"async\" src=\"https:\/\/gulfcoastlegal.org\/wp-content\/themes\/gulfcoastlegal\/dist\/images\/address-pin.svg\" class=\"h-6 w-6\" alt=\"\">\n\t\t\t\t\t\t\t\t\t<p>501 1st Ave N, Suite 420, St. Petersburg, FL 33701<\/p>\n\t\t\t\t\t\t\t\t<\/div>\n\t\t\t\t\t\t\t\t\t\t\t\t\t\t\t\t\t\t\t\t\t\t<div class=\"flex gap-2\">\n\t\t\t\t\t\t\t\t\t<img decoding=\"async\" src=\"https:\/\/gulfcoastlegal.org\/wp-content\/themes\/gulfcoastlegal\/dist\/images\/phone.svg\" class=\"h-6 w-6\" alt=\"\">\n\t\t\t\t\t\t\t\t\t<p>727-821-0726<\/p>\n\t\t\t\t\t\t\t\t<\/div>\n\t\t\t\t\t\t\t\t\t\t\t\t\t<\/div>\n\t\t\t\t\t\t\t\t\t\t\t<div>\n\t\t\t\t\t\t\t\t\t\t\t\t\t\t\t<h3>Oficina de Sarasota<\/h3>\n\t\t\t\t\t\t\t\t\t\t\t\t\t\t\t\t\t\t\t\t\t\t<div class=\"flex gap-2 mb-3\">\n\t\t\t\t\t\t\t\t\t<img decoding=\"async\" src=\"https:\/\/gulfcoastlegal.org\/wp-content\/themes\/gulfcoastlegal\/dist\/images\/address-pin.svg\" class=\"h-6 w-6\" alt=\"\">\n\t\t\t\t\t\t\t\t\t<p>250 Tamiami Trail S, Suite 201, Venice, FL 34285<\/p>\n\t\t\t\t\t\t\t\t<\/div>\n\t\t\t\t\t\t\t\t\t\t\t\t\t\t\t\t\t\t\t\t\t\t<div class=\"flex gap-2\">\n\t\t\t\t\t\t\t\t\t<img decoding=\"async\" src=\"https:\/\/gulfcoastlegal.org\/wp-content\/themes\/gulfcoastlegal\/dist\/images\/phone.svg\" class=\"h-6 w-6\" alt=\"\">\n\t\t\t\t\t\t\t\t\t<p>800-230-5920<\/p>\n\t\t\t\t\t\t\t\t<\/div>\n\t\t\t\t\t\t\t\t\t\t\t\t\t<\/div>\n\t\t\t\t\t\t\t\t\t\t\t<div>\n\t\t\t\t\t\t\t\t\t\t\t\t\t\t\t<h3>Oficina de Wimauma<\/h3>\n\t\t\t\t\t\t\t\t\t\t\t\t\t\t\t\t\t\t\t\t\t\t<div class=\"flex gap-2 mb-3\">\n\t\t\t\t\t\t\t\t\t<img decoding=\"async\" src=\"https:\/\/gulfcoastlegal.org\/wp-content\/themes\/gulfcoastlegal\/dist\/images\/address-pin.svg\" class=\"h-6 w-6\" alt=\"\">\n\t\t\t\t\t\t\t\t\t<p>*next to Beth-El Ministries, 18238 US-301S, Wimauma, FL 33598<\/p>\n\t\t\t\t\t\t\t\t<\/div>\n\t\t\t\t\t\t\t\t\t\t\t\t\t\t\t\t\t\t\t\t\t\t<div class=\"flex gap-2\">\n\t\t\t\t\t\t\t\t\t<img decoding=\"async\" src=\"https:\/\/gulfcoastlegal.org\/wp-content\/themes\/gulfcoastlegal\/dist\/images\/phone.svg\" class=\"h-6 w-6\" alt=\"\">\n\t\t\t\t\t\t\t\t\t<p>727-821-0726<\/p>\n\t\t\t\t\t\t\t\t<\/div>\n\t\t\t\t\t\t\t\t\t\t\t\t\t<\/div>\n\t\t\t\t\t\t\t\t\t<\/div>\n\t\t\t\t\t<\/div>\n\t<\/div>\n<\/section>\n","protected":false},"excerpt":{"rendered":"","protected":false},"author":2,"featured_media":0,"parent":1826,"menu_order":0,"comment_status":"closed","ping_status":"closed","template":"","meta":{"_acf_changed":false,"footnotes":""},"class_list":["post-1926","page","type-page","status-publish","hentry"],"acf":[],"yoast_head":"<!-- This site is optimized with the Yoast SEO plugin v25.9 - https:\/\/yoast.com\/wordpress\/plugins\/seo\/ -->\n<title>Proyectos Especiales - Gulf Coast Legal<\/title>\n<meta name=\"robots\" content=\"index, follow, max-snippet:-1, max-image-preview:large, max-video-preview:-1\" \/>\n<link rel=\"canonical\" href=\"https:\/\/gulfcoastlegal.org\/es\/ayuda-legal\/proyectos-especiales\/\" \/>\n<meta property=\"og:locale\" content=\"es_ES\" \/>\n<meta property=\"og:type\" content=\"article\" \/>\n<meta property=\"og:title\" content=\"Proyectos Especiales - Gulf Coast Legal\" \/>\n<meta property=\"og:url\" content=\"https:\/\/gulfcoastlegal.org\/es\/ayuda-legal\/proyectos-especiales\/\" \/>\n<meta property=\"og:site_name\" content=\"Gulf Coast Legal\" \/>\n<meta property=\"article:publisher\" content=\"https:\/\/www.facebook.com\/GulfcoastLegalServices\/\" \/>\n<meta property=\"article:modified_time\" content=\"2025-02-07T19:39:54+00:00\" \/>\n<meta name=\"twitter:card\" content=\"summary_large_image\" \/>\n<script type=\"application\/ld+json\" class=\"yoast-schema-graph\">{\"@context\":\"https:\/\/schema.org\",\"@graph\":[{\"@type\":\"WebPage\",\"@id\":\"https:\/\/gulfcoastlegal.org\/es\/ayuda-legal\/proyectos-especiales\/\",\"url\":\"https:\/\/gulfcoastlegal.org\/es\/ayuda-legal\/proyectos-especiales\/\",\"name\":\"Proyectos Especiales - Gulf Coast Legal\",\"isPartOf\":{\"@id\":\"https:\/\/gulfcoastlegal.org\/#website\"},\"datePublished\":\"2024-11-26T10:04:59+00:00\",\"dateModified\":\"2025-02-07T19:39:54+00:00\",\"breadcrumb\":{\"@id\":\"https:\/\/gulfcoastlegal.org\/es\/ayuda-legal\/proyectos-especiales\/#breadcrumb\"},\"inLanguage\":\"es-ES\",\"potentialAction\":[{\"@type\":\"ReadAction\",\"target\":[\"https:\/\/gulfcoastlegal.org\/es\/ayuda-legal\/proyectos-especiales\/\"]}]},{\"@type\":\"BreadcrumbList\",\"@id\":\"https:\/\/gulfcoastlegal.org\/es\/ayuda-legal\/proyectos-especiales\/#breadcrumb\",\"itemListElement\":[{\"@type\":\"ListItem\",\"position\":1,\"name\":\"Ayuda legal\",\"item\":\"https:\/\/gulfcoastlegal.org\/es\/ayuda-legal\/\"},{\"@type\":\"ListItem\",\"position\":2,\"name\":\"Proyectos Especiales\"}]},{\"@type\":\"WebSite\",\"@id\":\"https:\/\/gulfcoastlegal.org\/#website\",\"url\":\"https:\/\/gulfcoastlegal.org\/\",\"name\":\"Gulf Coast Legal\",\"description\":\"\",\"publisher\":{\"@id\":\"https:\/\/gulfcoastlegal.org\/#organization\"},\"potentialAction\":[{\"@type\":\"SearchAction\",\"target\":{\"@type\":\"EntryPoint\",\"urlTemplate\":\"https:\/\/gulfcoastlegal.org\/?s={search_term_string}\"},\"query-input\":{\"@type\":\"PropertyValueSpecification\",\"valueRequired\":true,\"valueName\":\"search_term_string\"}}],\"inLanguage\":\"es-ES\"},{\"@type\":\"Organization\",\"@id\":\"https:\/\/gulfcoastlegal.org\/#organization\",\"name\":\"Gulf Coast Legal\",\"url\":\"https:\/\/gulfcoastlegal.org\/\",\"logo\":{\"@type\":\"ImageObject\",\"inLanguage\":\"es-ES\",\"@id\":\"https:\/\/gulfcoastlegal.org\/#\/schema\/logo\/image\/\",\"url\":\"https:\/\/gulfcoastlegal.org\/wp-content\/uploads\/2024\/09\/gulfcoast-legal-services-logo.svg\",\"contentUrl\":\"https:\/\/gulfcoastlegal.org\/wp-content\/uploads\/2024\/09\/gulfcoast-legal-services-logo.svg\",\"width\":200,\"height\":60,\"caption\":\"Gulf Coast Legal\"},\"image\":{\"@id\":\"https:\/\/gulfcoastlegal.org\/#\/schema\/logo\/image\/\"},\"sameAs\":[\"https:\/\/www.facebook.com\/GulfcoastLegalServices\/\",\"https:\/\/www.instagram.com\/gulfcoast_legal_services\/\",\"https:\/\/www.indeed.com\/cmp\/Gulfcoast-Legal-Services-1\"]}]}<\/script>\n<!-- \/ Yoast SEO plugin. -->","yoast_head_json":{"title":"Proyectos Especiales - Gulf Coast Legal","robots":{"index":"index","follow":"follow","max-snippet":"max-snippet:-1","max-image-preview":"max-image-preview:large","max-video-preview":"max-video-preview:-1"},"canonical":"https:\/\/gulfcoastlegal.org\/es\/ayuda-legal\/proyectos-especiales\/","og_locale":"es_ES","og_type":"article","og_title":"Proyectos Especiales - Gulf Coast Legal","og_url":"https:\/\/gulfcoastlegal.org\/es\/ayuda-legal\/proyectos-especiales\/","og_site_name":"Gulf Coast Legal","article_publisher":"https:\/\/www.facebook.com\/GulfcoastLegalServices\/","article_modified_time":"2025-02-07T19:39:54+00:00","twitter_card":"summary_large_image","schema":{"@context":"https:\/\/schema.org","@graph":[{"@type":"WebPage","@id":"https:\/\/gulfcoastlegal.org\/es\/ayuda-legal\/proyectos-especiales\/","url":"https:\/\/gulfcoastlegal.org\/es\/ayuda-legal\/proyectos-especiales\/","name":"Proyectos Especiales - Gulf Coast Legal","isPartOf":{"@id":"https:\/\/gulfcoastlegal.org\/#website"},"datePublished":"2024-11-26T10:04:59+00:00","dateModified":"2025-02-07T19:39:54+00:00","breadcrumb":{"@id":"https:\/\/gulfcoastlegal.org\/es\/ayuda-legal\/proyectos-especiales\/#breadcrumb"},"inLanguage":"es-ES","potentialAction":[{"@type":"ReadAction","target":["https:\/\/gulfcoastlegal.org\/es\/ayuda-legal\/proyectos-especiales\/"]}]},{"@type":"BreadcrumbList","@id":"https:\/\/gulfcoastlegal.org\/es\/ayuda-legal\/proyectos-especiales\/#breadcrumb","itemListElement":[{"@type":"ListItem","position":1,"name":"Ayuda legal","item":"https:\/\/gulfcoastlegal.org\/es\/ayuda-legal\/"},{"@type":"ListItem","position":2,"name":"Proyectos Especiales"}]},{"@type":"WebSite","@id":"https:\/\/gulfcoastlegal.org\/#website","url":"https:\/\/gulfcoastlegal.org\/","name":"Gulf Coast Legal","description":"","publisher":{"@id":"https:\/\/gulfcoastlegal.org\/#organization"},"potentialAction":[{"@type":"SearchAction","target":{"@type":"EntryPoint","urlTemplate":"https:\/\/gulfcoastlegal.org\/?s={search_term_string}"},"query-input":{"@type":"PropertyValueSpecification","valueRequired":true,"valueName":"search_term_string"}}],"inLanguage":"es-ES"},{"@type":"Organization","@id":"https:\/\/gulfcoastlegal.org\/#organization","name":"Gulf Coast Legal","url":"https:\/\/gulfcoastlegal.org\/","logo":{"@type":"ImageObject","inLanguage":"es-ES","@id":"https:\/\/gulfcoastlegal.org\/#\/schema\/logo\/image\/","url":"https:\/\/gulfcoastlegal.org\/wp-content\/uploads\/2024\/09\/gulfcoast-legal-services-logo.svg","contentUrl":"https:\/\/gulfcoastlegal.org\/wp-content\/uploads\/2024\/09\/gulfcoast-legal-services-logo.svg","width":200,"height":60,"caption":"Gulf Coast Legal"},"image":{"@id":"https:\/\/gulfcoastlegal.org\/#\/schema\/logo\/image\/"},"sameAs":["https:\/\/www.facebook.com\/GulfcoastLegalServices\/","https:\/\/www.instagram.com\/gulfcoast_legal_services\/","https:\/\/www.indeed.com\/cmp\/Gulfcoast-Legal-Services-1"]}]}},"_links":{"self":[{"href":"https:\/\/gulfcoastlegal.org\/es\/wp-json\/wp\/v2\/pages\/1926","targetHints":{"allow":["GET"]}}],"collection":[{"href":"https:\/\/gulfcoastlegal.org\/es\/wp-json\/wp\/v2\/pages"}],"about":[{"href":"https:\/\/gulfcoastlegal.org\/es\/wp-json\/wp\/v2\/types\/page"}],"author":[{"embeddable":true,"href":"https:\/\/gulfcoastlegal.org\/es\/wp-json\/wp\/v2\/users\/2"}],"replies":[{"embeddable":true,"href":"https:\/\/gulfcoastlegal.org\/es\/wp-json\/wp\/v2\/comments?post=1926"}],"version-history":[{"count":0,"href":"https:\/\/gulfcoastlegal.org\/es\/wp-json\/wp\/v2\/pages\/1926\/revisions"}],"up":[{"embeddable":true,"href":"https:\/\/gulfcoastlegal.org\/es\/wp-json\/wp\/v2\/pages\/1826"}],"wp:attachment":[{"href":"https:\/\/gulfcoastlegal.org\/es\/wp-json\/wp\/v2\/media?parent=1926"}],"curies":[{"name":"wp","href":"https:\/\/api.w.org\/{rel}","templated":true}]}}