{"id":1930,"date":"2024-09-11T05:38:28","date_gmt":"2024-09-11T05:38:28","guid":{"rendered":"https:\/\/gulfcoastlegal.mystaging.dev\/politica-de-privacidad\/"},"modified":"2025-02-07T19:44:23","modified_gmt":"2025-02-07T19:44:23","slug":"politica-de-privacidad","status":"publish","type":"page","link":"https:\/\/gulfcoastlegal.org\/es\/politica-de-privacidad\/","title":{"rendered":"Pol\u00edtica de privacidad"},"content":{"rendered":"<section id=\"block_acf-block-67a6629715731\" class=\"gcl-block gcl-narrow-content alignfull container my-16\">\n\t<div class=\"md:w-11\/12 lg:w-10\/12 xl:w-8\/12 mx-auto\">\n\t\t<div class=\"acf-innerblocks-container\">\n\n<h1 class=\"wp-block-heading\" id=\"top\">Pol\u00edtica de privacidad<\/h1>\n\n\n\n<p class=\"has-gray-50-color has-text-color has-link-color wp-elements-ae8052af6ad0dd57f70d3b7d7a01c505\"><mark style=\"background-color:rgba(0, 0, 0, 0)\" class=\"has-inline-color has-gray-55-color\">\u00daltima actualizaci\u00f3n el 31\/07\/2024<\/mark><\/p>\n\n\n\n<hr class=\"wp-block-separator !w-full !border-t-0 !border-b border-gray-30 my-8 lg:my-10 has-alpha-channel-opacity mb-10 my-10 my-6 !border-b-px w-full border-b-px my-12\"\/>\n\n\n\n<blockquote class=\"wp-block-quote box border-none px-6 py-8 lg:p-10 mb-10 lg:mb-12 p-10 mb-12 is-layout-flow wp-block-quote-is-layout-flow\">\n<p>Gulfcoast Legal Services (GLS) no vende ni divulga informaci\u00f3n sobre nuestros voluntarios, clientes o simpatizantes fuera de nuestra organizaci\u00f3n inmediata a menos que se les d\u00e9 permiso por escrito.<\/p>\n<\/blockquote>\n\n\n\n<h2 class=\"wp-block-heading\">Tabla de contenidos<\/h2>\n\n\n\n<ol class=\"wp-block-list is-style-list-toc\">\n<li class=\"has-md-font-size\"><a href=\"#l1\">Uso del sitio web \/ Recopilaci\u00f3n de informaci\u00f3n<\/a><\/li>\n\n\n\n<li class=\"has-md-font-size\"><a href=\"#l2\">Recopilaci\u00f3n de informaci\u00f3n de identificaci\u00f3n personal<\/a><\/li>\n\n\n\n<li class=\"has-md-font-size\"><a href=\"#l3\">GLS Intercambio de informaci\u00f3n de identificaci\u00f3n personal<\/a><\/li>\n\n\n\n<li class=\"has-md-font-size\"><a href=\"#l4\">Informaci\u00f3n Financiera y Pagos<\/a><\/li>\n\n\n\n<li class=\"has-md-font-size\"><a href=\"#l5\">Galletas<\/a><\/li>\n\n\n\n<li class=\"has-md-font-size\"><a href=\"#l6\">Enlaces externos<\/a><\/li>\n\n\n\n<li class=\"has-md-font-size\"><a href=\"#l7\">Seguridad<\/a><\/li>\n\n\n\n<li class=\"has-md-font-size\"><a href=\"#l8\">Privacidad de los ni\u00f1os<\/a><\/li>\n\n\n\n<li class=\"has-md-font-size\"><a href=\"#l9\">Cont\u00e1ctenos<\/a><\/li>\n<\/ol>\n\n\n\n<h3 class=\"wp-block-heading\" id=\"l1\">1. Uso del sitio web \/ Recopilaci\u00f3n de informaci\u00f3n<\/h3>\n\n\n\n<p>Cuando visita nuestro sitio web, obtenemos autom\u00e1ticamente dos tipos de informaci\u00f3n: la informaci\u00f3n personal que usted elige divulgar a sabiendas y que se recopila de forma individual y la informaci\u00f3n de uso del sitio web recopilada de forma agregada a medida que usted y otros navegan por nuestro sitio web.<\/p>\n\n\n\n<p>No rastreamos las p\u00e1ginas que usted o cualquier visitante individual puede ver y no recopilamos ninguna otra informaci\u00f3n sin su conocimiento y permiso. No recopilamos ni almacenamos informaci\u00f3n de identificaci\u00f3n personal, como su nombre, direcci\u00f3n postal, direcci\u00f3n de correo electr\u00f3nico o n\u00famero de tel\u00e9fono, a menos que usted proporcione esa informaci\u00f3n. <\/p>\n\n\n\n<h3 class=\"wp-block-heading\" id=\"l2\">2. Recopilaci\u00f3n de informaci\u00f3n de identificaci\u00f3n personal<\/h3>\n\n\n\n<p>GLS ofrece una suscripci\u00f3n a nuestro bolet\u00edn, as\u00ed como a las aplicaciones en l\u00ednea. Cualquier informaci\u00f3n que nos proporcione, incluido su nombre, direcci\u00f3n postal y direcci\u00f3n de correo electr\u00f3nico, es almacenada por GLS. La informaci\u00f3n se utiliza para cumplir con su solicitud y realizar un seguimiento de la informaci\u00f3n agregada sobre el uso de estas funciones. GLS hace todo lo posible para garantizar la recopilaci\u00f3n y transmisi\u00f3n seguras de su informaci\u00f3n confidencial utilizando metodolog\u00edas de recopilaci\u00f3n y cifrado de datos aceptadas por la industria.   <\/p>\n\n\n\n<h3 class=\"wp-block-heading\" id=\"l3\">3. GLS Intercambio de informaci\u00f3n de identificaci\u00f3n personal<\/h3>\n\n\n\n<p>GLS no publicar\u00e1 su informaci\u00f3n de contacto personal, incluida la direcci\u00f3n de correo electr\u00f3nico, la direcci\u00f3n postal y los n\u00fameros de tel\u00e9fono, en el sitio web sin su consentimiento.<\/p>\n\n\n\n<h3 class=\"wp-block-heading\" id=\"l4\">4. Informaci\u00f3n financiera y pagos<\/h3>\n\n\n\n<p>PayPal es un servidor seguro para procesar pagos e informaci\u00f3n financiera. GLS inicia sesi\u00f3n en PayPal, recupera la informaci\u00f3n y la procesa. GLS no retiene, comparte, almacena ni utiliza informaci\u00f3n de identificaci\u00f3n personal para fines secundarios.  <\/p>\n\n\n\n<h3 class=\"wp-block-heading\" id=\"l5\">5. Galletas<\/h3>\n\n\n\n<p>Una cookie es un fragmento de datos almacenado en el disco duro del usuario que contiene informaci\u00f3n sobre el usuario. Utilizamos cookies en nuestro sitio para personalizar y personalizar la experiencia de nuestros visitantes y para respaldar algunas funciones necesarias. Tambi\u00e9n utilizamos cookies para comprender mejor c\u00f3mo nuestros visitantes utilizan nuestro sitio.  <\/p>\n\n\n<p>Al modificar las preferencias de su navegador, tiene la opci&oacute;n de aceptar todas las cookies, recibir una notificaci&oacute;n cuando se establezca una cookie o rechazar todas las cookies. Para obtener m&aacute;s informaci&oacute;n sobre c&oacute;mo modificar la configuraci&oacute;n de su navegador para bloquear o filtrar las cookies, consulte <a href=\"https:\/\/www.allaboutcookies.org\/\" target=\"_blank\" rel=\"noreferrer noopener\" title=\"allaboutcookies.org - Opens in new window\">allaboutcookies.org<\/a>. <\/p>\n\n\n\n<h3 class=\"wp-block-heading\" id=\"l6\">6. Enlaces externos<\/h3>\n\n\n\n<p>Este sitio puede contener enlaces a otros sitios. GLS no es responsable de las pr\u00e1cticas de privacidad ni del contenido de dichos sitios web. Alentamos a nuestros usuarios a estar atentos cuando abandonan nuestro sitio y a leer las declaraciones de privacidad de todos y cada uno de los sitios web que recopilan informaci\u00f3n de identificaci\u00f3n personal.  <\/p>\n\n\n\n<h3 class=\"wp-block-heading\" id=\"l7\">7. Seguridad<\/h3>\n\n\n\n<p>Este sitio cuenta con medidas de seguridad para proteger la p\u00e9rdida, el uso indebido y la alteraci\u00f3n de la informaci\u00f3n bajo nuestro control. Utilizamos el cifrado Secure Socket Layer (SSL) para proteger la transmisi\u00f3n de la informaci\u00f3n que nos env\u00eda cuando utiliza nuestros formularios seguros en l\u00ednea. Toda la informaci\u00f3n que nos proporciona a trav\u00e9s de estos formularios se almacena de forma segura.  <\/p>\n\n\n\n<h3 class=\"wp-block-heading\" id=\"l8\">8. Privacidad de los ni\u00f1os<\/h3>\n\n\n\n<p>Debido a que nos preocupamos por la seguridad y la privacidad de los ni\u00f1os en l\u00ednea, cumplimos con la Ley de Protecci\u00f3n de la Privacidad en L\u00ednea de los Ni\u00f1os de 1998 (COPPA). La COPPA y la regulaci\u00f3n de la FTC que la acompa\u00f1a establecen la ley federal de los Estados Unidos que protege la privacidad de los ni\u00f1os que usan Internet. No contactamos ni recopilamos a sabiendas informaci\u00f3n personal de ni\u00f1os menores de 13 a\u00f1os. Nuestro sitio no est\u00e1 destinado a solicitar informaci\u00f3n de ning\u00fan tipo a ni\u00f1os menores de 13 a\u00f1os.   <\/p>\n\n\n\n<h3 class=\"wp-block-heading\" id=\"l9\">9. P\u00f3ngase en contacto con nosotros<\/h3>\n\n\n\n<p>Puede ponerse en contacto con nosotros en cualquier momento para obtener detalles sobre esta Pol\u00edtica de privacidad y sus versiones anteriores. Si tiene alguna pregunta sobre su cuenta o sus datos personales, p\u00f3ngase en contacto con Tara Meyer, Directora de Recursos Humanos <a href=\"mailto:taram@gulfcoastlegal.org\">de taram@gulfcoastlegal.org<\/a> <\/p>\n\n\n\n<div class=\"wp-block-buttons is-layout-flex wp-block-buttons-is-layout-flex\">\n<div class=\"wp-block-button\"><a class=\"wp-block-button__link wp-element-button\" href=\"https:\/\/gulfcoastlegal.org\/es\/\">Ir a la p\u00e1gina de inicio<\/a><\/div>\n\n\n\n<div class=\"wp-block-button is-style-btn-secondary\"><a class=\"wp-block-button__link wp-element-button\" href=\"#top\">Ir a la parte superior de esta p\u00e1gina<\/a><\/div>\n<\/div>\n\n<\/div>\n\t<\/div>\n<\/section>\n\n\n<section id=\"block_acf-block-675874c0eecaa\" class=\"gcl-block gcl-footer alignfull relative pb-20 lg:pb-28 lg:pt-52\">\n\t<img decoding=\"async\" width=\"1920\" height=\"1197\" src=\"https:\/\/gulfcoastlegal.org\/wp-content\/uploads\/2024\/10\/equal-justice-under-law-1920x1197.webp\" class=\"absolute top-0 bottom-0 left-0 right-0 w-full h-full object-cover object-top hidden lg:block not-transparent\" alt=\"equal-justice-under-law\" loading=\"lazy\" data-has-transparency=\"false\" data-dominant-color=\"b2a48b\" style=\"--dominant-color: #b2a48b;\" \/>\t<div class=\"container\">\n\t\t<div class=\"box px-6 py-8 md:p-8 lg:p-14 relative z-10\">\n\n\t\t\t<h2 class=''>Cont\u00e1ctenos<\/h2>\n\t\t\t<p>Las solicitudes se pueden completar en persona. GLS acepta visitas sin cita previa de lunes a viernes de 9:00 a.m. a 5:00 p.m. Tenga en cuenta que GLS cierra a las personas sin cita previa de lunes a jueves de 12:30 p.m. a 1:30 p.m. y no acepta visitas sin cita previa despu\u00e9s de las 12:30 p.m. los viernes  <\/p>\n\n\t\t\t\t\t\t\t<div class=\"grid lg:grid-cols-2 xl:grid-cols-4 gap-10 border-t border-gray-40 pt-6\">\n\t\t\t\t\t\t\t\t\t\t\t<div>\n\t\t\t\t\t\t\t\t\t\t\t\t\t\t\t<h3>Oficina de Manatee<\/h3>\n\t\t\t\t\t\t\t\t\t\t\t\t\t\t\t\t\t\t\t\t\t\t<div class=\"flex gap-2 mb-3\">\n\t\t\t\t\t\t\t\t\t<img decoding=\"async\" src=\"https:\/\/gulfcoastlegal.org\/wp-content\/themes\/gulfcoastlegal\/dist\/images\/address-pin.svg\" class=\"h-6 w-6\" alt=\"\">\n\t\t\t\t\t\t\t\t\t<p>1112 Manatee Ave E, 2nd Floor, Bradenton, FL 34208<\/p>\n\t\t\t\t\t\t\t\t<\/div>\n\t\t\t\t\t\t\t\t\t\t\t\t\t\t\t\t\t\t\t\t\t\t<div class=\"flex gap-2\">\n\t\t\t\t\t\t\t\t\t<img decoding=\"async\" src=\"https:\/\/gulfcoastlegal.org\/wp-content\/themes\/gulfcoastlegal\/dist\/images\/phone.svg\" class=\"h-6 w-6\" alt=\"\">\n\t\t\t\t\t\t\t\t\t<p>941-746-6151<\/p>\n\t\t\t\t\t\t\t\t<\/div>\n\t\t\t\t\t\t\t\t\t\t\t\t\t<\/div>\n\t\t\t\t\t\t\t\t\t\t\t<div>\n\t\t\t\t\t\t\t\t\t\t\t\t\t\t\t<h3>Oficina de Pinellas<\/h3>\n\t\t\t\t\t\t\t\t\t\t\t\t\t\t\t\t\t\t\t\t\t\t<div class=\"flex gap-2 mb-3\">\n\t\t\t\t\t\t\t\t\t<img decoding=\"async\" src=\"https:\/\/gulfcoastlegal.org\/wp-content\/themes\/gulfcoastlegal\/dist\/images\/address-pin.svg\" class=\"h-6 w-6\" alt=\"\">\n\t\t\t\t\t\t\t\t\t<p>501 1st Ave N, Suite 420, St. Petersburg, FL 33701<\/p>\n\t\t\t\t\t\t\t\t<\/div>\n\t\t\t\t\t\t\t\t\t\t\t\t\t\t\t\t\t\t\t\t\t\t<div class=\"flex gap-2\">\n\t\t\t\t\t\t\t\t\t<img decoding=\"async\" src=\"https:\/\/gulfcoastlegal.org\/wp-content\/themes\/gulfcoastlegal\/dist\/images\/phone.svg\" class=\"h-6 w-6\" alt=\"\">\n\t\t\t\t\t\t\t\t\t<p>727-821-0726<\/p>\n\t\t\t\t\t\t\t\t<\/div>\n\t\t\t\t\t\t\t\t\t\t\t\t\t<\/div>\n\t\t\t\t\t\t\t\t\t\t\t<div>\n\t\t\t\t\t\t\t\t\t\t\t\t\t\t\t<h3>Oficina de Sarasota<\/h3>\n\t\t\t\t\t\t\t\t\t\t\t\t\t\t\t\t\t\t\t\t\t\t<div class=\"flex gap-2 mb-3\">\n\t\t\t\t\t\t\t\t\t<img decoding=\"async\" src=\"https:\/\/gulfcoastlegal.org\/wp-content\/themes\/gulfcoastlegal\/dist\/images\/address-pin.svg\" class=\"h-6 w-6\" alt=\"\">\n\t\t\t\t\t\t\t\t\t<p>250 Tamiami Trail S, Suite 201, Venice, FL 34285<\/p>\n\t\t\t\t\t\t\t\t<\/div>\n\t\t\t\t\t\t\t\t\t\t\t\t\t\t\t\t\t\t\t\t\t\t<div class=\"flex gap-2\">\n\t\t\t\t\t\t\t\t\t<img decoding=\"async\" src=\"https:\/\/gulfcoastlegal.org\/wp-content\/themes\/gulfcoastlegal\/dist\/images\/phone.svg\" class=\"h-6 w-6\" alt=\"\">\n\t\t\t\t\t\t\t\t\t<p>800-230-5920<\/p>\n\t\t\t\t\t\t\t\t<\/div>\n\t\t\t\t\t\t\t\t\t\t\t\t\t<\/div>\n\t\t\t\t\t\t\t\t\t\t\t<div>\n\t\t\t\t\t\t\t\t\t\t\t\t\t\t\t<h3>Oficina de Wimauma<\/h3>\n\t\t\t\t\t\t\t\t\t\t\t\t\t\t\t\t\t\t\t\t\t\t<div class=\"flex gap-2 mb-3\">\n\t\t\t\t\t\t\t\t\t<img decoding=\"async\" src=\"https:\/\/gulfcoastlegal.org\/wp-content\/themes\/gulfcoastlegal\/dist\/images\/address-pin.svg\" class=\"h-6 w-6\" alt=\"\">\n\t\t\t\t\t\t\t\t\t<p>*next to Beth-El Ministries, 18238 US-301S, Wimauma, FL 33598<\/p>\n\t\t\t\t\t\t\t\t<\/div>\n\t\t\t\t\t\t\t\t\t\t\t\t\t\t\t\t\t\t\t\t\t\t<div class=\"flex gap-2\">\n\t\t\t\t\t\t\t\t\t<img decoding=\"async\" src=\"https:\/\/gulfcoastlegal.org\/wp-content\/themes\/gulfcoastlegal\/dist\/images\/phone.svg\" class=\"h-6 w-6\" alt=\"\">\n\t\t\t\t\t\t\t\t\t<p>727-821-0726<\/p>\n\t\t\t\t\t\t\t\t<\/div>\n\t\t\t\t\t\t\t\t\t\t\t\t\t<\/div>\n\t\t\t\t\t\t\t\t\t<\/div>\n\t\t\t\t\t<\/div>\n\t<\/div>\n<\/section>\n","protected":false},"excerpt":{"rendered":"","protected":false},"author":2,"featured_media":0,"parent":0,"menu_order":0,"comment_status":"closed","ping_status":"closed","template":"","meta":{"_acf_changed":false,"footnotes":""},"class_list":["post-1930","page","type-page","status-publish","hentry"],"acf":[],"yoast_head":"<!-- This site is optimized with the Yoast SEO plugin v25.9 - https:\/\/yoast.com\/wordpress\/plugins\/seo\/ -->\n<title>Pol\u00edtica de privacidad - Gulf Coast Legal<\/title>\n<meta name=\"robots\" content=\"index, follow, max-snippet:-1, max-image-preview:large, max-video-preview:-1\" \/>\n<link rel=\"canonical\" href=\"https:\/\/gulfcoastlegal.org\/es\/politica-de-privacidad\/\" \/>\n<meta property=\"og:locale\" content=\"es_ES\" \/>\n<meta property=\"og:type\" content=\"article\" \/>\n<meta property=\"og:title\" content=\"Pol\u00edtica de privacidad - Gulf Coast Legal\" \/>\n<meta property=\"og:url\" content=\"https:\/\/gulfcoastlegal.org\/es\/politica-de-privacidad\/\" \/>\n<meta property=\"og:site_name\" content=\"Gulf Coast Legal\" \/>\n<meta property=\"article:publisher\" content=\"https:\/\/www.facebook.com\/GulfcoastLegalServices\/\" \/>\n<meta property=\"article:modified_time\" content=\"2025-02-07T19:44:23+00:00\" \/>\n<meta name=\"twitter:card\" content=\"summary_large_image\" \/>\n<meta name=\"twitter:label1\" content=\"Tiempo de lectura\" \/>\n\t<meta name=\"twitter:data1\" content=\"4 minutes\" \/>\n<script type=\"application\/ld+json\" class=\"yoast-schema-graph\">{\"@context\":\"https:\/\/schema.org\",\"@graph\":[{\"@type\":\"WebPage\",\"@id\":\"https:\/\/gulfcoastlegal.org\/es\/politica-de-privacidad\/\",\"url\":\"https:\/\/gulfcoastlegal.org\/es\/politica-de-privacidad\/\",\"name\":\"Pol\u00edtica de privacidad - Gulf Coast Legal\",\"isPartOf\":{\"@id\":\"https:\/\/gulfcoastlegal.org\/#website\"},\"datePublished\":\"2024-09-11T05:38:28+00:00\",\"dateModified\":\"2025-02-07T19:44:23+00:00\",\"inLanguage\":\"es-ES\",\"potentialAction\":[{\"@type\":\"ReadAction\",\"target\":[\"https:\/\/gulfcoastlegal.org\/es\/politica-de-privacidad\/\"]}]},{\"@type\":\"WebSite\",\"@id\":\"https:\/\/gulfcoastlegal.org\/#website\",\"url\":\"https:\/\/gulfcoastlegal.org\/\",\"name\":\"Gulf Coast Legal\",\"description\":\"\",\"publisher\":{\"@id\":\"https:\/\/gulfcoastlegal.org\/#organization\"},\"potentialAction\":[{\"@type\":\"SearchAction\",\"target\":{\"@type\":\"EntryPoint\",\"urlTemplate\":\"https:\/\/gulfcoastlegal.org\/?s={search_term_string}\"},\"query-input\":{\"@type\":\"PropertyValueSpecification\",\"valueRequired\":true,\"valueName\":\"search_term_string\"}}],\"inLanguage\":\"es-ES\"},{\"@type\":\"Organization\",\"@id\":\"https:\/\/gulfcoastlegal.org\/#organization\",\"name\":\"Gulf Coast Legal\",\"url\":\"https:\/\/gulfcoastlegal.org\/\",\"logo\":{\"@type\":\"ImageObject\",\"inLanguage\":\"es-ES\",\"@id\":\"https:\/\/gulfcoastlegal.org\/#\/schema\/logo\/image\/\",\"url\":\"https:\/\/gulfcoastlegal.org\/wp-content\/uploads\/2024\/09\/gulfcoast-legal-services-logo.svg\",\"contentUrl\":\"https:\/\/gulfcoastlegal.org\/wp-content\/uploads\/2024\/09\/gulfcoast-legal-services-logo.svg\",\"width\":200,\"height\":60,\"caption\":\"Gulf Coast Legal\"},\"image\":{\"@id\":\"https:\/\/gulfcoastlegal.org\/#\/schema\/logo\/image\/\"},\"sameAs\":[\"https:\/\/www.facebook.com\/GulfcoastLegalServices\/\",\"https:\/\/www.instagram.com\/gulfcoast_legal_services\/\",\"https:\/\/www.indeed.com\/cmp\/Gulfcoast-Legal-Services-1\"]}]}<\/script>\n<!-- \/ Yoast SEO plugin. -->","yoast_head_json":{"title":"Pol\u00edtica de privacidad - Gulf Coast Legal","robots":{"index":"index","follow":"follow","max-snippet":"max-snippet:-1","max-image-preview":"max-image-preview:large","max-video-preview":"max-video-preview:-1"},"canonical":"https:\/\/gulfcoastlegal.org\/es\/politica-de-privacidad\/","og_locale":"es_ES","og_type":"article","og_title":"Pol\u00edtica de privacidad - Gulf Coast Legal","og_url":"https:\/\/gulfcoastlegal.org\/es\/politica-de-privacidad\/","og_site_name":"Gulf Coast Legal","article_publisher":"https:\/\/www.facebook.com\/GulfcoastLegalServices\/","article_modified_time":"2025-02-07T19:44:23+00:00","twitter_card":"summary_large_image","twitter_misc":{"Tiempo de lectura":"4 minutes"},"schema":{"@context":"https:\/\/schema.org","@graph":[{"@type":"WebPage","@id":"https:\/\/gulfcoastlegal.org\/es\/politica-de-privacidad\/","url":"https:\/\/gulfcoastlegal.org\/es\/politica-de-privacidad\/","name":"Pol\u00edtica de privacidad - Gulf Coast Legal","isPartOf":{"@id":"https:\/\/gulfcoastlegal.org\/#website"},"datePublished":"2024-09-11T05:38:28+00:00","dateModified":"2025-02-07T19:44:23+00:00","inLanguage":"es-ES","potentialAction":[{"@type":"ReadAction","target":["https:\/\/gulfcoastlegal.org\/es\/politica-de-privacidad\/"]}]},{"@type":"WebSite","@id":"https:\/\/gulfcoastlegal.org\/#website","url":"https:\/\/gulfcoastlegal.org\/","name":"Gulf Coast Legal","description":"","publisher":{"@id":"https:\/\/gulfcoastlegal.org\/#organization"},"potentialAction":[{"@type":"SearchAction","target":{"@type":"EntryPoint","urlTemplate":"https:\/\/gulfcoastlegal.org\/?s={search_term_string}"},"query-input":{"@type":"PropertyValueSpecification","valueRequired":true,"valueName":"search_term_string"}}],"inLanguage":"es-ES"},{"@type":"Organization","@id":"https:\/\/gulfcoastlegal.org\/#organization","name":"Gulf Coast Legal","url":"https:\/\/gulfcoastlegal.org\/","logo":{"@type":"ImageObject","inLanguage":"es-ES","@id":"https:\/\/gulfcoastlegal.org\/#\/schema\/logo\/image\/","url":"https:\/\/gulfcoastlegal.org\/wp-content\/uploads\/2024\/09\/gulfcoast-legal-services-logo.svg","contentUrl":"https:\/\/gulfcoastlegal.org\/wp-content\/uploads\/2024\/09\/gulfcoast-legal-services-logo.svg","width":200,"height":60,"caption":"Gulf Coast Legal"},"image":{"@id":"https:\/\/gulfcoastlegal.org\/#\/schema\/logo\/image\/"},"sameAs":["https:\/\/www.facebook.com\/GulfcoastLegalServices\/","https:\/\/www.instagram.com\/gulfcoast_legal_services\/","https:\/\/www.indeed.com\/cmp\/Gulfcoast-Legal-Services-1"]}]}},"_links":{"self":[{"href":"https:\/\/gulfcoastlegal.org\/es\/wp-json\/wp\/v2\/pages\/1930","targetHints":{"allow":["GET"]}}],"collection":[{"href":"https:\/\/gulfcoastlegal.org\/es\/wp-json\/wp\/v2\/pages"}],"about":[{"href":"https:\/\/gulfcoastlegal.org\/es\/wp-json\/wp\/v2\/types\/page"}],"author":[{"embeddable":true,"href":"https:\/\/gulfcoastlegal.org\/es\/wp-json\/wp\/v2\/users\/2"}],"replies":[{"embeddable":true,"href":"https:\/\/gulfcoastlegal.org\/es\/wp-json\/wp\/v2\/comments?post=1930"}],"version-history":[{"count":0,"href":"https:\/\/gulfcoastlegal.org\/es\/wp-json\/wp\/v2\/pages\/1930\/revisions"}],"wp:attachment":[{"href":"https:\/\/gulfcoastlegal.org\/es\/wp-json\/wp\/v2\/media?parent=1930"}],"curies":[{"name":"wp","href":"https:\/\/api.w.org\/{rel}","templated":true}]}}