{"id":1902,"date":"2024-09-16T09:50:24","date_gmt":"2024-09-16T09:50:24","guid":{"rendered":"https:\/\/gulfcoastlegal.mystaging.dev\/about-us\/komite-direkte-yo\/"},"modified":"2025-03-13T11:33:37","modified_gmt":"2025-03-13T11:33:37","slug":"komite-direkte-yo","status":"publish","type":"page","link":"https:\/\/gulfcoastlegal.org\/ht\/sou-nou\/komite-direkte-yo\/","title":{"rendered":"Komite direkt\u00e8 yo"},"content":{"rendered":"<section id=\"block_acf-block-67d2c2906f1e0\" class=\"gcl-block gcl-hero-text alignfull my-12\">\n\t<div class=\"container text-center\">\n\t\t<h1 class=''>Komite direkt\u00e8 yo<\/h1>\n\t\t<div class=\"inline-block xl:w-7\/12\">\n\t\t\t<p>GLS regily\u00e8man revize aplikasyon pou nouvo manm kons\u00e8y. Pou plis enf\u00f2masyon, oswa mande sou rantre nan, tanpri voye yon im\u00e8l <a href=\"mailto:development@gulfcoastlegal.org\">development@gulfcoastlegal.org<\/a><\/p>\n\t\t<\/div>\n\t<\/div>\n<\/section>\n\n\n<section id=\"block_acf-block-67d2c2906f36a\" class=\"gcl-block gcl-board-grid alignfull my-16 lg:my-20 container\">\n\t\t\t<div class=\"grid md:grid-cols-2 xl:grid-cols-3 gap-6\">\n\t\t\t\t\t\t\t<div class=\" box px-6 py-8 lg:p-8 flex flex-col\">\n\t<img decoding=\"async\" width=\"160\" height=\"160\" src=\"https:\/\/gulfcoastlegal.org\/wp-content\/uploads\/2024\/09\/jmiller-160x160.webp\" class=\"rounded-full w-40 h-40 block mx-auto mb-6 not-transparent wp-post-image\" alt=\"\" loading=\"lazy\" data-has-transparency=\"false\" data-dominant-color=\"ac9092\" style=\"--dominant-color: #ac9092;\" \/>\n\t<h2 class=\"h3 grow mb-1.5\">Jason Miller, Esq. B.C.S.<\/h2>\n\t\t\t<p class=\"text-gray-55 mb-4\">Imedyat Past Prezidan<\/p>\n\t\t\t\t<p class=\"border-t border-gray-30 pt-4\">Najmy Thompson, P.L.<\/p>\n\t<\/div>\n\t\t\t\t\t\t\t<div class=\" box px-6 py-8 lg:p-8 flex flex-col\">\n\t<img decoding=\"async\" width=\"160\" height=\"160\" src=\"https:\/\/gulfcoastlegal.org\/wp-content\/uploads\/2024\/09\/Attorney-Ben-Sorrell-160x160.webp\" class=\"rounded-full w-40 h-40 block mx-auto mb-6 not-transparent wp-post-image\" alt=\"\" loading=\"lazy\" srcset=\"https:\/\/gulfcoastlegal.org\/wp-content\/uploads\/2024\/09\/Attorney-Ben-Sorrell-160x160.webp 160w, https:\/\/gulfcoastlegal.org\/wp-content\/uploads\/2024\/09\/Attorney-Ben-Sorrell-400x400.webp 400w, https:\/\/gulfcoastlegal.org\/wp-content\/uploads\/2024\/09\/Attorney-Ben-Sorrell-300x300.webp 300w, https:\/\/gulfcoastlegal.org\/wp-content\/uploads\/2024\/09\/Attorney-Ben-Sorrell-600x600.webp 600w\" sizes=\"auto, (max-width: 160px) 100vw, 160px\" data-has-transparency=\"false\" data-dominant-color=\"483d36\" style=\"--dominant-color: #483d36;\" \/>\n\t<h2 class=\"h3 grow mb-1.5\">Ben Sorrell, Esq<\/h2>\n\t\t\t<p class=\"text-gray-55 mb-4\">Prezidan<\/p>\n\t\t\t\t<p class=\"border-t border-gray-30 pt-4\">Shutts &amp; Bowen, LLP<\/p>\n\t<\/div>\n\t\t\t\t\t\t\t<div class=\" box px-6 py-8 lg:p-8 flex flex-col\">\n\t<img decoding=\"async\" width=\"160\" height=\"160\" src=\"https:\/\/gulfcoastlegal.org\/wp-content\/uploads\/2024\/09\/bradley-muhs-160x160.webp\" class=\"rounded-full w-40 h-40 block mx-auto mb-6 not-transparent wp-post-image\" alt=\"\" loading=\"lazy\" srcset=\"https:\/\/gulfcoastlegal.org\/wp-content\/uploads\/2024\/09\/bradley-muhs-160x160.webp 160w, https:\/\/gulfcoastlegal.org\/wp-content\/uploads\/2024\/09\/bradley-muhs-400x400.webp 400w, https:\/\/gulfcoastlegal.org\/wp-content\/uploads\/2024\/09\/bradley-muhs-300x300.webp 300w, https:\/\/gulfcoastlegal.org\/wp-content\/uploads\/2024\/09\/bradley-muhs-600x600.webp 600w\" sizes=\"auto, (max-width: 160px) 100vw, 160px\" data-has-transparency=\"false\" data-dominant-color=\"85706b\" style=\"--dominant-color: #85706b;\" \/>\n\t<h2 class=\"h3 grow mb-1.5\">Bradley Muhs, Esq.<\/h2>\n\t\t\t\t<p class=\"border-t border-gray-30 pt-4\">Trenam Law<\/p>\n\t<\/div>\n\t\t\t\t\t\t\t<div class=\" box px-6 py-8 lg:p-8 flex flex-col\">\n\t<img decoding=\"async\" width=\"160\" height=\"160\" src=\"https:\/\/gulfcoastlegal.org\/wp-content\/uploads\/2026\/04\/Headshot-S.Moore-24-160x160.jpg\" class=\"rounded-full w-40 h-40 block mx-auto mb-6 wp-post-image\" alt=\"\" loading=\"lazy\" srcset=\"https:\/\/gulfcoastlegal.org\/wp-content\/uploads\/2026\/04\/Headshot-S.Moore-24-160x160.jpg 160w, https:\/\/gulfcoastlegal.org\/wp-content\/uploads\/2026\/04\/Headshot-S.Moore-24-400x400.jpg 400w\" sizes=\"auto, (max-width: 160px) 100vw, 160px\" \/>\n\t<h2 class=\"h3 grow mb-1.5\">Richard Kennedy, CPA<\/h2>\n\t\t\t<p class=\"text-gray-55 mb-4\">Trezorye<\/p>\n\t\t\t\t<p class=\"border-t border-gray-30 pt-4\">PricewaterhouseCoopers<\/p>\n\t<\/div>\n\t\t\t\t\t\t\t<div class=\" box px-6 py-8 lg:p-8 flex flex-col\">\n\t<img decoding=\"async\" width=\"160\" height=\"160\" src=\"https:\/\/gulfcoastlegal.org\/wp-content\/uploads\/2024\/09\/tracy-merry-160x160.webp\" class=\"rounded-full w-40 h-40 block mx-auto mb-6 not-transparent wp-post-image\" alt=\"\" loading=\"lazy\" srcset=\"https:\/\/gulfcoastlegal.org\/wp-content\/uploads\/2024\/09\/tracy-merry-160x160.webp 160w, https:\/\/gulfcoastlegal.org\/wp-content\/uploads\/2024\/09\/tracy-merry-400x400.webp 400w, https:\/\/gulfcoastlegal.org\/wp-content\/uploads\/2024\/09\/tracy-merry-300x300.webp 300w, https:\/\/gulfcoastlegal.org\/wp-content\/uploads\/2024\/09\/tracy-merry-600x600.webp 600w\" sizes=\"auto, (max-width: 160px) 100vw, 160px\" data-has-transparency=\"false\" data-dominant-color=\"676155\" style=\"--dominant-color: #676155;\" \/>\n\t<h2 class=\"h3 grow mb-1.5\">Tracy Merry, CPA<\/h2>\n\t\t\t\t<p class=\"border-t border-gray-30 pt-4\">AmeriLife<\/p>\n\t<\/div>\n\t\t\t\t\t\t\t<div class=\" box px-6 py-8 lg:p-8 flex flex-col\">\n\t<img decoding=\"async\" width=\"160\" height=\"160\" src=\"https:\/\/gulfcoastlegal.org\/wp-content\/uploads\/2024\/09\/Kristen-Adams-160x160.webp\" class=\"rounded-full w-40 h-40 block mx-auto mb-6 not-transparent wp-post-image\" alt=\"\" loading=\"lazy\" srcset=\"https:\/\/gulfcoastlegal.org\/wp-content\/uploads\/2024\/09\/Kristen-Adams-160x160.webp 160w, https:\/\/gulfcoastlegal.org\/wp-content\/uploads\/2024\/09\/Kristen-Adams-136x136.webp 136w, https:\/\/gulfcoastlegal.org\/wp-content\/uploads\/2024\/09\/Kristen-Adams-400x400.webp 400w, https:\/\/gulfcoastlegal.org\/wp-content\/uploads\/2024\/09\/Kristen-Adams-300x300.webp 300w, https:\/\/gulfcoastlegal.org\/wp-content\/uploads\/2024\/09\/Kristen-Adams.webp 477w\" sizes=\"auto, (max-width: 160px) 100vw, 160px\" data-has-transparency=\"false\" data-dominant-color=\"80766d\" style=\"--dominant-color: #80766d;\" \/>\n\t<h2 class=\"h3 grow mb-1.5\">Professor Kristen\u2028Adams, Esq.\u2028<\/h2>\n\t\t\t\t<p class=\"border-t border-gray-30 pt-4\">Stetson University College of Law<\/p>\n\t<\/div>\n\t\t\t\t\t\t\t<div class=\" box px-6 py-8 lg:p-8 flex flex-col\">\n\t<img decoding=\"async\" width=\"160\" height=\"160\" src=\"https:\/\/gulfcoastlegal.org\/wp-content\/uploads\/2024\/09\/Cynthia-Batt-160x160.webp\" class=\"rounded-full w-40 h-40 block mx-auto mb-6 not-transparent wp-post-image\" alt=\"\" loading=\"lazy\" srcset=\"https:\/\/gulfcoastlegal.org\/wp-content\/uploads\/2024\/09\/Cynthia-Batt-160x160.webp 160w, https:\/\/gulfcoastlegal.org\/wp-content\/uploads\/2024\/09\/Cynthia-Batt-136x136.webp 136w, https:\/\/gulfcoastlegal.org\/wp-content\/uploads\/2024\/09\/Cynthia-Batt-300x300.webp 300w, https:\/\/gulfcoastlegal.org\/wp-content\/uploads\/2024\/09\/Cynthia-Batt.webp 398w\" sizes=\"auto, (max-width: 160px) 100vw, 160px\" data-has-transparency=\"false\" data-dominant-color=\"ae8e77\" style=\"--dominant-color: #ae8e77;\" \/>\n\t<h2 class=\"h3 grow mb-1.5\">Cynthia Batt, Esq.<\/h2>\n\t\t\t\t<p class=\"border-t border-gray-30 pt-4\">Stetson University College of Law<\/p>\n\t<\/div>\n\t\t\t\t\t\t\t<div class=\" box px-6 py-8 lg:p-8 flex flex-col\">\n\t\t\t<img decoding=\"async\" src=\"https:\/\/gulfcoastlegal.org\/wp-content\/themes\/gulfcoastlegal\/dist\/images\/default.png\" class=\"rounded-full w-40 h-40 block mx-auto mb-6\" alt=\"Placeholder image for Elise K. Winters, Esq.\" loading=\"lazy\">\n\t\n\t<h2 class=\"h3 grow mb-1.5\">Elise K. Winters, Esq.<\/h2>\n\t\t\t<p class=\"text-gray-55 mb-4\">Sekret\u00e8<\/p>\n\t\t\t\t<p class=\"border-t border-gray-30 pt-4\">Elise K. Winters, PA<\/p>\n\t<\/div>\n\t\t\t\t\t\t\t<div class=\" box px-6 py-8 lg:p-8 flex flex-col\">\n\t<img decoding=\"async\" width=\"160\" height=\"160\" src=\"https:\/\/gulfcoastlegal.org\/wp-content\/uploads\/2024\/09\/j-corinis-160x160.webp\" class=\"rounded-full w-40 h-40 block mx-auto mb-6 not-transparent wp-post-image\" alt=\"\" loading=\"lazy\" srcset=\"https:\/\/gulfcoastlegal.org\/wp-content\/uploads\/2024\/09\/j-corinis-160x160.webp 160w, https:\/\/gulfcoastlegal.org\/wp-content\/uploads\/2024\/09\/j-corinis-400x400.webp 400w, https:\/\/gulfcoastlegal.org\/wp-content\/uploads\/2024\/09\/j-corinis-300x300.webp 300w\" sizes=\"auto, (max-width: 160px) 100vw, 160px\" data-has-transparency=\"false\" data-dominant-color=\"4f413e\" style=\"--dominant-color: #4f413e;\" \/>\n\t<h2 class=\"h3 grow mb-1.5\">Jennifer Corinis, Esq.<\/h2>\n\t\t\t<p class=\"text-gray-55 mb-4\">Sekret\u00e8<\/p>\n\t\t\t\t<p class=\"border-t border-gray-30 pt-4\">Greenburg Traurig<\/p>\n\t<\/div>\n\t\t\t\t\t\t\t<div class=\" box px-6 py-8 lg:p-8 flex flex-col\">\n\t\t\t<img decoding=\"async\" src=\"https:\/\/gulfcoastlegal.org\/wp-content\/themes\/gulfcoastlegal\/dist\/images\/default.png\" class=\"rounded-full w-40 h-40 block mx-auto mb-6\" alt=\"Placeholder image for Sandrine Guez, Esq.\" loading=\"lazy\">\n\t\n\t<h2 class=\"h3 grow mb-1.5\">Sandrine Guez, Esq.<\/h2>\n\t\t\t\t<p class=\"border-t border-gray-30 pt-4\">Private Practice<\/p>\n\t<\/div>\n\t\t\t\t\t\t\t<div class=\" box px-6 py-8 lg:p-8 flex flex-col\">\n\t<img decoding=\"async\" width=\"160\" height=\"160\" src=\"https:\/\/gulfcoastlegal.org\/wp-content\/uploads\/2026\/04\/Salzer-headshot-160x160.jpg\" class=\"rounded-full w-40 h-40 block mx-auto mb-6 wp-post-image\" alt=\"\" loading=\"lazy\" srcset=\"https:\/\/gulfcoastlegal.org\/wp-content\/uploads\/2026\/04\/Salzer-headshot-160x160.jpg 160w, https:\/\/gulfcoastlegal.org\/wp-content\/uploads\/2026\/04\/Salzer-headshot-136x136.jpg 136w, https:\/\/gulfcoastlegal.org\/wp-content\/uploads\/2026\/04\/Salzer-headshot.jpg 400w\" sizes=\"auto, (max-width: 160px) 100vw, 160px\" \/>\n\t<h2 class=\"h3 grow mb-1.5\">Brian Bailey<\/h2>\n\t\t\t\t<p class=\"border-t border-gray-30 pt-4\">METRO Inclusive Health<\/p>\n\t<\/div>\n\t\t\t\t\t<\/div>\n\t<\/section>\n\n\n<section id=\"block_acf-block-67a64206ac451\" class=\"gcl-block gcl-cta-blue alignfull container my-16 lg:my-32\">\n  <div class=\"box bg-primary-100 text-gray-5 px-6 py-8 md:p-12 lg:p-20 xg:py-24 xl:px-52 text-center\">\n\n    <h2 class='text-gray-5'>Chanje lavi ou ak GLS kounye a<\/h2>\n\n    <p>Ou ka aplike pou s\u00e8vis legal 24\/7 atrav\u00e8 f\u00f2m sou ent\u00e8n\u00e8t nou an. Nou pral kontakte ou pou f\u00e8 w konnen si yo te aksepte aplikasyon w lan oswa ou pa. Ka ijans (vyolans domestik ak zaf\u00e8 lojman ijan) yo pral priyorize ak kontakte an premye.  <\/p>\n\n          <a class=\"btn btn-wide btn-primary-inverted\"\n        href=\"https:\/\/glsoi.legalserver.org\/modules\/matter\/extern_intake.php?pid=129&#038;h=daa817&#038;\"\n        target=\"_self\" >\n        Mande Asistans      <\/a>\n    \n  <\/div>\n<\/section>\n\n<section id=\"block_acf-block-675874c0eecaa\" class=\"gcl-block gcl-footer alignfull relative pb-20 lg:pb-28 lg:pt-52\">\n\t<img decoding=\"async\" width=\"1920\" height=\"1197\" src=\"https:\/\/gulfcoastlegal.org\/wp-content\/uploads\/2024\/10\/equal-justice-under-law-1920x1197.webp\" class=\"absolute top-0 bottom-0 left-0 right-0 w-full h-full object-cover object-top hidden lg:block not-transparent\" alt=\"\" loading=\"lazy\" data-has-transparency=\"false\" data-dominant-color=\"afa287\" style=\"--dominant-color: #afa287;\" \/>\t<div class=\"container\">\n\t\t<div class=\"box px-6 py-8 md:p-8 lg:p-14 relative z-10\">\n\n\t\t\t<h2 class=''>Kontakte nou<\/h2>\n\t\t\t<p>Ou ka ranpli aplikasyon yo an p\u00e8s\u00f2n. GLS aksepte mache Lendi jiska vandredi soti nan 9:00 a.m. a 5:00 p.m. Tanpri sonje ke GLS f\u00e8men nan Lendi jiska Jedi soti nan 12:30 p.m. a 1:30 p.m. epi yo pa aksepte mache apre 12:30 p.m. nan Vandredi  <\/p>\n\n\t\t\t\t\t\t\t<div class=\"grid lg:grid-cols-2 xl:grid-cols-4 gap-10 border-t border-gray-40 pt-6\">\n\t\t\t\t\t\t\t\t\t\t\t<div>\n\t\t\t\t\t\t\t\t\t\t\t\t\t\t\t<h3>Biwo Manatee<\/h3>\n\t\t\t\t\t\t\t\t\t\t\t\t\t\t\t\t\t\t\t\t\t\t<div class=\"flex gap-2 mb-3\">\n\t\t\t\t\t\t\t\t\t<img decoding=\"async\" src=\"https:\/\/gulfcoastlegal.org\/wp-content\/themes\/gulfcoastlegal\/dist\/images\/address-pin.svg\" class=\"h-6 w-6\" alt=\"\">\n\t\t\t\t\t\t\t\t\t<p>1112 Manatee Ave E, 2nd Floor, Bradenton, FL 34208<\/p>\n\t\t\t\t\t\t\t\t<\/div>\n\t\t\t\t\t\t\t\t\t\t\t\t\t\t\t\t\t\t\t\t\t\t<div class=\"flex gap-2\">\n\t\t\t\t\t\t\t\t\t<img decoding=\"async\" src=\"https:\/\/gulfcoastlegal.org\/wp-content\/themes\/gulfcoastlegal\/dist\/images\/phone.svg\" class=\"h-6 w-6\" alt=\"\">\n\t\t\t\t\t\t\t\t\t<p>941-746-6151<\/p>\n\t\t\t\t\t\t\t\t<\/div>\n\t\t\t\t\t\t\t\t\t\t\t\t\t<\/div>\n\t\t\t\t\t\t\t\t\t\t\t<div>\n\t\t\t\t\t\t\t\t\t\t\t\t\t\t\t<h3>Pinellas biwo<\/h3>\n\t\t\t\t\t\t\t\t\t\t\t\t\t\t\t\t\t\t\t\t\t\t<div class=\"flex gap-2 mb-3\">\n\t\t\t\t\t\t\t\t\t<img decoding=\"async\" src=\"https:\/\/gulfcoastlegal.org\/wp-content\/themes\/gulfcoastlegal\/dist\/images\/address-pin.svg\" class=\"h-6 w-6\" alt=\"\">\n\t\t\t\t\t\t\t\t\t<p>501 1st Ave N, Suite 420, St. Petersburg, FL 33701<\/p>\n\t\t\t\t\t\t\t\t<\/div>\n\t\t\t\t\t\t\t\t\t\t\t\t\t\t\t\t\t\t\t\t\t\t<div class=\"flex gap-2\">\n\t\t\t\t\t\t\t\t\t<img decoding=\"async\" src=\"https:\/\/gulfcoastlegal.org\/wp-content\/themes\/gulfcoastlegal\/dist\/images\/phone.svg\" class=\"h-6 w-6\" alt=\"\">\n\t\t\t\t\t\t\t\t\t<p>727-821-0726<\/p>\n\t\t\t\t\t\t\t\t<\/div>\n\t\t\t\t\t\t\t\t\t\t\t\t\t<\/div>\n\t\t\t\t\t\t\t\t\t\t\t<div>\n\t\t\t\t\t\t\t\t\t\t\t\t\t\t\t<h3>Biwo Sarasota<\/h3>\n\t\t\t\t\t\t\t\t\t\t\t\t\t\t\t\t\t\t\t\t\t\t<div class=\"flex gap-2 mb-3\">\n\t\t\t\t\t\t\t\t\t<img decoding=\"async\" src=\"https:\/\/gulfcoastlegal.org\/wp-content\/themes\/gulfcoastlegal\/dist\/images\/address-pin.svg\" class=\"h-6 w-6\" alt=\"\">\n\t\t\t\t\t\t\t\t\t<p>250 Tamiami Trail S, Suite 201, Venice, FL 34285<\/p>\n\t\t\t\t\t\t\t\t<\/div>\n\t\t\t\t\t\t\t\t\t\t\t\t\t\t\t\t\t\t\t\t\t\t<div class=\"flex gap-2\">\n\t\t\t\t\t\t\t\t\t<img decoding=\"async\" src=\"https:\/\/gulfcoastlegal.org\/wp-content\/themes\/gulfcoastlegal\/dist\/images\/phone.svg\" class=\"h-6 w-6\" alt=\"\">\n\t\t\t\t\t\t\t\t\t<p>800-230-5920<\/p>\n\t\t\t\t\t\t\t\t<\/div>\n\t\t\t\t\t\t\t\t\t\t\t\t\t<\/div>\n\t\t\t\t\t\t\t\t\t\t\t<div>\n\t\t\t\t\t\t\t\t\t\t\t\t\t\t\t<h3>Biwo Wimauma<\/h3>\n\t\t\t\t\t\t\t\t\t\t\t\t\t\t\t\t\t\t\t\t\t\t<div class=\"flex gap-2 mb-3\">\n\t\t\t\t\t\t\t\t\t<img decoding=\"async\" src=\"https:\/\/gulfcoastlegal.org\/wp-content\/themes\/gulfcoastlegal\/dist\/images\/address-pin.svg\" class=\"h-6 w-6\" alt=\"\">\n\t\t\t\t\t\t\t\t\t<p>*next to Beth-El Ministries, 18238 US-301S, Wimauma, FL 33598<\/p>\n\t\t\t\t\t\t\t\t<\/div>\n\t\t\t\t\t\t\t\t\t\t\t\t\t\t\t\t\t\t\t\t\t\t<div class=\"flex gap-2\">\n\t\t\t\t\t\t\t\t\t<img decoding=\"async\" src=\"https:\/\/gulfcoastlegal.org\/wp-content\/themes\/gulfcoastlegal\/dist\/images\/phone.svg\" class=\"h-6 w-6\" alt=\"\">\n\t\t\t\t\t\t\t\t\t<p>727-821-0726<\/p>\n\t\t\t\t\t\t\t\t<\/div>\n\t\t\t\t\t\t\t\t\t\t\t\t\t<\/div>\n\t\t\t\t\t\t\t\t\t<\/div>\n\t\t\t\t\t<\/div>\n\t<\/div>\n<\/section>\n","protected":false},"excerpt":{"rendered":"","protected":false},"author":2,"featured_media":0,"parent":2196,"menu_order":0,"comment_status":"closed","ping_status":"closed","template":"","meta":{"_acf_changed":false,"footnotes":""},"class_list":["post-1902","page","type-page","status-publish","hentry"],"acf":[],"yoast_head":"<!-- This site is optimized with the Yoast SEO plugin v25.9 - https:\/\/yoast.com\/wordpress\/plugins\/seo\/ -->\n<title>Komite direkt\u00e8 yo - Gulf Coast Legal<\/title>\n<meta name=\"robots\" content=\"index, follow, max-snippet:-1, max-image-preview:large, max-video-preview:-1\" \/>\n<link rel=\"canonical\" href=\"https:\/\/gulfcoastlegal.org\/ht\/sou-nou\/komite-direkte-yo\/\" \/>\n<meta property=\"og:locale\" content=\"ht_HT\" \/>\n<meta property=\"og:type\" content=\"article\" \/>\n<meta property=\"og:title\" content=\"Komite direkt\u00e8 yo - Gulf Coast Legal\" \/>\n<meta property=\"og:url\" content=\"https:\/\/gulfcoastlegal.org\/ht\/sou-nou\/komite-direkte-yo\/\" \/>\n<meta property=\"og:site_name\" content=\"Gulf Coast Legal\" \/>\n<meta property=\"article:publisher\" content=\"https:\/\/www.facebook.com\/GulfcoastLegalServices\/\" \/>\n<meta property=\"article:modified_time\" content=\"2025-03-13T11:33:37+00:00\" \/>\n<meta name=\"twitter:card\" content=\"summary_large_image\" \/>\n<script type=\"application\/ld+json\" class=\"yoast-schema-graph\">{\"@context\":\"https:\/\/schema.org\",\"@graph\":[{\"@type\":\"WebPage\",\"@id\":\"https:\/\/gulfcoastlegal.org\/ht\/sou-nou\/komite-direkte-yo\/\",\"url\":\"https:\/\/gulfcoastlegal.org\/ht\/sou-nou\/komite-direkte-yo\/\",\"name\":\"Komite direkt\u00e8 yo - Gulf Coast Legal\",\"isPartOf\":{\"@id\":\"https:\/\/gulfcoastlegal.org\/#website\"},\"datePublished\":\"2024-09-16T09:50:24+00:00\",\"dateModified\":\"2025-03-13T11:33:37+00:00\",\"breadcrumb\":{\"@id\":\"https:\/\/gulfcoastlegal.org\/ht\/sou-nou\/komite-direkte-yo\/#breadcrumb\"},\"inLanguage\":\"ht-HT\",\"potentialAction\":[{\"@type\":\"ReadAction\",\"target\":[\"https:\/\/gulfcoastlegal.org\/ht\/sou-nou\/komite-direkte-yo\/\"]}]},{\"@type\":\"BreadcrumbList\",\"@id\":\"https:\/\/gulfcoastlegal.org\/ht\/sou-nou\/komite-direkte-yo\/#breadcrumb\",\"itemListElement\":[{\"@type\":\"ListItem\",\"position\":1,\"name\":\"Sou nou\",\"item\":\"https:\/\/gulfcoastlegal.org\/ht\/sou-nou\/\"},{\"@type\":\"ListItem\",\"position\":2,\"name\":\"Komite direkt\u00e8 yo\"}]},{\"@type\":\"WebSite\",\"@id\":\"https:\/\/gulfcoastlegal.org\/#website\",\"url\":\"https:\/\/gulfcoastlegal.org\/\",\"name\":\"Gulf Coast Legal\",\"description\":\"\",\"publisher\":{\"@id\":\"https:\/\/gulfcoastlegal.org\/#organization\"},\"potentialAction\":[{\"@type\":\"SearchAction\",\"target\":{\"@type\":\"EntryPoint\",\"urlTemplate\":\"https:\/\/gulfcoastlegal.org\/?s={search_term_string}\"},\"query-input\":{\"@type\":\"PropertyValueSpecification\",\"valueRequired\":true,\"valueName\":\"search_term_string\"}}],\"inLanguage\":\"ht-HT\"},{\"@type\":\"Organization\",\"@id\":\"https:\/\/gulfcoastlegal.org\/#organization\",\"name\":\"Gulf Coast Legal\",\"url\":\"https:\/\/gulfcoastlegal.org\/\",\"logo\":{\"@type\":\"ImageObject\",\"inLanguage\":\"ht-HT\",\"@id\":\"https:\/\/gulfcoastlegal.org\/#\/schema\/logo\/image\/\",\"url\":\"https:\/\/gulfcoastlegal.org\/wp-content\/uploads\/2024\/09\/gulfcoast-legal-services-logo.svg\",\"contentUrl\":\"https:\/\/gulfcoastlegal.org\/wp-content\/uploads\/2024\/09\/gulfcoast-legal-services-logo.svg\",\"width\":200,\"height\":60,\"caption\":\"Gulf Coast Legal\"},\"image\":{\"@id\":\"https:\/\/gulfcoastlegal.org\/#\/schema\/logo\/image\/\"},\"sameAs\":[\"https:\/\/www.facebook.com\/GulfcoastLegalServices\/\",\"https:\/\/www.instagram.com\/gulfcoast_legal_services\/\",\"https:\/\/www.indeed.com\/cmp\/Gulfcoast-Legal-Services-1\"]}]}<\/script>\n<!-- \/ Yoast SEO plugin. -->","yoast_head_json":{"title":"Komite direkt\u00e8 yo - Gulf Coast Legal","robots":{"index":"index","follow":"follow","max-snippet":"max-snippet:-1","max-image-preview":"max-image-preview:large","max-video-preview":"max-video-preview:-1"},"canonical":"https:\/\/gulfcoastlegal.org\/ht\/sou-nou\/komite-direkte-yo\/","og_locale":"ht_HT","og_type":"article","og_title":"Komite direkt\u00e8 yo - Gulf Coast Legal","og_url":"https:\/\/gulfcoastlegal.org\/ht\/sou-nou\/komite-direkte-yo\/","og_site_name":"Gulf Coast Legal","article_publisher":"https:\/\/www.facebook.com\/GulfcoastLegalServices\/","article_modified_time":"2025-03-13T11:33:37+00:00","twitter_card":"summary_large_image","schema":{"@context":"https:\/\/schema.org","@graph":[{"@type":"WebPage","@id":"https:\/\/gulfcoastlegal.org\/ht\/sou-nou\/komite-direkte-yo\/","url":"https:\/\/gulfcoastlegal.org\/ht\/sou-nou\/komite-direkte-yo\/","name":"Komite direkt\u00e8 yo - Gulf Coast Legal","isPartOf":{"@id":"https:\/\/gulfcoastlegal.org\/#website"},"datePublished":"2024-09-16T09:50:24+00:00","dateModified":"2025-03-13T11:33:37+00:00","breadcrumb":{"@id":"https:\/\/gulfcoastlegal.org\/ht\/sou-nou\/komite-direkte-yo\/#breadcrumb"},"inLanguage":"ht-HT","potentialAction":[{"@type":"ReadAction","target":["https:\/\/gulfcoastlegal.org\/ht\/sou-nou\/komite-direkte-yo\/"]}]},{"@type":"BreadcrumbList","@id":"https:\/\/gulfcoastlegal.org\/ht\/sou-nou\/komite-direkte-yo\/#breadcrumb","itemListElement":[{"@type":"ListItem","position":1,"name":"Sou nou","item":"https:\/\/gulfcoastlegal.org\/ht\/sou-nou\/"},{"@type":"ListItem","position":2,"name":"Komite direkt\u00e8 yo"}]},{"@type":"WebSite","@id":"https:\/\/gulfcoastlegal.org\/#website","url":"https:\/\/gulfcoastlegal.org\/","name":"Gulf Coast Legal","description":"","publisher":{"@id":"https:\/\/gulfcoastlegal.org\/#organization"},"potentialAction":[{"@type":"SearchAction","target":{"@type":"EntryPoint","urlTemplate":"https:\/\/gulfcoastlegal.org\/?s={search_term_string}"},"query-input":{"@type":"PropertyValueSpecification","valueRequired":true,"valueName":"search_term_string"}}],"inLanguage":"ht-HT"},{"@type":"Organization","@id":"https:\/\/gulfcoastlegal.org\/#organization","name":"Gulf Coast Legal","url":"https:\/\/gulfcoastlegal.org\/","logo":{"@type":"ImageObject","inLanguage":"ht-HT","@id":"https:\/\/gulfcoastlegal.org\/#\/schema\/logo\/image\/","url":"https:\/\/gulfcoastlegal.org\/wp-content\/uploads\/2024\/09\/gulfcoast-legal-services-logo.svg","contentUrl":"https:\/\/gulfcoastlegal.org\/wp-content\/uploads\/2024\/09\/gulfcoast-legal-services-logo.svg","width":200,"height":60,"caption":"Gulf Coast Legal"},"image":{"@id":"https:\/\/gulfcoastlegal.org\/#\/schema\/logo\/image\/"},"sameAs":["https:\/\/www.facebook.com\/GulfcoastLegalServices\/","https:\/\/www.instagram.com\/gulfcoast_legal_services\/","https:\/\/www.indeed.com\/cmp\/Gulfcoast-Legal-Services-1"]}]}},"_links":{"self":[{"href":"https:\/\/gulfcoastlegal.org\/ht\/wp-json\/wp\/v2\/pages\/1902","targetHints":{"allow":["GET"]}}],"collection":[{"href":"https:\/\/gulfcoastlegal.org\/ht\/wp-json\/wp\/v2\/pages"}],"about":[{"href":"https:\/\/gulfcoastlegal.org\/ht\/wp-json\/wp\/v2\/types\/page"}],"author":[{"embeddable":true,"href":"https:\/\/gulfcoastlegal.org\/ht\/wp-json\/wp\/v2\/users\/2"}],"replies":[{"embeddable":true,"href":"https:\/\/gulfcoastlegal.org\/ht\/wp-json\/wp\/v2\/comments?post=1902"}],"version-history":[{"count":0,"href":"https:\/\/gulfcoastlegal.org\/ht\/wp-json\/wp\/v2\/pages\/1902\/revisions"}],"up":[{"embeddable":true,"href":"https:\/\/gulfcoastlegal.org\/ht\/wp-json\/wp\/v2\/pages\/2196"}],"wp:attachment":[{"href":"https:\/\/gulfcoastlegal.org\/ht\/wp-json\/wp\/v2\/media?parent=1902"}],"curies":[{"name":"wp","href":"https:\/\/api.w.org\/{rel}","templated":true}]}}