{"id":1934,"date":"2024-11-26T10:04:59","date_gmt":"2024-11-26T10:04:59","guid":{"rendered":"https:\/\/gulfcoastlegal.mystaging.dev\/ed-legal\/pwoje-espesyal\/"},"modified":"2025-02-07T17:28:23","modified_gmt":"2025-02-07T17:28:23","slug":"pwoje-espesyal","status":"publish","type":"page","link":"https:\/\/gulfcoastlegal.org\/ht\/ed-legal\/pwoje-espesyal\/","title":{"rendered":"Pwoj\u00e8 espesyal"},"content":{"rendered":"<section id=\"block_acf-block-67a642b6a4abe\" class=\"gcl-block gcl-hero-image alignfull my-12 overflow-hidden\">\n  <div class=\"container flex flex-col lg:flex-row justify-between items-center gap-y-12 gap-x-6\">\n    <div class=\"lg:w-6\/12\">\n      <h1 class=\"\">Pwoj&egrave; espesyal<\/h1>\n      <div class=\"pr-16 mb-10 lg:mb-14\">\n        <p>Inite Pwoj&egrave; Espesyal la dedye a kow&ograve;done ev&egrave;nman kominote a ak kiltive patenarya ak ajans lokal yo, ak yon anfaz patikilye sou kontak ak pwoj&egrave; espesyal ki tonbe dey&ograve; revizyon an nan inite defans jeneral nou an.<\/p>\n<div id=\"tango-capture-box\" style=\"--tango-capture-box-background-color: transparent;--tango-capture-box-color: #FF7442\"><\/div>\n      <\/div>\n\n              <a class=\"btn btn-wide btn-primary\" href=\"https:\/\/glsoi.legalserver.org\/modules\/matter\/extern_intake.php?pid=129&amp;h=daa817&amp;\" target=\"_blank\" title=\"Mande Asistans - Opens in a new window\" rel=\"noopener noreferrer\">\n          Mande Asistans        <\/a>\n          <\/div>\n          <div class=\"lg:w-6\/12 text-right\">\n        <div class=\"decoration-blue hero-small\">\n          <img fetchpriority=\"high\" decoding=\"async\" width=\"496\" height=\"496\" src=\"https:\/\/gulfcoastlegal.org\/wp-content\/uploads\/2024\/11\/Special--496x496.webp\" class=\"rounded-lg not-transparent\" alt=\"\" loading=\"eager\" srcset=\"https:\/\/gulfcoastlegal.org\/wp-content\/uploads\/2024\/11\/Special--496x496.webp 496w, https:\/\/gulfcoastlegal.org\/wp-content\/uploads\/2024\/11\/Special--160x160.webp 160w, https:\/\/gulfcoastlegal.org\/wp-content\/uploads\/2024\/11\/Special--136x136.webp 136w, https:\/\/gulfcoastlegal.org\/wp-content\/uploads\/2024\/11\/Special--400x400.webp 400w, https:\/\/gulfcoastlegal.org\/wp-content\/uploads\/2024\/11\/Special--300x300.webp 300w, https:\/\/gulfcoastlegal.org\/wp-content\/uploads\/2024\/11\/Special-.webp 500w\" sizes=\"(max-width: 496px) 100vw, 496px\" data-has-transparency=\"false\" data-dominant-color=\"2e2b72\" style=\"--dominant-color: #2e2b72;\">        <\/div>\n      <\/div>\n      <\/div>\n<\/section>\n\n\n<section id=\"block_acf-block-67a642b6acebe\" class=\"gcl-block gcl-cta-white-box-with-media alignfull container my-16 lg:my-32\">\n  <div class=\"box flex flex-col xl:flex-row gap-10 xl:gap-16\">\n    <div class=\"xl:w-7\/12\">\n      \n              <ul class=\"list-image-checkmark\">\n                      <li>Kominote Kontak ak Edikasyon: \u00d2ganizasyon ev\u00e8nman, atelye, ak kanpay pou ogmante konsyantizasyon sou dwa legal, resous, ak sip\u00f2 ki disponib pou manm kominote a nan z\u00f2n s\u00e8vis nou yo.  <\/li>\n                      <li>Patenarya estratejik ak Kolaborasyon: Devlope ak ranf\u00f2se relasyon ak ajans lokal yo, ONG yo, ak \u00f2ganizasyon kominot\u00e8 yo elaji aks\u00e8 nan s\u00e8vis legal, pataje resous, ak kreye sist\u00e8m sip\u00f2 plis konpl\u00e8 pou moun ki nan bezwen.<\/li>\n                      <li>Jere Pwoj\u00e8 legal Espesyal: Plon ak egzekite inisyativ ki adrese pwobl\u00e8m legal espesifik oswa espesifik nan s\u00e8vis ki tonbe dey\u00f2 sij\u00e8 ki ab\u00f2de lan travay defans jeneral \u00f2ganizasyon an, tankou bay asistans legal nan popilasyon inik oswa konsantre sou \u00e9mergentes defi legal yo.<\/li>\n                  <\/ul>\n          <\/div>\n    <div class=\"xl:w-5\/12\">\n              <img decoding=\"async\" width=\"496\" height=\"329\" src=\"https:\/\/gulfcoastlegal.org\/wp-content\/uploads\/2024\/09\/family-law-tips-496x329.webp\" class=\"rounded-md mb-10 not-transparent\" alt=\"\" loading=\"lazy\" srcset=\"https:\/\/gulfcoastlegal.org\/wp-content\/uploads\/2024\/09\/family-law-tips-496x329.webp 496w, https:\/\/gulfcoastlegal.org\/wp-content\/uploads\/2024\/09\/family-law-tips-792x525.webp 792w, https:\/\/gulfcoastlegal.org\/wp-content\/uploads\/2024\/09\/family-law-tips-1280x849.webp 1280w, https:\/\/gulfcoastlegal.org\/wp-content\/uploads\/2024\/09\/family-law-tips-768x509.webp 768w, https:\/\/gulfcoastlegal.org\/wp-content\/uploads\/2024\/09\/family-law-tips-1536x1018.webp 1536w, https:\/\/gulfcoastlegal.org\/wp-content\/uploads\/2024\/09\/family-law-tips-624x414.webp 624w, https:\/\/gulfcoastlegal.org\/wp-content\/uploads\/2024\/09\/family-law-tips-600x398.webp 600w, https:\/\/gulfcoastlegal.org\/wp-content\/uploads\/2024\/09\/family-law-tips-136x90.webp 136w, https:\/\/gulfcoastlegal.org\/wp-content\/uploads\/2024\/09\/family-law-tips.webp 1920w\" sizes=\"auto, (max-width: 496px) 100vw, 496px\" data-has-transparency=\"false\" data-dominant-color=\"898c71\" style=\"--dominant-color: #898c71;\" \/>      \n          <\/div>\n  <\/div>\n<\/section>\n\n<section id=\"block_acf-block-67a642b6b4dbe\" class=\"gcl-block gcl-example-cases alignfull container my-16 lg:my-36\">\n\n  <h2 class='mb-4 lg:mb-16 lg:w-8\/12'>Kalite ka sa yo ka okipe:<\/h2>\n\n  <div class=\"flex flex-col gap-6 xl:flex-row scrollspy\">\n    <div class=\"xl:w-5\/12\">\n      <p>&nbsp;<\/p>\n<div id=\"tango-capture-box\" style=\"--tango-capture-box-background-color: transparent;--tango-capture-box-color: #FF7442\"><\/div>\n\n              <div class=\"sticky flex-col hidden w-3\/4 gap-4 xl:flex top-12 2xl:w-3\/5\">\n                      <a href=\"#boxblock_acf-block-67a642b6b4dbe_0\" class=\"btn pill is-active\" data-target=\"0\" role=\"button\">\n              <span class=''><strong>Eksplozyon krimin\u00e8l oswa sele<\/strong><\/span>\n            <\/a>\n                      <a href=\"#boxblock_acf-block-67a642b6b4dbe_1\" class=\"btn pill \" data-target=\"1\" role=\"button\">\n              <span class=''><strong>Defans dwa viktim<\/strong><\/span>\n            <\/a>\n                      <a href=\"#boxblock_acf-block-67a642b6b4dbe_2\" class=\"btn pill \" data-target=\"2\" role=\"button\">\n              <span class=''><strong>Defans Dwa moun ki andikape<\/strong><\/span>\n            <\/a>\n                      <a href=\"#boxblock_acf-block-67a642b6b4dbe_3\" class=\"btn pill \" data-target=\"3\" role=\"button\">\n              <span class=''><strong>Ev\u00e8nman kontak ak klinik legal<\/strong><\/span>\n            <\/a>\n                  <\/div>\n      \n    <\/div>\n    <div class=\"xl:w-7\/12\">\n                <div class=\"flex flex-col gap-6 px-6 py-8 mb-10 box md:flex-row lg:p-10 lg:gap-10 lg:mb-12 scroll-mt-12\" data-index=\"0\" id=\"boxblock_acf-block-67a642b6b4dbe_0\">\n                        <div class=\"grow\">\n              <h3 class=''><strong>Eksplozyon krimin\u00e8l oswa sele<\/strong><\/h3>\n\n              <div class=\"lg:columns-1\">\n                <p>Ede moun ki nan netwaye oswa sele dosye krimin\u00e8l pou amelyore aks\u00e8 yo nan travay, lojman, ak l\u00f2t op\u00f2tinite, patikily\u00e8man pou moun ki gen kondanasyon anvan ki gen rap\u00f2 ak ofans min\u00e8 oswa moun k ap ch\u00e8che yon k\u00f2mansman fre.<\/p>\n<div id=\"tango-capture-box\" style=\"--tango-capture-box-background-color: transparent;--tango-capture-box-color: #FF7442\"><\/div>\n              <\/div>\n\n                          <\/div>\n          <\/div>\n                <div class=\"flex flex-col gap-6 px-6 py-8 mb-10 box md:flex-row lg:p-10 lg:gap-10 lg:mb-12 scroll-mt-12\" data-index=\"1\" id=\"boxblock_acf-block-67a642b6b4dbe_1\">\n                        <div class=\"grow\">\n              <h3 class=''><strong>Defans dwa viktim<\/strong><\/h3>\n\n              <div class=\"lg:columns-1\">\n                <p>Ki reprezante viktim krim nan navige dwa yo, ki gen ladan asistans ak jwenn l\u00f2d pwotektif, aks\u00e8 nan konpansasyon viktim yo, oswa defann pou s\u00e8vis ki apwopriye ak akomodasyon nan sist\u00e8m jistis krimin\u00e8l la.<\/p>\n<div id=\"tango-capture-box\" style=\"--tango-capture-box-background-color: transparent;--tango-capture-box-color: #FF7442\"><\/div>\n              <\/div>\n\n                          <\/div>\n          <\/div>\n                <div class=\"flex flex-col gap-6 px-6 py-8 mb-10 box md:flex-row lg:p-10 lg:gap-10 lg:mb-12 scroll-mt-12\" data-index=\"2\" id=\"boxblock_acf-block-67a642b6b4dbe_2\">\n                        <div class=\"grow\">\n              <h3 class=''><strong>Defans Dwa moun ki andikape<\/strong><\/h3>\n\n              <div class=\"lg:columns-1\">\n                <p>Bay kons\u00e8y legal pou moun ki gen andikap k ap ch\u00e8che akomodasyon nan lojman, travay, oswa s\u00e8vis piblik, asire ke yo pa diskrimine kont epi yo gen aks\u00e8 a tout dwa yo anba lalwa.<\/p>\n<div id=\"tango-capture-box\" style=\"--tango-capture-box-background-color: transparent;--tango-capture-box-color: #FF7442\"><\/div>\n              <\/div>\n\n                          <\/div>\n          <\/div>\n                <div class=\"flex flex-col gap-6 px-6 py-8 mb-10 box md:flex-row lg:p-10 lg:gap-10 lg:mb-12 scroll-mt-12\" data-index=\"3\" id=\"boxblock_acf-block-67a642b6b4dbe_3\">\n                        <div class=\"grow\">\n              <h3 class=''><strong>Ev\u00e8nman kontak ak klinik legal<\/strong><\/h3>\n\n              <div class=\"lg:columns-1\">\n                <p>\u00d2ganize ev\u00e8nman kontak kominot\u00e8 ak klinik legal yo bay kons\u00e8y legal gratis, enf\u00f2masyon, ak resous yo defavorize popilasyon yo. Sa gen ladan ofri konsiltasyon sou plas, atelye, ak sesyon edikasyon\u00e8l sou sij\u00e8 tankou dwa lokat\u00e8, lwa fanmi, oswa ekspinasyon dosye krimin\u00e8l.<\/p>\n<div id=\"tango-capture-box\" style=\"--tango-capture-box-background-color: transparent;--tango-capture-box-color: #FF7442\"><\/div>\n              <\/div>\n\n                          <\/div>\n          <\/div>\n          <\/div>\n  <\/div>\n\n<\/section>\n\n<section id=\"block_acf-block-67a642b6b6016\" class=\"gcl-block gcl-cta-blue alignfull container my-16 lg:my-32\">\n  <div class=\"box bg-primary-100 text-gray-5 px-6 py-8 md:p-12 lg:p-20 xg:py-24 xl:px-52 text-center\">\n\n    <h2 class='text-gray-5'>Ann Konekte<\/h2>\n\n    <p>Si w ta renmen aprann plis sou fason oumenm oswa \u00f2ganizasyon w ka patisipe oswa gen ide pou inisyativ espesyal, kontakte Direkt\u00e8 Adjwen Pwoj\u00e8 Espesyal nou an, <a href=\"mailto:jericaj@gulfcoastlegal.org\">Jerica Johnson<\/a>, pou plis enf\u00f2masyon. Ansanm, nou ka elaji aks\u00e8 a jistis epi sip\u00f2te moun ki plis bezwen li.<\/p>\n\n    \n  <\/div>\n<\/section>\n\n<section id=\"block_acf-block-675874c0eecaa\" class=\"gcl-block gcl-footer alignfull relative pb-20 lg:pb-28 lg:pt-52\">\n\t<img decoding=\"async\" width=\"1920\" height=\"1197\" src=\"https:\/\/gulfcoastlegal.org\/wp-content\/uploads\/2024\/10\/equal-justice-under-law-1920x1197.webp\" class=\"absolute top-0 bottom-0 left-0 right-0 w-full h-full object-cover object-top hidden lg:block not-transparent\" alt=\"\" loading=\"lazy\" data-has-transparency=\"false\" data-dominant-color=\"afa287\" style=\"--dominant-color: #afa287;\" \/>\t<div class=\"container\">\n\t\t<div class=\"box px-6 py-8 md:p-8 lg:p-14 relative z-10\">\n\n\t\t\t<h2 class=''>Kontakte nou<\/h2>\n\t\t\t<p>Ou ka ranpli aplikasyon yo an p\u00e8s\u00f2n. GLS aksepte mache Lendi jiska vandredi soti nan 9:00 a.m. a 5:00 p.m. Tanpri sonje ke GLS f\u00e8men nan Lendi jiska Jedi soti nan 12:30 p.m. a 1:30 p.m. epi yo pa aksepte mache apre 12:30 p.m. nan Vandredi  <\/p>\n\n\t\t\t\t\t\t\t<div class=\"grid lg:grid-cols-2 xl:grid-cols-4 gap-10 border-t border-gray-40 pt-6\">\n\t\t\t\t\t\t\t\t\t\t\t<div>\n\t\t\t\t\t\t\t\t\t\t\t\t\t\t\t<h3>Biwo Manatee<\/h3>\n\t\t\t\t\t\t\t\t\t\t\t\t\t\t\t\t\t\t\t\t\t\t<div class=\"flex gap-2 mb-3\">\n\t\t\t\t\t\t\t\t\t<img decoding=\"async\" src=\"https:\/\/gulfcoastlegal.org\/wp-content\/themes\/gulfcoastlegal\/dist\/images\/address-pin.svg\" class=\"h-6 w-6\" alt=\"\">\n\t\t\t\t\t\t\t\t\t<p>1112 Manatee Ave E, 2nd Floor, Bradenton, FL 34208<\/p>\n\t\t\t\t\t\t\t\t<\/div>\n\t\t\t\t\t\t\t\t\t\t\t\t\t\t\t\t\t\t\t\t\t\t<div class=\"flex gap-2\">\n\t\t\t\t\t\t\t\t\t<img decoding=\"async\" src=\"https:\/\/gulfcoastlegal.org\/wp-content\/themes\/gulfcoastlegal\/dist\/images\/phone.svg\" class=\"h-6 w-6\" alt=\"\">\n\t\t\t\t\t\t\t\t\t<p>941-746-6151<\/p>\n\t\t\t\t\t\t\t\t<\/div>\n\t\t\t\t\t\t\t\t\t\t\t\t\t<\/div>\n\t\t\t\t\t\t\t\t\t\t\t<div>\n\t\t\t\t\t\t\t\t\t\t\t\t\t\t\t<h3>Pinellas biwo<\/h3>\n\t\t\t\t\t\t\t\t\t\t\t\t\t\t\t\t\t\t\t\t\t\t<div class=\"flex gap-2 mb-3\">\n\t\t\t\t\t\t\t\t\t<img decoding=\"async\" src=\"https:\/\/gulfcoastlegal.org\/wp-content\/themes\/gulfcoastlegal\/dist\/images\/address-pin.svg\" class=\"h-6 w-6\" alt=\"\">\n\t\t\t\t\t\t\t\t\t<p>501 1st Ave N, Suite 420, St. Petersburg, FL 33701<\/p>\n\t\t\t\t\t\t\t\t<\/div>\n\t\t\t\t\t\t\t\t\t\t\t\t\t\t\t\t\t\t\t\t\t\t<div class=\"flex gap-2\">\n\t\t\t\t\t\t\t\t\t<img decoding=\"async\" src=\"https:\/\/gulfcoastlegal.org\/wp-content\/themes\/gulfcoastlegal\/dist\/images\/phone.svg\" class=\"h-6 w-6\" alt=\"\">\n\t\t\t\t\t\t\t\t\t<p>727-821-0726<\/p>\n\t\t\t\t\t\t\t\t<\/div>\n\t\t\t\t\t\t\t\t\t\t\t\t\t<\/div>\n\t\t\t\t\t\t\t\t\t\t\t<div>\n\t\t\t\t\t\t\t\t\t\t\t\t\t\t\t<h3>Biwo Sarasota<\/h3>\n\t\t\t\t\t\t\t\t\t\t\t\t\t\t\t\t\t\t\t\t\t\t<div class=\"flex gap-2 mb-3\">\n\t\t\t\t\t\t\t\t\t<img decoding=\"async\" src=\"https:\/\/gulfcoastlegal.org\/wp-content\/themes\/gulfcoastlegal\/dist\/images\/address-pin.svg\" class=\"h-6 w-6\" alt=\"\">\n\t\t\t\t\t\t\t\t\t<p>250 Tamiami Trail S, Suite 201, Venice, FL 34285<\/p>\n\t\t\t\t\t\t\t\t<\/div>\n\t\t\t\t\t\t\t\t\t\t\t\t\t\t\t\t\t\t\t\t\t\t<div class=\"flex gap-2\">\n\t\t\t\t\t\t\t\t\t<img decoding=\"async\" src=\"https:\/\/gulfcoastlegal.org\/wp-content\/themes\/gulfcoastlegal\/dist\/images\/phone.svg\" class=\"h-6 w-6\" alt=\"\">\n\t\t\t\t\t\t\t\t\t<p>800-230-5920<\/p>\n\t\t\t\t\t\t\t\t<\/div>\n\t\t\t\t\t\t\t\t\t\t\t\t\t<\/div>\n\t\t\t\t\t\t\t\t\t\t\t<div>\n\t\t\t\t\t\t\t\t\t\t\t\t\t\t\t<h3>Biwo Wimauma<\/h3>\n\t\t\t\t\t\t\t\t\t\t\t\t\t\t\t\t\t\t\t\t\t\t<div class=\"flex gap-2 mb-3\">\n\t\t\t\t\t\t\t\t\t<img decoding=\"async\" src=\"https:\/\/gulfcoastlegal.org\/wp-content\/themes\/gulfcoastlegal\/dist\/images\/address-pin.svg\" class=\"h-6 w-6\" alt=\"\">\n\t\t\t\t\t\t\t\t\t<p>*next to Beth-El Ministries, 18238 US-301S, Wimauma, FL 33598<\/p>\n\t\t\t\t\t\t\t\t<\/div>\n\t\t\t\t\t\t\t\t\t\t\t\t\t\t\t\t\t\t\t\t\t\t<div class=\"flex gap-2\">\n\t\t\t\t\t\t\t\t\t<img decoding=\"async\" src=\"https:\/\/gulfcoastlegal.org\/wp-content\/themes\/gulfcoastlegal\/dist\/images\/phone.svg\" class=\"h-6 w-6\" alt=\"\">\n\t\t\t\t\t\t\t\t\t<p>727-821-0726<\/p>\n\t\t\t\t\t\t\t\t<\/div>\n\t\t\t\t\t\t\t\t\t\t\t\t\t<\/div>\n\t\t\t\t\t\t\t\t\t<\/div>\n\t\t\t\t\t<\/div>\n\t<\/div>\n<\/section>\n","protected":false},"excerpt":{"rendered":"","protected":false},"author":2,"featured_media":0,"parent":1810,"menu_order":0,"comment_status":"closed","ping_status":"closed","template":"","meta":{"_acf_changed":false,"footnotes":""},"class_list":["post-1934","page","type-page","status-publish","hentry"],"acf":[],"yoast_head":"<!-- This site is optimized with the Yoast SEO plugin v25.9 - https:\/\/yoast.com\/wordpress\/plugins\/seo\/ -->\n<title>Pwoj\u00e8 espesyal - Gulf Coast Legal<\/title>\n<meta name=\"robots\" content=\"index, follow, max-snippet:-1, max-image-preview:large, max-video-preview:-1\" \/>\n<link rel=\"canonical\" href=\"https:\/\/gulfcoastlegal.org\/ht\/ed-legal\/pwoje-espesyal\/\" \/>\n<meta property=\"og:locale\" content=\"ht_HT\" \/>\n<meta property=\"og:type\" content=\"article\" \/>\n<meta property=\"og:title\" content=\"Pwoj\u00e8 espesyal - Gulf Coast Legal\" \/>\n<meta property=\"og:url\" content=\"https:\/\/gulfcoastlegal.org\/ht\/ed-legal\/pwoje-espesyal\/\" \/>\n<meta property=\"og:site_name\" content=\"Gulf Coast Legal\" \/>\n<meta property=\"article:publisher\" content=\"https:\/\/www.facebook.com\/GulfcoastLegalServices\/\" \/>\n<meta property=\"article:modified_time\" content=\"2025-02-07T17:28:23+00:00\" \/>\n<meta name=\"twitter:card\" content=\"summary_large_image\" \/>\n<script type=\"application\/ld+json\" class=\"yoast-schema-graph\">{\"@context\":\"https:\/\/schema.org\",\"@graph\":[{\"@type\":\"WebPage\",\"@id\":\"https:\/\/gulfcoastlegal.org\/ht\/ed-legal\/pwoje-espesyal\/\",\"url\":\"https:\/\/gulfcoastlegal.org\/ht\/ed-legal\/pwoje-espesyal\/\",\"name\":\"Pwoj\u00e8 espesyal - Gulf Coast Legal\",\"isPartOf\":{\"@id\":\"https:\/\/gulfcoastlegal.org\/#website\"},\"datePublished\":\"2024-11-26T10:04:59+00:00\",\"dateModified\":\"2025-02-07T17:28:23+00:00\",\"breadcrumb\":{\"@id\":\"https:\/\/gulfcoastlegal.org\/ht\/ed-legal\/pwoje-espesyal\/#breadcrumb\"},\"inLanguage\":\"ht-HT\",\"potentialAction\":[{\"@type\":\"ReadAction\",\"target\":[\"https:\/\/gulfcoastlegal.org\/ht\/ed-legal\/pwoje-espesyal\/\"]}]},{\"@type\":\"BreadcrumbList\",\"@id\":\"https:\/\/gulfcoastlegal.org\/ht\/ed-legal\/pwoje-espesyal\/#breadcrumb\",\"itemListElement\":[{\"@type\":\"ListItem\",\"position\":1,\"name\":\"\u00c8d Legal\",\"item\":\"https:\/\/gulfcoastlegal.org\/ht\/ed-legal\/\"},{\"@type\":\"ListItem\",\"position\":2,\"name\":\"Pwoj\u00e8 espesyal\"}]},{\"@type\":\"WebSite\",\"@id\":\"https:\/\/gulfcoastlegal.org\/#website\",\"url\":\"https:\/\/gulfcoastlegal.org\/\",\"name\":\"Gulf Coast Legal\",\"description\":\"\",\"publisher\":{\"@id\":\"https:\/\/gulfcoastlegal.org\/#organization\"},\"potentialAction\":[{\"@type\":\"SearchAction\",\"target\":{\"@type\":\"EntryPoint\",\"urlTemplate\":\"https:\/\/gulfcoastlegal.org\/?s={search_term_string}\"},\"query-input\":{\"@type\":\"PropertyValueSpecification\",\"valueRequired\":true,\"valueName\":\"search_term_string\"}}],\"inLanguage\":\"ht-HT\"},{\"@type\":\"Organization\",\"@id\":\"https:\/\/gulfcoastlegal.org\/#organization\",\"name\":\"Gulf Coast Legal\",\"url\":\"https:\/\/gulfcoastlegal.org\/\",\"logo\":{\"@type\":\"ImageObject\",\"inLanguage\":\"ht-HT\",\"@id\":\"https:\/\/gulfcoastlegal.org\/#\/schema\/logo\/image\/\",\"url\":\"https:\/\/gulfcoastlegal.org\/wp-content\/uploads\/2024\/09\/gulfcoast-legal-services-logo.svg\",\"contentUrl\":\"https:\/\/gulfcoastlegal.org\/wp-content\/uploads\/2024\/09\/gulfcoast-legal-services-logo.svg\",\"width\":200,\"height\":60,\"caption\":\"Gulf Coast Legal\"},\"image\":{\"@id\":\"https:\/\/gulfcoastlegal.org\/#\/schema\/logo\/image\/\"},\"sameAs\":[\"https:\/\/www.facebook.com\/GulfcoastLegalServices\/\",\"https:\/\/www.instagram.com\/gulfcoast_legal_services\/\",\"https:\/\/www.indeed.com\/cmp\/Gulfcoast-Legal-Services-1\"]}]}<\/script>\n<!-- \/ Yoast SEO plugin. -->","yoast_head_json":{"title":"Pwoj\u00e8 espesyal - Gulf Coast Legal","robots":{"index":"index","follow":"follow","max-snippet":"max-snippet:-1","max-image-preview":"max-image-preview:large","max-video-preview":"max-video-preview:-1"},"canonical":"https:\/\/gulfcoastlegal.org\/ht\/ed-legal\/pwoje-espesyal\/","og_locale":"ht_HT","og_type":"article","og_title":"Pwoj\u00e8 espesyal - Gulf Coast Legal","og_url":"https:\/\/gulfcoastlegal.org\/ht\/ed-legal\/pwoje-espesyal\/","og_site_name":"Gulf Coast Legal","article_publisher":"https:\/\/www.facebook.com\/GulfcoastLegalServices\/","article_modified_time":"2025-02-07T17:28:23+00:00","twitter_card":"summary_large_image","schema":{"@context":"https:\/\/schema.org","@graph":[{"@type":"WebPage","@id":"https:\/\/gulfcoastlegal.org\/ht\/ed-legal\/pwoje-espesyal\/","url":"https:\/\/gulfcoastlegal.org\/ht\/ed-legal\/pwoje-espesyal\/","name":"Pwoj\u00e8 espesyal - Gulf Coast Legal","isPartOf":{"@id":"https:\/\/gulfcoastlegal.org\/#website"},"datePublished":"2024-11-26T10:04:59+00:00","dateModified":"2025-02-07T17:28:23+00:00","breadcrumb":{"@id":"https:\/\/gulfcoastlegal.org\/ht\/ed-legal\/pwoje-espesyal\/#breadcrumb"},"inLanguage":"ht-HT","potentialAction":[{"@type":"ReadAction","target":["https:\/\/gulfcoastlegal.org\/ht\/ed-legal\/pwoje-espesyal\/"]}]},{"@type":"BreadcrumbList","@id":"https:\/\/gulfcoastlegal.org\/ht\/ed-legal\/pwoje-espesyal\/#breadcrumb","itemListElement":[{"@type":"ListItem","position":1,"name":"\u00c8d Legal","item":"https:\/\/gulfcoastlegal.org\/ht\/ed-legal\/"},{"@type":"ListItem","position":2,"name":"Pwoj\u00e8 espesyal"}]},{"@type":"WebSite","@id":"https:\/\/gulfcoastlegal.org\/#website","url":"https:\/\/gulfcoastlegal.org\/","name":"Gulf Coast Legal","description":"","publisher":{"@id":"https:\/\/gulfcoastlegal.org\/#organization"},"potentialAction":[{"@type":"SearchAction","target":{"@type":"EntryPoint","urlTemplate":"https:\/\/gulfcoastlegal.org\/?s={search_term_string}"},"query-input":{"@type":"PropertyValueSpecification","valueRequired":true,"valueName":"search_term_string"}}],"inLanguage":"ht-HT"},{"@type":"Organization","@id":"https:\/\/gulfcoastlegal.org\/#organization","name":"Gulf Coast Legal","url":"https:\/\/gulfcoastlegal.org\/","logo":{"@type":"ImageObject","inLanguage":"ht-HT","@id":"https:\/\/gulfcoastlegal.org\/#\/schema\/logo\/image\/","url":"https:\/\/gulfcoastlegal.org\/wp-content\/uploads\/2024\/09\/gulfcoast-legal-services-logo.svg","contentUrl":"https:\/\/gulfcoastlegal.org\/wp-content\/uploads\/2024\/09\/gulfcoast-legal-services-logo.svg","width":200,"height":60,"caption":"Gulf Coast Legal"},"image":{"@id":"https:\/\/gulfcoastlegal.org\/#\/schema\/logo\/image\/"},"sameAs":["https:\/\/www.facebook.com\/GulfcoastLegalServices\/","https:\/\/www.instagram.com\/gulfcoast_legal_services\/","https:\/\/www.indeed.com\/cmp\/Gulfcoast-Legal-Services-1"]}]}},"_links":{"self":[{"href":"https:\/\/gulfcoastlegal.org\/ht\/wp-json\/wp\/v2\/pages\/1934","targetHints":{"allow":["GET"]}}],"collection":[{"href":"https:\/\/gulfcoastlegal.org\/ht\/wp-json\/wp\/v2\/pages"}],"about":[{"href":"https:\/\/gulfcoastlegal.org\/ht\/wp-json\/wp\/v2\/types\/page"}],"author":[{"embeddable":true,"href":"https:\/\/gulfcoastlegal.org\/ht\/wp-json\/wp\/v2\/users\/2"}],"replies":[{"embeddable":true,"href":"https:\/\/gulfcoastlegal.org\/ht\/wp-json\/wp\/v2\/comments?post=1934"}],"version-history":[{"count":0,"href":"https:\/\/gulfcoastlegal.org\/ht\/wp-json\/wp\/v2\/pages\/1934\/revisions"}],"up":[{"embeddable":true,"href":"https:\/\/gulfcoastlegal.org\/ht\/wp-json\/wp\/v2\/pages\/1810"}],"wp:attachment":[{"href":"https:\/\/gulfcoastlegal.org\/ht\/wp-json\/wp\/v2\/media?parent=1934"}],"curies":[{"name":"wp","href":"https:\/\/api.w.org\/{rel}","templated":true}]}}