{"id":1938,"date":"2024-09-11T05:38:28","date_gmt":"2024-09-11T05:38:28","guid":{"rendered":"https:\/\/gulfcoastlegal.mystaging.dev\/regleman-sou-konfidansyalite-sou-konfidansyalite\/"},"modified":"2025-02-07T17:31:09","modified_gmt":"2025-02-07T17:31:09","slug":"regleman-sou-konfidansyalite-sou-konfidansyalite","status":"publish","type":"page","link":"https:\/\/gulfcoastlegal.org\/ht\/regleman-sou-konfidansyalite-sou-konfidansyalite\/","title":{"rendered":"R\u00e8gleman sou konfidansyalite sou konfidansyalite"},"content":{"rendered":"<section id=\"block_acf-block-67a6435cd9c7d\" class=\"gcl-block gcl-narrow-content alignfull container my-16\">\n\t<div class=\"md:w-11\/12 lg:w-10\/12 xl:w-8\/12 mx-auto\">\n\t\t<div class=\"acf-innerblocks-container\">\n\n<h1 class=\"wp-block-heading\" id=\"top\">R\u00e8gleman sou konfidansyalite sou konfidansyalite<\/h1>\n\n\n\n<p class=\"has-gray-50-color has-text-color has-link-color wp-elements-b891c564295b1115c1aac62fb181c73d\"><mark style=\"background-color:rgba(0, 0, 0, 0)\" class=\"has-inline-color has-gray-55-color\">D\u00e8nye mete ajou sou 7\/31 \/2024<\/mark><\/p>\n\n\n\n<hr class=\"wp-block-separator !w-full !border-t-0 !border-b border-gray-30 my-8 lg:my-10 has-alpha-channel-opacity mb-10 my-10 my-6 !border-b-px w-full border-b-px my-12\"\/>\n\n\n\n<blockquote class=\"wp-block-quote box border-none px-6 py-8 lg:p-10 mb-10 lg:mb-12 p-10 mb-12 is-layout-flow wp-block-quote-is-layout-flow\">\n<p>S\u00e8vis Legal Glfcoast (GLS) pa vann oswa otreman divilge enf\u00f2masyon sou volont\u00e8 nou yo, kliyan, oswa sip\u00f2t\u00e8 dey\u00f2 nan \u00f2ganizasyon imedya nou an sof si yo bay p\u00e8misyon alekri.<\/p>\n<\/blockquote>\n\n\n\n<h2 class=\"wp-block-heading\">Sa ki nan liv sa ki sou li yo<\/h2>\n\n\n\n<ol class=\"wp-block-list is-style-list-toc\">\n<li class=\"has-md-font-size\"><a href=\"#l1\">Itilizasyon Sit w\u00e8b \/ Koleksyon Enf\u00f2masyon<\/a><\/li>\n\n\n\n<li class=\"has-md-font-size\"><a href=\"#l2\">Koleksyon Enf\u00f2masyon Idantifyab p\u00e8son\u00e8lman<\/a><\/li>\n\n\n\n<li class=\"has-md-font-size\"><a href=\"#l3\">Pataje enf\u00f2masyon ki idantifyab p\u00e8son\u00e8lman<\/a><\/li>\n\n\n\n<li class=\"has-md-font-size\"><a href=\"#l4\">Enf\u00f2masyon finansye ak peman<\/a><\/li>\n\n\n\n<li class=\"has-md-font-size\"><a href=\"#l5\">Bonbon<\/a><\/li>\n\n\n\n<li class=\"has-md-font-size\"><a href=\"#l6\">Lyen dey\u00f2<\/a><\/li>\n\n\n\n<li class=\"has-md-font-size\"><a href=\"#l7\">Sekirite<\/a><\/li>\n\n\n\n<li class=\"has-md-font-size\"><a href=\"#l8\">Konfidansyalite timoun yo<\/a><\/li>\n\n\n\n<li class=\"has-md-font-size\"><a href=\"#l9\">Kontakte nou<\/a><\/li>\n<\/ol>\n\n\n\n<h3 class=\"wp-block-heading\" id=\"l1\">1. Sit ent\u00e8n\u00e8t Itilizasyon \/ Koleksyon Enf\u00f2masyon<\/h3>\n\n\n\n<p>L\u00e8 ou vizite sit ent\u00e8n\u00e8t nou an, nou otomatikman jwenn de kalite enf\u00f2masyon: enf\u00f2masyon p\u00e8son\u00e8l ou konnen ou konnen divilge ke yo kolekte sou yon baz endividy\u00e8l ak enf\u00f2masyon sit ent\u00e8n\u00e8t kolekte sou yon baz total jan ou menm ak l\u00f2t moun browse sit ent\u00e8n\u00e8t nou an.<\/p>\n\n\n\n<p>Nou pa swiv paj ou oswa nenp\u00f2t vizit\u00e8 endividy\u00e8l ka gade epi nou pa kolekte nenp\u00f2t l\u00f2t enf\u00f2masyon san konesans ou ak p\u00e8misyon ou. Nou pa kolekte oswa magazen enf\u00f2masyon idantifyab p\u00e8son\u00e8lman, tankou non ou, adr\u00e8s postal ou, adr\u00e8s im\u00e8l oswa nimewo telef\u00f2n, sof si ou bay enf\u00f2masyon sa yo. <\/p>\n\n\n\n<h3 class=\"wp-block-heading\" id=\"l2\">2. Koleksyon Enf\u00f2masyon Idantifyab p\u00e8son\u00e8lman<\/h3>\n\n\n\n<p>GLS bay yon enskri pou bilt nou an k\u00f2m byen ke aplikasyon pou sou ent\u00e8n\u00e8t. Nenp\u00f2t enf\u00f2masyon ou bay nou, ki gen ladan non ou, adr\u00e8s postal ou, ak adr\u00e8s imel ki estoke pa GLS. Enf\u00f2masyon an itilize pou satisf\u00e8 demann ou an epi swiv enf\u00f2masyon total sou l &#8216;nan karakteristik sa yo. GLS f\u00e8 tout ef\u00f2 pou asire koleksyon an sekirite ak transmisyon enf\u00f2masyon sansib ou l\u00e8 l s\u00e8vi av\u00e8k endistri aksepte koleksyon done ak metodoloji chifreman.   <\/p>\n\n\n\n<h3 class=\"wp-block-heading\" id=\"l3\">3. Pataje Enf\u00f2masyon Idantifyab p\u00e8son\u00e8lman<\/h3>\n\n\n\n<p>GLS pa pral afiche enf\u00f2masyon kontak p\u00e8son\u00e8l ou, ki gen ladan adr\u00e8s imel, adr\u00e8s lari ak nimewo telef\u00f2n, sou sit ent\u00e8n\u00e8t la san konsantman ou.<\/p>\n\n\n\n<h3 class=\"wp-block-heading\" id=\"l4\">4. Enf\u00f2masyon finansye ak peman<\/h3>\n\n\n\n<p>PayPal se yon s\u00e8v\u00e8 an sekirite pou peman pwosesis ak enf\u00f2masyon finansye. GLS m\u00f2so bwa nan PayPal, rekiran enf\u00f2masyon an ak pwosesis li. GLS pa kenbe, pataje, magazen oswa itilize enf\u00f2masyon p\u00e8son\u00e8lman idantifyab pou nenp\u00f2t rezon segond\u00e8.  <\/p>\n\n\n\n<h3 class=\"wp-block-heading\" id=\"l5\">5. Bonbon<\/h3>\n\n\n\n<p>Yon bonbon se yon moso nan done ki estoke sou kondwi difisil itilizat\u00e8 a ki gen enf\u00f2masyon sou itilizat\u00e8 a. Nou itilize bonbon sou sit nou an p\u00e8sonalize ak Customize eksperyans nan vizit\u00e8 nou yo ak sip\u00f2te k\u00e8k fonksyon ki neses\u00e8. Nou menm tou nou itilize bonbon yo pi byen konprann ki jan vizit\u00e8 nou yo itilize sit nou an.  <\/p>\n\n\n<p>Pa modifye preferans navigat&egrave; ou a, ou gen chwa a aksepte tout bonbon, yo dwe avize l&egrave; yon bonbon mete, oswa rejte tout bonbon. Pou plis enf&ograve;masyon sou k&ograve;man yo modifye anviw&ograve;nman navigat&egrave; ou a bloke oswa bonbon filtre, gade <a href=\"https:\/\/www.allaboutcookies.org\/\" target=\"_blank\" rel=\"noreferrer noopener\" title=\"allaboutcookies.org - Opens in new window\">allaboutcookies.org<\/a>. <\/p>\n\n\n\n<h3 class=\"wp-block-heading\" id=\"l6\">6. Dey\u00f2 Lyen<\/h3>\n\n\n\n<p>Sit sa a ka gen ladan lyen ki mennen nan l\u00f2t sit. GLS pa responsab pou pratik sou vi prive oswa kontni an nan sit ent\u00e8n\u00e8t sa yo. Nou ankouraje itilizat\u00e8 nou yo dwe okouran l\u00e8 yo kite sit nou an, ak li deklarasyon yo vi prive nan chak ak tout sit ent\u00e8n\u00e8t ki kolekte enf\u00f2masyon p\u00e8son\u00e8lman idantifye.  <\/p>\n\n\n\n<h3 class=\"wp-block-heading\" id=\"l7\">7. Sekirite<\/h3>\n\n\n\n<p>Sit sa a gen mezi sekirite an plas pou pwoteje p\u00e8t la, move itilizasyon ak chanjman enf\u00f2masyon ki anba kontw\u00f2l nou an. Nou itilize Kouch Socket Sekirite (SSL) chifreman pou pwoteje transmisyon enf\u00f2masyon ou soum\u00e8t ban nou l\u00e8 ou itilize f\u00f2m sekirite nou yo sou ent\u00e8n\u00e8t. Tout enf\u00f2masyon ou bay nou nan f\u00f2m sa yo estoke byen.  <\/p>\n\n\n\n<h3 class=\"wp-block-heading\" id=\"l8\">8. Sou konfidansyalite timoun yo<\/h3>\n\n\n\n<p>Paske nou pran swen sou sekirite ak vi prive timoun sou ent\u00e8n\u00e8t, nou konf\u00f2me nou av\u00e8k Lwa sou Pwoteksyon Vi Prive Timoun nan 1998 (COPPA). COPPA ak r\u00e8gleman FTC li yo etabli lwa federal Etazini ki pwoteje vi prive timoun yo l\u00e8 l s\u00e8vi av\u00e8k ent\u00e8n\u00e8t la. Nou pa kontakte oswa kolekte enf\u00f2masyon p\u00e8son\u00e8l nan men timoun ki poko gen 13 an. Sit nou an pa gen entansyon solisite enf\u00f2masyon sou nenp\u00f2t kalite timoun ki poko gen 13 an.   <\/p>\n\n\n\n<h3 class=\"wp-block-heading\" id=\"l9\">9. Kontakte nou<\/h3>\n\n\n\n<p>Ou ka kontakte nou nan nenp\u00f2t ki l\u00e8 pou plis detay kons\u00e8nan R\u00e8gleman sou enf\u00f2masyon prive sa a ak v\u00e8syon anvan li yo. Pou nenp\u00f2t kesyon kons\u00e8nan kont ou oswa done p\u00e8son\u00e8l ou tanpri kontakte Tara Meyer, Manadj\u00e8 Resous Im\u00e8n nan <a href=\"mailto:taram@gulfcoastlegal.org\">taram@gulfcoastlegal.org<\/a> <\/p>\n\n\n\n<div class=\"wp-block-buttons is-layout-flex wp-block-buttons-is-layout-flex\">\n<div class=\"wp-block-button\"><a class=\"wp-block-button__link wp-element-button\" href=\"https:\/\/gulfcoastlegal.org\/ht\/\">Ale lakay ou<\/a><\/div>\n\n\n\n<div class=\"wp-block-button is-style-btn-secondary\"><a class=\"wp-block-button__link wp-element-button\" href=\"#top\">Ale sou t\u00e8t paj sa a<\/a><\/div>\n<\/div>\n\n<\/div>\n\t<\/div>\n<\/section>\n\n\n<section id=\"block_acf-block-675874c0eecaa\" class=\"gcl-block gcl-footer alignfull relative pb-20 lg:pb-28 lg:pt-52\">\n\t<img decoding=\"async\" width=\"1920\" height=\"1197\" src=\"https:\/\/gulfcoastlegal.org\/wp-content\/uploads\/2024\/10\/equal-justice-under-law-1920x1197.webp\" class=\"absolute top-0 bottom-0 left-0 right-0 w-full h-full object-cover object-top hidden lg:block not-transparent\" alt=\"\" loading=\"lazy\" data-has-transparency=\"false\" data-dominant-color=\"afa287\" style=\"--dominant-color: #afa287;\" \/>\t<div class=\"container\">\n\t\t<div class=\"box px-6 py-8 md:p-8 lg:p-14 relative z-10\">\n\n\t\t\t<h2 class=''>Kontakte nou<\/h2>\n\t\t\t<p>Ou ka ranpli aplikasyon yo an p\u00e8s\u00f2n. GLS aksepte mache Lendi jiska vandredi soti nan 9:00 a.m. a 5:00 p.m. Tanpri sonje ke GLS f\u00e8men nan Lendi jiska Jedi soti nan 12:30 p.m. a 1:30 p.m. epi yo pa aksepte mache apre 12:30 p.m. nan Vandredi  <\/p>\n\n\t\t\t\t\t\t\t<div class=\"grid lg:grid-cols-2 xl:grid-cols-4 gap-10 border-t border-gray-40 pt-6\">\n\t\t\t\t\t\t\t\t\t\t\t<div>\n\t\t\t\t\t\t\t\t\t\t\t\t\t\t\t<h3>Biwo Manatee<\/h3>\n\t\t\t\t\t\t\t\t\t\t\t\t\t\t\t\t\t\t\t\t\t\t<div class=\"flex gap-2 mb-3\">\n\t\t\t\t\t\t\t\t\t<img decoding=\"async\" src=\"https:\/\/gulfcoastlegal.org\/wp-content\/themes\/gulfcoastlegal\/dist\/images\/address-pin.svg\" class=\"h-6 w-6\" alt=\"\">\n\t\t\t\t\t\t\t\t\t<p>1112 Manatee Ave E, 2nd Floor, Bradenton, FL 34208<\/p>\n\t\t\t\t\t\t\t\t<\/div>\n\t\t\t\t\t\t\t\t\t\t\t\t\t\t\t\t\t\t\t\t\t\t<div class=\"flex gap-2\">\n\t\t\t\t\t\t\t\t\t<img decoding=\"async\" src=\"https:\/\/gulfcoastlegal.org\/wp-content\/themes\/gulfcoastlegal\/dist\/images\/phone.svg\" class=\"h-6 w-6\" alt=\"\">\n\t\t\t\t\t\t\t\t\t<p>941-746-6151<\/p>\n\t\t\t\t\t\t\t\t<\/div>\n\t\t\t\t\t\t\t\t\t\t\t\t\t<\/div>\n\t\t\t\t\t\t\t\t\t\t\t<div>\n\t\t\t\t\t\t\t\t\t\t\t\t\t\t\t<h3>Pinellas biwo<\/h3>\n\t\t\t\t\t\t\t\t\t\t\t\t\t\t\t\t\t\t\t\t\t\t<div class=\"flex gap-2 mb-3\">\n\t\t\t\t\t\t\t\t\t<img decoding=\"async\" src=\"https:\/\/gulfcoastlegal.org\/wp-content\/themes\/gulfcoastlegal\/dist\/images\/address-pin.svg\" class=\"h-6 w-6\" alt=\"\">\n\t\t\t\t\t\t\t\t\t<p>501 1st Ave N, Suite 420, St. Petersburg, FL 33701<\/p>\n\t\t\t\t\t\t\t\t<\/div>\n\t\t\t\t\t\t\t\t\t\t\t\t\t\t\t\t\t\t\t\t\t\t<div class=\"flex gap-2\">\n\t\t\t\t\t\t\t\t\t<img decoding=\"async\" src=\"https:\/\/gulfcoastlegal.org\/wp-content\/themes\/gulfcoastlegal\/dist\/images\/phone.svg\" class=\"h-6 w-6\" alt=\"\">\n\t\t\t\t\t\t\t\t\t<p>727-821-0726<\/p>\n\t\t\t\t\t\t\t\t<\/div>\n\t\t\t\t\t\t\t\t\t\t\t\t\t<\/div>\n\t\t\t\t\t\t\t\t\t\t\t<div>\n\t\t\t\t\t\t\t\t\t\t\t\t\t\t\t<h3>Biwo Sarasota<\/h3>\n\t\t\t\t\t\t\t\t\t\t\t\t\t\t\t\t\t\t\t\t\t\t<div class=\"flex gap-2 mb-3\">\n\t\t\t\t\t\t\t\t\t<img decoding=\"async\" src=\"https:\/\/gulfcoastlegal.org\/wp-content\/themes\/gulfcoastlegal\/dist\/images\/address-pin.svg\" class=\"h-6 w-6\" alt=\"\">\n\t\t\t\t\t\t\t\t\t<p>250 Tamiami Trail S, Suite 201, Venice, FL 34285<\/p>\n\t\t\t\t\t\t\t\t<\/div>\n\t\t\t\t\t\t\t\t\t\t\t\t\t\t\t\t\t\t\t\t\t\t<div class=\"flex gap-2\">\n\t\t\t\t\t\t\t\t\t<img decoding=\"async\" src=\"https:\/\/gulfcoastlegal.org\/wp-content\/themes\/gulfcoastlegal\/dist\/images\/phone.svg\" class=\"h-6 w-6\" alt=\"\">\n\t\t\t\t\t\t\t\t\t<p>800-230-5920<\/p>\n\t\t\t\t\t\t\t\t<\/div>\n\t\t\t\t\t\t\t\t\t\t\t\t\t<\/div>\n\t\t\t\t\t\t\t\t\t\t\t<div>\n\t\t\t\t\t\t\t\t\t\t\t\t\t\t\t<h3>Biwo Wimauma<\/h3>\n\t\t\t\t\t\t\t\t\t\t\t\t\t\t\t\t\t\t\t\t\t\t<div class=\"flex gap-2 mb-3\">\n\t\t\t\t\t\t\t\t\t<img decoding=\"async\" src=\"https:\/\/gulfcoastlegal.org\/wp-content\/themes\/gulfcoastlegal\/dist\/images\/address-pin.svg\" class=\"h-6 w-6\" alt=\"\">\n\t\t\t\t\t\t\t\t\t<p>*next to Beth-El Ministries, 18238 US-301S, Wimauma, FL 33598<\/p>\n\t\t\t\t\t\t\t\t<\/div>\n\t\t\t\t\t\t\t\t\t\t\t\t\t\t\t\t\t\t\t\t\t\t<div class=\"flex gap-2\">\n\t\t\t\t\t\t\t\t\t<img decoding=\"async\" src=\"https:\/\/gulfcoastlegal.org\/wp-content\/themes\/gulfcoastlegal\/dist\/images\/phone.svg\" class=\"h-6 w-6\" alt=\"\">\n\t\t\t\t\t\t\t\t\t<p>727-821-0726<\/p>\n\t\t\t\t\t\t\t\t<\/div>\n\t\t\t\t\t\t\t\t\t\t\t\t\t<\/div>\n\t\t\t\t\t\t\t\t\t<\/div>\n\t\t\t\t\t<\/div>\n\t<\/div>\n<\/section>\n","protected":false},"excerpt":{"rendered":"","protected":false},"author":2,"featured_media":0,"parent":0,"menu_order":0,"comment_status":"closed","ping_status":"closed","template":"","meta":{"_acf_changed":false,"footnotes":""},"class_list":["post-1938","page","type-page","status-publish","hentry"],"acf":[],"yoast_head":"<!-- This site is optimized with the Yoast SEO plugin v25.9 - https:\/\/yoast.com\/wordpress\/plugins\/seo\/ -->\n<title>R\u00e8gleman sou konfidansyalite sou konfidansyalite - Gulf Coast Legal<\/title>\n<meta name=\"robots\" content=\"index, follow, max-snippet:-1, max-image-preview:large, max-video-preview:-1\" \/>\n<link rel=\"canonical\" href=\"https:\/\/gulfcoastlegal.org\/ht\/regleman-sou-konfidansyalite-sou-konfidansyalite\/\" \/>\n<meta property=\"og:locale\" content=\"ht_HT\" \/>\n<meta property=\"og:type\" content=\"article\" \/>\n<meta property=\"og:title\" content=\"R\u00e8gleman sou konfidansyalite sou konfidansyalite - Gulf Coast Legal\" \/>\n<meta property=\"og:url\" content=\"https:\/\/gulfcoastlegal.org\/ht\/regleman-sou-konfidansyalite-sou-konfidansyalite\/\" \/>\n<meta property=\"og:site_name\" content=\"Gulf Coast Legal\" \/>\n<meta property=\"article:publisher\" content=\"https:\/\/www.facebook.com\/GulfcoastLegalServices\/\" \/>\n<meta property=\"article:modified_time\" content=\"2025-02-07T17:31:09+00:00\" \/>\n<meta name=\"twitter:card\" content=\"summary_large_image\" \/>\n<meta name=\"twitter:label1\" content=\"Est. reading time\" \/>\n\t<meta name=\"twitter:data1\" content=\"3 minutes\" \/>\n<script type=\"application\/ld+json\" class=\"yoast-schema-graph\">{\"@context\":\"https:\/\/schema.org\",\"@graph\":[{\"@type\":\"WebPage\",\"@id\":\"https:\/\/gulfcoastlegal.org\/ht\/regleman-sou-konfidansyalite-sou-konfidansyalite\/\",\"url\":\"https:\/\/gulfcoastlegal.org\/ht\/regleman-sou-konfidansyalite-sou-konfidansyalite\/\",\"name\":\"R\u00e8gleman sou konfidansyalite sou konfidansyalite - Gulf Coast Legal\",\"isPartOf\":{\"@id\":\"https:\/\/gulfcoastlegal.org\/#website\"},\"datePublished\":\"2024-09-11T05:38:28+00:00\",\"dateModified\":\"2025-02-07T17:31:09+00:00\",\"inLanguage\":\"ht-HT\",\"potentialAction\":[{\"@type\":\"ReadAction\",\"target\":[\"https:\/\/gulfcoastlegal.org\/ht\/regleman-sou-konfidansyalite-sou-konfidansyalite\/\"]}]},{\"@type\":\"WebSite\",\"@id\":\"https:\/\/gulfcoastlegal.org\/#website\",\"url\":\"https:\/\/gulfcoastlegal.org\/\",\"name\":\"Gulf Coast Legal\",\"description\":\"\",\"publisher\":{\"@id\":\"https:\/\/gulfcoastlegal.org\/#organization\"},\"potentialAction\":[{\"@type\":\"SearchAction\",\"target\":{\"@type\":\"EntryPoint\",\"urlTemplate\":\"https:\/\/gulfcoastlegal.org\/?s={search_term_string}\"},\"query-input\":{\"@type\":\"PropertyValueSpecification\",\"valueRequired\":true,\"valueName\":\"search_term_string\"}}],\"inLanguage\":\"ht-HT\"},{\"@type\":\"Organization\",\"@id\":\"https:\/\/gulfcoastlegal.org\/#organization\",\"name\":\"Gulf Coast Legal\",\"url\":\"https:\/\/gulfcoastlegal.org\/\",\"logo\":{\"@type\":\"ImageObject\",\"inLanguage\":\"ht-HT\",\"@id\":\"https:\/\/gulfcoastlegal.org\/#\/schema\/logo\/image\/\",\"url\":\"https:\/\/gulfcoastlegal.org\/wp-content\/uploads\/2024\/09\/gulfcoast-legal-services-logo.svg\",\"contentUrl\":\"https:\/\/gulfcoastlegal.org\/wp-content\/uploads\/2024\/09\/gulfcoast-legal-services-logo.svg\",\"width\":200,\"height\":60,\"caption\":\"Gulf Coast Legal\"},\"image\":{\"@id\":\"https:\/\/gulfcoastlegal.org\/#\/schema\/logo\/image\/\"},\"sameAs\":[\"https:\/\/www.facebook.com\/GulfcoastLegalServices\/\",\"https:\/\/www.instagram.com\/gulfcoast_legal_services\/\",\"https:\/\/www.indeed.com\/cmp\/Gulfcoast-Legal-Services-1\"]}]}<\/script>\n<!-- \/ Yoast SEO plugin. -->","yoast_head_json":{"title":"R\u00e8gleman sou konfidansyalite sou konfidansyalite - Gulf Coast Legal","robots":{"index":"index","follow":"follow","max-snippet":"max-snippet:-1","max-image-preview":"max-image-preview:large","max-video-preview":"max-video-preview:-1"},"canonical":"https:\/\/gulfcoastlegal.org\/ht\/regleman-sou-konfidansyalite-sou-konfidansyalite\/","og_locale":"ht_HT","og_type":"article","og_title":"R\u00e8gleman sou konfidansyalite sou konfidansyalite - Gulf Coast Legal","og_url":"https:\/\/gulfcoastlegal.org\/ht\/regleman-sou-konfidansyalite-sou-konfidansyalite\/","og_site_name":"Gulf Coast Legal","article_publisher":"https:\/\/www.facebook.com\/GulfcoastLegalServices\/","article_modified_time":"2025-02-07T17:31:09+00:00","twitter_card":"summary_large_image","twitter_misc":{"Est. reading time":"3 minutes"},"schema":{"@context":"https:\/\/schema.org","@graph":[{"@type":"WebPage","@id":"https:\/\/gulfcoastlegal.org\/ht\/regleman-sou-konfidansyalite-sou-konfidansyalite\/","url":"https:\/\/gulfcoastlegal.org\/ht\/regleman-sou-konfidansyalite-sou-konfidansyalite\/","name":"R\u00e8gleman sou konfidansyalite sou konfidansyalite - Gulf Coast Legal","isPartOf":{"@id":"https:\/\/gulfcoastlegal.org\/#website"},"datePublished":"2024-09-11T05:38:28+00:00","dateModified":"2025-02-07T17:31:09+00:00","inLanguage":"ht-HT","potentialAction":[{"@type":"ReadAction","target":["https:\/\/gulfcoastlegal.org\/ht\/regleman-sou-konfidansyalite-sou-konfidansyalite\/"]}]},{"@type":"WebSite","@id":"https:\/\/gulfcoastlegal.org\/#website","url":"https:\/\/gulfcoastlegal.org\/","name":"Gulf Coast Legal","description":"","publisher":{"@id":"https:\/\/gulfcoastlegal.org\/#organization"},"potentialAction":[{"@type":"SearchAction","target":{"@type":"EntryPoint","urlTemplate":"https:\/\/gulfcoastlegal.org\/?s={search_term_string}"},"query-input":{"@type":"PropertyValueSpecification","valueRequired":true,"valueName":"search_term_string"}}],"inLanguage":"ht-HT"},{"@type":"Organization","@id":"https:\/\/gulfcoastlegal.org\/#organization","name":"Gulf Coast Legal","url":"https:\/\/gulfcoastlegal.org\/","logo":{"@type":"ImageObject","inLanguage":"ht-HT","@id":"https:\/\/gulfcoastlegal.org\/#\/schema\/logo\/image\/","url":"https:\/\/gulfcoastlegal.org\/wp-content\/uploads\/2024\/09\/gulfcoast-legal-services-logo.svg","contentUrl":"https:\/\/gulfcoastlegal.org\/wp-content\/uploads\/2024\/09\/gulfcoast-legal-services-logo.svg","width":200,"height":60,"caption":"Gulf Coast Legal"},"image":{"@id":"https:\/\/gulfcoastlegal.org\/#\/schema\/logo\/image\/"},"sameAs":["https:\/\/www.facebook.com\/GulfcoastLegalServices\/","https:\/\/www.instagram.com\/gulfcoast_legal_services\/","https:\/\/www.indeed.com\/cmp\/Gulfcoast-Legal-Services-1"]}]}},"_links":{"self":[{"href":"https:\/\/gulfcoastlegal.org\/ht\/wp-json\/wp\/v2\/pages\/1938","targetHints":{"allow":["GET"]}}],"collection":[{"href":"https:\/\/gulfcoastlegal.org\/ht\/wp-json\/wp\/v2\/pages"}],"about":[{"href":"https:\/\/gulfcoastlegal.org\/ht\/wp-json\/wp\/v2\/types\/page"}],"author":[{"embeddable":true,"href":"https:\/\/gulfcoastlegal.org\/ht\/wp-json\/wp\/v2\/users\/2"}],"replies":[{"embeddable":true,"href":"https:\/\/gulfcoastlegal.org\/ht\/wp-json\/wp\/v2\/comments?post=1938"}],"version-history":[{"count":0,"href":"https:\/\/gulfcoastlegal.org\/ht\/wp-json\/wp\/v2\/pages\/1938\/revisions"}],"wp:attachment":[{"href":"https:\/\/gulfcoastlegal.org\/ht\/wp-json\/wp\/v2\/media?parent=1938"}],"curies":[{"name":"wp","href":"https:\/\/api.w.org\/{rel}","templated":true}]}}