{"id":1985,"date":"2024-09-11T08:35:02","date_gmt":"2024-09-11T08:35:02","guid":{"rendered":"https:\/\/gulfcoastlegal.mystaging.dev\/ed-legal\/estabilite-finansye\/"},"modified":"2025-03-13T11:26:28","modified_gmt":"2025-03-13T11:26:28","slug":"estabilite-finansye","status":"publish","type":"page","link":"https:\/\/gulfcoastlegal.org\/ht\/ed-legal\/estabilite-finansye\/","title":{"rendered":"Estabilite finansye"},"content":{"rendered":"<section id=\"block_acf-block-67d2c0e327d38\" class=\"gcl-block gcl-hero-image alignfull my-12 overflow-hidden\">\n  <div class=\"container flex flex-col lg:flex-row justify-between items-center gap-y-12 gap-x-6\">\n    <div class=\"lg:w-6\/12\">\n      <h1 class=\"\">Asistans estabilite finansye<\/h1>\n      <div class=\"pr-16 mb-10 lg:mb-14\">\n        <p>GLS bay s&egrave;vis legal pou ede kliyan kenbe estabilite finansye ak revni, adrese pwobl&egrave;m nan twa dom&egrave;n prensipal: Lwa konsomat&egrave;, Lwa &Egrave;ld&egrave;, Benefis Piblik, Jwenn idantifikasyon atrav&egrave; Pwogram Batist&egrave; nou an (Pinellas County) ak zaf&egrave; taks ki gen rap&ograve; ak klinik peye taks sou revni nou an (LITC).<\/p>\n      <\/div>\n\n              <a class=\"btn btn-wide btn-primary\" href=\"https:\/\/glsoi.legalserver.org\/modules\/matter\/extern_intake.php?pid=129&amp;h=daa817&amp;\" target=\"_blank\" title=\"Mande Asistans - Opens in a new window\" rel=\"noopener noreferrer\">\n          Mande Asistans        <\/a>\n          <\/div>\n          <div class=\"lg:w-6\/12 text-right\">\n        <div class=\"decoration-blue hero-small\">\n          <img fetchpriority=\"high\" decoding=\"async\" width=\"496\" height=\"496\" src=\"https:\/\/gulfcoastlegal.org\/wp-content\/uploads\/2024\/12\/financial-stability-png-496x496.webp\" class=\"rounded-lg not-transparent\" alt=\"\" loading=\"eager\" srcset=\"https:\/\/gulfcoastlegal.org\/wp-content\/uploads\/2024\/12\/financial-stability-png-496x496.webp 496w, https:\/\/gulfcoastlegal.org\/wp-content\/uploads\/2024\/12\/financial-stability-png-160x160.webp 160w, https:\/\/gulfcoastlegal.org\/wp-content\/uploads\/2024\/12\/financial-stability-png-136x136.webp 136w, https:\/\/gulfcoastlegal.org\/wp-content\/uploads\/2024\/12\/financial-stability-png-400x400.webp 400w, https:\/\/gulfcoastlegal.org\/wp-content\/uploads\/2024\/12\/financial-stability-png-300x300.webp 300w, https:\/\/gulfcoastlegal.org\/wp-content\/uploads\/2024\/12\/financial-stability-png.webp 500w\" sizes=\"(max-width: 496px) 100vw, 496px\" data-has-transparency=\"false\" data-dominant-color=\"322c76\" style=\"--dominant-color: #322c76;\">        <\/div>\n      <\/div>\n      <\/div>\n<\/section>\n\n\n<section id=\"block_acf-block-67d2c0e327d65\" class=\"gcl-block gcl-cta-white-box-with-media alignfull container my-16 lg:my-32\">\n  <div class=\"box flex flex-col xl:flex-row gap-10 xl:gap-16\">\n    <div class=\"xl:w-7\/12\">\n      <h2 class=\"\">GLS ka ede ou si<\/h2>\n\n              <ul class=\"list-image-checkmark\">\n                      <li>Ou ap anm&egrave;de pa p&egrave;sept&egrave; d&egrave;t oswa f&egrave; fas a pwobl&egrave;m kredi enjis.<\/li>\n                      <li>Ou bezwen &egrave;d pou jwenn idantifikasyon esansy&egrave;l tankou batist&egrave; oswa kat Sekirite Sosyal.<\/li>\n                      <li>Ou bezwen asistans pou jwenn aks&egrave; nan avantaj Sekirite Sosyal, benefis chomaj, oswa l&ograve;t pwogram asistans piblik.<\/li>\n                      <li>Ou gen diskisyon ki gen rap&ograve; ak taks oswa ou bezwen &egrave;d pou sere kredi taks ki kalifye yo.<\/li>\n                      <li>Ou dwe sal&egrave; oswa benefis nan men anplway&egrave; w la.<\/li>\n                  <\/ul>\n          <\/div>\n    <div class=\"xl:w-5\/12\">\n              <video controls=\"true\" poster=\"https:\/\/gulfcoastlegal.org\/wp-content\/uploads\/2024\/09\/Screenshot-2024-09-21-165958-496x279.webp\" src=\"https:\/\/gulfcoastlegal.org\/wp-content\/uploads\/2024\/09\/Financial-Stability-GLS.mp4\" class=\"rounded-md mb-10 aspect-video object-cover w-full\">\n        <\/video>\n      \n              <a class=\"btn block btn-primary\" href=\"https:\/\/glsoi.legalserver.org\/modules\/matter\/extern_intake.php?pid=129&amp;h=daa817&amp;\" target=\"_blank\" title=\"Mande Asistans - Opens in a new window\" rel=\"noopener noreferrer\">\n          Mande Asistans        <\/a>\n          <\/div>\n  <\/div>\n<\/section>\n\n\n<section id=\"block_acf-block-67d2c0e327db7\" class=\"gcl-block gcl-example-cases alignfull container my-16 lg:my-36\">\n\n  <h2 class=\"mb-4 lg:mb-16 lg:w-8\/12\">Egzanp ka GLS ka okipe yo ki nan lis anba a<\/h2>\n\n  <div class=\"flex flex-col gap-6 xl:flex-row scrollspy\">\n    <div class=\"xl:w-5\/12\">\n      \n              <div class=\"sticky flex-col hidden w-3\/4 gap-4 xl:flex top-12 2xl:w-3\/5\">\n                      <a href=\"#boxblock_acf-block-67d2c0e327db7_0\" class=\"btn pill is-active\" data-target=\"0\" role=\"button\">\n              <span class=\"\">Zaf&egrave; kontribyab ki pa gen anpil revni<\/span>\n            <\/a>\n                      <a href=\"#boxblock_acf-block-67d2c0e327db7_1\" class=\"btn pill \" data-target=\"1\" role=\"button\">\n              <span class=\"\">Zaf&egrave; konsomat&egrave; yo<\/span>\n            <\/a>\n                      <a href=\"#boxblock_acf-block-67d2c0e327db7_2\" class=\"btn pill \" data-target=\"2\" role=\"button\">\n              <span class=\"\">Zaf&egrave; Idantifikasyon<\/span>\n            <\/a>\n                      <a href=\"#boxblock_acf-block-67d2c0e327db7_3\" class=\"btn pill \" data-target=\"3\" role=\"button\">\n              <span class=\"\">L&ograve;t S&egrave;vis<\/span>\n            <\/a>\n                  <\/div>\n      \n    <\/div>\n    <div class=\"xl:w-7\/12\">\n                <div class=\"flex flex-col gap-6 px-6 py-8 mb-10 box md:flex-row lg:p-10 lg:gap-10 lg:mb-12 scroll-mt-12\" data-index=\"0\" id=\"boxblock_acf-block-67d2c0e327db7_0\">\n                        <div class=\"grow\">\n              <h3 class=\"\">Zaf&egrave; kontribyab ki pa gen anpil revni<\/h3>\n\n              <div class=\"lg:columns-1\">\n                <ul>\n<li>L&egrave;t repons pou IRS<\/li>\n<li>Kredi taks sou revni ranplasan ak dediksyon<\/li>\n<li>Ede ak kontaminasyon \/ egzamen<\/li>\n<li>IRS levye ak retansyon<\/li>\n<li>Ede ak sekou inosan mari\/madanm, reklamasyon mari\/madanm blese, kounye a pa kolekte estati<\/li>\n<li>Reprezantasyon Tribinal Taks<\/li>\n<\/ul>\n<p><strong>Remak: Nou pa ede ak preparasyon taks<\/strong><\/p>\n              <\/div>\n\n                              <a class=\"mt-10 btn btn-wide btn-primary\" href=\"https:\/\/glsoi.legalserver.org\/modules\/matter\/extern_intake.php?pid=129&amp;h=daa817&amp;\" target=\"_blank\" title=\"Mande Asistans - Opens in a new window\" rel=\"noopener noreferrer\">\n                  Mande Asistans                <\/a>\n                          <\/div>\n          <\/div>\n                <div class=\"flex flex-col gap-6 px-6 py-8 mb-10 box md:flex-row lg:p-10 lg:gap-10 lg:mb-12 scroll-mt-12\" data-index=\"1\" id=\"boxblock_acf-block-67d2c0e327db7_1\">\n                        <div class=\"grow\">\n              <h3 class=\"\">Zaf&egrave; konsomat&egrave; yo<\/h3>\n\n              <div class=\"lg:columns-2\">\n                <ul>\n<li>B&ograve;dwo medikal<\/li>\n<li>Kontra yo<\/li>\n<li>Pwobl&egrave;m s&egrave;vis piblik<\/li>\n<li>Defans koleksyon d&egrave;t<\/li>\n<li>Anm&egrave;dman Kredit&egrave;<\/li>\n<li>Ganisman<\/li>\n<li>Rap&ograve; sou kredi<\/li>\n<li>Reposesyon machin<\/li>\n<li>Pratik kom&egrave;s enjis ak twonpe<\/li>\n<\/ul>\n              <\/div>\n\n                              <a class=\"mt-10 btn btn-wide btn-primary\" href=\"https:\/\/glsoi.legalserver.org\/modules\/matter\/extern_intake.php?pid=129&amp;h=daa817&amp;\" target=\"_blank\" title=\"Mande Asistans - Opens in a new window\" rel=\"noopener noreferrer\">\n                  Mande Asistans                <\/a>\n                          <\/div>\n          <\/div>\n                <div class=\"flex flex-col gap-6 px-6 py-8 mb-10 box md:flex-row lg:p-10 lg:gap-10 lg:mb-12 scroll-mt-12\" data-index=\"2\" id=\"boxblock_acf-block-67d2c0e327db7_2\">\n                        <div class=\"grow\">\n              <h3 class=\"\">Zaf&egrave; Idantifikasyon<\/h3>\n\n              <div class=\"lg:columns-1\">\n                <ul>\n<li>Batist&egrave; ak Idantifikasyon Zaf&egrave;<\/li>\n<li>Dokiman pou pote pandan randevou ou<\/li>\n<li>Pou FAQs sou non ak s&egrave;ks mak&egrave; chanjman nan FL, vizite <a href=\"http:\/\/floridanamechange.org\" target=\"_blank\" rel=\"noopener noreferrer\" title=\"floridanamechange.org - Opens in new window\">floridanamechange.org<\/a><\/li>\n<li>&ldquo;Lwa ID Rey&egrave;l Florid nan 2005-l&ograve; zetwal sou lisans oswa ID, dokiman sa yo obligatwa pou konf&ograve;mite:\n<ul>\n<li>Pr&egrave;v sitway&egrave;nte (s&egrave;k nesans, pasp&ograve;, elatriye)<\/li>\n<li>Pr&egrave;v tout chanjman non legal (maryaj, dekr&egrave; div&ograve;s, l&ograve;d chanjman non, elatriye)<\/li>\n<li>Nimewo Sekirite Sosyal (kat SS, W-2 oswa f&ograve;m 1099, ID milit&egrave;, elatriye)<\/li>\n<li>Adr&egrave;s rezidansy&egrave;l (aksyon \/ ipot&egrave;k, enskripsyon veyikil, b&ograve;dwo s&egrave;vis piblik, elatriye)<\/li>\n<\/ul>\n<\/li>\n<li>Asistans legal si ou te p&egrave;di batist&egrave; ou oswa ou bezwen f&egrave; d&egrave;nye nouv&egrave;l yo\n<ul>\n<li>Atrav&egrave; Etazini ak aletranje<\/li>\n<li>Non k&ograve;r&egrave;k oswa &ograve;tograf nan yon non<\/li>\n<\/ul>\n<\/li>\n<li>&ldquo;Reta S&egrave;tifika nesans&rdquo; si ou pa janm te gen yon batist&egrave; (ansyen: f&egrave;t nan kay la nan yon fanm)<\/li>\n<\/ul>\n              <\/div>\n\n                              <a class=\"mt-10 btn btn-wide btn-primary\" href=\"https:\/\/glsoi.legalserver.org\/modules\/matter\/extern_intake.php?pid=129&amp;h=daa817&amp;\" target=\"_blank\" title=\"Mande Asistans - Opens in a new window\" rel=\"noopener noreferrer\">\n                  Mande Asistans                <\/a>\n                          <\/div>\n          <\/div>\n                <div class=\"flex flex-col gap-6 px-6 py-8 mb-10 box md:flex-row lg:p-10 lg:gap-10 lg:mb-12 scroll-mt-12\" data-index=\"3\" id=\"boxblock_acf-block-67d2c0e327db7_3\">\n                        <div class=\"grow\">\n              <h3 class=\"\">L&ograve;t S&egrave;vis<\/h3>\n\n              <div class=\"lg:columns-1\">\n                <ul>\n<li>GLS ka prepare dokiman planifikasyon lavi, tankou volonte vivan, swen sante, elatriye l&egrave; finansman sibvansyon nou an p&egrave;m&egrave;t.<\/li>\n<li>GLS ka bay kons&egrave;y ak kons&egrave;y kons&egrave;nan diskisyon ki enplike Sekirite Sosyal, Revni Sekirite Siplemant&egrave; SSI ak Andikap SSD.<\/li>\n<\/ul>\n              <\/div>\n\n                              <a class=\"mt-10 btn btn-wide btn-primary\" href=\"https:\/\/glsoi.legalserver.org\/modules\/matter\/extern_intake.php?pid=129&amp;h=daa817&amp;\" target=\"_blank\" title=\"Mande Asistans - Opens in a new window\" rel=\"noopener noreferrer\">\n                  Mande Asistans                <\/a>\n                          <\/div>\n          <\/div>\n          <\/div>\n  <\/div>\n\n<\/section>\n\n\n<section id=\"block_acf-block-67d2c0e329671\" class=\"gcl-block gcl-partners-list alignfull container my-16 lg:my-40\">\n  <h2 class=\"mb-14\">Soti nan patn&egrave; nou yo<\/h2>\n      <div class=\"grid gap-6 md:grid-cols-2 xl:grid-cols-3\">\n                  <div class=\"flex flex-col items-start p-10 box\">\n            \n                                      <img loading=\"lazy\" decoding=\"async\" width=\"300\" height=\"300\" src=\"https:\/\/gulfcoastlegal.org\/wp-content\/uploads\/2024\/09\/united-way-suncoast-png.webp\" class=\"w-auto h-32 mb-8 has-transparency\" alt=\"\" data-has-transparency=\"true\" data-dominant-color=\"c09b86\" style=\"--dominant-color: #c09b86;\">            \n                          <h3 class=\"mb-4\">Inite wout Suncoast  <\/h3>\n            \n            <p>Ede kliyan ki gen antren&egrave; finansye, asistans pou preskripsyon, ak Bank sou kont labank s&egrave;tifye.<\/p>\n\n                          <a class=\"w-full mt-auto btn btn-secondary-alt\" href=\"https:\/\/unitedwaysuncoast.org\/\" target=\"_blank\" title=\"United Way Suncoast - Opens in a new window\" rel=\"noopener noreferrer\">United Way Suncoast<\/a>\n            \n\n                <\/div>\n              <div class=\"flex flex-col items-start p-10 box\">\n            \n                                      <img loading=\"lazy\" decoding=\"async\" width=\"360\" height=\"360\" src=\"https:\/\/gulfcoastlegal.org\/wp-content\/uploads\/2024\/09\/become-partner-png.webp\" class=\"w-auto h-32 mb-8 has-transparency\" alt=\"\" data-has-transparency=\"true\" data-dominant-color=\"dbb38c\" style=\"--dominant-color: #dbb38c;\">            \n            \n            <p>&Egrave;ske ou se yon konpayi ki dispoze bay &egrave;d legal nan popilasyon vilnerab?<\/p>\n\n                          <a class=\"w-full mt-auto btn btn-secondary-alt\" href=\"https:\/\/gulfcoastlegal.org\/ht\/sipote-gls\/\" target=\"_self\">Vin patn&egrave;<\/a>\n            \n\n                <\/div>\n  <\/div>\n\n\n<\/section>\n\n\n<section id=\"block_acf-block-67a64206ac451\" class=\"gcl-block gcl-cta-blue alignfull container my-16 lg:my-32\">\n  <div class=\"box bg-primary-100 text-gray-5 px-6 py-8 md:p-12 lg:p-20 xg:py-24 xl:px-52 text-center\">\n\n    <h2 class='text-gray-5'>Chanje lavi ou ak GLS kounye a<\/h2>\n\n    <p>Ou ka aplike pou s\u00e8vis legal 24\/7 atrav\u00e8 f\u00f2m sou ent\u00e8n\u00e8t nou an. Nou pral kontakte ou pou f\u00e8 w konnen si yo te aksepte aplikasyon w lan oswa ou pa. Ka ijans (vyolans domestik ak zaf\u00e8 lojman ijan) yo pral priyorize ak kontakte an premye.  <\/p>\n\n          <a class=\"btn btn-wide btn-primary-inverted\"\n        href=\"https:\/\/glsoi.legalserver.org\/modules\/matter\/extern_intake.php?pid=129&#038;h=daa817&#038;\"\n        target=\"_self\" >\n        Mande Asistans      <\/a>\n    \n  <\/div>\n<\/section>\n\n<section id=\"block_acf-block-675874c0eecaa\" class=\"gcl-block gcl-footer alignfull relative pb-20 lg:pb-28 lg:pt-52\">\n\t<img decoding=\"async\" width=\"1920\" height=\"1197\" src=\"https:\/\/gulfcoastlegal.org\/wp-content\/uploads\/2024\/10\/equal-justice-under-law-1920x1197.webp\" class=\"absolute top-0 bottom-0 left-0 right-0 w-full h-full object-cover object-top hidden lg:block not-transparent\" alt=\"\" loading=\"lazy\" data-has-transparency=\"false\" data-dominant-color=\"afa287\" style=\"--dominant-color: #afa287;\" \/>\t<div class=\"container\">\n\t\t<div class=\"box px-6 py-8 md:p-8 lg:p-14 relative z-10\">\n\n\t\t\t<h2 class=''>Kontakte nou<\/h2>\n\t\t\t<p>Ou ka ranpli aplikasyon yo an p\u00e8s\u00f2n. GLS aksepte mache Lendi jiska vandredi soti nan 9:00 a.m. a 5:00 p.m. Tanpri sonje ke GLS f\u00e8men nan Lendi jiska Jedi soti nan 12:30 p.m. a 1:30 p.m. epi yo pa aksepte mache apre 12:30 p.m. nan Vandredi  <\/p>\n\n\t\t\t\t\t\t\t<div class=\"grid lg:grid-cols-2 xl:grid-cols-4 gap-10 border-t border-gray-40 pt-6\">\n\t\t\t\t\t\t\t\t\t\t\t<div>\n\t\t\t\t\t\t\t\t\t\t\t\t\t\t\t<h3>Biwo Manatee<\/h3>\n\t\t\t\t\t\t\t\t\t\t\t\t\t\t\t\t\t\t\t\t\t\t<div class=\"flex gap-2 mb-3\">\n\t\t\t\t\t\t\t\t\t<img decoding=\"async\" src=\"https:\/\/gulfcoastlegal.org\/wp-content\/themes\/gulfcoastlegal\/dist\/images\/address-pin.svg\" class=\"h-6 w-6\" alt=\"\">\n\t\t\t\t\t\t\t\t\t<p>1112 Manatee Ave E, 2nd Floor, Bradenton, FL 34208<\/p>\n\t\t\t\t\t\t\t\t<\/div>\n\t\t\t\t\t\t\t\t\t\t\t\t\t\t\t\t\t\t\t\t\t\t<div class=\"flex gap-2\">\n\t\t\t\t\t\t\t\t\t<img decoding=\"async\" src=\"https:\/\/gulfcoastlegal.org\/wp-content\/themes\/gulfcoastlegal\/dist\/images\/phone.svg\" class=\"h-6 w-6\" alt=\"\">\n\t\t\t\t\t\t\t\t\t<p>941-746-6151<\/p>\n\t\t\t\t\t\t\t\t<\/div>\n\t\t\t\t\t\t\t\t\t\t\t\t\t<\/div>\n\t\t\t\t\t\t\t\t\t\t\t<div>\n\t\t\t\t\t\t\t\t\t\t\t\t\t\t\t<h3>Pinellas biwo<\/h3>\n\t\t\t\t\t\t\t\t\t\t\t\t\t\t\t\t\t\t\t\t\t\t<div class=\"flex gap-2 mb-3\">\n\t\t\t\t\t\t\t\t\t<img decoding=\"async\" src=\"https:\/\/gulfcoastlegal.org\/wp-content\/themes\/gulfcoastlegal\/dist\/images\/address-pin.svg\" class=\"h-6 w-6\" alt=\"\">\n\t\t\t\t\t\t\t\t\t<p>501 1st Ave N, Suite 420, St. Petersburg, FL 33701<\/p>\n\t\t\t\t\t\t\t\t<\/div>\n\t\t\t\t\t\t\t\t\t\t\t\t\t\t\t\t\t\t\t\t\t\t<div class=\"flex gap-2\">\n\t\t\t\t\t\t\t\t\t<img decoding=\"async\" src=\"https:\/\/gulfcoastlegal.org\/wp-content\/themes\/gulfcoastlegal\/dist\/images\/phone.svg\" class=\"h-6 w-6\" alt=\"\">\n\t\t\t\t\t\t\t\t\t<p>727-821-0726<\/p>\n\t\t\t\t\t\t\t\t<\/div>\n\t\t\t\t\t\t\t\t\t\t\t\t\t<\/div>\n\t\t\t\t\t\t\t\t\t\t\t<div>\n\t\t\t\t\t\t\t\t\t\t\t\t\t\t\t<h3>Biwo Sarasota<\/h3>\n\t\t\t\t\t\t\t\t\t\t\t\t\t\t\t\t\t\t\t\t\t\t<div class=\"flex gap-2 mb-3\">\n\t\t\t\t\t\t\t\t\t<img decoding=\"async\" src=\"https:\/\/gulfcoastlegal.org\/wp-content\/themes\/gulfcoastlegal\/dist\/images\/address-pin.svg\" class=\"h-6 w-6\" alt=\"\">\n\t\t\t\t\t\t\t\t\t<p>250 Tamiami Trail S, Suite 201, Venice, FL 34285<\/p>\n\t\t\t\t\t\t\t\t<\/div>\n\t\t\t\t\t\t\t\t\t\t\t\t\t\t\t\t\t\t\t\t\t\t<div class=\"flex gap-2\">\n\t\t\t\t\t\t\t\t\t<img decoding=\"async\" src=\"https:\/\/gulfcoastlegal.org\/wp-content\/themes\/gulfcoastlegal\/dist\/images\/phone.svg\" class=\"h-6 w-6\" alt=\"\">\n\t\t\t\t\t\t\t\t\t<p>800-230-5920<\/p>\n\t\t\t\t\t\t\t\t<\/div>\n\t\t\t\t\t\t\t\t\t\t\t\t\t<\/div>\n\t\t\t\t\t\t\t\t\t\t\t<div>\n\t\t\t\t\t\t\t\t\t\t\t\t\t\t\t<h3>Biwo Wimauma<\/h3>\n\t\t\t\t\t\t\t\t\t\t\t\t\t\t\t\t\t\t\t\t\t\t<div class=\"flex gap-2 mb-3\">\n\t\t\t\t\t\t\t\t\t<img decoding=\"async\" src=\"https:\/\/gulfcoastlegal.org\/wp-content\/themes\/gulfcoastlegal\/dist\/images\/address-pin.svg\" class=\"h-6 w-6\" alt=\"\">\n\t\t\t\t\t\t\t\t\t<p>*next to Beth-El Ministries, 18238 US-301S, Wimauma, FL 33598<\/p>\n\t\t\t\t\t\t\t\t<\/div>\n\t\t\t\t\t\t\t\t\t\t\t\t\t\t\t\t\t\t\t\t\t\t<div class=\"flex gap-2\">\n\t\t\t\t\t\t\t\t\t<img decoding=\"async\" src=\"https:\/\/gulfcoastlegal.org\/wp-content\/themes\/gulfcoastlegal\/dist\/images\/phone.svg\" class=\"h-6 w-6\" alt=\"\">\n\t\t\t\t\t\t\t\t\t<p>727-821-0726<\/p>\n\t\t\t\t\t\t\t\t<\/div>\n\t\t\t\t\t\t\t\t\t\t\t\t\t<\/div>\n\t\t\t\t\t\t\t\t\t<\/div>\n\t\t\t\t\t<\/div>\n\t<\/div>\n<\/section>\n","protected":false},"excerpt":{"rendered":"","protected":false},"author":2,"featured_media":0,"parent":1810,"menu_order":0,"comment_status":"closed","ping_status":"closed","template":"","meta":{"_acf_changed":false,"footnotes":""},"class_list":["post-1985","page","type-page","status-publish","hentry"],"acf":[],"yoast_head":"<!-- This site is optimized with the Yoast SEO plugin v25.9 - https:\/\/yoast.com\/wordpress\/plugins\/seo\/ -->\n<title>Estabilite finansye - Gulf Coast Legal<\/title>\n<meta name=\"robots\" content=\"index, follow, max-snippet:-1, max-image-preview:large, max-video-preview:-1\" \/>\n<link rel=\"canonical\" href=\"https:\/\/gulfcoastlegal.org\/ht\/ed-legal\/estabilite-finansye\/\" \/>\n<meta property=\"og:locale\" content=\"ht_HT\" \/>\n<meta property=\"og:type\" content=\"article\" \/>\n<meta property=\"og:title\" content=\"Estabilite finansye - Gulf Coast Legal\" \/>\n<meta property=\"og:url\" content=\"https:\/\/gulfcoastlegal.org\/ht\/ed-legal\/estabilite-finansye\/\" \/>\n<meta property=\"og:site_name\" content=\"Gulf Coast Legal\" \/>\n<meta property=\"article:publisher\" content=\"https:\/\/www.facebook.com\/GulfcoastLegalServices\/\" \/>\n<meta property=\"article:modified_time\" content=\"2025-03-13T11:26:28+00:00\" \/>\n<meta name=\"twitter:card\" content=\"summary_large_image\" \/>\n<script type=\"application\/ld+json\" class=\"yoast-schema-graph\">{\"@context\":\"https:\/\/schema.org\",\"@graph\":[{\"@type\":\"WebPage\",\"@id\":\"https:\/\/gulfcoastlegal.org\/ht\/ed-legal\/estabilite-finansye\/\",\"url\":\"https:\/\/gulfcoastlegal.org\/ht\/ed-legal\/estabilite-finansye\/\",\"name\":\"Estabilite finansye - Gulf Coast Legal\",\"isPartOf\":{\"@id\":\"https:\/\/gulfcoastlegal.org\/#website\"},\"datePublished\":\"2024-09-11T08:35:02+00:00\",\"dateModified\":\"2025-03-13T11:26:28+00:00\",\"breadcrumb\":{\"@id\":\"https:\/\/gulfcoastlegal.org\/ht\/ed-legal\/estabilite-finansye\/#breadcrumb\"},\"inLanguage\":\"ht-HT\",\"potentialAction\":[{\"@type\":\"ReadAction\",\"target\":[\"https:\/\/gulfcoastlegal.org\/ht\/ed-legal\/estabilite-finansye\/\"]}]},{\"@type\":\"BreadcrumbList\",\"@id\":\"https:\/\/gulfcoastlegal.org\/ht\/ed-legal\/estabilite-finansye\/#breadcrumb\",\"itemListElement\":[{\"@type\":\"ListItem\",\"position\":1,\"name\":\"\u00c8d Legal\",\"item\":\"https:\/\/gulfcoastlegal.org\/ht\/ed-legal\/\"},{\"@type\":\"ListItem\",\"position\":2,\"name\":\"Estabilite finansye\"}]},{\"@type\":\"WebSite\",\"@id\":\"https:\/\/gulfcoastlegal.org\/#website\",\"url\":\"https:\/\/gulfcoastlegal.org\/\",\"name\":\"Gulf Coast Legal\",\"description\":\"\",\"publisher\":{\"@id\":\"https:\/\/gulfcoastlegal.org\/#organization\"},\"potentialAction\":[{\"@type\":\"SearchAction\",\"target\":{\"@type\":\"EntryPoint\",\"urlTemplate\":\"https:\/\/gulfcoastlegal.org\/?s={search_term_string}\"},\"query-input\":{\"@type\":\"PropertyValueSpecification\",\"valueRequired\":true,\"valueName\":\"search_term_string\"}}],\"inLanguage\":\"ht-HT\"},{\"@type\":\"Organization\",\"@id\":\"https:\/\/gulfcoastlegal.org\/#organization\",\"name\":\"Gulf Coast Legal\",\"url\":\"https:\/\/gulfcoastlegal.org\/\",\"logo\":{\"@type\":\"ImageObject\",\"inLanguage\":\"ht-HT\",\"@id\":\"https:\/\/gulfcoastlegal.org\/#\/schema\/logo\/image\/\",\"url\":\"https:\/\/gulfcoastlegal.org\/wp-content\/uploads\/2024\/09\/gulfcoast-legal-services-logo.svg\",\"contentUrl\":\"https:\/\/gulfcoastlegal.org\/wp-content\/uploads\/2024\/09\/gulfcoast-legal-services-logo.svg\",\"width\":200,\"height\":60,\"caption\":\"Gulf Coast Legal\"},\"image\":{\"@id\":\"https:\/\/gulfcoastlegal.org\/#\/schema\/logo\/image\/\"},\"sameAs\":[\"https:\/\/www.facebook.com\/GulfcoastLegalServices\/\",\"https:\/\/www.instagram.com\/gulfcoast_legal_services\/\",\"https:\/\/www.indeed.com\/cmp\/Gulfcoast-Legal-Services-1\"]}]}<\/script>\n<!-- \/ Yoast SEO plugin. -->","yoast_head_json":{"title":"Estabilite finansye - Gulf Coast Legal","robots":{"index":"index","follow":"follow","max-snippet":"max-snippet:-1","max-image-preview":"max-image-preview:large","max-video-preview":"max-video-preview:-1"},"canonical":"https:\/\/gulfcoastlegal.org\/ht\/ed-legal\/estabilite-finansye\/","og_locale":"ht_HT","og_type":"article","og_title":"Estabilite finansye - Gulf Coast Legal","og_url":"https:\/\/gulfcoastlegal.org\/ht\/ed-legal\/estabilite-finansye\/","og_site_name":"Gulf Coast Legal","article_publisher":"https:\/\/www.facebook.com\/GulfcoastLegalServices\/","article_modified_time":"2025-03-13T11:26:28+00:00","twitter_card":"summary_large_image","schema":{"@context":"https:\/\/schema.org","@graph":[{"@type":"WebPage","@id":"https:\/\/gulfcoastlegal.org\/ht\/ed-legal\/estabilite-finansye\/","url":"https:\/\/gulfcoastlegal.org\/ht\/ed-legal\/estabilite-finansye\/","name":"Estabilite finansye - Gulf Coast Legal","isPartOf":{"@id":"https:\/\/gulfcoastlegal.org\/#website"},"datePublished":"2024-09-11T08:35:02+00:00","dateModified":"2025-03-13T11:26:28+00:00","breadcrumb":{"@id":"https:\/\/gulfcoastlegal.org\/ht\/ed-legal\/estabilite-finansye\/#breadcrumb"},"inLanguage":"ht-HT","potentialAction":[{"@type":"ReadAction","target":["https:\/\/gulfcoastlegal.org\/ht\/ed-legal\/estabilite-finansye\/"]}]},{"@type":"BreadcrumbList","@id":"https:\/\/gulfcoastlegal.org\/ht\/ed-legal\/estabilite-finansye\/#breadcrumb","itemListElement":[{"@type":"ListItem","position":1,"name":"\u00c8d Legal","item":"https:\/\/gulfcoastlegal.org\/ht\/ed-legal\/"},{"@type":"ListItem","position":2,"name":"Estabilite finansye"}]},{"@type":"WebSite","@id":"https:\/\/gulfcoastlegal.org\/#website","url":"https:\/\/gulfcoastlegal.org\/","name":"Gulf Coast Legal","description":"","publisher":{"@id":"https:\/\/gulfcoastlegal.org\/#organization"},"potentialAction":[{"@type":"SearchAction","target":{"@type":"EntryPoint","urlTemplate":"https:\/\/gulfcoastlegal.org\/?s={search_term_string}"},"query-input":{"@type":"PropertyValueSpecification","valueRequired":true,"valueName":"search_term_string"}}],"inLanguage":"ht-HT"},{"@type":"Organization","@id":"https:\/\/gulfcoastlegal.org\/#organization","name":"Gulf Coast Legal","url":"https:\/\/gulfcoastlegal.org\/","logo":{"@type":"ImageObject","inLanguage":"ht-HT","@id":"https:\/\/gulfcoastlegal.org\/#\/schema\/logo\/image\/","url":"https:\/\/gulfcoastlegal.org\/wp-content\/uploads\/2024\/09\/gulfcoast-legal-services-logo.svg","contentUrl":"https:\/\/gulfcoastlegal.org\/wp-content\/uploads\/2024\/09\/gulfcoast-legal-services-logo.svg","width":200,"height":60,"caption":"Gulf Coast Legal"},"image":{"@id":"https:\/\/gulfcoastlegal.org\/#\/schema\/logo\/image\/"},"sameAs":["https:\/\/www.facebook.com\/GulfcoastLegalServices\/","https:\/\/www.instagram.com\/gulfcoast_legal_services\/","https:\/\/www.indeed.com\/cmp\/Gulfcoast-Legal-Services-1"]}]}},"_links":{"self":[{"href":"https:\/\/gulfcoastlegal.org\/ht\/wp-json\/wp\/v2\/pages\/1985","targetHints":{"allow":["GET"]}}],"collection":[{"href":"https:\/\/gulfcoastlegal.org\/ht\/wp-json\/wp\/v2\/pages"}],"about":[{"href":"https:\/\/gulfcoastlegal.org\/ht\/wp-json\/wp\/v2\/types\/page"}],"author":[{"embeddable":true,"href":"https:\/\/gulfcoastlegal.org\/ht\/wp-json\/wp\/v2\/users\/2"}],"replies":[{"embeddable":true,"href":"https:\/\/gulfcoastlegal.org\/ht\/wp-json\/wp\/v2\/comments?post=1985"}],"version-history":[{"count":0,"href":"https:\/\/gulfcoastlegal.org\/ht\/wp-json\/wp\/v2\/pages\/1985\/revisions"}],"up":[{"embeddable":true,"href":"https:\/\/gulfcoastlegal.org\/ht\/wp-json\/wp\/v2\/pages\/1810"}],"wp:attachment":[{"href":"https:\/\/gulfcoastlegal.org\/ht\/wp-json\/wp\/v2\/media?parent=1985"}],"curies":[{"name":"wp","href":"https:\/\/api.w.org\/{rel}","templated":true}]}}