{"id":2009,"date":"2024-09-11T08:35:12","date_gmt":"2024-09-11T08:35:12","guid":{"rendered":"https:\/\/gulfcoastlegal.mystaging.dev\/ed-legal\/imigrasyon\/"},"modified":"2025-02-07T17:27:07","modified_gmt":"2025-02-07T17:27:07","slug":"imigrasyon","status":"publish","type":"page","link":"https:\/\/gulfcoastlegal.org\/ht\/ed-legal\/imigrasyon\/","title":{"rendered":"Imigrasyon"},"content":{"rendered":"<section id=\"block_acf-block-67a6426a9464d\" class=\"gcl-block gcl-hero-image alignfull my-12 overflow-hidden\">\n  <div class=\"container flex flex-col lg:flex-row justify-between items-center gap-y-12 gap-x-6\">\n    <div class=\"lg:w-6\/12\">\n      <h1 class=\"\">S&egrave;vis Imigrasyon<\/h1>\n      <div class=\"pr-16 mb-10 lg:mb-14\">\n        <p>GLS se pwogram &egrave;d legal ki bay asistans legal gratis nan ka imigrasyon pou moun ki pa gen anpil revni ki kalifye k ap abite nan G&ograve;lfcoast la. GLS ka okipe kalite ka sa yo pou imigran ki kalifye:<\/p>\n      <\/div>\n\n              <a class=\"btn btn-wide btn-primary\" href=\"https:\/\/glsoi.legalserver.org\/modules\/matter\/extern_intake.php?pid=129&amp;h=daa817&amp;\" target=\"_blank\" title=\"Mande Asistans - Opens in a new window\" rel=\"noopener noreferrer\">\n          Mande Asistans        <\/a>\n          <\/div>\n          <div class=\"lg:w-6\/12 text-right\">\n        <div class=\"decoration-green hero-small\">\n          <img fetchpriority=\"high\" decoding=\"async\" width=\"496\" height=\"496\" src=\"https:\/\/gulfcoastlegal.org\/wp-content\/uploads\/2024\/12\/immigration-png-496x496.webp\" class=\"rounded-lg not-transparent\" alt=\"\" loading=\"eager\" srcset=\"https:\/\/gulfcoastlegal.org\/wp-content\/uploads\/2024\/12\/immigration-png-496x496.webp 496w, https:\/\/gulfcoastlegal.org\/wp-content\/uploads\/2024\/12\/immigration-png-160x160.webp 160w, https:\/\/gulfcoastlegal.org\/wp-content\/uploads\/2024\/12\/immigration-png-136x136.webp 136w, https:\/\/gulfcoastlegal.org\/wp-content\/uploads\/2024\/12\/immigration-png-400x400.webp 400w, https:\/\/gulfcoastlegal.org\/wp-content\/uploads\/2024\/12\/immigration-png-300x300.webp 300w, https:\/\/gulfcoastlegal.org\/wp-content\/uploads\/2024\/12\/immigration-png.webp 500w\" sizes=\"(max-width: 496px) 100vw, 496px\" data-has-transparency=\"false\" data-dominant-color=\"332e75\" style=\"--dominant-color: #332e75;\">        <\/div>\n      <\/div>\n      <\/div>\n<\/section>\n\n\n<section id=\"block_acf-block-67a6426a9e0da\" class=\"gcl-block gcl-cta-white-box-with-media alignfull container my-16 lg:my-32\">\n  <div class=\"box flex flex-col xl:flex-row gap-10 xl:gap-16\">\n    <div class=\"xl:w-7\/12\">\n      <h2 class=\"\">GLS ka ede ou si<\/h2>\n\n              <ul class=\"list-image-checkmark\">\n                      <li>W ap ch&egrave;che azil oswa pwoteksyon kont p&egrave;sekisyon nan peyi ou.<\/li>\n                      <li>Ou bezwen &egrave;d ak imigrasyon fanmi ki baze sou fanmi, tankou reyinifikasyon oswa petisyon.<\/li>\n                      <li>Ou ap f&egrave; fas a dep&ograve;tasyon oswa pwosedi retire ak bezwen reprezantasyon legal.<\/li>\n                      <li>Ou se yon viktim trafik moun oswa l&ograve;t krim epi ou bezwen &egrave;d legal pou jwenn soulajman imigrasyon.<\/li>\n                      <li>Ou dwe sal&egrave; oswa benefis nan men anplway&egrave; w la.<\/li>\n                  <\/ul>\n          <\/div>\n    <div class=\"xl:w-5\/12\">\n              <video controls=\"true\" poster=\"https:\/\/gulfcoastlegal.org\/wp-content\/uploads\/2024\/09\/Screenshot-2024-09-21-205329-496x278.webp\" src=\"https:\/\/gulfcoastlegal.org\/wp-content\/uploads\/2024\/09\/Immigration-GLS.mp4\" class=\"rounded-md mb-10 aspect-video object-cover w-full\">\n        <\/video>\n      \n              <a class=\"btn block btn-primary\" href=\"https:\/\/glsoi.legalserver.org\/modules\/matter\/extern_intake.php?pid=129&amp;h=daa817&amp;\" target=\"_blank\" title=\"Mande Asistans - Opens in a new window\" rel=\"noopener noreferrer\">\n          Mande Asistans        <\/a>\n          <\/div>\n  <\/div>\n<\/section>\n\n\n<section id=\"block_acf-block-67a6426aa5524\" class=\"gcl-block gcl-example-cases alignfull container my-16 lg:my-36\">\n\n  <h2 class=\"mb-4 lg:mb-16 lg:w-8\/12\">GLS ka okipe kalite ka sa yo pou imigran ki kalifye:<\/h2>\n\n  <div class=\"flex flex-col gap-6 xl:flex-row scrollspy\">\n    <div class=\"xl:w-5\/12\">\n      \n              <div class=\"sticky flex-col hidden w-3\/4 gap-4 xl:flex top-12 2xl:w-3\/5\">\n                      <a href=\"#boxblock_acf-block-67a6426aa5524_0\" class=\"btn pill is-active\" data-target=\"0\" role=\"button\">\n              <span class=\"\">Ka vyolans ki gen rap&ograve; ak vyolans domestik<\/span>\n            <\/a>\n                      <a href=\"#boxblock_acf-block-67a6426aa5524_1\" class=\"btn pill \" data-target=\"1\" role=\"button\">\n              <span class=\"\">Retire rezidans kondisyon&egrave;l<\/span>\n            <\/a>\n                      <a href=\"#boxblock_acf-block-67a6426aa5524_2\" class=\"btn pill \" data-target=\"2\" role=\"button\">\n              <span class=\"\">Viza U<\/span>\n            <\/a>\n                      <a href=\"#boxblock_acf-block-67a6426aa5524_3\" class=\"btn pill \" data-target=\"3\" role=\"button\">\n              <span class=\"\">Viza<\/span>\n            <\/a>\n                      <a href=\"#boxblock_acf-block-67a6426aa5524_4\" class=\"btn pill \" data-target=\"4\" role=\"button\">\n              <span class=\"\">&ldquo;Konnen Dwa ou&rdquo; prezantasyon<\/span>\n            <\/a>\n                      <a href=\"#boxblock_acf-block-67a6426aa5524_5\" class=\"btn pill \" data-target=\"5\" role=\"button\">\n              <span class=\"\">Espesyal Imigran espesyal Estati Jenn<\/span>\n            <\/a>\n                  <\/div>\n      \n    <\/div>\n    <div class=\"xl:w-7\/12\">\n                <div class=\"flex flex-col gap-6 px-6 py-8 mb-10 box md:flex-row lg:p-10 lg:gap-10 lg:mb-12 scroll-mt-12\" data-index=\"0\" id=\"boxblock_acf-block-67a6426aa5524_0\">\n                        <div class=\"grow\">\n              <h3 class=\"\">Ka vyolans ki gen rap&ograve; ak vyolans domestik<\/h3>\n\n              <div class=\"lg:columns-1\">\n                <p>Yon mari oswa madanm ki abize oswa yon timoun nan yon rezidan p&egrave;manan legal oswa yon sitwayen Ameriken kapab petisyon pw&ograve;p t&egrave;t ou-petisyon pou estati legal nan Etazini anba Lwa sou Vyolans Kont Fanm (VAWA) san asistans abiz&egrave; li.<\/p>\n              <\/div>\n\n                              <a class=\"mt-10 btn btn-wide btn-primary\" href=\"https:\/\/glsoi.legalserver.org\/modules\/matter\/extern_intake.php?pid=129&amp;h=daa817&amp;\" target=\"_blank\" title=\"Mande Asistans - Opens in a new window\" rel=\"noopener noreferrer\">\n                  Mande Asistans                <\/a>\n                          <\/div>\n          <\/div>\n                <div class=\"flex flex-col gap-6 px-6 py-8 mb-10 box md:flex-row lg:p-10 lg:gap-10 lg:mb-12 scroll-mt-12\" data-index=\"1\" id=\"boxblock_acf-block-67a6426aa5524_1\">\n                        <div class=\"grow\">\n              <h3 class=\"\">Retire rezidans kondisyon&egrave;l<\/h3>\n\n              <div class=\"lg:columns-1\">\n                <p>Yon rezidan p&egrave;manan legal ki gen mari oswa madanm li abize epi yo pa pral kolabore nan retire estati kondisyon&egrave;l la ka mande pou yon egzansyon nan koperasyon yo.<\/p>\n              <\/div>\n\n                              <a class=\"mt-10 btn btn-wide btn-primary\" href=\"https:\/\/glsoi.legalserver.org\/modules\/matter\/extern_intake.php?pid=129&amp;h=daa817&amp;\" target=\"_blank\" title=\"Mande Asistans - Opens in a new window\" rel=\"noopener noreferrer\">\n                  Mande Asistans                <\/a>\n                          <\/div>\n          <\/div>\n                <div class=\"flex flex-col gap-6 px-6 py-8 mb-10 box md:flex-row lg:p-10 lg:gap-10 lg:mb-12 scroll-mt-12\" data-index=\"2\" id=\"boxblock_acf-block-67a6426aa5524_2\">\n                        <div class=\"grow\">\n              <h3 class=\"\">Viza U<\/h3>\n\n              <div class=\"lg:columns-1\">\n                <p>Yon imigran ki te soufri abi sibstansy&egrave;l k&ograve;m rezilta a nan gen yon viktim nan s&egrave;ten aktivite krimin&egrave;l e ki te itil nan envestigasyon an oswa pwosekisyon nan krim sa a ka kalifye pou yon viza U. Estati viza U p&egrave;m&egrave;t viktim vyolans domestik ki pa kapab petisyon pw&ograve;p t&egrave;t ou anba VAWA paske yo pa marye ak abiz&egrave; yo, oswa abiz&egrave; yo se pa yon rezidan p&egrave;manan legal oswa sitwayen Ameriken, pou jwenn estati legal.<\/p>\n              <\/div>\n\n                              <a class=\"mt-10 btn btn-wide btn-primary\" href=\"https:\/\/glsoi.legalserver.org\/modules\/matter\/extern_intake.php?pid=129&amp;h=daa817&amp;\" target=\"_blank\" title=\"Mande Asistans - Opens in a new window\" rel=\"noopener noreferrer\">\n                  Mande Asistans                <\/a>\n                          <\/div>\n          <\/div>\n                <div class=\"flex flex-col gap-6 px-6 py-8 mb-10 box md:flex-row lg:p-10 lg:gap-10 lg:mb-12 scroll-mt-12\" data-index=\"3\" id=\"boxblock_acf-block-67a6426aa5524_3\">\n                        <div class=\"grow\">\n              <h3 class=\"\">Viza<\/h3>\n\n              <div class=\"lg:columns-1\">\n                <p>Viktim trafik an p&egrave;s&ograve;n kapab petisyon pou yon f&ograve;m estati legal Ozetazini rele yon viza T.<\/p>\n              <\/div>\n\n                              <a class=\"mt-10 btn btn-wide btn-primary\" href=\"https:\/\/glsoi.legalserver.org\/modules\/matter\/extern_intake.php?pid=129&amp;h=daa817&amp;\" target=\"_blank\" title=\"Mande Asistans - Opens in a new window\" rel=\"noopener noreferrer\">\n                  Mande Asistans                <\/a>\n                          <\/div>\n          <\/div>\n                <div class=\"flex flex-col gap-6 px-6 py-8 mb-10 box md:flex-row lg:p-10 lg:gap-10 lg:mb-12 scroll-mt-12\" data-index=\"4\" id=\"boxblock_acf-block-67a6426aa5524_4\">\n                        <div class=\"grow\">\n              <h3 class=\"\">&ldquo;Konnen Dwa ou&rdquo; prezantasyon<\/h3>\n\n              <div class=\"lg:columns-1\">\n                <p>GLS disponib, sou demann, bay prezantasyon &ldquo;Konnen Dwa ou&rdquo; nan gwoup lokal yo nan anviw&ograve;nman kote imigran ka santi yo pi al&egrave;z.<\/p>\n              <\/div>\n\n                              <a class=\"mt-10 btn btn-wide btn-primary\" href=\"https:\/\/glsoi.legalserver.org\/modules\/matter\/extern_intake.php?pid=129&amp;h=daa817&amp;\" target=\"_blank\" title=\"Mande Asistans - Opens in a new window\" rel=\"noopener noreferrer\">\n                  Mande Asistans                <\/a>\n                          <\/div>\n          <\/div>\n                <div class=\"flex flex-col gap-6 px-6 py-8 mb-10 box md:flex-row lg:p-10 lg:gap-10 lg:mb-12 scroll-mt-12\" data-index=\"5\" id=\"boxblock_acf-block-67a6426aa5524_5\">\n                        <div class=\"grow\">\n              <h3 class=\"\">Espesyal Imigran espesyal Estati Jenn<\/h3>\n\n              <div class=\"lg:columns-1\">\n                <p>&ldquo;SIJS&rdquo; ka yon opsyon pou abize, abandone oswa neglije timoun ki satisf&egrave; krit&egrave; kalifikasyon yo.<\/p>\n              <\/div>\n\n                              <a class=\"mt-10 btn btn-wide btn-primary\" href=\"https:\/\/glsoi.legalserver.org\/modules\/matter\/extern_intake.php?pid=129&amp;h=daa817&amp;\" target=\"_blank\" title=\"Mande Asistans - Opens in a new window\" rel=\"noopener noreferrer\">\n                  Mande Asistans                <\/a>\n                          <\/div>\n          <\/div>\n          <\/div>\n  <\/div>\n\n<\/section>\n\n\n<section id=\"block_acf-block-67a64206ac451\" class=\"gcl-block gcl-cta-blue alignfull container my-16 lg:my-32\">\n  <div class=\"box bg-primary-100 text-gray-5 px-6 py-8 md:p-12 lg:p-20 xg:py-24 xl:px-52 text-center\">\n\n    <h2 class='text-gray-5'>Chanje lavi ou ak GLS kounye a<\/h2>\n\n    <p>Ou ka aplike pou s\u00e8vis legal 24\/7 atrav\u00e8 f\u00f2m sou ent\u00e8n\u00e8t nou an. Nou pral kontakte ou pou f\u00e8 w konnen si yo te aksepte aplikasyon w lan oswa ou pa. Ka ijans (vyolans domestik ak zaf\u00e8 lojman ijan) yo pral priyorize ak kontakte an premye.  <\/p>\n\n          <a class=\"btn btn-wide btn-primary-inverted\"\n        href=\"https:\/\/glsoi.legalserver.org\/modules\/matter\/extern_intake.php?pid=129&#038;h=daa817&#038;\"\n        target=\"_self\" >\n        Mande Asistans      <\/a>\n    \n  <\/div>\n<\/section>\n\n<section id=\"block_acf-block-675874c0eecaa\" class=\"gcl-block gcl-footer alignfull relative pb-20 lg:pb-28 lg:pt-52\">\n\t<img decoding=\"async\" width=\"1920\" height=\"1197\" src=\"https:\/\/gulfcoastlegal.org\/wp-content\/uploads\/2024\/10\/equal-justice-under-law-1920x1197.webp\" class=\"absolute top-0 bottom-0 left-0 right-0 w-full h-full object-cover object-top hidden lg:block not-transparent\" alt=\"\" loading=\"lazy\" data-has-transparency=\"false\" data-dominant-color=\"afa287\" style=\"--dominant-color: #afa287;\" \/>\t<div class=\"container\">\n\t\t<div class=\"box px-6 py-8 md:p-8 lg:p-14 relative z-10\">\n\n\t\t\t<h2 class=''>Kontakte nou<\/h2>\n\t\t\t<p>Ou ka ranpli aplikasyon yo an p\u00e8s\u00f2n. GLS aksepte mache Lendi jiska vandredi soti nan 9:00 a.m. a 5:00 p.m. Tanpri sonje ke GLS f\u00e8men nan Lendi jiska Jedi soti nan 12:30 p.m. a 1:30 p.m. epi yo pa aksepte mache apre 12:30 p.m. nan Vandredi  <\/p>\n\n\t\t\t\t\t\t\t<div class=\"grid lg:grid-cols-2 xl:grid-cols-4 gap-10 border-t border-gray-40 pt-6\">\n\t\t\t\t\t\t\t\t\t\t\t<div>\n\t\t\t\t\t\t\t\t\t\t\t\t\t\t\t<h3>Biwo Manatee<\/h3>\n\t\t\t\t\t\t\t\t\t\t\t\t\t\t\t\t\t\t\t\t\t\t<div class=\"flex gap-2 mb-3\">\n\t\t\t\t\t\t\t\t\t<img decoding=\"async\" src=\"https:\/\/gulfcoastlegal.org\/wp-content\/themes\/gulfcoastlegal\/dist\/images\/address-pin.svg\" class=\"h-6 w-6\" alt=\"\">\n\t\t\t\t\t\t\t\t\t<p>1112 Manatee Ave E, 2nd Floor, Bradenton, FL 34208<\/p>\n\t\t\t\t\t\t\t\t<\/div>\n\t\t\t\t\t\t\t\t\t\t\t\t\t\t\t\t\t\t\t\t\t\t<div class=\"flex gap-2\">\n\t\t\t\t\t\t\t\t\t<img decoding=\"async\" src=\"https:\/\/gulfcoastlegal.org\/wp-content\/themes\/gulfcoastlegal\/dist\/images\/phone.svg\" class=\"h-6 w-6\" alt=\"\">\n\t\t\t\t\t\t\t\t\t<p>941-746-6151<\/p>\n\t\t\t\t\t\t\t\t<\/div>\n\t\t\t\t\t\t\t\t\t\t\t\t\t<\/div>\n\t\t\t\t\t\t\t\t\t\t\t<div>\n\t\t\t\t\t\t\t\t\t\t\t\t\t\t\t<h3>Pinellas biwo<\/h3>\n\t\t\t\t\t\t\t\t\t\t\t\t\t\t\t\t\t\t\t\t\t\t<div class=\"flex gap-2 mb-3\">\n\t\t\t\t\t\t\t\t\t<img decoding=\"async\" src=\"https:\/\/gulfcoastlegal.org\/wp-content\/themes\/gulfcoastlegal\/dist\/images\/address-pin.svg\" class=\"h-6 w-6\" alt=\"\">\n\t\t\t\t\t\t\t\t\t<p>501 1st Ave N, Suite 420, St. Petersburg, FL 33701<\/p>\n\t\t\t\t\t\t\t\t<\/div>\n\t\t\t\t\t\t\t\t\t\t\t\t\t\t\t\t\t\t\t\t\t\t<div class=\"flex gap-2\">\n\t\t\t\t\t\t\t\t\t<img decoding=\"async\" src=\"https:\/\/gulfcoastlegal.org\/wp-content\/themes\/gulfcoastlegal\/dist\/images\/phone.svg\" class=\"h-6 w-6\" alt=\"\">\n\t\t\t\t\t\t\t\t\t<p>727-821-0726<\/p>\n\t\t\t\t\t\t\t\t<\/div>\n\t\t\t\t\t\t\t\t\t\t\t\t\t<\/div>\n\t\t\t\t\t\t\t\t\t\t\t<div>\n\t\t\t\t\t\t\t\t\t\t\t\t\t\t\t<h3>Biwo Sarasota<\/h3>\n\t\t\t\t\t\t\t\t\t\t\t\t\t\t\t\t\t\t\t\t\t\t<div class=\"flex gap-2 mb-3\">\n\t\t\t\t\t\t\t\t\t<img decoding=\"async\" src=\"https:\/\/gulfcoastlegal.org\/wp-content\/themes\/gulfcoastlegal\/dist\/images\/address-pin.svg\" class=\"h-6 w-6\" alt=\"\">\n\t\t\t\t\t\t\t\t\t<p>250 Tamiami Trail S, Suite 201, Venice, FL 34285<\/p>\n\t\t\t\t\t\t\t\t<\/div>\n\t\t\t\t\t\t\t\t\t\t\t\t\t\t\t\t\t\t\t\t\t\t<div class=\"flex gap-2\">\n\t\t\t\t\t\t\t\t\t<img decoding=\"async\" src=\"https:\/\/gulfcoastlegal.org\/wp-content\/themes\/gulfcoastlegal\/dist\/images\/phone.svg\" class=\"h-6 w-6\" alt=\"\">\n\t\t\t\t\t\t\t\t\t<p>800-230-5920<\/p>\n\t\t\t\t\t\t\t\t<\/div>\n\t\t\t\t\t\t\t\t\t\t\t\t\t<\/div>\n\t\t\t\t\t\t\t\t\t\t\t<div>\n\t\t\t\t\t\t\t\t\t\t\t\t\t\t\t<h3>Biwo Wimauma<\/h3>\n\t\t\t\t\t\t\t\t\t\t\t\t\t\t\t\t\t\t\t\t\t\t<div class=\"flex gap-2 mb-3\">\n\t\t\t\t\t\t\t\t\t<img decoding=\"async\" src=\"https:\/\/gulfcoastlegal.org\/wp-content\/themes\/gulfcoastlegal\/dist\/images\/address-pin.svg\" class=\"h-6 w-6\" alt=\"\">\n\t\t\t\t\t\t\t\t\t<p>*next to Beth-El Ministries, 18238 US-301S, Wimauma, FL 33598<\/p>\n\t\t\t\t\t\t\t\t<\/div>\n\t\t\t\t\t\t\t\t\t\t\t\t\t\t\t\t\t\t\t\t\t\t<div class=\"flex gap-2\">\n\t\t\t\t\t\t\t\t\t<img decoding=\"async\" src=\"https:\/\/gulfcoastlegal.org\/wp-content\/themes\/gulfcoastlegal\/dist\/images\/phone.svg\" class=\"h-6 w-6\" alt=\"\">\n\t\t\t\t\t\t\t\t\t<p>727-821-0726<\/p>\n\t\t\t\t\t\t\t\t<\/div>\n\t\t\t\t\t\t\t\t\t\t\t\t\t<\/div>\n\t\t\t\t\t\t\t\t\t<\/div>\n\t\t\t\t\t<\/div>\n\t<\/div>\n<\/section>\n","protected":false},"excerpt":{"rendered":"","protected":false},"author":2,"featured_media":0,"parent":1810,"menu_order":0,"comment_status":"closed","ping_status":"closed","template":"","meta":{"_acf_changed":false,"footnotes":""},"class_list":["post-2009","page","type-page","status-publish","hentry"],"acf":[],"yoast_head":"<!-- This site is optimized with the Yoast SEO plugin v25.9 - https:\/\/yoast.com\/wordpress\/plugins\/seo\/ -->\n<title>Imigrasyon - Gulf Coast Legal<\/title>\n<meta name=\"robots\" content=\"index, follow, max-snippet:-1, max-image-preview:large, max-video-preview:-1\" \/>\n<link rel=\"canonical\" href=\"https:\/\/gulfcoastlegal.org\/ht\/ed-legal\/imigrasyon\/\" \/>\n<meta property=\"og:locale\" content=\"ht_HT\" \/>\n<meta property=\"og:type\" content=\"article\" \/>\n<meta property=\"og:title\" content=\"Imigrasyon - Gulf Coast Legal\" \/>\n<meta property=\"og:url\" content=\"https:\/\/gulfcoastlegal.org\/ht\/ed-legal\/imigrasyon\/\" \/>\n<meta property=\"og:site_name\" content=\"Gulf Coast Legal\" \/>\n<meta property=\"article:publisher\" content=\"https:\/\/www.facebook.com\/GulfcoastLegalServices\/\" \/>\n<meta property=\"article:modified_time\" content=\"2025-02-07T17:27:07+00:00\" \/>\n<meta name=\"twitter:card\" content=\"summary_large_image\" \/>\n<script type=\"application\/ld+json\" class=\"yoast-schema-graph\">{\"@context\":\"https:\/\/schema.org\",\"@graph\":[{\"@type\":\"WebPage\",\"@id\":\"https:\/\/gulfcoastlegal.org\/ht\/ed-legal\/imigrasyon\/\",\"url\":\"https:\/\/gulfcoastlegal.org\/ht\/ed-legal\/imigrasyon\/\",\"name\":\"Imigrasyon - Gulf Coast Legal\",\"isPartOf\":{\"@id\":\"https:\/\/gulfcoastlegal.org\/#website\"},\"datePublished\":\"2024-09-11T08:35:12+00:00\",\"dateModified\":\"2025-02-07T17:27:07+00:00\",\"breadcrumb\":{\"@id\":\"https:\/\/gulfcoastlegal.org\/ht\/ed-legal\/imigrasyon\/#breadcrumb\"},\"inLanguage\":\"ht-HT\",\"potentialAction\":[{\"@type\":\"ReadAction\",\"target\":[\"https:\/\/gulfcoastlegal.org\/ht\/ed-legal\/imigrasyon\/\"]}]},{\"@type\":\"BreadcrumbList\",\"@id\":\"https:\/\/gulfcoastlegal.org\/ht\/ed-legal\/imigrasyon\/#breadcrumb\",\"itemListElement\":[{\"@type\":\"ListItem\",\"position\":1,\"name\":\"\u00c8d Legal\",\"item\":\"https:\/\/gulfcoastlegal.org\/ht\/ed-legal\/\"},{\"@type\":\"ListItem\",\"position\":2,\"name\":\"Imigrasyon\"}]},{\"@type\":\"WebSite\",\"@id\":\"https:\/\/gulfcoastlegal.org\/#website\",\"url\":\"https:\/\/gulfcoastlegal.org\/\",\"name\":\"Gulf Coast Legal\",\"description\":\"\",\"publisher\":{\"@id\":\"https:\/\/gulfcoastlegal.org\/#organization\"},\"potentialAction\":[{\"@type\":\"SearchAction\",\"target\":{\"@type\":\"EntryPoint\",\"urlTemplate\":\"https:\/\/gulfcoastlegal.org\/?s={search_term_string}\"},\"query-input\":{\"@type\":\"PropertyValueSpecification\",\"valueRequired\":true,\"valueName\":\"search_term_string\"}}],\"inLanguage\":\"ht-HT\"},{\"@type\":\"Organization\",\"@id\":\"https:\/\/gulfcoastlegal.org\/#organization\",\"name\":\"Gulf Coast Legal\",\"url\":\"https:\/\/gulfcoastlegal.org\/\",\"logo\":{\"@type\":\"ImageObject\",\"inLanguage\":\"ht-HT\",\"@id\":\"https:\/\/gulfcoastlegal.org\/#\/schema\/logo\/image\/\",\"url\":\"https:\/\/gulfcoastlegal.org\/wp-content\/uploads\/2024\/09\/gulfcoast-legal-services-logo.svg\",\"contentUrl\":\"https:\/\/gulfcoastlegal.org\/wp-content\/uploads\/2024\/09\/gulfcoast-legal-services-logo.svg\",\"width\":200,\"height\":60,\"caption\":\"Gulf Coast Legal\"},\"image\":{\"@id\":\"https:\/\/gulfcoastlegal.org\/#\/schema\/logo\/image\/\"},\"sameAs\":[\"https:\/\/www.facebook.com\/GulfcoastLegalServices\/\",\"https:\/\/www.instagram.com\/gulfcoast_legal_services\/\",\"https:\/\/www.indeed.com\/cmp\/Gulfcoast-Legal-Services-1\"]}]}<\/script>\n<!-- \/ Yoast SEO plugin. -->","yoast_head_json":{"title":"Imigrasyon - Gulf Coast Legal","robots":{"index":"index","follow":"follow","max-snippet":"max-snippet:-1","max-image-preview":"max-image-preview:large","max-video-preview":"max-video-preview:-1"},"canonical":"https:\/\/gulfcoastlegal.org\/ht\/ed-legal\/imigrasyon\/","og_locale":"ht_HT","og_type":"article","og_title":"Imigrasyon - Gulf Coast Legal","og_url":"https:\/\/gulfcoastlegal.org\/ht\/ed-legal\/imigrasyon\/","og_site_name":"Gulf Coast Legal","article_publisher":"https:\/\/www.facebook.com\/GulfcoastLegalServices\/","article_modified_time":"2025-02-07T17:27:07+00:00","twitter_card":"summary_large_image","schema":{"@context":"https:\/\/schema.org","@graph":[{"@type":"WebPage","@id":"https:\/\/gulfcoastlegal.org\/ht\/ed-legal\/imigrasyon\/","url":"https:\/\/gulfcoastlegal.org\/ht\/ed-legal\/imigrasyon\/","name":"Imigrasyon - Gulf Coast Legal","isPartOf":{"@id":"https:\/\/gulfcoastlegal.org\/#website"},"datePublished":"2024-09-11T08:35:12+00:00","dateModified":"2025-02-07T17:27:07+00:00","breadcrumb":{"@id":"https:\/\/gulfcoastlegal.org\/ht\/ed-legal\/imigrasyon\/#breadcrumb"},"inLanguage":"ht-HT","potentialAction":[{"@type":"ReadAction","target":["https:\/\/gulfcoastlegal.org\/ht\/ed-legal\/imigrasyon\/"]}]},{"@type":"BreadcrumbList","@id":"https:\/\/gulfcoastlegal.org\/ht\/ed-legal\/imigrasyon\/#breadcrumb","itemListElement":[{"@type":"ListItem","position":1,"name":"\u00c8d Legal","item":"https:\/\/gulfcoastlegal.org\/ht\/ed-legal\/"},{"@type":"ListItem","position":2,"name":"Imigrasyon"}]},{"@type":"WebSite","@id":"https:\/\/gulfcoastlegal.org\/#website","url":"https:\/\/gulfcoastlegal.org\/","name":"Gulf Coast Legal","description":"","publisher":{"@id":"https:\/\/gulfcoastlegal.org\/#organization"},"potentialAction":[{"@type":"SearchAction","target":{"@type":"EntryPoint","urlTemplate":"https:\/\/gulfcoastlegal.org\/?s={search_term_string}"},"query-input":{"@type":"PropertyValueSpecification","valueRequired":true,"valueName":"search_term_string"}}],"inLanguage":"ht-HT"},{"@type":"Organization","@id":"https:\/\/gulfcoastlegal.org\/#organization","name":"Gulf Coast Legal","url":"https:\/\/gulfcoastlegal.org\/","logo":{"@type":"ImageObject","inLanguage":"ht-HT","@id":"https:\/\/gulfcoastlegal.org\/#\/schema\/logo\/image\/","url":"https:\/\/gulfcoastlegal.org\/wp-content\/uploads\/2024\/09\/gulfcoast-legal-services-logo.svg","contentUrl":"https:\/\/gulfcoastlegal.org\/wp-content\/uploads\/2024\/09\/gulfcoast-legal-services-logo.svg","width":200,"height":60,"caption":"Gulf Coast Legal"},"image":{"@id":"https:\/\/gulfcoastlegal.org\/#\/schema\/logo\/image\/"},"sameAs":["https:\/\/www.facebook.com\/GulfcoastLegalServices\/","https:\/\/www.instagram.com\/gulfcoast_legal_services\/","https:\/\/www.indeed.com\/cmp\/Gulfcoast-Legal-Services-1"]}]}},"_links":{"self":[{"href":"https:\/\/gulfcoastlegal.org\/ht\/wp-json\/wp\/v2\/pages\/2009","targetHints":{"allow":["GET"]}}],"collection":[{"href":"https:\/\/gulfcoastlegal.org\/ht\/wp-json\/wp\/v2\/pages"}],"about":[{"href":"https:\/\/gulfcoastlegal.org\/ht\/wp-json\/wp\/v2\/types\/page"}],"author":[{"embeddable":true,"href":"https:\/\/gulfcoastlegal.org\/ht\/wp-json\/wp\/v2\/users\/2"}],"replies":[{"embeddable":true,"href":"https:\/\/gulfcoastlegal.org\/ht\/wp-json\/wp\/v2\/comments?post=2009"}],"version-history":[{"count":0,"href":"https:\/\/gulfcoastlegal.org\/ht\/wp-json\/wp\/v2\/pages\/2009\/revisions"}],"up":[{"embeddable":true,"href":"https:\/\/gulfcoastlegal.org\/ht\/wp-json\/wp\/v2\/pages\/1810"}],"wp:attachment":[{"href":"https:\/\/gulfcoastlegal.org\/ht\/wp-json\/wp\/v2\/media?parent=2009"}],"curies":[{"name":"wp","href":"https:\/\/api.w.org\/{rel}","templated":true}]}}