{"id":2023,"date":"2024-09-11T08:35:37","date_gmt":"2024-09-11T08:35:37","guid":{"rendered":"https:\/\/gulfcoastlegal.mystaging.dev\/ed-legal\/estabilite-lojman\/"},"modified":"2025-02-07T17:26:26","modified_gmt":"2025-02-07T17:26:26","slug":"estabilite-lojman","status":"publish","type":"page","link":"https:\/\/gulfcoastlegal.org\/ht\/ed-legal\/estabilite-lojman\/","title":{"rendered":"Estabilite lojman"},"content":{"rendered":"<section id=\"block_acf-block-67a64241e0ec5\" class=\"gcl-block gcl-hero-image alignfull my-12 overflow-hidden\">\n  <div class=\"container flex flex-col lg:flex-row justify-between items-center gap-y-12 gap-x-6\">\n    <div class=\"lg:w-6\/12\">\n      <h1 class=\"\">Asistans estabilite pou &egrave;stabilite pou kay<\/h1>\n      <div class=\"pr-16 mb-10 lg:mb-14\">\n        <p><span dir=\"ltr\" role=\"presentation\">GLS bay asistans legal <\/span><span dir=\"ltr\" role=\"presentation\">pou yon pak&egrave;t dom&egrave;n pwobl&egrave;m lojman, ki gen ladan deg&egrave;pisman ak defans sezi, diskisyon lojman <\/span><span dir=\"ltr\" role=\"presentation\">jis, ak konfli ki enplike pak kay mobil, kondo, asosyasyon pwopriyet&egrave; kay, pwopriyet&egrave; pwopriyete<\/span><span dir=\"ltr\" role=\"presentation\">, ak p&ograve;s-deg&egrave;pisman oswa <\/span><span dir=\"ltr\" role=\"presentation\">zaf&egrave;<\/span> sezi.<\/p>\n      <\/div>\n\n              <a class=\"btn btn-wide btn-primary\" href=\"https:\/\/glsoi.legalserver.org\/modules\/matter\/extern_intake.php?pid=129&amp;h=daa817&amp;\" target=\"_blank\" title=\"Mande Asistans - Opens in a new window\" rel=\"noopener noreferrer\">\n          Mande Asistans        <\/a>\n          <\/div>\n          <div class=\"lg:w-6\/12 text-right\">\n        <div class=\"decoration-blue hero-small\">\n          <img fetchpriority=\"high\" decoding=\"async\" width=\"496\" height=\"496\" src=\"https:\/\/gulfcoastlegal.org\/wp-content\/uploads\/2024\/12\/housing-png-496x496.webp\" class=\"rounded-lg not-transparent\" alt=\"\" loading=\"eager\" srcset=\"https:\/\/gulfcoastlegal.org\/wp-content\/uploads\/2024\/12\/housing-png-496x496.webp 496w, https:\/\/gulfcoastlegal.org\/wp-content\/uploads\/2024\/12\/housing-png-160x160.webp 160w, https:\/\/gulfcoastlegal.org\/wp-content\/uploads\/2024\/12\/housing-png-136x136.webp 136w, https:\/\/gulfcoastlegal.org\/wp-content\/uploads\/2024\/12\/housing-png-400x400.webp 400w, https:\/\/gulfcoastlegal.org\/wp-content\/uploads\/2024\/12\/housing-png-300x300.webp 300w, https:\/\/gulfcoastlegal.org\/wp-content\/uploads\/2024\/12\/housing-png.webp 500w\" sizes=\"(max-width: 496px) 100vw, 496px\" data-has-transparency=\"false\" data-dominant-color=\"2f2a73\" style=\"--dominant-color: #2f2a73;\">        <\/div>\n      <\/div>\n      <\/div>\n<\/section>\n\n\n<section id=\"block_acf-block-67a64241e90fa\" class=\"gcl-block gcl-cta-white-box-with-media alignfull container my-16 lg:my-32\">\n  <div class=\"box flex flex-col xl:flex-row gap-10 xl:gap-16\">\n    <div class=\"xl:w-7\/12\">\n      <h2 class=\"\">GLS ka ede ou si<\/h2>\n\n              <ul class=\"list-image-checkmark\">\n                      <li>m&egrave;t kay la refize f&egrave; reparasyon ki neses&egrave; nan pwopriyete lokasyon ou a asire sekirite ou ak sekirite, GLS ka ent&egrave;vni.<\/li>\n                      <li>yo te refize lojman oswa trete enjistis akoz laj ou, ras, relijyon, eta marital \/ fanmi, oswa andikap, GLS ka ede. Nou aplike lwa lojman jis atrav&egrave; pwosesis legal la.<\/li>\n                      <li>M&egrave;t kay ou a angaje nan konduit ent&egrave;di (tankou f&egrave;men ou soti oswa gen elektrisite a oswa dlo f&egrave;men pou f&egrave; ou kite) nan kou a nan yon deg&egrave;pisman, GLS ka kapab retade pwosesis deg&egrave;pisman an oswa sispann li tout ansanm.<\/li>\n                  <\/ul>\n          <\/div>\n    <div class=\"xl:w-5\/12\">\n              <video controls=\"true\" poster=\"https:\/\/gulfcoastlegal.org\/wp-content\/uploads\/2024\/09\/Screenshot-2024-09-21-202439-496x278.webp\" src=\"https:\/\/gulfcoastlegal.org\/wp-content\/uploads\/2024\/09\/Housing-GLS.mp4\" class=\"rounded-md mb-10 aspect-video object-cover w-full\">\n        <\/video>\n      \n              <a class=\"btn block btn-primary\" href=\"https:\/\/glsoi.legalserver.org\/modules\/matter\/extern_intake.php?pid=129&amp;h=daa817&amp;\" target=\"_blank\" title=\"Mande Asistans - Opens in a new window\" rel=\"noopener noreferrer\">\n          Mande Asistans        <\/a>\n          <\/div>\n  <\/div>\n<\/section>\n\n\n<section id=\"block_acf-block-67a64241e9156\" class=\"gcl-block gcl-text alignfull container my-16\">\n\t<div class=\"lg:w-10\/12\">\n\t\t\t\t\t\t\t<p class=\"h4 overflow-hidden mb-6\">GLS ofri kons\u00e8y eksp\u00e8 ak sip\u00f2 pou ede ou reyalize sekirite lojman pandan moman difisil. Kalite ka sa yo ka okipe:<\/p>\n\t\t\t<\/div>\n\n\t<div class=\"lg:w-8\/12\">\n\t\t<ul>\n<li>Predat\u00e8 Predat\u00e8 Predat\u00e8<\/li>\n<li>Diskriminasyon lojman \/ Lojman san Patipri<\/li>\n<li>Deg\u00e8kilte<\/li>\n<li>Sezi<\/li>\n<li>Pwopriyet\u00e8\/ Tenant Diskisyon<\/li>\n<li>Zaf\u00e8 Lojman sibvansyone<\/li>\n<li>Prez\u00e8vasyon lojman piblik oswa prez\u00e8vasyon lojman sibvansyone<\/li>\n<li>Seksyon 8 Lojman<\/li>\n<li>Defans pak defans mobil<\/li>\n<li>Pak Kay Mobil f\u00e8men<\/li>\n<\/ul>\n<p><small>S\u00e8vis Lojman GLS yo finanse an pati pa pwogram Devlopman Kominot\u00e8 Manatee County Block Grant.<\/small><\/p>\n\t<\/div>\n<\/section>\n\n\n<section id=\"block_acf-block-67a64241e917f\" class=\"gcl-block gcl-handbooks alignfull container my-16 lg:my-40\">\n\t<h2 class=\"mb-10 lg:mb-14\">Tcheke many&egrave;l nou yo<\/h2>\n\t\t\t<div class=\"grid md:grid-cols-3 gap-6 \">\n\t\t\t\n\n\t\t\t\t<div class=\"box px-6 py-8 lg:p-8 flex flex-col items-center text-center\">\n\t\t\t\t\t\t\t\t\t\t\t<a class=\"flex flex-col items-center text-center no-underline text-gray-80 hover:text-gray-80\" href=\"https:\/\/gulfcoastlegal.org\/wp-content\/uploads\/2024\/09\/GLS-Tenants-Handbook-2022-UPDATE.pdf\" target=\"_blank\" title=\"Download PDF in a new window: Lokal many&egrave;l\" rel=\"noopener noreferrer\">\n\t\t\t\t\t\n\t\t\t\t\t\t\t\t\t\t\t\t\t\t\t\t\t\t\t<img loading=\"lazy\" decoding=\"async\" width=\"518\" height=\"783\" src=\"https:\/\/gulfcoastlegal.org\/wp-content\/uploads\/2024\/09\/tenant-handbook-cover-png.webp\" class=\"rounded-sm w-36 h-auto mb-6 not-transparent\" alt=\"\" data-has-transparency=\"false\" data-dominant-color=\"baa99a\" style=\"--dominant-color: #baa99a;\">\t\t\t\t\t\t\n\t\t\t\t\t\t\t\t\t\t\t\t\t<h3 class=\"mb-1.5\">Lokal many&egrave;l<\/h3>\n\t\t\t\t\t\t\n\t\t\t\t\t\t\t\t\t\t\t<\/a>\n\t\t\t\t\t\n\t\t\t\t\tPou kons&egrave;y m&egrave;t kay jeneral\n\t\t\t\t<\/div>\n\t\t\t\n\n\t\t\t\t<div class=\"box px-6 py-8 lg:p-8 flex flex-col items-center text-center\">\n\t\t\t\t\t\t\t\t\t\t\t<a class=\"flex flex-col items-center text-center no-underline text-gray-80 hover:text-gray-80\" href=\"https:\/\/gulfcoastlegal.org\/wp-content\/uploads\/2024\/09\/Fair-Housing-Handbook-2022-UPDATE.pdf\" target=\"_blank\" title=\"Download PDF in a new window: Many&egrave;l many&egrave;l lojman san Patipri\" rel=\"noopener noreferrer\">\n\t\t\t\t\t\n\t\t\t\t\t\t\t\t\t\t\t\t\t\t\t\t\t\t\t<img loading=\"lazy\" decoding=\"async\" width=\"471\" height=\"724\" src=\"https:\/\/gulfcoastlegal.org\/wp-content\/uploads\/2024\/09\/fair-housing-handbook-covver-png.webp\" class=\"rounded-sm w-36 h-auto mb-6 not-transparent\" alt=\"\" data-has-transparency=\"false\" data-dominant-color=\"ab9989\" style=\"--dominant-color: #ab9989;\">\t\t\t\t\t\t\n\t\t\t\t\t\t\t\t\t\t\t\t\t<h3 class=\"mb-1.5\">Many&egrave;l many&egrave;l lojman san Patipri<\/h3>\n\t\t\t\t\t\t\n\t\t\t\t\t\t\t\t\t\t\t<\/a>\n\t\t\t\t\t\n\t\t\t\t\tPou enf&ograve;masyon lojman ki jis\n\t\t\t\t<\/div>\n\t\t\t\t\t<\/div>\n\t<\/section>\n\n\n<section id=\"block_acf-block-67a64206ac451\" class=\"gcl-block gcl-cta-blue alignfull container my-16 lg:my-32\">\n  <div class=\"box bg-primary-100 text-gray-5 px-6 py-8 md:p-12 lg:p-20 xg:py-24 xl:px-52 text-center\">\n\n    <h2 class='text-gray-5'>Chanje lavi ou ak GLS kounye a<\/h2>\n\n    <p>Ou ka aplike pou s\u00e8vis legal 24\/7 atrav\u00e8 f\u00f2m sou ent\u00e8n\u00e8t nou an. Nou pral kontakte ou pou f\u00e8 w konnen si yo te aksepte aplikasyon w lan oswa ou pa. Ka ijans (vyolans domestik ak zaf\u00e8 lojman ijan) yo pral priyorize ak kontakte an premye.  <\/p>\n\n          <a class=\"btn btn-wide btn-primary-inverted\"\n        href=\"https:\/\/glsoi.legalserver.org\/modules\/matter\/extern_intake.php?pid=129&#038;h=daa817&#038;\"\n        target=\"_self\" >\n        Mande Asistans      <\/a>\n    \n  <\/div>\n<\/section>\n\n<section id=\"block_acf-block-675874c0eecaa\" class=\"gcl-block gcl-footer alignfull relative pb-20 lg:pb-28 lg:pt-52\">\n\t<img decoding=\"async\" width=\"1920\" height=\"1197\" src=\"https:\/\/gulfcoastlegal.org\/wp-content\/uploads\/2024\/10\/equal-justice-under-law-1920x1197.webp\" class=\"absolute top-0 bottom-0 left-0 right-0 w-full h-full object-cover object-top hidden lg:block not-transparent\" alt=\"\" loading=\"lazy\" data-has-transparency=\"false\" data-dominant-color=\"afa287\" style=\"--dominant-color: #afa287;\" \/>\t<div class=\"container\">\n\t\t<div class=\"box px-6 py-8 md:p-8 lg:p-14 relative z-10\">\n\n\t\t\t<h2 class=''>Kontakte nou<\/h2>\n\t\t\t<p>Ou ka ranpli aplikasyon yo an p\u00e8s\u00f2n. GLS aksepte mache Lendi jiska vandredi soti nan 9:00 a.m. a 5:00 p.m. Tanpri sonje ke GLS f\u00e8men nan Lendi jiska Jedi soti nan 12:30 p.m. a 1:30 p.m. epi yo pa aksepte mache apre 12:30 p.m. nan Vandredi  <\/p>\n\n\t\t\t\t\t\t\t<div class=\"grid lg:grid-cols-2 xl:grid-cols-4 gap-10 border-t border-gray-40 pt-6\">\n\t\t\t\t\t\t\t\t\t\t\t<div>\n\t\t\t\t\t\t\t\t\t\t\t\t\t\t\t<h3>Biwo Manatee<\/h3>\n\t\t\t\t\t\t\t\t\t\t\t\t\t\t\t\t\t\t\t\t\t\t<div class=\"flex gap-2 mb-3\">\n\t\t\t\t\t\t\t\t\t<img decoding=\"async\" src=\"https:\/\/gulfcoastlegal.org\/wp-content\/themes\/gulfcoastlegal\/dist\/images\/address-pin.svg\" class=\"h-6 w-6\" alt=\"\">\n\t\t\t\t\t\t\t\t\t<p>1112 Manatee Ave E, 2nd Floor, Bradenton, FL 34208<\/p>\n\t\t\t\t\t\t\t\t<\/div>\n\t\t\t\t\t\t\t\t\t\t\t\t\t\t\t\t\t\t\t\t\t\t<div class=\"flex gap-2\">\n\t\t\t\t\t\t\t\t\t<img decoding=\"async\" src=\"https:\/\/gulfcoastlegal.org\/wp-content\/themes\/gulfcoastlegal\/dist\/images\/phone.svg\" class=\"h-6 w-6\" alt=\"\">\n\t\t\t\t\t\t\t\t\t<p>941-746-6151<\/p>\n\t\t\t\t\t\t\t\t<\/div>\n\t\t\t\t\t\t\t\t\t\t\t\t\t<\/div>\n\t\t\t\t\t\t\t\t\t\t\t<div>\n\t\t\t\t\t\t\t\t\t\t\t\t\t\t\t<h3>Pinellas biwo<\/h3>\n\t\t\t\t\t\t\t\t\t\t\t\t\t\t\t\t\t\t\t\t\t\t<div class=\"flex gap-2 mb-3\">\n\t\t\t\t\t\t\t\t\t<img decoding=\"async\" src=\"https:\/\/gulfcoastlegal.org\/wp-content\/themes\/gulfcoastlegal\/dist\/images\/address-pin.svg\" class=\"h-6 w-6\" alt=\"\">\n\t\t\t\t\t\t\t\t\t<p>501 1st Ave N, Suite 420, St. Petersburg, FL 33701<\/p>\n\t\t\t\t\t\t\t\t<\/div>\n\t\t\t\t\t\t\t\t\t\t\t\t\t\t\t\t\t\t\t\t\t\t<div class=\"flex gap-2\">\n\t\t\t\t\t\t\t\t\t<img decoding=\"async\" src=\"https:\/\/gulfcoastlegal.org\/wp-content\/themes\/gulfcoastlegal\/dist\/images\/phone.svg\" class=\"h-6 w-6\" alt=\"\">\n\t\t\t\t\t\t\t\t\t<p>727-821-0726<\/p>\n\t\t\t\t\t\t\t\t<\/div>\n\t\t\t\t\t\t\t\t\t\t\t\t\t<\/div>\n\t\t\t\t\t\t\t\t\t\t\t<div>\n\t\t\t\t\t\t\t\t\t\t\t\t\t\t\t<h3>Biwo Sarasota<\/h3>\n\t\t\t\t\t\t\t\t\t\t\t\t\t\t\t\t\t\t\t\t\t\t<div class=\"flex gap-2 mb-3\">\n\t\t\t\t\t\t\t\t\t<img decoding=\"async\" src=\"https:\/\/gulfcoastlegal.org\/wp-content\/themes\/gulfcoastlegal\/dist\/images\/address-pin.svg\" class=\"h-6 w-6\" alt=\"\">\n\t\t\t\t\t\t\t\t\t<p>250 Tamiami Trail S, Suite 201, Venice, FL 34285<\/p>\n\t\t\t\t\t\t\t\t<\/div>\n\t\t\t\t\t\t\t\t\t\t\t\t\t\t\t\t\t\t\t\t\t\t<div class=\"flex gap-2\">\n\t\t\t\t\t\t\t\t\t<img decoding=\"async\" src=\"https:\/\/gulfcoastlegal.org\/wp-content\/themes\/gulfcoastlegal\/dist\/images\/phone.svg\" class=\"h-6 w-6\" alt=\"\">\n\t\t\t\t\t\t\t\t\t<p>800-230-5920<\/p>\n\t\t\t\t\t\t\t\t<\/div>\n\t\t\t\t\t\t\t\t\t\t\t\t\t<\/div>\n\t\t\t\t\t\t\t\t\t\t\t<div>\n\t\t\t\t\t\t\t\t\t\t\t\t\t\t\t<h3>Biwo Wimauma<\/h3>\n\t\t\t\t\t\t\t\t\t\t\t\t\t\t\t\t\t\t\t\t\t\t<div class=\"flex gap-2 mb-3\">\n\t\t\t\t\t\t\t\t\t<img decoding=\"async\" src=\"https:\/\/gulfcoastlegal.org\/wp-content\/themes\/gulfcoastlegal\/dist\/images\/address-pin.svg\" class=\"h-6 w-6\" alt=\"\">\n\t\t\t\t\t\t\t\t\t<p>*next to Beth-El Ministries, 18238 US-301S, Wimauma, FL 33598<\/p>\n\t\t\t\t\t\t\t\t<\/div>\n\t\t\t\t\t\t\t\t\t\t\t\t\t\t\t\t\t\t\t\t\t\t<div class=\"flex gap-2\">\n\t\t\t\t\t\t\t\t\t<img decoding=\"async\" src=\"https:\/\/gulfcoastlegal.org\/wp-content\/themes\/gulfcoastlegal\/dist\/images\/phone.svg\" class=\"h-6 w-6\" alt=\"\">\n\t\t\t\t\t\t\t\t\t<p>727-821-0726<\/p>\n\t\t\t\t\t\t\t\t<\/div>\n\t\t\t\t\t\t\t\t\t\t\t\t\t<\/div>\n\t\t\t\t\t\t\t\t\t<\/div>\n\t\t\t\t\t<\/div>\n\t<\/div>\n<\/section>\n","protected":false},"excerpt":{"rendered":"","protected":false},"author":2,"featured_media":0,"parent":1810,"menu_order":0,"comment_status":"closed","ping_status":"closed","template":"","meta":{"_acf_changed":false,"footnotes":""},"class_list":["post-2023","page","type-page","status-publish","hentry"],"acf":[],"yoast_head":"<!-- This site is optimized with the Yoast SEO plugin v25.9 - https:\/\/yoast.com\/wordpress\/plugins\/seo\/ -->\n<title>Estabilite lojman - Gulf Coast Legal<\/title>\n<meta name=\"robots\" content=\"index, follow, max-snippet:-1, max-image-preview:large, max-video-preview:-1\" \/>\n<link rel=\"canonical\" href=\"https:\/\/gulfcoastlegal.org\/ht\/ed-legal\/estabilite-lojman\/\" \/>\n<meta property=\"og:locale\" content=\"ht_HT\" \/>\n<meta property=\"og:type\" content=\"article\" \/>\n<meta property=\"og:title\" content=\"Estabilite lojman - Gulf Coast Legal\" \/>\n<meta property=\"og:url\" content=\"https:\/\/gulfcoastlegal.org\/ht\/ed-legal\/estabilite-lojman\/\" \/>\n<meta property=\"og:site_name\" content=\"Gulf Coast Legal\" \/>\n<meta property=\"article:publisher\" content=\"https:\/\/www.facebook.com\/GulfcoastLegalServices\/\" \/>\n<meta property=\"article:modified_time\" content=\"2025-02-07T17:26:26+00:00\" \/>\n<meta name=\"twitter:card\" content=\"summary_large_image\" \/>\n<script type=\"application\/ld+json\" class=\"yoast-schema-graph\">{\"@context\":\"https:\/\/schema.org\",\"@graph\":[{\"@type\":\"WebPage\",\"@id\":\"https:\/\/gulfcoastlegal.org\/ht\/ed-legal\/estabilite-lojman\/\",\"url\":\"https:\/\/gulfcoastlegal.org\/ht\/ed-legal\/estabilite-lojman\/\",\"name\":\"Estabilite lojman - Gulf Coast Legal\",\"isPartOf\":{\"@id\":\"https:\/\/gulfcoastlegal.org\/#website\"},\"datePublished\":\"2024-09-11T08:35:37+00:00\",\"dateModified\":\"2025-02-07T17:26:26+00:00\",\"breadcrumb\":{\"@id\":\"https:\/\/gulfcoastlegal.org\/ht\/ed-legal\/estabilite-lojman\/#breadcrumb\"},\"inLanguage\":\"ht-HT\",\"potentialAction\":[{\"@type\":\"ReadAction\",\"target\":[\"https:\/\/gulfcoastlegal.org\/ht\/ed-legal\/estabilite-lojman\/\"]}]},{\"@type\":\"BreadcrumbList\",\"@id\":\"https:\/\/gulfcoastlegal.org\/ht\/ed-legal\/estabilite-lojman\/#breadcrumb\",\"itemListElement\":[{\"@type\":\"ListItem\",\"position\":1,\"name\":\"\u00c8d Legal\",\"item\":\"https:\/\/gulfcoastlegal.org\/ht\/ed-legal\/\"},{\"@type\":\"ListItem\",\"position\":2,\"name\":\"Estabilite lojman\"}]},{\"@type\":\"WebSite\",\"@id\":\"https:\/\/gulfcoastlegal.org\/#website\",\"url\":\"https:\/\/gulfcoastlegal.org\/\",\"name\":\"Gulf Coast Legal\",\"description\":\"\",\"publisher\":{\"@id\":\"https:\/\/gulfcoastlegal.org\/#organization\"},\"potentialAction\":[{\"@type\":\"SearchAction\",\"target\":{\"@type\":\"EntryPoint\",\"urlTemplate\":\"https:\/\/gulfcoastlegal.org\/?s={search_term_string}\"},\"query-input\":{\"@type\":\"PropertyValueSpecification\",\"valueRequired\":true,\"valueName\":\"search_term_string\"}}],\"inLanguage\":\"ht-HT\"},{\"@type\":\"Organization\",\"@id\":\"https:\/\/gulfcoastlegal.org\/#organization\",\"name\":\"Gulf Coast Legal\",\"url\":\"https:\/\/gulfcoastlegal.org\/\",\"logo\":{\"@type\":\"ImageObject\",\"inLanguage\":\"ht-HT\",\"@id\":\"https:\/\/gulfcoastlegal.org\/#\/schema\/logo\/image\/\",\"url\":\"https:\/\/gulfcoastlegal.org\/wp-content\/uploads\/2024\/09\/gulfcoast-legal-services-logo.svg\",\"contentUrl\":\"https:\/\/gulfcoastlegal.org\/wp-content\/uploads\/2024\/09\/gulfcoast-legal-services-logo.svg\",\"width\":200,\"height\":60,\"caption\":\"Gulf Coast Legal\"},\"image\":{\"@id\":\"https:\/\/gulfcoastlegal.org\/#\/schema\/logo\/image\/\"},\"sameAs\":[\"https:\/\/www.facebook.com\/GulfcoastLegalServices\/\",\"https:\/\/www.instagram.com\/gulfcoast_legal_services\/\",\"https:\/\/www.indeed.com\/cmp\/Gulfcoast-Legal-Services-1\"]}]}<\/script>\n<!-- \/ Yoast SEO plugin. -->","yoast_head_json":{"title":"Estabilite lojman - Gulf Coast Legal","robots":{"index":"index","follow":"follow","max-snippet":"max-snippet:-1","max-image-preview":"max-image-preview:large","max-video-preview":"max-video-preview:-1"},"canonical":"https:\/\/gulfcoastlegal.org\/ht\/ed-legal\/estabilite-lojman\/","og_locale":"ht_HT","og_type":"article","og_title":"Estabilite lojman - Gulf Coast Legal","og_url":"https:\/\/gulfcoastlegal.org\/ht\/ed-legal\/estabilite-lojman\/","og_site_name":"Gulf Coast Legal","article_publisher":"https:\/\/www.facebook.com\/GulfcoastLegalServices\/","article_modified_time":"2025-02-07T17:26:26+00:00","twitter_card":"summary_large_image","schema":{"@context":"https:\/\/schema.org","@graph":[{"@type":"WebPage","@id":"https:\/\/gulfcoastlegal.org\/ht\/ed-legal\/estabilite-lojman\/","url":"https:\/\/gulfcoastlegal.org\/ht\/ed-legal\/estabilite-lojman\/","name":"Estabilite lojman - Gulf Coast Legal","isPartOf":{"@id":"https:\/\/gulfcoastlegal.org\/#website"},"datePublished":"2024-09-11T08:35:37+00:00","dateModified":"2025-02-07T17:26:26+00:00","breadcrumb":{"@id":"https:\/\/gulfcoastlegal.org\/ht\/ed-legal\/estabilite-lojman\/#breadcrumb"},"inLanguage":"ht-HT","potentialAction":[{"@type":"ReadAction","target":["https:\/\/gulfcoastlegal.org\/ht\/ed-legal\/estabilite-lojman\/"]}]},{"@type":"BreadcrumbList","@id":"https:\/\/gulfcoastlegal.org\/ht\/ed-legal\/estabilite-lojman\/#breadcrumb","itemListElement":[{"@type":"ListItem","position":1,"name":"\u00c8d Legal","item":"https:\/\/gulfcoastlegal.org\/ht\/ed-legal\/"},{"@type":"ListItem","position":2,"name":"Estabilite lojman"}]},{"@type":"WebSite","@id":"https:\/\/gulfcoastlegal.org\/#website","url":"https:\/\/gulfcoastlegal.org\/","name":"Gulf Coast Legal","description":"","publisher":{"@id":"https:\/\/gulfcoastlegal.org\/#organization"},"potentialAction":[{"@type":"SearchAction","target":{"@type":"EntryPoint","urlTemplate":"https:\/\/gulfcoastlegal.org\/?s={search_term_string}"},"query-input":{"@type":"PropertyValueSpecification","valueRequired":true,"valueName":"search_term_string"}}],"inLanguage":"ht-HT"},{"@type":"Organization","@id":"https:\/\/gulfcoastlegal.org\/#organization","name":"Gulf Coast Legal","url":"https:\/\/gulfcoastlegal.org\/","logo":{"@type":"ImageObject","inLanguage":"ht-HT","@id":"https:\/\/gulfcoastlegal.org\/#\/schema\/logo\/image\/","url":"https:\/\/gulfcoastlegal.org\/wp-content\/uploads\/2024\/09\/gulfcoast-legal-services-logo.svg","contentUrl":"https:\/\/gulfcoastlegal.org\/wp-content\/uploads\/2024\/09\/gulfcoast-legal-services-logo.svg","width":200,"height":60,"caption":"Gulf Coast Legal"},"image":{"@id":"https:\/\/gulfcoastlegal.org\/#\/schema\/logo\/image\/"},"sameAs":["https:\/\/www.facebook.com\/GulfcoastLegalServices\/","https:\/\/www.instagram.com\/gulfcoast_legal_services\/","https:\/\/www.indeed.com\/cmp\/Gulfcoast-Legal-Services-1"]}]}},"_links":{"self":[{"href":"https:\/\/gulfcoastlegal.org\/ht\/wp-json\/wp\/v2\/pages\/2023","targetHints":{"allow":["GET"]}}],"collection":[{"href":"https:\/\/gulfcoastlegal.org\/ht\/wp-json\/wp\/v2\/pages"}],"about":[{"href":"https:\/\/gulfcoastlegal.org\/ht\/wp-json\/wp\/v2\/types\/page"}],"author":[{"embeddable":true,"href":"https:\/\/gulfcoastlegal.org\/ht\/wp-json\/wp\/v2\/users\/2"}],"replies":[{"embeddable":true,"href":"https:\/\/gulfcoastlegal.org\/ht\/wp-json\/wp\/v2\/comments?post=2023"}],"version-history":[{"count":0,"href":"https:\/\/gulfcoastlegal.org\/ht\/wp-json\/wp\/v2\/pages\/2023\/revisions"}],"up":[{"embeddable":true,"href":"https:\/\/gulfcoastlegal.org\/ht\/wp-json\/wp\/v2\/pages\/1810"}],"wp:attachment":[{"href":"https:\/\/gulfcoastlegal.org\/ht\/wp-json\/wp\/v2\/media?parent=2023"}],"curies":[{"name":"wp","href":"https:\/\/api.w.org\/{rel}","templated":true}]}}