{"id":1253,"date":"2024-09-11T08:39:42","date_gmt":"2024-09-11T08:39:42","guid":{"rendered":"https:\/\/gulfcoastlegal.mystaging.dev\/contate-nos\/"},"modified":"2025-02-07T17:57:56","modified_gmt":"2025-02-07T17:57:56","slug":"contate-nos","status":"publish","type":"page","link":"https:\/\/gulfcoastlegal.org\/pt-br\/contate-nos\/","title":{"rendered":"Contate-nos"},"content":{"rendered":"<section id=\"block_acf-block-675874c0eecaa\" class=\"gcl-block gcl-footer alignfull relative pb-20 lg:pb-28 lg:pt-52\">\n\t<img fetchpriority=\"high\" decoding=\"async\" width=\"1920\" height=\"1197\" src=\"https:\/\/gulfcoastlegal.org\/wp-content\/uploads\/2024\/10\/equal-justice-under-law-1920x1197.webp\" class=\"absolute top-0 bottom-0 left-0 right-0 w-full h-full object-cover object-top hidden lg:block not-transparent\" alt=\"\" loading=\"eager\" data-has-transparency=\"false\" data-dominant-color=\"b2a48b\" style=\"--dominant-color: #b2a48b;\" \/>\t<div class=\"container\">\n\t\t<div class=\"box px-6 py-8 md:p-8 lg:p-14 relative z-10\">\n\n\t\t\t<h1 class=''>Contate-nos<\/h1>\n\t\t\t<p>As inscri\u00e7\u00f5es podem ser preenchidas pessoalmente. A GLS aceita visitas de segunda a sexta-feira, das 9h00 \u00e0s 17h00. Observe que a GLS fecha para visitas de segunda a quinta-feira, das 12h30 \u00e0s 13h30, e n\u00e3o aceita visitas ap\u00f3s as 12h30 \u00e0s sextas-feiras  <\/p>\n\n\t\t\t\t\t\t\t<div class=\"grid lg:grid-cols-2 xl:grid-cols-4 gap-10 border-t border-gray-40 pt-6\">\n\t\t\t\t\t\t\t\t\t\t\t<div>\n\t\t\t\t\t\t\t\t\t\t\t\t\t\t\t<h3>Escrit\u00f3rio do peixe-boi<\/h3>\n\t\t\t\t\t\t\t\t\t\t\t\t\t\t\t\t\t\t\t\t\t\t<div class=\"flex gap-2 mb-3\">\n\t\t\t\t\t\t\t\t\t<img decoding=\"async\" src=\"https:\/\/gulfcoastlegal.org\/wp-content\/themes\/gulfcoastlegal\/dist\/images\/address-pin.svg\" class=\"h-6 w-6\" alt=\"\">\n\t\t\t\t\t\t\t\t\t<p>1112 Manatee Ave E, 2nd Floor, Bradenton, FL 34208<\/p>\n\t\t\t\t\t\t\t\t<\/div>\n\t\t\t\t\t\t\t\t\t\t\t\t\t\t\t\t\t\t\t\t\t\t<div class=\"flex gap-2\">\n\t\t\t\t\t\t\t\t\t<img decoding=\"async\" src=\"https:\/\/gulfcoastlegal.org\/wp-content\/themes\/gulfcoastlegal\/dist\/images\/phone.svg\" class=\"h-6 w-6\" alt=\"\">\n\t\t\t\t\t\t\t\t\t<p>941-746-6151<\/p>\n\t\t\t\t\t\t\t\t<\/div>\n\t\t\t\t\t\t\t\t\t\t\t\t\t<\/div>\n\t\t\t\t\t\t\t\t\t\t\t<div>\n\t\t\t\t\t\t\t\t\t\t\t\t\t\t\t<h3>Escrit\u00f3rio de Pinellas<\/h3>\n\t\t\t\t\t\t\t\t\t\t\t\t\t\t\t\t\t\t\t\t\t\t<div class=\"flex gap-2 mb-3\">\n\t\t\t\t\t\t\t\t\t<img decoding=\"async\" src=\"https:\/\/gulfcoastlegal.org\/wp-content\/themes\/gulfcoastlegal\/dist\/images\/address-pin.svg\" class=\"h-6 w-6\" alt=\"\">\n\t\t\t\t\t\t\t\t\t<p>501 1st Ave N, Suite 420, St. Petersburg, FL 33701<\/p>\n\t\t\t\t\t\t\t\t<\/div>\n\t\t\t\t\t\t\t\t\t\t\t\t\t\t\t\t\t\t\t\t\t\t<div class=\"flex gap-2\">\n\t\t\t\t\t\t\t\t\t<img decoding=\"async\" src=\"https:\/\/gulfcoastlegal.org\/wp-content\/themes\/gulfcoastlegal\/dist\/images\/phone.svg\" class=\"h-6 w-6\" alt=\"\">\n\t\t\t\t\t\t\t\t\t<p>727-821-0726<\/p>\n\t\t\t\t\t\t\t\t<\/div>\n\t\t\t\t\t\t\t\t\t\t\t\t\t<\/div>\n\t\t\t\t\t\t\t\t\t\t\t<div>\n\t\t\t\t\t\t\t\t\t\t\t\t\t\t\t<h3>Escrit\u00f3rio de Sarasota<\/h3>\n\t\t\t\t\t\t\t\t\t\t\t\t\t\t\t\t\t\t\t\t\t\t<div class=\"flex gap-2 mb-3\">\n\t\t\t\t\t\t\t\t\t<img decoding=\"async\" src=\"https:\/\/gulfcoastlegal.org\/wp-content\/themes\/gulfcoastlegal\/dist\/images\/address-pin.svg\" class=\"h-6 w-6\" alt=\"\">\n\t\t\t\t\t\t\t\t\t<p>250 Tamiami Trail S, Suite 201, Venice, FL 34285<\/p>\n\t\t\t\t\t\t\t\t<\/div>\n\t\t\t\t\t\t\t\t\t\t\t\t\t\t\t\t\t\t\t\t\t\t<div class=\"flex gap-2\">\n\t\t\t\t\t\t\t\t\t<img decoding=\"async\" src=\"https:\/\/gulfcoastlegal.org\/wp-content\/themes\/gulfcoastlegal\/dist\/images\/phone.svg\" class=\"h-6 w-6\" alt=\"\">\n\t\t\t\t\t\t\t\t\t<p>800-230-5920<\/p>\n\t\t\t\t\t\t\t\t<\/div>\n\t\t\t\t\t\t\t\t\t\t\t\t\t<\/div>\n\t\t\t\t\t\t\t\t\t\t\t<div>\n\t\t\t\t\t\t\t\t\t\t\t\t\t\t\t<h3>Escrit\u00f3rio de Wimauma<\/h3>\n\t\t\t\t\t\t\t\t\t\t\t\t\t\t\t\t\t\t\t\t\t\t<div class=\"flex gap-2 mb-3\">\n\t\t\t\t\t\t\t\t\t<img decoding=\"async\" src=\"https:\/\/gulfcoastlegal.org\/wp-content\/themes\/gulfcoastlegal\/dist\/images\/address-pin.svg\" class=\"h-6 w-6\" alt=\"\">\n\t\t\t\t\t\t\t\t\t<p>*next to Beth-El Ministries, 18238 US-301S, Wimauma, FL 33598<\/p>\n\t\t\t\t\t\t\t\t<\/div>\n\t\t\t\t\t\t\t\t\t\t\t\t\t\t\t\t\t\t\t\t\t\t<div class=\"flex gap-2\">\n\t\t\t\t\t\t\t\t\t<img decoding=\"async\" src=\"https:\/\/gulfcoastlegal.org\/wp-content\/themes\/gulfcoastlegal\/dist\/images\/phone.svg\" class=\"h-6 w-6\" alt=\"\">\n\t\t\t\t\t\t\t\t\t<p>727-821-0726<\/p>\n\t\t\t\t\t\t\t\t<\/div>\n\t\t\t\t\t\t\t\t\t\t\t\t\t<\/div>\n\t\t\t\t\t\t\t\t\t<\/div>\n\t\t\t\t\t<\/div>\n\t<\/div>\n<\/section>\n","protected":false},"excerpt":{"rendered":"","protected":false},"author":2,"featured_media":0,"parent":0,"menu_order":0,"comment_status":"closed","ping_status":"closed","template":"","meta":{"_acf_changed":false,"footnotes":""},"class_list":["post-1253","page","type-page","status-publish","hentry"],"acf":[],"yoast_head":"<!-- This site is optimized with the Yoast SEO plugin v25.9 - https:\/\/yoast.com\/wordpress\/plugins\/seo\/ -->\n<title>Contate-nos - Gulf Coast Legal<\/title>\n<meta name=\"robots\" content=\"index, follow, max-snippet:-1, max-image-preview:large, max-video-preview:-1\" \/>\n<link rel=\"canonical\" href=\"https:\/\/gulfcoastlegal.org\/pt-br\/contate-nos\/\" \/>\n<meta property=\"og:locale\" content=\"pt_BR\" \/>\n<meta property=\"og:type\" content=\"article\" \/>\n<meta property=\"og:title\" content=\"Contate-nos - Gulf Coast Legal\" \/>\n<meta property=\"og:url\" content=\"https:\/\/gulfcoastlegal.org\/pt-br\/contate-nos\/\" \/>\n<meta property=\"og:site_name\" content=\"Gulf Coast Legal\" \/>\n<meta property=\"article:publisher\" content=\"https:\/\/www.facebook.com\/GulfcoastLegalServices\/\" \/>\n<meta property=\"article:modified_time\" content=\"2025-02-07T17:57:56+00:00\" \/>\n<meta name=\"twitter:card\" content=\"summary_large_image\" \/>\n<script type=\"application\/ld+json\" class=\"yoast-schema-graph\">{\"@context\":\"https:\/\/schema.org\",\"@graph\":[{\"@type\":\"WebPage\",\"@id\":\"https:\/\/gulfcoastlegal.org\/pt-br\/contate-nos\/\",\"url\":\"https:\/\/gulfcoastlegal.org\/pt-br\/contate-nos\/\",\"name\":\"Contate-nos - Gulf Coast Legal\",\"isPartOf\":{\"@id\":\"https:\/\/gulfcoastlegal.org\/#website\"},\"datePublished\":\"2024-09-11T08:39:42+00:00\",\"dateModified\":\"2025-02-07T17:57:56+00:00\",\"inLanguage\":\"pt-BR\",\"potentialAction\":[{\"@type\":\"ReadAction\",\"target\":[\"https:\/\/gulfcoastlegal.org\/pt-br\/contate-nos\/\"]}]},{\"@type\":\"WebSite\",\"@id\":\"https:\/\/gulfcoastlegal.org\/#website\",\"url\":\"https:\/\/gulfcoastlegal.org\/\",\"name\":\"Gulf Coast Legal\",\"description\":\"\",\"publisher\":{\"@id\":\"https:\/\/gulfcoastlegal.org\/#organization\"},\"potentialAction\":[{\"@type\":\"SearchAction\",\"target\":{\"@type\":\"EntryPoint\",\"urlTemplate\":\"https:\/\/gulfcoastlegal.org\/?s={search_term_string}\"},\"query-input\":{\"@type\":\"PropertyValueSpecification\",\"valueRequired\":true,\"valueName\":\"search_term_string\"}}],\"inLanguage\":\"pt-BR\"},{\"@type\":\"Organization\",\"@id\":\"https:\/\/gulfcoastlegal.org\/#organization\",\"name\":\"Gulf Coast Legal\",\"url\":\"https:\/\/gulfcoastlegal.org\/\",\"logo\":{\"@type\":\"ImageObject\",\"inLanguage\":\"pt-BR\",\"@id\":\"https:\/\/gulfcoastlegal.org\/#\/schema\/logo\/image\/\",\"url\":\"https:\/\/gulfcoastlegal.org\/wp-content\/uploads\/2024\/09\/gulfcoast-legal-services-logo.svg\",\"contentUrl\":\"https:\/\/gulfcoastlegal.org\/wp-content\/uploads\/2024\/09\/gulfcoast-legal-services-logo.svg\",\"width\":200,\"height\":60,\"caption\":\"Gulf Coast Legal\"},\"image\":{\"@id\":\"https:\/\/gulfcoastlegal.org\/#\/schema\/logo\/image\/\"},\"sameAs\":[\"https:\/\/www.facebook.com\/GulfcoastLegalServices\/\",\"https:\/\/www.instagram.com\/gulfcoast_legal_services\/\",\"https:\/\/www.indeed.com\/cmp\/Gulfcoast-Legal-Services-1\"]}]}<\/script>\n<!-- \/ Yoast SEO plugin. -->","yoast_head_json":{"title":"Contate-nos - Gulf Coast Legal","robots":{"index":"index","follow":"follow","max-snippet":"max-snippet:-1","max-image-preview":"max-image-preview:large","max-video-preview":"max-video-preview:-1"},"canonical":"https:\/\/gulfcoastlegal.org\/pt-br\/contate-nos\/","og_locale":"pt_BR","og_type":"article","og_title":"Contate-nos - Gulf Coast Legal","og_url":"https:\/\/gulfcoastlegal.org\/pt-br\/contate-nos\/","og_site_name":"Gulf Coast Legal","article_publisher":"https:\/\/www.facebook.com\/GulfcoastLegalServices\/","article_modified_time":"2025-02-07T17:57:56+00:00","twitter_card":"summary_large_image","schema":{"@context":"https:\/\/schema.org","@graph":[{"@type":"WebPage","@id":"https:\/\/gulfcoastlegal.org\/pt-br\/contate-nos\/","url":"https:\/\/gulfcoastlegal.org\/pt-br\/contate-nos\/","name":"Contate-nos - Gulf Coast Legal","isPartOf":{"@id":"https:\/\/gulfcoastlegal.org\/#website"},"datePublished":"2024-09-11T08:39:42+00:00","dateModified":"2025-02-07T17:57:56+00:00","inLanguage":"pt-BR","potentialAction":[{"@type":"ReadAction","target":["https:\/\/gulfcoastlegal.org\/pt-br\/contate-nos\/"]}]},{"@type":"WebSite","@id":"https:\/\/gulfcoastlegal.org\/#website","url":"https:\/\/gulfcoastlegal.org\/","name":"Gulf Coast Legal","description":"","publisher":{"@id":"https:\/\/gulfcoastlegal.org\/#organization"},"potentialAction":[{"@type":"SearchAction","target":{"@type":"EntryPoint","urlTemplate":"https:\/\/gulfcoastlegal.org\/?s={search_term_string}"},"query-input":{"@type":"PropertyValueSpecification","valueRequired":true,"valueName":"search_term_string"}}],"inLanguage":"pt-BR"},{"@type":"Organization","@id":"https:\/\/gulfcoastlegal.org\/#organization","name":"Gulf Coast Legal","url":"https:\/\/gulfcoastlegal.org\/","logo":{"@type":"ImageObject","inLanguage":"pt-BR","@id":"https:\/\/gulfcoastlegal.org\/#\/schema\/logo\/image\/","url":"https:\/\/gulfcoastlegal.org\/wp-content\/uploads\/2024\/09\/gulfcoast-legal-services-logo.svg","contentUrl":"https:\/\/gulfcoastlegal.org\/wp-content\/uploads\/2024\/09\/gulfcoast-legal-services-logo.svg","width":200,"height":60,"caption":"Gulf Coast Legal"},"image":{"@id":"https:\/\/gulfcoastlegal.org\/#\/schema\/logo\/image\/"},"sameAs":["https:\/\/www.facebook.com\/GulfcoastLegalServices\/","https:\/\/www.instagram.com\/gulfcoast_legal_services\/","https:\/\/www.indeed.com\/cmp\/Gulfcoast-Legal-Services-1"]}]}},"_links":{"self":[{"href":"https:\/\/gulfcoastlegal.org\/pt-br\/wp-json\/wp\/v2\/pages\/1253","targetHints":{"allow":["GET"]}}],"collection":[{"href":"https:\/\/gulfcoastlegal.org\/pt-br\/wp-json\/wp\/v2\/pages"}],"about":[{"href":"https:\/\/gulfcoastlegal.org\/pt-br\/wp-json\/wp\/v2\/types\/page"}],"author":[{"embeddable":true,"href":"https:\/\/gulfcoastlegal.org\/pt-br\/wp-json\/wp\/v2\/users\/2"}],"replies":[{"embeddable":true,"href":"https:\/\/gulfcoastlegal.org\/pt-br\/wp-json\/wp\/v2\/comments?post=1253"}],"version-history":[{"count":0,"href":"https:\/\/gulfcoastlegal.org\/pt-br\/wp-json\/wp\/v2\/pages\/1253\/revisions"}],"wp:attachment":[{"href":"https:\/\/gulfcoastlegal.org\/pt-br\/wp-json\/wp\/v2\/media?parent=1253"}],"curies":[{"name":"wp","href":"https:\/\/api.w.org\/{rel}","templated":true}]}}