{"id":1838,"date":"2024-09-11T08:34:30","date_gmt":"2024-09-11T08:34:30","guid":{"rendered":"https:\/\/gulfcoastlegal.mystaging.dev\/ajuda-juridica\/direito-da-familia\/"},"modified":"2025-02-07T17:53:31","modified_gmt":"2025-02-07T17:53:31","slug":"direito-da-familia","status":"publish","type":"page","link":"https:\/\/gulfcoastlegal.org\/pt-br\/ajuda-juridica\/direito-da-familia\/","title":{"rendered":"Direito da fam\u00edlia"},"content":{"rendered":"<section id=\"block_acf-block-67a6489ad43af\" class=\"gcl-block gcl-hero-image alignfull my-12 overflow-hidden\">\n  <div class=\"container flex flex-col lg:flex-row justify-between items-center gap-y-12 gap-x-6\">\n    <div class=\"lg:w-6\/12\">\n      <h1 class=\"\">Direito de Fam&iacute;lia \/ Assist&ecirc;ncia &agrave; Viol&ecirc;ncia Dom&eacute;stica<\/h1>\n      <div class=\"pr-16 mb-10 lg:mb-14\">\n        <p>A equipe da GLS foi treinada sobre a din&acirc;mica da viol&ecirc;ncia dom&eacute;stica e trabalha com sobreviventes de maneira compassiva e empoderadora.<\/p>\n      <\/div>\n\n              <a class=\"btn btn-wide btn-primary\" href=\"https:\/\/glsoi.legalserver.org\/modules\/matter\/extern_intake.php?pid=129&amp;h=daa817&amp;\" target=\"_blank\" title=\"Solicitar Assist&ecirc;ncia - Opens in a new window\" rel=\"noopener noreferrer\">\n          Solicitar Assist&ecirc;ncia        <\/a>\n          <\/div>\n          <div class=\"lg:w-6\/12 text-right\">\n        <div class=\"decoration-orange hero-small\">\n          <img fetchpriority=\"high\" decoding=\"async\" width=\"496\" height=\"496\" src=\"https:\/\/gulfcoastlegal.org\/wp-content\/uploads\/2024\/12\/family-png-496x496.webp\" class=\"rounded-lg not-transparent\" alt=\"\" loading=\"eager\" srcset=\"https:\/\/gulfcoastlegal.org\/wp-content\/uploads\/2024\/12\/family-png-496x496.webp 496w, https:\/\/gulfcoastlegal.org\/wp-content\/uploads\/2024\/12\/family-png-160x160.webp 160w, https:\/\/gulfcoastlegal.org\/wp-content\/uploads\/2024\/12\/family-png-136x136.webp 136w, https:\/\/gulfcoastlegal.org\/wp-content\/uploads\/2024\/12\/family-png-400x400.webp 400w, https:\/\/gulfcoastlegal.org\/wp-content\/uploads\/2024\/12\/family-png-300x300.webp 300w, https:\/\/gulfcoastlegal.org\/wp-content\/uploads\/2024\/12\/family-png.webp 500w\" sizes=\"(max-width: 496px) 100vw, 496px\" data-has-transparency=\"false\" data-dominant-color=\"2a2570\" style=\"--dominant-color: #2a2570;\">        <\/div>\n      <\/div>\n      <\/div>\n<\/section>\n\n\n<section id=\"block_acf-block-67a6489adc956\" class=\"gcl-block gcl-cta-white-box-with-media alignfull container my-16 lg:my-32\">\n  <div class=\"box flex flex-col xl:flex-row gap-10 xl:gap-16\">\n    <div class=\"xl:w-7\/12\">\n      <h2 class=\"\">A GLS pode ajud&aacute;-lo se<\/h2>\n\n              <ul class=\"list-image-checkmark\">\n                      <li>Voc&ecirc; precisa de prote&ccedil;&atilde;o contra viol&ecirc;ncia dom&eacute;stica ou sexual por meio de ordens de restri&ccedil;&atilde;o.<\/li>\n                      <li>Voc&ecirc; est&aacute; buscando o div&oacute;rcio ou lidando com quest&otilde;es de cust&oacute;dia e pens&atilde;o aliment&iacute;cia dos filhos.<\/li>\n                      <li>Voc&ecirc; precisa de ajuda jur&iacute;dica com paternidade, tutela ou estabelecimento de direitos parentais.<\/li>\n                      <li>Voc&ecirc; est&aacute; enfrentando disputas de divis&atilde;o de propriedade ou precisa de ajuda com bens conjugais durante um div&oacute;rcio.<\/li>\n                  <\/ul>\n          <\/div>\n    <div class=\"xl:w-5\/12\">\n              <video controls=\"true\" poster=\"https:\/\/gulfcoastlegal.org\/wp-content\/uploads\/2024\/09\/family-poster-496x280.webp\" src=\"https:\/\/gulfcoastlegal.org\/wp-content\/uploads\/2024\/09\/Family-Law-GLS.mp4\" class=\"rounded-md mb-10 aspect-video object-cover w-full\">\n        <\/video>\n      \n              <a class=\"btn block btn-primary\" href=\"https:\/\/glsoi.legalserver.org\/modules\/matter\/extern_intake.php?pid=129&amp;h=daa817&amp;\" target=\"_blank\" title=\"Solicitar Assist&ecirc;ncia - Opens in a new window\" rel=\"noopener noreferrer\">\n          Solicitar Assist&ecirc;ncia        <\/a>\n          <\/div>\n  <\/div>\n<\/section>\n\n\n<section id=\"block_acf-block-67a6489adeed3\" class=\"gcl-block gcl-text alignfull container my-16\">\n\t<div class=\"lg:w-10\/12\">\n\t\t\t\t\t\t\t<p class=\"h4 overflow-hidden mb-6\">Estamos empenhados em orientar os clientes durante o processo de div\u00f3rcio e oferecer suporte para a apresenta\u00e7\u00e3o e obten\u00e7\u00e3o de liminares de prote\u00e7\u00e3o contra viol\u00eancia dom\u00e9stica e outros assuntos relacionados:<\/p>\n\t\t\t<\/div>\n\n\t<div class=\"lg:w-8\/12\">\n\t\t<ul>\n<li>Revisar e compilar todas as divulga\u00e7\u00f5es financeiras exigidas, se fornecidas com representa\u00e7\u00e3o completa<\/li>\n<li>Arquivar e concluir interrogat\u00f3rios, solicita\u00e7\u00e3o de produ\u00e7\u00e3o e quest\u00f5es de descoberta, se fornecido com representa\u00e7\u00e3o completa.<\/li>\n<li>Aconselhar e apresentar mo\u00e7\u00f5es responsivas sobre quest\u00f5es de desacato e execu\u00e7\u00e3o, se fornecidas com representa\u00e7\u00e3o completa.<\/li>\n<li>Ajud\u00e1-lo a se preparar para media\u00e7\u00e3o, audi\u00eancias; e\/ou<\/li>\n<li>Passando pelos pr\u00f3ximos passos no seu caso.<\/li>\n<li>Realoca\u00e7\u00e3o e Compensa\u00e7\u00e3o de V\u00edtimas Encaminhamentos e Conselhos<\/li>\n<\/ul>\n\t<\/div>\n<\/section>\n\n\n<div id=\"block_acf-block-67a6489adfe5b\" class=\"gcl-block gcl-text-white-background alignfull container my-16 lg:my-24\">\n\t<div class=\"box px-6 py-8 lg:p-10 w-full lg:w-8\/12\">\n\t\t<h3 class=\"\">Recursos adicionais<\/h3>\n\n\t\t<ul>\n<li>CASA (S&atilde;o Petersburgo): (727) 895-4912 TTY: (727) 828-1269 <a href=\"http:\/\/www.casa-stpete.org\" target=\"_blank\" rel=\"noopener noreferrer\" title=\"casa-stpete.org - Opens in new window\">casa-stpete.org<\/a><\/li>\n<li>Aldeias de esperan&ccedil;a da Am&eacute;rica &ndash; The Haven (Clearwater): (727) 443-4031 <a href=\"http:\/\/www.hopevillagesofamerica.org\" target=\"_blank\" rel=\"noopener noreferrer\" title=\"hopevillagesofamerica.org - Opens in new window\">hopevillagesofamerica.org<\/a><\/li>\n<li>Servi&ccedil;os Familiares HOPE (Bradenton): (941) 747-8499 <a href=\"http:\/\/www.hopefamilyservice.org\" target=\"_blank\" rel=\"noopener noreferrer\" title=\"hopefamilyservice.org - Opens in new window\">hopefamilyservice.org<\/a><\/li>\n<li>SPARCC (Sarasota): (941) 365-1976 <a href=\"http:\/\/www.sparcc.net\" target=\"_blank\" rel=\"noopener noreferrer\" title=\"sparcc.net - Opens in new window\">sparcc.net<\/a><\/li>\n<\/ul>\n\t<\/div>\n<\/div>\n\n\n<section id=\"block_acf-block-67a64d67f0f65\" class=\"gcl-block gcl-cta-blue alignfull container my-16 lg:my-32\">\n  <div class=\"box bg-primary-100 text-gray-5 px-6 py-8 md:p-12 lg:p-20 xg:py-24 xl:px-52 text-center\">\n\n    <h2 class=\"text-gray-5\">Mude sua vida com a GLS agora<\/h2>\n\n    <p>Voc&ecirc; pode solicitar servi&ccedil;os jur&iacute;dicos 24 horas por dia, 7 dias por semana, por meio de nosso formul&aacute;rio online. Entraremos em contato com voc&ecirc; para informar se sua inscri&ccedil;&atilde;o foi aceita ou n&atilde;o. Casos de emerg&ecirc;ncia (viol&ecirc;ncia dom&eacute;stica e quest&otilde;es urgentes de habita&ccedil;&atilde;o) ser&atilde;o priorizados e contatados primeiro.  <\/p>\n\n          <a class=\"btn btn-wide btn-primary-inverted\" href=\"https:\/\/glsoi.legalserver.org\/modules\/matter\/extern_intake.php?pid=129&amp;h=daa817&amp;\" target=\"_blank\" title=\"Solicitar Assist&ecirc;ncia - Opens in a new window\" rel=\"noopener noreferrer\">\n        Solicitar Assist&ecirc;ncia      <\/a>\n    \n  <\/div>\n<\/section>\n\n\n<section id=\"block_acf-block-675874c0eecaa\" class=\"gcl-block gcl-footer alignfull relative pb-20 lg:pb-28 lg:pt-52\">\n\t<img decoding=\"async\" width=\"1920\" height=\"1197\" src=\"https:\/\/gulfcoastlegal.org\/wp-content\/uploads\/2024\/10\/equal-justice-under-law-1920x1197.webp\" class=\"absolute top-0 bottom-0 left-0 right-0 w-full h-full object-cover object-top hidden lg:block not-transparent\" alt=\"\" loading=\"lazy\" data-has-transparency=\"false\" data-dominant-color=\"b2a48b\" style=\"--dominant-color: #b2a48b;\" \/>\t<div class=\"container\">\n\t\t<div class=\"box px-6 py-8 md:p-8 lg:p-14 relative z-10\">\n\n\t\t\t<h2 class=''>Contate-nos<\/h2>\n\t\t\t<p>As inscri\u00e7\u00f5es podem ser preenchidas pessoalmente. A GLS aceita visitas de segunda a sexta-feira, das 9h00 \u00e0s 17h00. Observe que a GLS fecha para visitas de segunda a quinta-feira, das 12h30 \u00e0s 13h30, e n\u00e3o aceita visitas ap\u00f3s as 12h30 \u00e0s sextas-feiras  <\/p>\n\n\t\t\t\t\t\t\t<div class=\"grid lg:grid-cols-2 xl:grid-cols-4 gap-10 border-t border-gray-40 pt-6\">\n\t\t\t\t\t\t\t\t\t\t\t<div>\n\t\t\t\t\t\t\t\t\t\t\t\t\t\t\t<h3>Escrit\u00f3rio do peixe-boi<\/h3>\n\t\t\t\t\t\t\t\t\t\t\t\t\t\t\t\t\t\t\t\t\t\t<div class=\"flex gap-2 mb-3\">\n\t\t\t\t\t\t\t\t\t<img decoding=\"async\" src=\"https:\/\/gulfcoastlegal.org\/wp-content\/themes\/gulfcoastlegal\/dist\/images\/address-pin.svg\" class=\"h-6 w-6\" alt=\"\">\n\t\t\t\t\t\t\t\t\t<p>1112 Manatee Ave E, 2nd Floor, Bradenton, FL 34208<\/p>\n\t\t\t\t\t\t\t\t<\/div>\n\t\t\t\t\t\t\t\t\t\t\t\t\t\t\t\t\t\t\t\t\t\t<div class=\"flex gap-2\">\n\t\t\t\t\t\t\t\t\t<img decoding=\"async\" src=\"https:\/\/gulfcoastlegal.org\/wp-content\/themes\/gulfcoastlegal\/dist\/images\/phone.svg\" class=\"h-6 w-6\" alt=\"\">\n\t\t\t\t\t\t\t\t\t<p>941-746-6151<\/p>\n\t\t\t\t\t\t\t\t<\/div>\n\t\t\t\t\t\t\t\t\t\t\t\t\t<\/div>\n\t\t\t\t\t\t\t\t\t\t\t<div>\n\t\t\t\t\t\t\t\t\t\t\t\t\t\t\t<h3>Escrit\u00f3rio de Pinellas<\/h3>\n\t\t\t\t\t\t\t\t\t\t\t\t\t\t\t\t\t\t\t\t\t\t<div class=\"flex gap-2 mb-3\">\n\t\t\t\t\t\t\t\t\t<img decoding=\"async\" src=\"https:\/\/gulfcoastlegal.org\/wp-content\/themes\/gulfcoastlegal\/dist\/images\/address-pin.svg\" class=\"h-6 w-6\" alt=\"\">\n\t\t\t\t\t\t\t\t\t<p>501 1st Ave N, Suite 420, St. Petersburg, FL 33701<\/p>\n\t\t\t\t\t\t\t\t<\/div>\n\t\t\t\t\t\t\t\t\t\t\t\t\t\t\t\t\t\t\t\t\t\t<div class=\"flex gap-2\">\n\t\t\t\t\t\t\t\t\t<img decoding=\"async\" src=\"https:\/\/gulfcoastlegal.org\/wp-content\/themes\/gulfcoastlegal\/dist\/images\/phone.svg\" class=\"h-6 w-6\" alt=\"\">\n\t\t\t\t\t\t\t\t\t<p>727-821-0726<\/p>\n\t\t\t\t\t\t\t\t<\/div>\n\t\t\t\t\t\t\t\t\t\t\t\t\t<\/div>\n\t\t\t\t\t\t\t\t\t\t\t<div>\n\t\t\t\t\t\t\t\t\t\t\t\t\t\t\t<h3>Escrit\u00f3rio de Sarasota<\/h3>\n\t\t\t\t\t\t\t\t\t\t\t\t\t\t\t\t\t\t\t\t\t\t<div class=\"flex gap-2 mb-3\">\n\t\t\t\t\t\t\t\t\t<img decoding=\"async\" src=\"https:\/\/gulfcoastlegal.org\/wp-content\/themes\/gulfcoastlegal\/dist\/images\/address-pin.svg\" class=\"h-6 w-6\" alt=\"\">\n\t\t\t\t\t\t\t\t\t<p>250 Tamiami Trail S, Suite 201, Venice, FL 34285<\/p>\n\t\t\t\t\t\t\t\t<\/div>\n\t\t\t\t\t\t\t\t\t\t\t\t\t\t\t\t\t\t\t\t\t\t<div class=\"flex gap-2\">\n\t\t\t\t\t\t\t\t\t<img decoding=\"async\" src=\"https:\/\/gulfcoastlegal.org\/wp-content\/themes\/gulfcoastlegal\/dist\/images\/phone.svg\" class=\"h-6 w-6\" alt=\"\">\n\t\t\t\t\t\t\t\t\t<p>800-230-5920<\/p>\n\t\t\t\t\t\t\t\t<\/div>\n\t\t\t\t\t\t\t\t\t\t\t\t\t<\/div>\n\t\t\t\t\t\t\t\t\t\t\t<div>\n\t\t\t\t\t\t\t\t\t\t\t\t\t\t\t<h3>Escrit\u00f3rio de Wimauma<\/h3>\n\t\t\t\t\t\t\t\t\t\t\t\t\t\t\t\t\t\t\t\t\t\t<div class=\"flex gap-2 mb-3\">\n\t\t\t\t\t\t\t\t\t<img decoding=\"async\" src=\"https:\/\/gulfcoastlegal.org\/wp-content\/themes\/gulfcoastlegal\/dist\/images\/address-pin.svg\" class=\"h-6 w-6\" alt=\"\">\n\t\t\t\t\t\t\t\t\t<p>*next to Beth-El Ministries, 18238 US-301S, Wimauma, FL 33598<\/p>\n\t\t\t\t\t\t\t\t<\/div>\n\t\t\t\t\t\t\t\t\t\t\t\t\t\t\t\t\t\t\t\t\t\t<div class=\"flex gap-2\">\n\t\t\t\t\t\t\t\t\t<img decoding=\"async\" src=\"https:\/\/gulfcoastlegal.org\/wp-content\/themes\/gulfcoastlegal\/dist\/images\/phone.svg\" class=\"h-6 w-6\" alt=\"\">\n\t\t\t\t\t\t\t\t\t<p>727-821-0726<\/p>\n\t\t\t\t\t\t\t\t<\/div>\n\t\t\t\t\t\t\t\t\t\t\t\t\t<\/div>\n\t\t\t\t\t\t\t\t\t<\/div>\n\t\t\t\t\t<\/div>\n\t<\/div>\n<\/section>\n","protected":false},"excerpt":{"rendered":"","protected":false},"author":2,"featured_media":0,"parent":1818,"menu_order":0,"comment_status":"closed","ping_status":"closed","template":"","meta":{"_acf_changed":false,"footnotes":""},"class_list":["post-1838","page","type-page","status-publish","hentry"],"acf":[],"yoast_head":"<!-- This site is optimized with the Yoast SEO plugin v25.9 - https:\/\/yoast.com\/wordpress\/plugins\/seo\/ -->\n<title>Direito da fam\u00edlia - Gulf Coast Legal<\/title>\n<meta name=\"robots\" content=\"index, follow, max-snippet:-1, max-image-preview:large, max-video-preview:-1\" \/>\n<link rel=\"canonical\" href=\"https:\/\/gulfcoastlegal.org\/pt-br\/ajuda-juridica\/direito-da-familia\/\" \/>\n<meta property=\"og:locale\" content=\"pt_BR\" \/>\n<meta property=\"og:type\" content=\"article\" \/>\n<meta property=\"og:title\" content=\"Direito da fam\u00edlia - Gulf Coast Legal\" \/>\n<meta property=\"og:url\" content=\"https:\/\/gulfcoastlegal.org\/pt-br\/ajuda-juridica\/direito-da-familia\/\" \/>\n<meta property=\"og:site_name\" content=\"Gulf Coast Legal\" \/>\n<meta property=\"article:publisher\" content=\"https:\/\/www.facebook.com\/GulfcoastLegalServices\/\" \/>\n<meta property=\"article:modified_time\" content=\"2025-02-07T17:53:31+00:00\" \/>\n<meta name=\"twitter:card\" content=\"summary_large_image\" \/>\n<script type=\"application\/ld+json\" class=\"yoast-schema-graph\">{\"@context\":\"https:\/\/schema.org\",\"@graph\":[{\"@type\":\"WebPage\",\"@id\":\"https:\/\/gulfcoastlegal.org\/pt-br\/ajuda-juridica\/direito-da-familia\/\",\"url\":\"https:\/\/gulfcoastlegal.org\/pt-br\/ajuda-juridica\/direito-da-familia\/\",\"name\":\"Direito da fam\u00edlia - Gulf Coast Legal\",\"isPartOf\":{\"@id\":\"https:\/\/gulfcoastlegal.org\/#website\"},\"datePublished\":\"2024-09-11T08:34:30+00:00\",\"dateModified\":\"2025-02-07T17:53:31+00:00\",\"breadcrumb\":{\"@id\":\"https:\/\/gulfcoastlegal.org\/pt-br\/ajuda-juridica\/direito-da-familia\/#breadcrumb\"},\"inLanguage\":\"pt-BR\",\"potentialAction\":[{\"@type\":\"ReadAction\",\"target\":[\"https:\/\/gulfcoastlegal.org\/pt-br\/ajuda-juridica\/direito-da-familia\/\"]}]},{\"@type\":\"BreadcrumbList\",\"@id\":\"https:\/\/gulfcoastlegal.org\/pt-br\/ajuda-juridica\/direito-da-familia\/#breadcrumb\",\"itemListElement\":[{\"@type\":\"ListItem\",\"position\":1,\"name\":\"Ajuda jur\u00eddica\",\"item\":\"https:\/\/gulfcoastlegal.org\/pt-br\/ajuda-juridica\/\"},{\"@type\":\"ListItem\",\"position\":2,\"name\":\"Direito da fam\u00edlia\"}]},{\"@type\":\"WebSite\",\"@id\":\"https:\/\/gulfcoastlegal.org\/#website\",\"url\":\"https:\/\/gulfcoastlegal.org\/\",\"name\":\"Gulf Coast Legal\",\"description\":\"\",\"publisher\":{\"@id\":\"https:\/\/gulfcoastlegal.org\/#organization\"},\"potentialAction\":[{\"@type\":\"SearchAction\",\"target\":{\"@type\":\"EntryPoint\",\"urlTemplate\":\"https:\/\/gulfcoastlegal.org\/?s={search_term_string}\"},\"query-input\":{\"@type\":\"PropertyValueSpecification\",\"valueRequired\":true,\"valueName\":\"search_term_string\"}}],\"inLanguage\":\"pt-BR\"},{\"@type\":\"Organization\",\"@id\":\"https:\/\/gulfcoastlegal.org\/#organization\",\"name\":\"Gulf Coast Legal\",\"url\":\"https:\/\/gulfcoastlegal.org\/\",\"logo\":{\"@type\":\"ImageObject\",\"inLanguage\":\"pt-BR\",\"@id\":\"https:\/\/gulfcoastlegal.org\/#\/schema\/logo\/image\/\",\"url\":\"https:\/\/gulfcoastlegal.org\/wp-content\/uploads\/2024\/09\/gulfcoast-legal-services-logo.svg\",\"contentUrl\":\"https:\/\/gulfcoastlegal.org\/wp-content\/uploads\/2024\/09\/gulfcoast-legal-services-logo.svg\",\"width\":200,\"height\":60,\"caption\":\"Gulf Coast Legal\"},\"image\":{\"@id\":\"https:\/\/gulfcoastlegal.org\/#\/schema\/logo\/image\/\"},\"sameAs\":[\"https:\/\/www.facebook.com\/GulfcoastLegalServices\/\",\"https:\/\/www.instagram.com\/gulfcoast_legal_services\/\",\"https:\/\/www.indeed.com\/cmp\/Gulfcoast-Legal-Services-1\"]}]}<\/script>\n<!-- \/ Yoast SEO plugin. -->","yoast_head_json":{"title":"Direito da fam\u00edlia - Gulf Coast Legal","robots":{"index":"index","follow":"follow","max-snippet":"max-snippet:-1","max-image-preview":"max-image-preview:large","max-video-preview":"max-video-preview:-1"},"canonical":"https:\/\/gulfcoastlegal.org\/pt-br\/ajuda-juridica\/direito-da-familia\/","og_locale":"pt_BR","og_type":"article","og_title":"Direito da fam\u00edlia - Gulf Coast Legal","og_url":"https:\/\/gulfcoastlegal.org\/pt-br\/ajuda-juridica\/direito-da-familia\/","og_site_name":"Gulf Coast Legal","article_publisher":"https:\/\/www.facebook.com\/GulfcoastLegalServices\/","article_modified_time":"2025-02-07T17:53:31+00:00","twitter_card":"summary_large_image","schema":{"@context":"https:\/\/schema.org","@graph":[{"@type":"WebPage","@id":"https:\/\/gulfcoastlegal.org\/pt-br\/ajuda-juridica\/direito-da-familia\/","url":"https:\/\/gulfcoastlegal.org\/pt-br\/ajuda-juridica\/direito-da-familia\/","name":"Direito da fam\u00edlia - Gulf Coast Legal","isPartOf":{"@id":"https:\/\/gulfcoastlegal.org\/#website"},"datePublished":"2024-09-11T08:34:30+00:00","dateModified":"2025-02-07T17:53:31+00:00","breadcrumb":{"@id":"https:\/\/gulfcoastlegal.org\/pt-br\/ajuda-juridica\/direito-da-familia\/#breadcrumb"},"inLanguage":"pt-BR","potentialAction":[{"@type":"ReadAction","target":["https:\/\/gulfcoastlegal.org\/pt-br\/ajuda-juridica\/direito-da-familia\/"]}]},{"@type":"BreadcrumbList","@id":"https:\/\/gulfcoastlegal.org\/pt-br\/ajuda-juridica\/direito-da-familia\/#breadcrumb","itemListElement":[{"@type":"ListItem","position":1,"name":"Ajuda jur\u00eddica","item":"https:\/\/gulfcoastlegal.org\/pt-br\/ajuda-juridica\/"},{"@type":"ListItem","position":2,"name":"Direito da fam\u00edlia"}]},{"@type":"WebSite","@id":"https:\/\/gulfcoastlegal.org\/#website","url":"https:\/\/gulfcoastlegal.org\/","name":"Gulf Coast Legal","description":"","publisher":{"@id":"https:\/\/gulfcoastlegal.org\/#organization"},"potentialAction":[{"@type":"SearchAction","target":{"@type":"EntryPoint","urlTemplate":"https:\/\/gulfcoastlegal.org\/?s={search_term_string}"},"query-input":{"@type":"PropertyValueSpecification","valueRequired":true,"valueName":"search_term_string"}}],"inLanguage":"pt-BR"},{"@type":"Organization","@id":"https:\/\/gulfcoastlegal.org\/#organization","name":"Gulf Coast Legal","url":"https:\/\/gulfcoastlegal.org\/","logo":{"@type":"ImageObject","inLanguage":"pt-BR","@id":"https:\/\/gulfcoastlegal.org\/#\/schema\/logo\/image\/","url":"https:\/\/gulfcoastlegal.org\/wp-content\/uploads\/2024\/09\/gulfcoast-legal-services-logo.svg","contentUrl":"https:\/\/gulfcoastlegal.org\/wp-content\/uploads\/2024\/09\/gulfcoast-legal-services-logo.svg","width":200,"height":60,"caption":"Gulf Coast Legal"},"image":{"@id":"https:\/\/gulfcoastlegal.org\/#\/schema\/logo\/image\/"},"sameAs":["https:\/\/www.facebook.com\/GulfcoastLegalServices\/","https:\/\/www.instagram.com\/gulfcoast_legal_services\/","https:\/\/www.indeed.com\/cmp\/Gulfcoast-Legal-Services-1"]}]}},"_links":{"self":[{"href":"https:\/\/gulfcoastlegal.org\/pt-br\/wp-json\/wp\/v2\/pages\/1838","targetHints":{"allow":["GET"]}}],"collection":[{"href":"https:\/\/gulfcoastlegal.org\/pt-br\/wp-json\/wp\/v2\/pages"}],"about":[{"href":"https:\/\/gulfcoastlegal.org\/pt-br\/wp-json\/wp\/v2\/types\/page"}],"author":[{"embeddable":true,"href":"https:\/\/gulfcoastlegal.org\/pt-br\/wp-json\/wp\/v2\/users\/2"}],"replies":[{"embeddable":true,"href":"https:\/\/gulfcoastlegal.org\/pt-br\/wp-json\/wp\/v2\/comments?post=1838"}],"version-history":[{"count":0,"href":"https:\/\/gulfcoastlegal.org\/pt-br\/wp-json\/wp\/v2\/pages\/1838\/revisions"}],"up":[{"embeddable":true,"href":"https:\/\/gulfcoastlegal.org\/pt-br\/wp-json\/wp\/v2\/pages\/1818"}],"wp:attachment":[{"href":"https:\/\/gulfcoastlegal.org\/pt-br\/wp-json\/wp\/v2\/media?parent=1838"}],"curies":[{"name":"wp","href":"https:\/\/api.w.org\/{rel}","templated":true}]}}