{"id":1908,"date":"2024-09-11T08:35:37","date_gmt":"2024-09-11T08:35:37","guid":{"rendered":"https:\/\/gulfcoastlegal.mystaging.dev\/ajuda-juridica\/estabilidade-da-carcaca\/"},"modified":"2025-02-07T17:54:06","modified_gmt":"2025-02-07T17:54:06","slug":"estabilidade-da-carcaca","status":"publish","type":"page","link":"https:\/\/gulfcoastlegal.org\/pt-br\/ajuda-juridica\/estabilidade-da-carcaca\/","title":{"rendered":"Estabilidade da carca\u00e7a"},"content":{"rendered":"<section id=\"block_acf-block-67a648be037c1\" class=\"gcl-block gcl-hero-image alignfull my-12 overflow-hidden\">\n  <div class=\"container flex flex-col lg:flex-row justify-between items-center gap-y-12 gap-x-6\">\n    <div class=\"lg:w-6\/12\">\n      <h1 class=\"\">Assist&ecirc;ncia &agrave; Estabilidade Habitacional<\/h1>\n      <div class=\"pr-16 mb-10 lg:mb-14\">\n        <p><span dir=\"ltr\" role=\"presentation\">A GLS fornece assist&ecirc;ncia jur&iacute;dica <\/span><span dir=\"ltr\" role=\"presentation\">para uma ampla gama de quest&otilde;es habitacionais, incluindo defesa de despejo e execu&ccedil;&atilde;o hipotec&aacute;ria <\/span><span dir=\"ltr\" role=\"presentation\">, disputas habitacionais justas e conflitos envolvendo parques de casas m&oacute;veis, condom&iacute;nios, <\/span><span dir=\"ltr\" role=\"presentation\">associa&ccedil;&otilde;es de propriet&aacute;rios, propriedade e quest&otilde;es p&oacute;s-despejo ou execu&ccedil;&atilde;o hipotec&aacute;ria <\/span><span dir=\"ltr\" role=\"presentation\">.<\/span><\/p>\n      <\/div>\n\n              <a class=\"btn btn-wide btn-primary\" href=\"https:\/\/glsoi.legalserver.org\/modules\/matter\/extern_intake.php?pid=129&amp;h=daa817&amp;\" target=\"_blank\" title=\"Solicitar Assist&ecirc;ncia - Opens in a new window\" rel=\"noopener noreferrer\">\n          Solicitar Assist&ecirc;ncia        <\/a>\n          <\/div>\n          <div class=\"lg:w-6\/12 text-right\">\n        <div class=\"decoration-blue hero-small\">\n          <img fetchpriority=\"high\" decoding=\"async\" width=\"496\" height=\"496\" src=\"https:\/\/gulfcoastlegal.org\/wp-content\/uploads\/2024\/12\/housing-png-496x496.webp\" class=\"rounded-lg not-transparent\" alt=\"\" loading=\"eager\" srcset=\"https:\/\/gulfcoastlegal.org\/wp-content\/uploads\/2024\/12\/housing-png-496x496.webp 496w, https:\/\/gulfcoastlegal.org\/wp-content\/uploads\/2024\/12\/housing-png-160x160.webp 160w, https:\/\/gulfcoastlegal.org\/wp-content\/uploads\/2024\/12\/housing-png-136x136.webp 136w, https:\/\/gulfcoastlegal.org\/wp-content\/uploads\/2024\/12\/housing-png-400x400.webp 400w, https:\/\/gulfcoastlegal.org\/wp-content\/uploads\/2024\/12\/housing-png-300x300.webp 300w, https:\/\/gulfcoastlegal.org\/wp-content\/uploads\/2024\/12\/housing-png.webp 500w\" sizes=\"(max-width: 496px) 100vw, 496px\" data-has-transparency=\"false\" data-dominant-color=\"2d2772\" style=\"--dominant-color: #2d2772;\">        <\/div>\n      <\/div>\n      <\/div>\n<\/section>\n\n\n<section id=\"block_acf-block-67a648be0b815\" class=\"gcl-block gcl-cta-white-box-with-media alignfull container my-16 lg:my-32\">\n  <div class=\"box flex flex-col xl:flex-row gap-10 xl:gap-16\">\n    <div class=\"xl:w-7\/12\">\n      <h2 class=\"\">A GLS pode ajud&aacute;-lo se<\/h2>\n\n              <ul class=\"list-image-checkmark\">\n                      <li>o seu senhorio se recusa a fazer as repara&ccedil;&otilde;es necess&aacute;rias no seu im&oacute;vel alugado para garantir a sua seguran&ccedil;a e prote&ccedil;&atilde;o, a GLS pode intervir.<\/li>\n                      <li>voc&ecirc; teve sua moradia negada ou foi tratado injustamente por causa de sua idade, ra&ccedil;a, religi&atilde;o, estado civil\/familiar ou defici&ecirc;ncia, a GLS pode ajudar. Aplicamos leis de habita&ccedil;&atilde;o justas por meio do processo legal. <\/li>\n                      <li>seu propriet&aacute;rio se envolveu em conduta proibida (como tranc&aacute;-lo do lado de fora ou ter a eletricidade ou a &aacute;gua cortadas para faz&ecirc;-lo sair) durante um despejo, a GLS pode atrasar o processo de despejo ou interromp&ecirc;-lo completamente.<\/li>\n                  <\/ul>\n          <\/div>\n    <div class=\"xl:w-5\/12\">\n              <video controls=\"true\" poster=\"https:\/\/gulfcoastlegal.org\/wp-content\/uploads\/2024\/09\/Screenshot-2024-09-21-202439-496x278.webp\" src=\"https:\/\/gulfcoastlegal.org\/wp-content\/uploads\/2024\/09\/Housing-GLS.mp4\" class=\"rounded-md mb-10 aspect-video object-cover w-full\">\n        <\/video>\n      \n              <a class=\"btn block btn-primary\" href=\"https:\/\/glsoi.legalserver.org\/modules\/matter\/extern_intake.php?pid=129&amp;h=daa817&amp;\" target=\"_blank\" title=\"Solicitar Assist&ecirc;ncia - Opens in a new window\" rel=\"noopener noreferrer\">\n          Solicitar Assist&ecirc;ncia        <\/a>\n          <\/div>\n  <\/div>\n<\/section>\n\n\n<section id=\"block_acf-block-67a648be0b87d\" class=\"gcl-block gcl-text alignfull container my-16\">\n\t<div class=\"lg:w-10\/12\">\n\t\t\t\t\t\t\t<p class=\"h4 overflow-hidden mb-6\">A GLS oferece orienta\u00e7\u00e3o e suporte especializados para ajud\u00e1-lo a alcan\u00e7ar a seguran\u00e7a habitacional em tempos dif\u00edceis. Podem ser tratados os seguintes tipos de processos: <\/p>\n\t\t\t<\/div>\n\n\t<div class=\"lg:w-8\/12\">\n\t\t<ul>\n<li>Empr\u00e9stimos Predat\u00f3rios<\/li>\n<li>Discrimina\u00e7\u00e3o Habitacional\/Habita\u00e7\u00e3o Justa<\/li>\n<li>Despejo<\/li>\n<li>Encerramento<\/li>\n<li>Disputas entre propriet\u00e1rios e inquilinos<\/li>\n<li>Quest\u00f5es de habita\u00e7\u00e3o subsidiada<\/li>\n<li>Habita\u00e7\u00e3o P\u00fablica ou Preserva\u00e7\u00e3o de Habita\u00e7\u00e3o Subsidiada<\/li>\n<li>Se\u00e7\u00e3o 8 Habita\u00e7\u00e3o<\/li>\n<li>Defesa de despejo do parque de trailers<\/li>\n<li>Fechamento do parque de trailers<\/li>\n<\/ul>\n<p><small>Os Servi\u00e7os de Habita\u00e7\u00e3o GLS s\u00e3o financiados em parte pelo programa Manatee County Community Development Block Grant.<\/small><\/p>\n\t<\/div>\n<\/section>\n\n\n<section id=\"block_acf-block-67a648be0b8ca\" class=\"gcl-block gcl-handbooks alignfull container my-16 lg:my-40\">\n\t<h2 class=\"mb-10 lg:mb-14\">Confira nossos manuais<\/h2>\n\t\t\t<div class=\"grid md:grid-cols-3 gap-6 \">\n\t\t\t\n\n\t\t\t\t<div class=\"box px-6 py-8 lg:p-8 flex flex-col items-center text-center\">\n\t\t\t\t\t\t\t\t\t\t\t<a class=\"flex flex-col items-center text-center no-underline text-gray-80 hover:text-gray-80\" href=\"https:\/\/gulfcoastlegal.org\/wp-content\/uploads\/2024\/09\/GLS-Tenants-Handbook-2022-UPDATE.pdf\" target=\"_blank\" title=\"Download PDF in a new window: Manual do Inquilino\" rel=\"noopener noreferrer\">\n\t\t\t\t\t\n\t\t\t\t\t\t\t\t\t\t\t\t\t\t\t\t\t\t\t<img loading=\"lazy\" decoding=\"async\" width=\"518\" height=\"783\" src=\"https:\/\/gulfcoastlegal.org\/wp-content\/uploads\/2024\/09\/tenant-handbook-cover-png.webp\" class=\"rounded-sm w-36 h-auto mb-6 not-transparent\" alt=\"\" data-has-transparency=\"false\" data-dominant-color=\"bba999\" style=\"--dominant-color: #bba999;\">\t\t\t\t\t\t\n\t\t\t\t\t\t\t\t\t\t\t\t\t<h3 class=\"mb-1.5\">Manual do Inquilino<\/h3>\n\t\t\t\t\t\t\n\t\t\t\t\t\t\t\t\t\t\t<\/a>\n\t\t\t\t\t\n\t\t\t\t\tPara dicas gerais de propriet&aacute;rio-inquilino\n\t\t\t\t<\/div>\n\t\t\t\n\n\t\t\t\t<div class=\"box px-6 py-8 lg:p-8 flex flex-col items-center text-center\">\n\t\t\t\t\t\t\t\t\t\t\t<a class=\"flex flex-col items-center text-center no-underline text-gray-80 hover:text-gray-80\" href=\"https:\/\/gulfcoastlegal.org\/wp-content\/uploads\/2024\/09\/Fair-Housing-Handbook-2022-UPDATE.pdf\" target=\"_blank\" title=\"Download PDF in a new window: Manual de Habita&ccedil;&atilde;o Justa\" rel=\"noopener noreferrer\">\n\t\t\t\t\t\n\t\t\t\t\t\t\t\t\t\t\t\t\t\t\t\t\t\t\t<img loading=\"lazy\" decoding=\"async\" width=\"471\" height=\"724\" src=\"https:\/\/gulfcoastlegal.org\/wp-content\/uploads\/2024\/09\/fair-housing-handbook-covver-png.webp\" class=\"rounded-sm w-36 h-auto mb-6 not-transparent\" alt=\"\" data-has-transparency=\"false\" data-dominant-color=\"ad9b8a\" style=\"--dominant-color: #ad9b8a;\">\t\t\t\t\t\t\n\t\t\t\t\t\t\t\t\t\t\t\t\t<h3 class=\"mb-1.5\">Manual de Habita&ccedil;&atilde;o Justa<\/h3>\n\t\t\t\t\t\t\n\t\t\t\t\t\t\t\t\t\t\t<\/a>\n\t\t\t\t\t\n\t\t\t\t\tPara obter informa&ccedil;&otilde;es justas sobre moradia\n\t\t\t\t<\/div>\n\t\t\t\t\t<\/div>\n\t<\/section>\n\n\n<section id=\"block_acf-block-67a64d67f0f65\" class=\"gcl-block gcl-cta-blue alignfull container my-16 lg:my-32\">\n  <div class=\"box bg-primary-100 text-gray-5 px-6 py-8 md:p-12 lg:p-20 xg:py-24 xl:px-52 text-center\">\n\n    <h2 class=\"text-gray-5\">Mude sua vida com a GLS agora<\/h2>\n\n    <p>Voc&ecirc; pode solicitar servi&ccedil;os jur&iacute;dicos 24 horas por dia, 7 dias por semana, por meio de nosso formul&aacute;rio online. Entraremos em contato com voc&ecirc; para informar se sua inscri&ccedil;&atilde;o foi aceita ou n&atilde;o. Casos de emerg&ecirc;ncia (viol&ecirc;ncia dom&eacute;stica e quest&otilde;es urgentes de habita&ccedil;&atilde;o) ser&atilde;o priorizados e contatados primeiro.  <\/p>\n\n          <a class=\"btn btn-wide btn-primary-inverted\" href=\"https:\/\/glsoi.legalserver.org\/modules\/matter\/extern_intake.php?pid=129&amp;h=daa817&amp;\" target=\"_blank\" title=\"Solicitar Assist&ecirc;ncia - Opens in a new window\" rel=\"noopener noreferrer\">\n        Solicitar Assist&ecirc;ncia      <\/a>\n    \n  <\/div>\n<\/section>\n\n\n<section id=\"block_acf-block-675874c0eecaa\" class=\"gcl-block gcl-footer alignfull relative pb-20 lg:pb-28 lg:pt-52\">\n\t<img decoding=\"async\" width=\"1920\" height=\"1197\" src=\"https:\/\/gulfcoastlegal.org\/wp-content\/uploads\/2024\/10\/equal-justice-under-law-1920x1197.webp\" class=\"absolute top-0 bottom-0 left-0 right-0 w-full h-full object-cover object-top hidden lg:block not-transparent\" alt=\"\" loading=\"lazy\" data-has-transparency=\"false\" data-dominant-color=\"b2a48b\" style=\"--dominant-color: #b2a48b;\" \/>\t<div class=\"container\">\n\t\t<div class=\"box px-6 py-8 md:p-8 lg:p-14 relative z-10\">\n\n\t\t\t<h2 class=''>Contate-nos<\/h2>\n\t\t\t<p>As inscri\u00e7\u00f5es podem ser preenchidas pessoalmente. A GLS aceita visitas de segunda a sexta-feira, das 9h00 \u00e0s 17h00. Observe que a GLS fecha para visitas de segunda a quinta-feira, das 12h30 \u00e0s 13h30, e n\u00e3o aceita visitas ap\u00f3s as 12h30 \u00e0s sextas-feiras  <\/p>\n\n\t\t\t\t\t\t\t<div class=\"grid lg:grid-cols-2 xl:grid-cols-4 gap-10 border-t border-gray-40 pt-6\">\n\t\t\t\t\t\t\t\t\t\t\t<div>\n\t\t\t\t\t\t\t\t\t\t\t\t\t\t\t<h3>Escrit\u00f3rio do peixe-boi<\/h3>\n\t\t\t\t\t\t\t\t\t\t\t\t\t\t\t\t\t\t\t\t\t\t<div class=\"flex gap-2 mb-3\">\n\t\t\t\t\t\t\t\t\t<img decoding=\"async\" src=\"https:\/\/gulfcoastlegal.org\/wp-content\/themes\/gulfcoastlegal\/dist\/images\/address-pin.svg\" class=\"h-6 w-6\" alt=\"\">\n\t\t\t\t\t\t\t\t\t<p>1112 Manatee Ave E, 2nd Floor, Bradenton, FL 34208<\/p>\n\t\t\t\t\t\t\t\t<\/div>\n\t\t\t\t\t\t\t\t\t\t\t\t\t\t\t\t\t\t\t\t\t\t<div class=\"flex gap-2\">\n\t\t\t\t\t\t\t\t\t<img decoding=\"async\" src=\"https:\/\/gulfcoastlegal.org\/wp-content\/themes\/gulfcoastlegal\/dist\/images\/phone.svg\" class=\"h-6 w-6\" alt=\"\">\n\t\t\t\t\t\t\t\t\t<p>941-746-6151<\/p>\n\t\t\t\t\t\t\t\t<\/div>\n\t\t\t\t\t\t\t\t\t\t\t\t\t<\/div>\n\t\t\t\t\t\t\t\t\t\t\t<div>\n\t\t\t\t\t\t\t\t\t\t\t\t\t\t\t<h3>Escrit\u00f3rio de Pinellas<\/h3>\n\t\t\t\t\t\t\t\t\t\t\t\t\t\t\t\t\t\t\t\t\t\t<div class=\"flex gap-2 mb-3\">\n\t\t\t\t\t\t\t\t\t<img decoding=\"async\" src=\"https:\/\/gulfcoastlegal.org\/wp-content\/themes\/gulfcoastlegal\/dist\/images\/address-pin.svg\" class=\"h-6 w-6\" alt=\"\">\n\t\t\t\t\t\t\t\t\t<p>501 1st Ave N, Suite 420, St. Petersburg, FL 33701<\/p>\n\t\t\t\t\t\t\t\t<\/div>\n\t\t\t\t\t\t\t\t\t\t\t\t\t\t\t\t\t\t\t\t\t\t<div class=\"flex gap-2\">\n\t\t\t\t\t\t\t\t\t<img decoding=\"async\" src=\"https:\/\/gulfcoastlegal.org\/wp-content\/themes\/gulfcoastlegal\/dist\/images\/phone.svg\" class=\"h-6 w-6\" alt=\"\">\n\t\t\t\t\t\t\t\t\t<p>727-821-0726<\/p>\n\t\t\t\t\t\t\t\t<\/div>\n\t\t\t\t\t\t\t\t\t\t\t\t\t<\/div>\n\t\t\t\t\t\t\t\t\t\t\t<div>\n\t\t\t\t\t\t\t\t\t\t\t\t\t\t\t<h3>Escrit\u00f3rio de Sarasota<\/h3>\n\t\t\t\t\t\t\t\t\t\t\t\t\t\t\t\t\t\t\t\t\t\t<div class=\"flex gap-2 mb-3\">\n\t\t\t\t\t\t\t\t\t<img decoding=\"async\" src=\"https:\/\/gulfcoastlegal.org\/wp-content\/themes\/gulfcoastlegal\/dist\/images\/address-pin.svg\" class=\"h-6 w-6\" alt=\"\">\n\t\t\t\t\t\t\t\t\t<p>250 Tamiami Trail S, Suite 201, Venice, FL 34285<\/p>\n\t\t\t\t\t\t\t\t<\/div>\n\t\t\t\t\t\t\t\t\t\t\t\t\t\t\t\t\t\t\t\t\t\t<div class=\"flex gap-2\">\n\t\t\t\t\t\t\t\t\t<img decoding=\"async\" src=\"https:\/\/gulfcoastlegal.org\/wp-content\/themes\/gulfcoastlegal\/dist\/images\/phone.svg\" class=\"h-6 w-6\" alt=\"\">\n\t\t\t\t\t\t\t\t\t<p>800-230-5920<\/p>\n\t\t\t\t\t\t\t\t<\/div>\n\t\t\t\t\t\t\t\t\t\t\t\t\t<\/div>\n\t\t\t\t\t\t\t\t\t\t\t<div>\n\t\t\t\t\t\t\t\t\t\t\t\t\t\t\t<h3>Escrit\u00f3rio de Wimauma<\/h3>\n\t\t\t\t\t\t\t\t\t\t\t\t\t\t\t\t\t\t\t\t\t\t<div class=\"flex gap-2 mb-3\">\n\t\t\t\t\t\t\t\t\t<img decoding=\"async\" src=\"https:\/\/gulfcoastlegal.org\/wp-content\/themes\/gulfcoastlegal\/dist\/images\/address-pin.svg\" class=\"h-6 w-6\" alt=\"\">\n\t\t\t\t\t\t\t\t\t<p>*next to Beth-El Ministries, 18238 US-301S, Wimauma, FL 33598<\/p>\n\t\t\t\t\t\t\t\t<\/div>\n\t\t\t\t\t\t\t\t\t\t\t\t\t\t\t\t\t\t\t\t\t\t<div class=\"flex gap-2\">\n\t\t\t\t\t\t\t\t\t<img decoding=\"async\" src=\"https:\/\/gulfcoastlegal.org\/wp-content\/themes\/gulfcoastlegal\/dist\/images\/phone.svg\" class=\"h-6 w-6\" alt=\"\">\n\t\t\t\t\t\t\t\t\t<p>727-821-0726<\/p>\n\t\t\t\t\t\t\t\t<\/div>\n\t\t\t\t\t\t\t\t\t\t\t\t\t<\/div>\n\t\t\t\t\t\t\t\t\t<\/div>\n\t\t\t\t\t<\/div>\n\t<\/div>\n<\/section>\n","protected":false},"excerpt":{"rendered":"","protected":false},"author":2,"featured_media":0,"parent":1818,"menu_order":0,"comment_status":"closed","ping_status":"closed","template":"","meta":{"_acf_changed":false,"footnotes":""},"class_list":["post-1908","page","type-page","status-publish","hentry"],"acf":[],"yoast_head":"<!-- This site is optimized with the Yoast SEO plugin v25.9 - https:\/\/yoast.com\/wordpress\/plugins\/seo\/ -->\n<title>Estabilidade da carca\u00e7a - Gulf Coast Legal<\/title>\n<meta name=\"robots\" content=\"index, follow, max-snippet:-1, max-image-preview:large, max-video-preview:-1\" \/>\n<link rel=\"canonical\" href=\"https:\/\/gulfcoastlegal.org\/pt-br\/ajuda-juridica\/estabilidade-da-carcaca\/\" \/>\n<meta property=\"og:locale\" content=\"pt_BR\" \/>\n<meta property=\"og:type\" content=\"article\" \/>\n<meta property=\"og:title\" content=\"Estabilidade da carca\u00e7a - Gulf Coast Legal\" \/>\n<meta property=\"og:url\" content=\"https:\/\/gulfcoastlegal.org\/pt-br\/ajuda-juridica\/estabilidade-da-carcaca\/\" \/>\n<meta property=\"og:site_name\" content=\"Gulf Coast Legal\" \/>\n<meta property=\"article:publisher\" content=\"https:\/\/www.facebook.com\/GulfcoastLegalServices\/\" \/>\n<meta property=\"article:modified_time\" content=\"2025-02-07T17:54:06+00:00\" \/>\n<meta name=\"twitter:card\" content=\"summary_large_image\" \/>\n<script type=\"application\/ld+json\" class=\"yoast-schema-graph\">{\"@context\":\"https:\/\/schema.org\",\"@graph\":[{\"@type\":\"WebPage\",\"@id\":\"https:\/\/gulfcoastlegal.org\/pt-br\/ajuda-juridica\/estabilidade-da-carcaca\/\",\"url\":\"https:\/\/gulfcoastlegal.org\/pt-br\/ajuda-juridica\/estabilidade-da-carcaca\/\",\"name\":\"Estabilidade da carca\u00e7a - Gulf Coast Legal\",\"isPartOf\":{\"@id\":\"https:\/\/gulfcoastlegal.org\/#website\"},\"datePublished\":\"2024-09-11T08:35:37+00:00\",\"dateModified\":\"2025-02-07T17:54:06+00:00\",\"breadcrumb\":{\"@id\":\"https:\/\/gulfcoastlegal.org\/pt-br\/ajuda-juridica\/estabilidade-da-carcaca\/#breadcrumb\"},\"inLanguage\":\"pt-BR\",\"potentialAction\":[{\"@type\":\"ReadAction\",\"target\":[\"https:\/\/gulfcoastlegal.org\/pt-br\/ajuda-juridica\/estabilidade-da-carcaca\/\"]}]},{\"@type\":\"BreadcrumbList\",\"@id\":\"https:\/\/gulfcoastlegal.org\/pt-br\/ajuda-juridica\/estabilidade-da-carcaca\/#breadcrumb\",\"itemListElement\":[{\"@type\":\"ListItem\",\"position\":1,\"name\":\"Ajuda jur\u00eddica\",\"item\":\"https:\/\/gulfcoastlegal.org\/pt-br\/ajuda-juridica\/\"},{\"@type\":\"ListItem\",\"position\":2,\"name\":\"Estabilidade da carca\u00e7a\"}]},{\"@type\":\"WebSite\",\"@id\":\"https:\/\/gulfcoastlegal.org\/#website\",\"url\":\"https:\/\/gulfcoastlegal.org\/\",\"name\":\"Gulf Coast Legal\",\"description\":\"\",\"publisher\":{\"@id\":\"https:\/\/gulfcoastlegal.org\/#organization\"},\"potentialAction\":[{\"@type\":\"SearchAction\",\"target\":{\"@type\":\"EntryPoint\",\"urlTemplate\":\"https:\/\/gulfcoastlegal.org\/?s={search_term_string}\"},\"query-input\":{\"@type\":\"PropertyValueSpecification\",\"valueRequired\":true,\"valueName\":\"search_term_string\"}}],\"inLanguage\":\"pt-BR\"},{\"@type\":\"Organization\",\"@id\":\"https:\/\/gulfcoastlegal.org\/#organization\",\"name\":\"Gulf Coast Legal\",\"url\":\"https:\/\/gulfcoastlegal.org\/\",\"logo\":{\"@type\":\"ImageObject\",\"inLanguage\":\"pt-BR\",\"@id\":\"https:\/\/gulfcoastlegal.org\/#\/schema\/logo\/image\/\",\"url\":\"https:\/\/gulfcoastlegal.org\/wp-content\/uploads\/2024\/09\/gulfcoast-legal-services-logo.svg\",\"contentUrl\":\"https:\/\/gulfcoastlegal.org\/wp-content\/uploads\/2024\/09\/gulfcoast-legal-services-logo.svg\",\"width\":200,\"height\":60,\"caption\":\"Gulf Coast Legal\"},\"image\":{\"@id\":\"https:\/\/gulfcoastlegal.org\/#\/schema\/logo\/image\/\"},\"sameAs\":[\"https:\/\/www.facebook.com\/GulfcoastLegalServices\/\",\"https:\/\/www.instagram.com\/gulfcoast_legal_services\/\",\"https:\/\/www.indeed.com\/cmp\/Gulfcoast-Legal-Services-1\"]}]}<\/script>\n<!-- \/ Yoast SEO plugin. -->","yoast_head_json":{"title":"Estabilidade da carca\u00e7a - Gulf Coast Legal","robots":{"index":"index","follow":"follow","max-snippet":"max-snippet:-1","max-image-preview":"max-image-preview:large","max-video-preview":"max-video-preview:-1"},"canonical":"https:\/\/gulfcoastlegal.org\/pt-br\/ajuda-juridica\/estabilidade-da-carcaca\/","og_locale":"pt_BR","og_type":"article","og_title":"Estabilidade da carca\u00e7a - Gulf Coast Legal","og_url":"https:\/\/gulfcoastlegal.org\/pt-br\/ajuda-juridica\/estabilidade-da-carcaca\/","og_site_name":"Gulf Coast Legal","article_publisher":"https:\/\/www.facebook.com\/GulfcoastLegalServices\/","article_modified_time":"2025-02-07T17:54:06+00:00","twitter_card":"summary_large_image","schema":{"@context":"https:\/\/schema.org","@graph":[{"@type":"WebPage","@id":"https:\/\/gulfcoastlegal.org\/pt-br\/ajuda-juridica\/estabilidade-da-carcaca\/","url":"https:\/\/gulfcoastlegal.org\/pt-br\/ajuda-juridica\/estabilidade-da-carcaca\/","name":"Estabilidade da carca\u00e7a - Gulf Coast Legal","isPartOf":{"@id":"https:\/\/gulfcoastlegal.org\/#website"},"datePublished":"2024-09-11T08:35:37+00:00","dateModified":"2025-02-07T17:54:06+00:00","breadcrumb":{"@id":"https:\/\/gulfcoastlegal.org\/pt-br\/ajuda-juridica\/estabilidade-da-carcaca\/#breadcrumb"},"inLanguage":"pt-BR","potentialAction":[{"@type":"ReadAction","target":["https:\/\/gulfcoastlegal.org\/pt-br\/ajuda-juridica\/estabilidade-da-carcaca\/"]}]},{"@type":"BreadcrumbList","@id":"https:\/\/gulfcoastlegal.org\/pt-br\/ajuda-juridica\/estabilidade-da-carcaca\/#breadcrumb","itemListElement":[{"@type":"ListItem","position":1,"name":"Ajuda jur\u00eddica","item":"https:\/\/gulfcoastlegal.org\/pt-br\/ajuda-juridica\/"},{"@type":"ListItem","position":2,"name":"Estabilidade da carca\u00e7a"}]},{"@type":"WebSite","@id":"https:\/\/gulfcoastlegal.org\/#website","url":"https:\/\/gulfcoastlegal.org\/","name":"Gulf Coast Legal","description":"","publisher":{"@id":"https:\/\/gulfcoastlegal.org\/#organization"},"potentialAction":[{"@type":"SearchAction","target":{"@type":"EntryPoint","urlTemplate":"https:\/\/gulfcoastlegal.org\/?s={search_term_string}"},"query-input":{"@type":"PropertyValueSpecification","valueRequired":true,"valueName":"search_term_string"}}],"inLanguage":"pt-BR"},{"@type":"Organization","@id":"https:\/\/gulfcoastlegal.org\/#organization","name":"Gulf Coast Legal","url":"https:\/\/gulfcoastlegal.org\/","logo":{"@type":"ImageObject","inLanguage":"pt-BR","@id":"https:\/\/gulfcoastlegal.org\/#\/schema\/logo\/image\/","url":"https:\/\/gulfcoastlegal.org\/wp-content\/uploads\/2024\/09\/gulfcoast-legal-services-logo.svg","contentUrl":"https:\/\/gulfcoastlegal.org\/wp-content\/uploads\/2024\/09\/gulfcoast-legal-services-logo.svg","width":200,"height":60,"caption":"Gulf Coast Legal"},"image":{"@id":"https:\/\/gulfcoastlegal.org\/#\/schema\/logo\/image\/"},"sameAs":["https:\/\/www.facebook.com\/GulfcoastLegalServices\/","https:\/\/www.instagram.com\/gulfcoast_legal_services\/","https:\/\/www.indeed.com\/cmp\/Gulfcoast-Legal-Services-1"]}]}},"_links":{"self":[{"href":"https:\/\/gulfcoastlegal.org\/pt-br\/wp-json\/wp\/v2\/pages\/1908","targetHints":{"allow":["GET"]}}],"collection":[{"href":"https:\/\/gulfcoastlegal.org\/pt-br\/wp-json\/wp\/v2\/pages"}],"about":[{"href":"https:\/\/gulfcoastlegal.org\/pt-br\/wp-json\/wp\/v2\/types\/page"}],"author":[{"embeddable":true,"href":"https:\/\/gulfcoastlegal.org\/pt-br\/wp-json\/wp\/v2\/users\/2"}],"replies":[{"embeddable":true,"href":"https:\/\/gulfcoastlegal.org\/pt-br\/wp-json\/wp\/v2\/comments?post=1908"}],"version-history":[{"count":0,"href":"https:\/\/gulfcoastlegal.org\/pt-br\/wp-json\/wp\/v2\/pages\/1908\/revisions"}],"up":[{"embeddable":true,"href":"https:\/\/gulfcoastlegal.org\/pt-br\/wp-json\/wp\/v2\/pages\/1818"}],"wp:attachment":[{"href":"https:\/\/gulfcoastlegal.org\/pt-br\/wp-json\/wp\/v2\/media?parent=1908"}],"curies":[{"name":"wp","href":"https:\/\/api.w.org\/{rel}","templated":true}]}}