{"id":1919,"date":"2024-09-11T08:35:12","date_gmt":"2024-09-11T08:35:12","guid":{"rendered":"https:\/\/gulfcoastlegal.mystaging.dev\/ajuda-juridica\/imigracao\/"},"modified":"2025-02-07T17:55:34","modified_gmt":"2025-02-07T17:55:34","slug":"imigracao","status":"publish","type":"page","link":"https:\/\/gulfcoastlegal.org\/pt-br\/ajuda-juridica\/imigracao\/","title":{"rendered":"Imigra\u00e7\u00e3o"},"content":{"rendered":"<section id=\"block_acf-block-67a6491551959\" class=\"gcl-block gcl-hero-image alignfull my-12 overflow-hidden\">\n  <div class=\"container flex flex-col lg:flex-row justify-between items-center gap-y-12 gap-x-6\">\n    <div class=\"lg:w-6\/12\">\n      <h1 class=\"\">Servi&ccedil;os de Imigra&ccedil;&atilde;o<\/h1>\n      <div class=\"pr-16 mb-10 lg:mb-14\">\n        <p>O GLS &eacute; o principal programa de assist&ecirc;ncia jur&iacute;dica que oferece assist&ecirc;ncia jur&iacute;dica gratuita em casos de imigra&ccedil;&atilde;o para indiv&iacute;duos de baixa renda eleg&iacute;veis que residem na Costa do Golfo. A GLS pode lidar com os seguintes tipos de casos para imigrantes eleg&iacute;veis:<\/p>\n      <\/div>\n\n              <a class=\"btn btn-wide btn-primary\" href=\"https:\/\/glsoi.legalserver.org\/modules\/matter\/extern_intake.php?pid=129&amp;h=daa817&amp;\" target=\"_blank\" title=\"Solicitar Assist&ecirc;ncia - Opens in a new window\" rel=\"noopener noreferrer\">\n          Solicitar Assist&ecirc;ncia        <\/a>\n          <\/div>\n          <div class=\"lg:w-6\/12 text-right\">\n        <div class=\"decoration-green hero-small\">\n          <img fetchpriority=\"high\" decoding=\"async\" width=\"496\" height=\"496\" src=\"https:\/\/gulfcoastlegal.org\/wp-content\/uploads\/2024\/12\/immigration-png-496x496.webp\" class=\"rounded-lg not-transparent\" alt=\"\" loading=\"eager\" srcset=\"https:\/\/gulfcoastlegal.org\/wp-content\/uploads\/2024\/12\/immigration-png-496x496.webp 496w, https:\/\/gulfcoastlegal.org\/wp-content\/uploads\/2024\/12\/immigration-png-160x160.webp 160w, https:\/\/gulfcoastlegal.org\/wp-content\/uploads\/2024\/12\/immigration-png-136x136.webp 136w, https:\/\/gulfcoastlegal.org\/wp-content\/uploads\/2024\/12\/immigration-png-400x400.webp 400w, https:\/\/gulfcoastlegal.org\/wp-content\/uploads\/2024\/12\/immigration-png-300x300.webp 300w, https:\/\/gulfcoastlegal.org\/wp-content\/uploads\/2024\/12\/immigration-png.webp 500w\" sizes=\"(max-width: 496px) 100vw, 496px\" data-has-transparency=\"false\" data-dominant-color=\"302a73\" style=\"--dominant-color: #302a73;\">        <\/div>\n      <\/div>\n      <\/div>\n<\/section>\n\n\n<section id=\"block_acf-block-67a649155cd40\" class=\"gcl-block gcl-cta-white-box-with-media alignfull container my-16 lg:my-32\">\n  <div class=\"box flex flex-col xl:flex-row gap-10 xl:gap-16\">\n    <div class=\"xl:w-7\/12\">\n      <h2 class=\"\">A GLS pode ajud&aacute;-lo se<\/h2>\n\n              <ul class=\"list-image-checkmark\">\n                      <li>Voc&ecirc; est&aacute; buscando asilo ou prote&ccedil;&atilde;o contra persegui&ccedil;&atilde;o em seu pa&iacute;s de origem.<\/li>\n                      <li>Voc&ecirc; precisa de ajuda com a imigra&ccedil;&atilde;o familiar, incluindo reunifica&ccedil;&atilde;o ou peti&ccedil;&otilde;es.<\/li>\n                      <li>Voc&ecirc; est&aacute; enfrentando processos de deporta&ccedil;&atilde;o ou remo&ccedil;&atilde;o e precisa de representa&ccedil;&atilde;o legal.<\/li>\n                      <li>Voc&ecirc; &eacute; v&iacute;tima de tr&aacute;fico de pessoas ou outros crimes e precisa de ajuda jur&iacute;dica para obter al&iacute;vio de imigra&ccedil;&atilde;o.<\/li>\n                      <li>Voc&ecirc; deve sal&aacute;rios ou benef&iacute;cios n&atilde;o pagos de seu empregador.<\/li>\n                  <\/ul>\n          <\/div>\n    <div class=\"xl:w-5\/12\">\n              <video controls=\"true\" poster=\"https:\/\/gulfcoastlegal.org\/wp-content\/uploads\/2024\/09\/Screenshot-2024-09-21-205329-496x278.webp\" src=\"https:\/\/gulfcoastlegal.org\/wp-content\/uploads\/2024\/09\/Immigration-GLS.mp4\" class=\"rounded-md mb-10 aspect-video object-cover w-full\">\n        <\/video>\n      \n              <a class=\"btn block btn-primary\" href=\"https:\/\/glsoi.legalserver.org\/modules\/matter\/extern_intake.php?pid=129&amp;h=daa817&amp;\" target=\"_blank\" title=\"Solicitar Assist&ecirc;ncia - Opens in a new window\" rel=\"noopener noreferrer\">\n          Solicitar Assist&ecirc;ncia        <\/a>\n          <\/div>\n  <\/div>\n<\/section>\n\n\n<section id=\"block_acf-block-67a64915665b4\" class=\"gcl-block gcl-example-cases alignfull container my-16 lg:my-36\">\n\n  <h2 class=\"mb-4 lg:mb-16 lg:w-8\/12\">A GLS pode lidar com os seguintes tipos de casos para imigrantes eleg&iacute;veis:<\/h2>\n\n  <div class=\"flex flex-col gap-6 xl:flex-row scrollspy\">\n    <div class=\"xl:w-5\/12\">\n      \n              <div class=\"sticky flex-col hidden w-3\/4 gap-4 xl:flex top-12 2xl:w-3\/5\">\n                      <a href=\"#boxblock_acf-block-67a64915665b4_0\" class=\"btn pill is-active\" data-target=\"0\" role=\"button\">\n              <span class=\"\">Casos relacionados &agrave; viol&ecirc;ncia dom&eacute;stica<\/span>\n            <\/a>\n                      <a href=\"#boxblock_acf-block-67a64915665b4_1\" class=\"btn pill \" data-target=\"1\" role=\"button\">\n              <span class=\"\">Remo&ccedil;&atilde;o de Resid&ecirc;ncia Condicional<\/span>\n            <\/a>\n                      <a href=\"#boxblock_acf-block-67a64915665b4_2\" class=\"btn pill \" data-target=\"2\" role=\"button\">\n              <span class=\"\">Vistos U<\/span>\n            <\/a>\n                      <a href=\"#boxblock_acf-block-67a64915665b4_3\" class=\"btn pill \" data-target=\"3\" role=\"button\">\n              <span class=\"\">Vistos T<\/span>\n            <\/a>\n                      <a href=\"#boxblock_acf-block-67a64915665b4_4\" class=\"btn pill \" data-target=\"4\" role=\"button\">\n              <span class=\"\">Apresenta&ccedil;&otilde;es &ldquo;Conhe&ccedil;a seus direitos&rdquo;<\/span>\n            <\/a>\n                      <a href=\"#boxblock_acf-block-67a64915665b4_5\" class=\"btn pill \" data-target=\"5\" role=\"button\">\n              <span class=\"\">Estatuto Especial de Imigrante Juvenil<\/span>\n            <\/a>\n                  <\/div>\n      \n    <\/div>\n    <div class=\"xl:w-7\/12\">\n                <div class=\"flex flex-col gap-6 px-6 py-8 mb-10 box md:flex-row lg:p-10 lg:gap-10 lg:mb-12 scroll-mt-12\" data-index=\"0\" id=\"boxblock_acf-block-67a64915665b4_0\">\n                        <div class=\"grow\">\n              <h3 class=\"\">Casos relacionados &agrave; viol&ecirc;ncia dom&eacute;stica<\/h3>\n\n              <div class=\"lg:columns-1\">\n                <p>Um c&ocirc;njuge ou filho abusado de um residente permanente legal ou de um cidad&atilde;o dos Estados Unidos pode fazer uma peti&ccedil;&atilde;o para obter status legal nos Estados Unidos sob a Lei de Viol&ecirc;ncia Contra a Mulher (VAWA) sem a assist&ecirc;ncia de seu agressor.<\/p>\n              <\/div>\n\n                              <a class=\"mt-10 btn btn-wide btn-primary\" href=\"https:\/\/glsoi.legalserver.org\/modules\/matter\/extern_intake.php?pid=129&amp;h=daa817&amp;\" target=\"_blank\" title=\"Solicitar Assist&ecirc;ncia - Opens in a new window\" rel=\"noopener noreferrer\">\n                  Solicitar Assist&ecirc;ncia                <\/a>\n                          <\/div>\n          <\/div>\n                <div class=\"flex flex-col gap-6 px-6 py-8 mb-10 box md:flex-row lg:p-10 lg:gap-10 lg:mb-12 scroll-mt-12\" data-index=\"1\" id=\"boxblock_acf-block-67a64915665b4_1\">\n                        <div class=\"grow\">\n              <h3 class=\"\">Remo&ccedil;&atilde;o de Resid&ecirc;ncia Condicional<\/h3>\n\n              <div class=\"lg:columns-1\">\n                <p>Um residente permanente legal condicional cujo c&ocirc;njuge &eacute; abusivo e n&atilde;o cooperar&aacute; na remo&ccedil;&atilde;o do status condicional pode solicitar uma ren&uacute;ncia de sua coopera&ccedil;&atilde;o.<\/p>\n              <\/div>\n\n                              <a class=\"mt-10 btn btn-wide btn-primary\" href=\"https:\/\/glsoi.legalserver.org\/modules\/matter\/extern_intake.php?pid=129&amp;h=daa817&amp;\" target=\"_blank\" title=\"Solicitar Assist&ecirc;ncia - Opens in a new window\" rel=\"noopener noreferrer\">\n                  Solicitar Assist&ecirc;ncia                <\/a>\n                          <\/div>\n          <\/div>\n                <div class=\"flex flex-col gap-6 px-6 py-8 mb-10 box md:flex-row lg:p-10 lg:gap-10 lg:mb-12 scroll-mt-12\" data-index=\"2\" id=\"boxblock_acf-block-67a64915665b4_2\">\n                        <div class=\"grow\">\n              <h3 class=\"\">Vistos U<\/h3>\n\n              <div class=\"lg:columns-1\">\n                <p>Um imigrante que sofreu abuso substancial como resultado de ter sido v&iacute;tima de certa atividade criminosa e foi &uacute;til na investiga&ccedil;&atilde;o ou acusa&ccedil;&atilde;o desse crime pode ser eleg&iacute;vel para um visto U. O status de visto U permite que v&iacute;timas de viol&ecirc;ncia dom&eacute;stica que n&atilde;o podem fazer uma peti&ccedil;&atilde;o sob a VAWA porque n&atilde;o s&atilde;o casadas com seu agressor, ou seu agressor n&atilde;o &eacute; um residente permanente legal ou cidad&atilde;o dos Estados Unidos, obtenham status legal.<\/p>\n              <\/div>\n\n                              <a class=\"mt-10 btn btn-wide btn-primary\" href=\"https:\/\/glsoi.legalserver.org\/modules\/matter\/extern_intake.php?pid=129&amp;h=daa817&amp;\" target=\"_blank\" title=\"Solicitar Assist&ecirc;ncia - Opens in a new window\" rel=\"noopener noreferrer\">\n                  Solicitar Assist&ecirc;ncia                <\/a>\n                          <\/div>\n          <\/div>\n                <div class=\"flex flex-col gap-6 px-6 py-8 mb-10 box md:flex-row lg:p-10 lg:gap-10 lg:mb-12 scroll-mt-12\" data-index=\"3\" id=\"boxblock_acf-block-67a64915665b4_3\">\n                        <div class=\"grow\">\n              <h3 class=\"\">Vistos T<\/h3>\n\n              <div class=\"lg:columns-1\">\n                <p>As v&iacute;timas de tr&aacute;fico de pessoas podem solicitar uma forma de status legal nos Estados Unidos chamada visto T.<\/p>\n              <\/div>\n\n                              <a class=\"mt-10 btn btn-wide btn-primary\" href=\"https:\/\/glsoi.legalserver.org\/modules\/matter\/extern_intake.php?pid=129&amp;h=daa817&amp;\" target=\"_blank\" title=\"Solicitar Assist&ecirc;ncia - Opens in a new window\" rel=\"noopener noreferrer\">\n                  Solicitar Assist&ecirc;ncia                <\/a>\n                          <\/div>\n          <\/div>\n                <div class=\"flex flex-col gap-6 px-6 py-8 mb-10 box md:flex-row lg:p-10 lg:gap-10 lg:mb-12 scroll-mt-12\" data-index=\"4\" id=\"boxblock_acf-block-67a64915665b4_4\">\n                        <div class=\"grow\">\n              <h3 class=\"\">Apresenta&ccedil;&otilde;es &ldquo;Conhe&ccedil;a seus direitos&rdquo;<\/h3>\n\n              <div class=\"lg:columns-1\">\n                <p>A GLS est&aacute; dispon&iacute;vel, mediante solicita&ccedil;&atilde;o, para fornecer apresenta&ccedil;&otilde;es &ldquo;Conhe&ccedil;a seus direitos&rdquo; para grupos locais em ambientes onde os imigrantes podem se sentir mais &agrave; vontade.<\/p>\n              <\/div>\n\n                              <a class=\"mt-10 btn btn-wide btn-primary\" href=\"https:\/\/glsoi.legalserver.org\/modules\/matter\/extern_intake.php?pid=129&amp;h=daa817&amp;\" target=\"_blank\" title=\"Solicitar Assist&ecirc;ncia - Opens in a new window\" rel=\"noopener noreferrer\">\n                  Solicitar Assist&ecirc;ncia                <\/a>\n                          <\/div>\n          <\/div>\n                <div class=\"flex flex-col gap-6 px-6 py-8 mb-10 box md:flex-row lg:p-10 lg:gap-10 lg:mb-12 scroll-mt-12\" data-index=\"5\" id=\"boxblock_acf-block-67a64915665b4_5\">\n                        <div class=\"grow\">\n              <h3 class=\"\">Estatuto Especial de Imigrante Juvenil<\/h3>\n\n              <div class=\"lg:columns-1\">\n                <p>&ldquo;SIJS&rdquo; pode ser uma op&ccedil;&atilde;o para crian&ccedil;as abusadas, abandonadas ou negligenciadas que atendam aos crit&eacute;rios de elegibilidade.<\/p>\n              <\/div>\n\n                              <a class=\"mt-10 btn btn-wide btn-primary\" href=\"https:\/\/glsoi.legalserver.org\/modules\/matter\/extern_intake.php?pid=129&amp;h=daa817&amp;\" target=\"_blank\" title=\"Solicitar Assist&ecirc;ncia - Opens in a new window\" rel=\"noopener noreferrer\">\n                  Solicitar Assist&ecirc;ncia                <\/a>\n                          <\/div>\n          <\/div>\n          <\/div>\n  <\/div>\n\n<\/section>\n\n\n<section id=\"block_acf-block-67a64d67f0f65\" class=\"gcl-block gcl-cta-blue alignfull container my-16 lg:my-32\">\n  <div class=\"box bg-primary-100 text-gray-5 px-6 py-8 md:p-12 lg:p-20 xg:py-24 xl:px-52 text-center\">\n\n    <h2 class=\"text-gray-5\">Mude sua vida com a GLS agora<\/h2>\n\n    <p>Voc&ecirc; pode solicitar servi&ccedil;os jur&iacute;dicos 24 horas por dia, 7 dias por semana, por meio de nosso formul&aacute;rio online. Entraremos em contato com voc&ecirc; para informar se sua inscri&ccedil;&atilde;o foi aceita ou n&atilde;o. Casos de emerg&ecirc;ncia (viol&ecirc;ncia dom&eacute;stica e quest&otilde;es urgentes de habita&ccedil;&atilde;o) ser&atilde;o priorizados e contatados primeiro.  <\/p>\n\n          <a class=\"btn btn-wide btn-primary-inverted\" href=\"https:\/\/glsoi.legalserver.org\/modules\/matter\/extern_intake.php?pid=129&amp;h=daa817&amp;\" target=\"_blank\" title=\"Solicitar Assist&ecirc;ncia - Opens in a new window\" rel=\"noopener noreferrer\">\n        Solicitar Assist&ecirc;ncia      <\/a>\n    \n  <\/div>\n<\/section>\n\n\n<section id=\"block_acf-block-675874c0eecaa\" class=\"gcl-block gcl-footer alignfull relative pb-20 lg:pb-28 lg:pt-52\">\n\t<img decoding=\"async\" width=\"1920\" height=\"1197\" src=\"https:\/\/gulfcoastlegal.org\/wp-content\/uploads\/2024\/10\/equal-justice-under-law-1920x1197.webp\" class=\"absolute top-0 bottom-0 left-0 right-0 w-full h-full object-cover object-top hidden lg:block not-transparent\" alt=\"\" loading=\"lazy\" data-has-transparency=\"false\" data-dominant-color=\"b2a48b\" style=\"--dominant-color: #b2a48b;\" \/>\t<div class=\"container\">\n\t\t<div class=\"box px-6 py-8 md:p-8 lg:p-14 relative z-10\">\n\n\t\t\t<h2 class=''>Contate-nos<\/h2>\n\t\t\t<p>As inscri\u00e7\u00f5es podem ser preenchidas pessoalmente. A GLS aceita visitas de segunda a sexta-feira, das 9h00 \u00e0s 17h00. Observe que a GLS fecha para visitas de segunda a quinta-feira, das 12h30 \u00e0s 13h30, e n\u00e3o aceita visitas ap\u00f3s as 12h30 \u00e0s sextas-feiras  <\/p>\n\n\t\t\t\t\t\t\t<div class=\"grid lg:grid-cols-2 xl:grid-cols-4 gap-10 border-t border-gray-40 pt-6\">\n\t\t\t\t\t\t\t\t\t\t\t<div>\n\t\t\t\t\t\t\t\t\t\t\t\t\t\t\t<h3>Escrit\u00f3rio do peixe-boi<\/h3>\n\t\t\t\t\t\t\t\t\t\t\t\t\t\t\t\t\t\t\t\t\t\t<div class=\"flex gap-2 mb-3\">\n\t\t\t\t\t\t\t\t\t<img decoding=\"async\" src=\"https:\/\/gulfcoastlegal.org\/wp-content\/themes\/gulfcoastlegal\/dist\/images\/address-pin.svg\" class=\"h-6 w-6\" alt=\"\">\n\t\t\t\t\t\t\t\t\t<p>1112 Manatee Ave E, 2nd Floor, Bradenton, FL 34208<\/p>\n\t\t\t\t\t\t\t\t<\/div>\n\t\t\t\t\t\t\t\t\t\t\t\t\t\t\t\t\t\t\t\t\t\t<div class=\"flex gap-2\">\n\t\t\t\t\t\t\t\t\t<img decoding=\"async\" src=\"https:\/\/gulfcoastlegal.org\/wp-content\/themes\/gulfcoastlegal\/dist\/images\/phone.svg\" class=\"h-6 w-6\" alt=\"\">\n\t\t\t\t\t\t\t\t\t<p>941-746-6151<\/p>\n\t\t\t\t\t\t\t\t<\/div>\n\t\t\t\t\t\t\t\t\t\t\t\t\t<\/div>\n\t\t\t\t\t\t\t\t\t\t\t<div>\n\t\t\t\t\t\t\t\t\t\t\t\t\t\t\t<h3>Escrit\u00f3rio de Pinellas<\/h3>\n\t\t\t\t\t\t\t\t\t\t\t\t\t\t\t\t\t\t\t\t\t\t<div class=\"flex gap-2 mb-3\">\n\t\t\t\t\t\t\t\t\t<img decoding=\"async\" src=\"https:\/\/gulfcoastlegal.org\/wp-content\/themes\/gulfcoastlegal\/dist\/images\/address-pin.svg\" class=\"h-6 w-6\" alt=\"\">\n\t\t\t\t\t\t\t\t\t<p>501 1st Ave N, Suite 420, St. Petersburg, FL 33701<\/p>\n\t\t\t\t\t\t\t\t<\/div>\n\t\t\t\t\t\t\t\t\t\t\t\t\t\t\t\t\t\t\t\t\t\t<div class=\"flex gap-2\">\n\t\t\t\t\t\t\t\t\t<img decoding=\"async\" src=\"https:\/\/gulfcoastlegal.org\/wp-content\/themes\/gulfcoastlegal\/dist\/images\/phone.svg\" class=\"h-6 w-6\" alt=\"\">\n\t\t\t\t\t\t\t\t\t<p>727-821-0726<\/p>\n\t\t\t\t\t\t\t\t<\/div>\n\t\t\t\t\t\t\t\t\t\t\t\t\t<\/div>\n\t\t\t\t\t\t\t\t\t\t\t<div>\n\t\t\t\t\t\t\t\t\t\t\t\t\t\t\t<h3>Escrit\u00f3rio de Sarasota<\/h3>\n\t\t\t\t\t\t\t\t\t\t\t\t\t\t\t\t\t\t\t\t\t\t<div class=\"flex gap-2 mb-3\">\n\t\t\t\t\t\t\t\t\t<img decoding=\"async\" src=\"https:\/\/gulfcoastlegal.org\/wp-content\/themes\/gulfcoastlegal\/dist\/images\/address-pin.svg\" class=\"h-6 w-6\" alt=\"\">\n\t\t\t\t\t\t\t\t\t<p>250 Tamiami Trail S, Suite 201, Venice, FL 34285<\/p>\n\t\t\t\t\t\t\t\t<\/div>\n\t\t\t\t\t\t\t\t\t\t\t\t\t\t\t\t\t\t\t\t\t\t<div class=\"flex gap-2\">\n\t\t\t\t\t\t\t\t\t<img decoding=\"async\" src=\"https:\/\/gulfcoastlegal.org\/wp-content\/themes\/gulfcoastlegal\/dist\/images\/phone.svg\" class=\"h-6 w-6\" alt=\"\">\n\t\t\t\t\t\t\t\t\t<p>800-230-5920<\/p>\n\t\t\t\t\t\t\t\t<\/div>\n\t\t\t\t\t\t\t\t\t\t\t\t\t<\/div>\n\t\t\t\t\t\t\t\t\t\t\t<div>\n\t\t\t\t\t\t\t\t\t\t\t\t\t\t\t<h3>Escrit\u00f3rio de Wimauma<\/h3>\n\t\t\t\t\t\t\t\t\t\t\t\t\t\t\t\t\t\t\t\t\t\t<div class=\"flex gap-2 mb-3\">\n\t\t\t\t\t\t\t\t\t<img decoding=\"async\" src=\"https:\/\/gulfcoastlegal.org\/wp-content\/themes\/gulfcoastlegal\/dist\/images\/address-pin.svg\" class=\"h-6 w-6\" alt=\"\">\n\t\t\t\t\t\t\t\t\t<p>*next to Beth-El Ministries, 18238 US-301S, Wimauma, FL 33598<\/p>\n\t\t\t\t\t\t\t\t<\/div>\n\t\t\t\t\t\t\t\t\t\t\t\t\t\t\t\t\t\t\t\t\t\t<div class=\"flex gap-2\">\n\t\t\t\t\t\t\t\t\t<img decoding=\"async\" src=\"https:\/\/gulfcoastlegal.org\/wp-content\/themes\/gulfcoastlegal\/dist\/images\/phone.svg\" class=\"h-6 w-6\" alt=\"\">\n\t\t\t\t\t\t\t\t\t<p>727-821-0726<\/p>\n\t\t\t\t\t\t\t\t<\/div>\n\t\t\t\t\t\t\t\t\t\t\t\t\t<\/div>\n\t\t\t\t\t\t\t\t\t<\/div>\n\t\t\t\t\t<\/div>\n\t<\/div>\n<\/section>\n","protected":false},"excerpt":{"rendered":"","protected":false},"author":2,"featured_media":0,"parent":1818,"menu_order":0,"comment_status":"closed","ping_status":"closed","template":"","meta":{"_acf_changed":false,"footnotes":""},"class_list":["post-1919","page","type-page","status-publish","hentry"],"acf":[],"yoast_head":"<!-- This site is optimized with the Yoast SEO plugin v25.9 - https:\/\/yoast.com\/wordpress\/plugins\/seo\/ -->\n<title>Imigra\u00e7\u00e3o - Gulf Coast Legal<\/title>\n<meta name=\"robots\" content=\"index, follow, max-snippet:-1, max-image-preview:large, max-video-preview:-1\" \/>\n<link rel=\"canonical\" href=\"https:\/\/gulfcoastlegal.org\/pt-br\/ajuda-juridica\/imigracao\/\" \/>\n<meta property=\"og:locale\" content=\"pt_BR\" \/>\n<meta property=\"og:type\" content=\"article\" \/>\n<meta property=\"og:title\" content=\"Imigra\u00e7\u00e3o - Gulf Coast Legal\" \/>\n<meta property=\"og:url\" content=\"https:\/\/gulfcoastlegal.org\/pt-br\/ajuda-juridica\/imigracao\/\" \/>\n<meta property=\"og:site_name\" content=\"Gulf Coast Legal\" \/>\n<meta property=\"article:publisher\" content=\"https:\/\/www.facebook.com\/GulfcoastLegalServices\/\" \/>\n<meta property=\"article:modified_time\" content=\"2025-02-07T17:55:34+00:00\" \/>\n<meta name=\"twitter:card\" content=\"summary_large_image\" \/>\n<script type=\"application\/ld+json\" class=\"yoast-schema-graph\">{\"@context\":\"https:\/\/schema.org\",\"@graph\":[{\"@type\":\"WebPage\",\"@id\":\"https:\/\/gulfcoastlegal.org\/pt-br\/ajuda-juridica\/imigracao\/\",\"url\":\"https:\/\/gulfcoastlegal.org\/pt-br\/ajuda-juridica\/imigracao\/\",\"name\":\"Imigra\u00e7\u00e3o - Gulf Coast Legal\",\"isPartOf\":{\"@id\":\"https:\/\/gulfcoastlegal.org\/#website\"},\"datePublished\":\"2024-09-11T08:35:12+00:00\",\"dateModified\":\"2025-02-07T17:55:34+00:00\",\"breadcrumb\":{\"@id\":\"https:\/\/gulfcoastlegal.org\/pt-br\/ajuda-juridica\/imigracao\/#breadcrumb\"},\"inLanguage\":\"pt-BR\",\"potentialAction\":[{\"@type\":\"ReadAction\",\"target\":[\"https:\/\/gulfcoastlegal.org\/pt-br\/ajuda-juridica\/imigracao\/\"]}]},{\"@type\":\"BreadcrumbList\",\"@id\":\"https:\/\/gulfcoastlegal.org\/pt-br\/ajuda-juridica\/imigracao\/#breadcrumb\",\"itemListElement\":[{\"@type\":\"ListItem\",\"position\":1,\"name\":\"Ajuda jur\u00eddica\",\"item\":\"https:\/\/gulfcoastlegal.org\/pt-br\/ajuda-juridica\/\"},{\"@type\":\"ListItem\",\"position\":2,\"name\":\"Imigra\u00e7\u00e3o\"}]},{\"@type\":\"WebSite\",\"@id\":\"https:\/\/gulfcoastlegal.org\/#website\",\"url\":\"https:\/\/gulfcoastlegal.org\/\",\"name\":\"Gulf Coast Legal\",\"description\":\"\",\"publisher\":{\"@id\":\"https:\/\/gulfcoastlegal.org\/#organization\"},\"potentialAction\":[{\"@type\":\"SearchAction\",\"target\":{\"@type\":\"EntryPoint\",\"urlTemplate\":\"https:\/\/gulfcoastlegal.org\/?s={search_term_string}\"},\"query-input\":{\"@type\":\"PropertyValueSpecification\",\"valueRequired\":true,\"valueName\":\"search_term_string\"}}],\"inLanguage\":\"pt-BR\"},{\"@type\":\"Organization\",\"@id\":\"https:\/\/gulfcoastlegal.org\/#organization\",\"name\":\"Gulf Coast Legal\",\"url\":\"https:\/\/gulfcoastlegal.org\/\",\"logo\":{\"@type\":\"ImageObject\",\"inLanguage\":\"pt-BR\",\"@id\":\"https:\/\/gulfcoastlegal.org\/#\/schema\/logo\/image\/\",\"url\":\"https:\/\/gulfcoastlegal.org\/wp-content\/uploads\/2024\/09\/gulfcoast-legal-services-logo.svg\",\"contentUrl\":\"https:\/\/gulfcoastlegal.org\/wp-content\/uploads\/2024\/09\/gulfcoast-legal-services-logo.svg\",\"width\":200,\"height\":60,\"caption\":\"Gulf Coast Legal\"},\"image\":{\"@id\":\"https:\/\/gulfcoastlegal.org\/#\/schema\/logo\/image\/\"},\"sameAs\":[\"https:\/\/www.facebook.com\/GulfcoastLegalServices\/\",\"https:\/\/www.instagram.com\/gulfcoast_legal_services\/\",\"https:\/\/www.indeed.com\/cmp\/Gulfcoast-Legal-Services-1\"]}]}<\/script>\n<!-- \/ Yoast SEO plugin. -->","yoast_head_json":{"title":"Imigra\u00e7\u00e3o - Gulf Coast Legal","robots":{"index":"index","follow":"follow","max-snippet":"max-snippet:-1","max-image-preview":"max-image-preview:large","max-video-preview":"max-video-preview:-1"},"canonical":"https:\/\/gulfcoastlegal.org\/pt-br\/ajuda-juridica\/imigracao\/","og_locale":"pt_BR","og_type":"article","og_title":"Imigra\u00e7\u00e3o - Gulf Coast Legal","og_url":"https:\/\/gulfcoastlegal.org\/pt-br\/ajuda-juridica\/imigracao\/","og_site_name":"Gulf Coast Legal","article_publisher":"https:\/\/www.facebook.com\/GulfcoastLegalServices\/","article_modified_time":"2025-02-07T17:55:34+00:00","twitter_card":"summary_large_image","schema":{"@context":"https:\/\/schema.org","@graph":[{"@type":"WebPage","@id":"https:\/\/gulfcoastlegal.org\/pt-br\/ajuda-juridica\/imigracao\/","url":"https:\/\/gulfcoastlegal.org\/pt-br\/ajuda-juridica\/imigracao\/","name":"Imigra\u00e7\u00e3o - Gulf Coast Legal","isPartOf":{"@id":"https:\/\/gulfcoastlegal.org\/#website"},"datePublished":"2024-09-11T08:35:12+00:00","dateModified":"2025-02-07T17:55:34+00:00","breadcrumb":{"@id":"https:\/\/gulfcoastlegal.org\/pt-br\/ajuda-juridica\/imigracao\/#breadcrumb"},"inLanguage":"pt-BR","potentialAction":[{"@type":"ReadAction","target":["https:\/\/gulfcoastlegal.org\/pt-br\/ajuda-juridica\/imigracao\/"]}]},{"@type":"BreadcrumbList","@id":"https:\/\/gulfcoastlegal.org\/pt-br\/ajuda-juridica\/imigracao\/#breadcrumb","itemListElement":[{"@type":"ListItem","position":1,"name":"Ajuda jur\u00eddica","item":"https:\/\/gulfcoastlegal.org\/pt-br\/ajuda-juridica\/"},{"@type":"ListItem","position":2,"name":"Imigra\u00e7\u00e3o"}]},{"@type":"WebSite","@id":"https:\/\/gulfcoastlegal.org\/#website","url":"https:\/\/gulfcoastlegal.org\/","name":"Gulf Coast Legal","description":"","publisher":{"@id":"https:\/\/gulfcoastlegal.org\/#organization"},"potentialAction":[{"@type":"SearchAction","target":{"@type":"EntryPoint","urlTemplate":"https:\/\/gulfcoastlegal.org\/?s={search_term_string}"},"query-input":{"@type":"PropertyValueSpecification","valueRequired":true,"valueName":"search_term_string"}}],"inLanguage":"pt-BR"},{"@type":"Organization","@id":"https:\/\/gulfcoastlegal.org\/#organization","name":"Gulf Coast Legal","url":"https:\/\/gulfcoastlegal.org\/","logo":{"@type":"ImageObject","inLanguage":"pt-BR","@id":"https:\/\/gulfcoastlegal.org\/#\/schema\/logo\/image\/","url":"https:\/\/gulfcoastlegal.org\/wp-content\/uploads\/2024\/09\/gulfcoast-legal-services-logo.svg","contentUrl":"https:\/\/gulfcoastlegal.org\/wp-content\/uploads\/2024\/09\/gulfcoast-legal-services-logo.svg","width":200,"height":60,"caption":"Gulf Coast Legal"},"image":{"@id":"https:\/\/gulfcoastlegal.org\/#\/schema\/logo\/image\/"},"sameAs":["https:\/\/www.facebook.com\/GulfcoastLegalServices\/","https:\/\/www.instagram.com\/gulfcoast_legal_services\/","https:\/\/www.indeed.com\/cmp\/Gulfcoast-Legal-Services-1"]}]}},"_links":{"self":[{"href":"https:\/\/gulfcoastlegal.org\/pt-br\/wp-json\/wp\/v2\/pages\/1919","targetHints":{"allow":["GET"]}}],"collection":[{"href":"https:\/\/gulfcoastlegal.org\/pt-br\/wp-json\/wp\/v2\/pages"}],"about":[{"href":"https:\/\/gulfcoastlegal.org\/pt-br\/wp-json\/wp\/v2\/types\/page"}],"author":[{"embeddable":true,"href":"https:\/\/gulfcoastlegal.org\/pt-br\/wp-json\/wp\/v2\/users\/2"}],"replies":[{"embeddable":true,"href":"https:\/\/gulfcoastlegal.org\/pt-br\/wp-json\/wp\/v2\/comments?post=1919"}],"version-history":[{"count":0,"href":"https:\/\/gulfcoastlegal.org\/pt-br\/wp-json\/wp\/v2\/pages\/1919\/revisions"}],"up":[{"embeddable":true,"href":"https:\/\/gulfcoastlegal.org\/pt-br\/wp-json\/wp\/v2\/pages\/1818"}],"wp:attachment":[{"href":"https:\/\/gulfcoastlegal.org\/pt-br\/wp-json\/wp\/v2\/media?parent=1919"}],"curies":[{"name":"wp","href":"https:\/\/api.w.org\/{rel}","templated":true}]}}