{"id":1931,"date":"2024-11-26T10:04:59","date_gmt":"2024-11-26T10:04:59","guid":{"rendered":"https:\/\/gulfcoastlegal.mystaging.dev\/ajuda-juridica\/projetos-especiais\/"},"modified":"2025-03-13T12:15:49","modified_gmt":"2025-03-13T12:15:49","slug":"projetos-especiais","status":"publish","type":"page","link":"https:\/\/gulfcoastlegal.org\/pt-br\/ajuda-juridica\/projetos-especiais\/","title":{"rendered":"Projetos Especiais"},"content":{"rendered":"<section id=\"block_acf-block-67d2cc7400212\" class=\"gcl-block gcl-hero-image alignfull my-12 overflow-hidden\">\n  <div class=\"container flex flex-col lg:flex-row justify-between items-center gap-y-12 gap-x-6\">\n    <div class=\"lg:w-6\/12\">\n      <h1 class=\"\">Projetos Especiais<\/h1>\n      <div class=\"pr-16 mb-10 lg:mb-14\">\n        <p>A unidade de Projetos Especiais dedica-se a coordenar eventos comunit&aacute;rios e cultivar parcerias com ag&ecirc;ncias locais, com &ecirc;nfase particular em divulga&ccedil;&atilde;o e projetos especiais que est&atilde;o fora do alcance de nossas unidades gerais de defesa.<\/p>\n<div id=\"tango-capture-box\" style=\"--tango-capture-box-background-color: transparent;--tango-capture-box-color: #FF7442\"><\/div>\n      <\/div>\n\n              <a class=\"btn btn-wide btn-primary\" href=\"https:\/\/glsoi.legalserver.org\/modules\/matter\/extern_intake.php?pid=129&amp;h=daa817&amp;\" target=\"_blank\" title=\"Solicitar Assist&ecirc;ncia - Opens in a new window\" rel=\"noopener noreferrer\">\n          Solicitar Assist&ecirc;ncia        <\/a>\n          <\/div>\n          <div class=\"lg:w-6\/12 text-right\">\n        <div class=\"decoration-blue hero-small\">\n          <img fetchpriority=\"high\" decoding=\"async\" width=\"496\" height=\"496\" src=\"https:\/\/gulfcoastlegal.org\/wp-content\/uploads\/2024\/11\/Special--496x496.webp\" class=\"rounded-lg not-transparent\" alt=\"\" loading=\"eager\" srcset=\"https:\/\/gulfcoastlegal.org\/wp-content\/uploads\/2024\/11\/Special--496x496.webp 496w, https:\/\/gulfcoastlegal.org\/wp-content\/uploads\/2024\/11\/Special--160x160.webp 160w, https:\/\/gulfcoastlegal.org\/wp-content\/uploads\/2024\/11\/Special--136x136.webp 136w, https:\/\/gulfcoastlegal.org\/wp-content\/uploads\/2024\/11\/Special--400x400.webp 400w, https:\/\/gulfcoastlegal.org\/wp-content\/uploads\/2024\/11\/Special--300x300.webp 300w, https:\/\/gulfcoastlegal.org\/wp-content\/uploads\/2024\/11\/Special-.webp 500w\" sizes=\"(max-width: 496px) 100vw, 496px\" data-has-transparency=\"false\" data-dominant-color=\"2b2870\" style=\"--dominant-color: #2b2870;\">        <\/div>\n      <\/div>\n      <\/div>\n<\/section>\n\n\n<section id=\"block_acf-block-67d2cc740023f\" class=\"gcl-block gcl-cta-white-box-with-media alignfull container my-16 lg:my-32\">\n  <div class=\"box flex flex-col xl:flex-row gap-10 xl:gap-16\">\n    <div class=\"xl:w-7\/12\">\n      \n              <ul class=\"list-image-checkmark\">\n                      <li>Alcance e educa\u00e7\u00e3o da comunidade: Organiza eventos, workshops e campanhas para aumentar a conscientiza\u00e7\u00e3o sobre direitos legais, recursos e suporte dispon\u00edveis para os membros da comunidade em nossas \u00e1reas de servi\u00e7o.  <\/li>\n                      <li>Parcerias e colabora\u00e7\u00f5es estrat\u00e9gicas: Desenvolve e fortalece relacionamentos com ag\u00eancias locais, organiza\u00e7\u00f5es sem fins lucrativos e organiza\u00e7\u00f5es comunit\u00e1rias para expandir o acesso a servi\u00e7os jur\u00eddicos, compartilhar recursos e criar sistemas de apoio mais abrangentes para indiv\u00edduos necessitados.<\/li>\n                      <li>Gerenciamento de Projetos Jur\u00eddicos Especiais: Lidera e executa iniciativas que abordam quest\u00f5es jur\u00eddicas espec\u00edficas ou lacunas em servi\u00e7os que est\u00e3o fora do escopo do trabalho geral de advocacia da organiza\u00e7\u00e3o, como fornecer assist\u00eancia jur\u00eddica a popula\u00e7\u00f5es \u00fanicas ou focar em desafios jur\u00eddicos emergentes.<\/li>\n                  <\/ul>\n          <\/div>\n    <div class=\"xl:w-5\/12\">\n              <img decoding=\"async\" width=\"496\" height=\"329\" src=\"https:\/\/gulfcoastlegal.org\/wp-content\/uploads\/2024\/09\/family-law-tips-496x329.webp\" class=\"rounded-md mb-10 not-transparent\" alt=\"\" loading=\"lazy\" srcset=\"https:\/\/gulfcoastlegal.org\/wp-content\/uploads\/2024\/09\/family-law-tips-496x329.webp 496w, https:\/\/gulfcoastlegal.org\/wp-content\/uploads\/2024\/09\/family-law-tips-792x525.webp 792w, https:\/\/gulfcoastlegal.org\/wp-content\/uploads\/2024\/09\/family-law-tips-1280x849.webp 1280w, https:\/\/gulfcoastlegal.org\/wp-content\/uploads\/2024\/09\/family-law-tips-768x509.webp 768w, https:\/\/gulfcoastlegal.org\/wp-content\/uploads\/2024\/09\/family-law-tips-1536x1018.webp 1536w, https:\/\/gulfcoastlegal.org\/wp-content\/uploads\/2024\/09\/family-law-tips-624x414.webp 624w, https:\/\/gulfcoastlegal.org\/wp-content\/uploads\/2024\/09\/family-law-tips-600x398.webp 600w, https:\/\/gulfcoastlegal.org\/wp-content\/uploads\/2024\/09\/family-law-tips-136x90.webp 136w, https:\/\/gulfcoastlegal.org\/wp-content\/uploads\/2024\/09\/family-law-tips.webp 1920w\" sizes=\"auto, (max-width: 496px) 100vw, 496px\" data-has-transparency=\"false\" data-dominant-color=\"888b6f\" style=\"--dominant-color: #888b6f;\" \/>      \n          <\/div>\n  <\/div>\n<\/section>\n\n<section id=\"block_acf-block-67d2cc7400276\" class=\"gcl-block gcl-example-cases alignfull container my-16 lg:my-36\">\n\n  <h2 class='mb-4 lg:mb-16 lg:w-8\/12'>Podem ser tratados os seguintes tipos de processos:<\/h2>\n\n  <div class=\"flex flex-col gap-6 xl:flex-row scrollspy\">\n    <div class=\"xl:w-5\/12\">\n      <p>&nbsp;<\/p>\n<div id=\"tango-capture-box\" style=\"--tango-capture-box-background-color: transparent;--tango-capture-box-color: #FF7442\"><\/div>\n\n              <div class=\"sticky flex-col hidden w-3\/4 gap-4 xl:flex top-12 2xl:w-3\/5\">\n                      <a href=\"#boxblock_acf-block-67d2cc7400276_0\" class=\"btn pill is-active\" data-target=\"0\" role=\"button\">\n              <span class=''><strong>Expurgos Criminais ou Selamento<\/strong><\/span>\n            <\/a>\n                      <a href=\"#boxblock_acf-block-67d2cc7400276_1\" class=\"btn pill \" data-target=\"1\" role=\"button\">\n              <span class=''><strong>Defesa dos direitos das v\u00edtimas<\/strong><\/span>\n            <\/a>\n                      <a href=\"#boxblock_acf-block-67d2cc7400276_2\" class=\"btn pill \" data-target=\"2\" role=\"button\">\n              <span class=''><strong>Defesa dos direitos das pessoas com defici\u00eancia<\/strong><\/span>\n            <\/a>\n                      <a href=\"#boxblock_acf-block-67d2cc7400276_3\" class=\"btn pill \" data-target=\"3\" role=\"button\">\n              <span class=''><strong>Eventos de Divulga\u00e7\u00e3o e Cl\u00ednicas Jur\u00eddicas<\/strong><\/span>\n            <\/a>\n                  <\/div>\n      \n    <\/div>\n    <div class=\"xl:w-7\/12\">\n                <div class=\"flex flex-col gap-6 px-6 py-8 mb-10 box md:flex-row lg:p-10 lg:gap-10 lg:mb-12 scroll-mt-12\" data-index=\"0\" id=\"boxblock_acf-block-67d2cc7400276_0\">\n                        <div class=\"grow\">\n              <h3 class=''><strong>Expurgos Criminais ou Selamento<\/strong><\/h3>\n\n              <div class=\"lg:columns-1\">\n                <p>Ajudar os indiv\u00edduos a limpar ou selar registros criminais para melhorar seu acesso a emprego, moradia e outras oportunidades, especialmente para aqueles com condena\u00e7\u00f5es anteriores relacionadas a delitos menores ou aqueles que buscam um novo come\u00e7o.<\/p>\n<div id=\"tango-capture-box\" style=\"--tango-capture-box-background-color: transparent;--tango-capture-box-color: #FF7442\"><\/div>\n              <\/div>\n\n                          <\/div>\n          <\/div>\n                <div class=\"flex flex-col gap-6 px-6 py-8 mb-10 box md:flex-row lg:p-10 lg:gap-10 lg:mb-12 scroll-mt-12\" data-index=\"1\" id=\"boxblock_acf-block-67d2cc7400276_1\">\n                        <div class=\"grow\">\n              <h3 class=''><strong>Defesa dos direitos das v\u00edtimas<\/strong><\/h3>\n\n              <div class=\"lg:columns-1\">\n                <p>Representar v\u00edtimas de crimes na condu\u00e7\u00e3o de seus direitos, incluindo assist\u00eancia na obten\u00e7\u00e3o de ordens de prote\u00e7\u00e3o, acesso \u00e0 compensa\u00e7\u00e3o de v\u00edtimas ou defesa de servi\u00e7os e acomoda\u00e7\u00f5es apropriados no sistema de justi\u00e7a criminal.<\/p>\n<div id=\"tango-capture-box\" style=\"--tango-capture-box-background-color: transparent;--tango-capture-box-color: #FF7442\"><\/div>\n              <\/div>\n\n                          <\/div>\n          <\/div>\n                <div class=\"flex flex-col gap-6 px-6 py-8 mb-10 box md:flex-row lg:p-10 lg:gap-10 lg:mb-12 scroll-mt-12\" data-index=\"2\" id=\"boxblock_acf-block-67d2cc7400276_2\">\n                        <div class=\"grow\">\n              <h3 class=''><strong>Defesa dos direitos das pessoas com defici\u00eancia<\/strong><\/h3>\n\n              <div class=\"lg:columns-1\">\n                <p>Fornecer aconselhamento jur\u00eddico para pessoas com defici\u00eancia que buscam acomoda\u00e7\u00f5es em moradia, emprego ou servi\u00e7os p\u00fablicos, garantindo que n\u00e3o sejam discriminadas e tenham acesso a todos os seus direitos perante a lei.<\/p>\n<div id=\"tango-capture-box\" style=\"--tango-capture-box-background-color: transparent;--tango-capture-box-color: #FF7442\"><\/div>\n              <\/div>\n\n                          <\/div>\n          <\/div>\n                <div class=\"flex flex-col gap-6 px-6 py-8 mb-10 box md:flex-row lg:p-10 lg:gap-10 lg:mb-12 scroll-mt-12\" data-index=\"3\" id=\"boxblock_acf-block-67d2cc7400276_3\">\n                        <div class=\"grow\">\n              <h3 class=''><strong>Eventos de Divulga\u00e7\u00e3o e Cl\u00ednicas Jur\u00eddicas<\/strong><\/h3>\n\n              <div class=\"lg:columns-1\">\n                <p>Organizar eventos comunit\u00e1rios e cl\u00ednicas jur\u00eddicas para fornecer aconselhamento jur\u00eddico gratuito, informa\u00e7\u00f5es e recursos para popula\u00e7\u00f5es carentes. Isso inclui oferecer consultas no local, workshops e sess\u00f5es educacionais sobre t\u00f3picos como direitos do inquilino, direito de fam\u00edlia ou expurgo de antecedentes criminais.<\/p>\n<div id=\"tango-capture-box\" style=\"--tango-capture-box-background-color: transparent;--tango-capture-box-color: #FF7442\"><\/div>\n              <\/div>\n\n                          <\/div>\n          <\/div>\n          <\/div>\n  <\/div>\n\n<\/section>\n\n<section id=\"block_acf-block-67d2cc7408b4d\" class=\"gcl-block gcl-cta-blue alignfull container my-16 lg:my-32\">\n  <div class=\"box bg-primary-100 text-gray-5 px-6 py-8 md:p-12 lg:p-20 xg:py-24 xl:px-52 text-center\">\n\n    <h2 class='text-gray-5'>Vamos conectar<\/h2>\n\n    <p>Se voc\u00ea quiser saber mais sobre como voc\u00ea ou sua organiza\u00e7\u00e3o podem se envolver ou ter ideias para iniciativas especiais, entre em contato com nossa Diretora Adjunta de Projetos Especiais, <a href=\"mailto:jericaj@gulfcoastlegal.org\">Jerica Johnson<\/a>, para obter mais informa\u00e7\u00f5es. Juntos, podemos expandir o acesso \u00e0 justi\u00e7a e apoiar aqueles que mais precisam.<\/p>\n\n    \n  <\/div>\n<\/section>\n\n<section id=\"block_acf-block-675874c0eecaa\" class=\"gcl-block gcl-footer alignfull relative pb-20 lg:pb-28 lg:pt-52\">\n\t<img decoding=\"async\" width=\"1920\" height=\"1197\" src=\"https:\/\/gulfcoastlegal.org\/wp-content\/uploads\/2024\/10\/equal-justice-under-law-1920x1197.webp\" class=\"absolute top-0 bottom-0 left-0 right-0 w-full h-full object-cover object-top hidden lg:block not-transparent\" alt=\"\" loading=\"lazy\" data-has-transparency=\"false\" data-dominant-color=\"b2a48b\" style=\"--dominant-color: #b2a48b;\" \/>\t<div class=\"container\">\n\t\t<div class=\"box px-6 py-8 md:p-8 lg:p-14 relative z-10\">\n\n\t\t\t<h2 class=''>Contate-nos<\/h2>\n\t\t\t<p>As inscri\u00e7\u00f5es podem ser preenchidas pessoalmente. A GLS aceita visitas de segunda a sexta-feira, das 9h00 \u00e0s 17h00. Observe que a GLS fecha para visitas de segunda a quinta-feira, das 12h30 \u00e0s 13h30, e n\u00e3o aceita visitas ap\u00f3s as 12h30 \u00e0s sextas-feiras  <\/p>\n\n\t\t\t\t\t\t\t<div class=\"grid lg:grid-cols-2 xl:grid-cols-4 gap-10 border-t border-gray-40 pt-6\">\n\t\t\t\t\t\t\t\t\t\t\t<div>\n\t\t\t\t\t\t\t\t\t\t\t\t\t\t\t<h3>Escrit\u00f3rio do peixe-boi<\/h3>\n\t\t\t\t\t\t\t\t\t\t\t\t\t\t\t\t\t\t\t\t\t\t<div class=\"flex gap-2 mb-3\">\n\t\t\t\t\t\t\t\t\t<img decoding=\"async\" src=\"https:\/\/gulfcoastlegal.org\/wp-content\/themes\/gulfcoastlegal\/dist\/images\/address-pin.svg\" class=\"h-6 w-6\" alt=\"\">\n\t\t\t\t\t\t\t\t\t<p>1112 Manatee Ave E, 2nd Floor, Bradenton, FL 34208<\/p>\n\t\t\t\t\t\t\t\t<\/div>\n\t\t\t\t\t\t\t\t\t\t\t\t\t\t\t\t\t\t\t\t\t\t<div class=\"flex gap-2\">\n\t\t\t\t\t\t\t\t\t<img decoding=\"async\" src=\"https:\/\/gulfcoastlegal.org\/wp-content\/themes\/gulfcoastlegal\/dist\/images\/phone.svg\" class=\"h-6 w-6\" alt=\"\">\n\t\t\t\t\t\t\t\t\t<p>941-746-6151<\/p>\n\t\t\t\t\t\t\t\t<\/div>\n\t\t\t\t\t\t\t\t\t\t\t\t\t<\/div>\n\t\t\t\t\t\t\t\t\t\t\t<div>\n\t\t\t\t\t\t\t\t\t\t\t\t\t\t\t<h3>Escrit\u00f3rio de Pinellas<\/h3>\n\t\t\t\t\t\t\t\t\t\t\t\t\t\t\t\t\t\t\t\t\t\t<div class=\"flex gap-2 mb-3\">\n\t\t\t\t\t\t\t\t\t<img decoding=\"async\" src=\"https:\/\/gulfcoastlegal.org\/wp-content\/themes\/gulfcoastlegal\/dist\/images\/address-pin.svg\" class=\"h-6 w-6\" alt=\"\">\n\t\t\t\t\t\t\t\t\t<p>501 1st Ave N, Suite 420, St. Petersburg, FL 33701<\/p>\n\t\t\t\t\t\t\t\t<\/div>\n\t\t\t\t\t\t\t\t\t\t\t\t\t\t\t\t\t\t\t\t\t\t<div class=\"flex gap-2\">\n\t\t\t\t\t\t\t\t\t<img decoding=\"async\" src=\"https:\/\/gulfcoastlegal.org\/wp-content\/themes\/gulfcoastlegal\/dist\/images\/phone.svg\" class=\"h-6 w-6\" alt=\"\">\n\t\t\t\t\t\t\t\t\t<p>727-821-0726<\/p>\n\t\t\t\t\t\t\t\t<\/div>\n\t\t\t\t\t\t\t\t\t\t\t\t\t<\/div>\n\t\t\t\t\t\t\t\t\t\t\t<div>\n\t\t\t\t\t\t\t\t\t\t\t\t\t\t\t<h3>Escrit\u00f3rio de Sarasota<\/h3>\n\t\t\t\t\t\t\t\t\t\t\t\t\t\t\t\t\t\t\t\t\t\t<div class=\"flex gap-2 mb-3\">\n\t\t\t\t\t\t\t\t\t<img decoding=\"async\" src=\"https:\/\/gulfcoastlegal.org\/wp-content\/themes\/gulfcoastlegal\/dist\/images\/address-pin.svg\" class=\"h-6 w-6\" alt=\"\">\n\t\t\t\t\t\t\t\t\t<p>250 Tamiami Trail S, Suite 201, Venice, FL 34285<\/p>\n\t\t\t\t\t\t\t\t<\/div>\n\t\t\t\t\t\t\t\t\t\t\t\t\t\t\t\t\t\t\t\t\t\t<div class=\"flex gap-2\">\n\t\t\t\t\t\t\t\t\t<img decoding=\"async\" src=\"https:\/\/gulfcoastlegal.org\/wp-content\/themes\/gulfcoastlegal\/dist\/images\/phone.svg\" class=\"h-6 w-6\" alt=\"\">\n\t\t\t\t\t\t\t\t\t<p>800-230-5920<\/p>\n\t\t\t\t\t\t\t\t<\/div>\n\t\t\t\t\t\t\t\t\t\t\t\t\t<\/div>\n\t\t\t\t\t\t\t\t\t\t\t<div>\n\t\t\t\t\t\t\t\t\t\t\t\t\t\t\t<h3>Escrit\u00f3rio de Wimauma<\/h3>\n\t\t\t\t\t\t\t\t\t\t\t\t\t\t\t\t\t\t\t\t\t\t<div class=\"flex gap-2 mb-3\">\n\t\t\t\t\t\t\t\t\t<img decoding=\"async\" src=\"https:\/\/gulfcoastlegal.org\/wp-content\/themes\/gulfcoastlegal\/dist\/images\/address-pin.svg\" class=\"h-6 w-6\" alt=\"\">\n\t\t\t\t\t\t\t\t\t<p>*next to Beth-El Ministries, 18238 US-301S, Wimauma, FL 33598<\/p>\n\t\t\t\t\t\t\t\t<\/div>\n\t\t\t\t\t\t\t\t\t\t\t\t\t\t\t\t\t\t\t\t\t\t<div class=\"flex gap-2\">\n\t\t\t\t\t\t\t\t\t<img decoding=\"async\" src=\"https:\/\/gulfcoastlegal.org\/wp-content\/themes\/gulfcoastlegal\/dist\/images\/phone.svg\" class=\"h-6 w-6\" alt=\"\">\n\t\t\t\t\t\t\t\t\t<p>727-821-0726<\/p>\n\t\t\t\t\t\t\t\t<\/div>\n\t\t\t\t\t\t\t\t\t\t\t\t\t<\/div>\n\t\t\t\t\t\t\t\t\t<\/div>\n\t\t\t\t\t<\/div>\n\t<\/div>\n<\/section>\n","protected":false},"excerpt":{"rendered":"","protected":false},"author":2,"featured_media":0,"parent":1818,"menu_order":0,"comment_status":"closed","ping_status":"closed","template":"","meta":{"_acf_changed":false,"footnotes":""},"class_list":["post-1931","page","type-page","status-publish","hentry"],"acf":[],"yoast_head":"<!-- This site is optimized with the Yoast SEO plugin v25.9 - https:\/\/yoast.com\/wordpress\/plugins\/seo\/ -->\n<title>Projetos Especiais - Gulf Coast Legal<\/title>\n<meta name=\"robots\" content=\"index, follow, max-snippet:-1, max-image-preview:large, max-video-preview:-1\" \/>\n<link rel=\"canonical\" href=\"https:\/\/gulfcoastlegal.org\/pt-br\/ajuda-juridica\/projetos-especiais\/\" \/>\n<meta property=\"og:locale\" content=\"pt_BR\" \/>\n<meta property=\"og:type\" content=\"article\" \/>\n<meta property=\"og:title\" content=\"Projetos Especiais - Gulf Coast Legal\" \/>\n<meta property=\"og:url\" content=\"https:\/\/gulfcoastlegal.org\/pt-br\/ajuda-juridica\/projetos-especiais\/\" \/>\n<meta property=\"og:site_name\" content=\"Gulf Coast Legal\" \/>\n<meta property=\"article:publisher\" content=\"https:\/\/www.facebook.com\/GulfcoastLegalServices\/\" \/>\n<meta property=\"article:modified_time\" content=\"2025-03-13T12:15:49+00:00\" \/>\n<meta name=\"twitter:card\" content=\"summary_large_image\" \/>\n<script type=\"application\/ld+json\" class=\"yoast-schema-graph\">{\"@context\":\"https:\/\/schema.org\",\"@graph\":[{\"@type\":\"WebPage\",\"@id\":\"https:\/\/gulfcoastlegal.org\/pt-br\/ajuda-juridica\/projetos-especiais\/\",\"url\":\"https:\/\/gulfcoastlegal.org\/pt-br\/ajuda-juridica\/projetos-especiais\/\",\"name\":\"Projetos Especiais - Gulf Coast Legal\",\"isPartOf\":{\"@id\":\"https:\/\/gulfcoastlegal.org\/#website\"},\"datePublished\":\"2024-11-26T10:04:59+00:00\",\"dateModified\":\"2025-03-13T12:15:49+00:00\",\"breadcrumb\":{\"@id\":\"https:\/\/gulfcoastlegal.org\/pt-br\/ajuda-juridica\/projetos-especiais\/#breadcrumb\"},\"inLanguage\":\"pt-BR\",\"potentialAction\":[{\"@type\":\"ReadAction\",\"target\":[\"https:\/\/gulfcoastlegal.org\/pt-br\/ajuda-juridica\/projetos-especiais\/\"]}]},{\"@type\":\"BreadcrumbList\",\"@id\":\"https:\/\/gulfcoastlegal.org\/pt-br\/ajuda-juridica\/projetos-especiais\/#breadcrumb\",\"itemListElement\":[{\"@type\":\"ListItem\",\"position\":1,\"name\":\"Ajuda jur\u00eddica\",\"item\":\"https:\/\/gulfcoastlegal.org\/pt-br\/ajuda-juridica\/\"},{\"@type\":\"ListItem\",\"position\":2,\"name\":\"Projetos Especiais\"}]},{\"@type\":\"WebSite\",\"@id\":\"https:\/\/gulfcoastlegal.org\/#website\",\"url\":\"https:\/\/gulfcoastlegal.org\/\",\"name\":\"Gulf Coast Legal\",\"description\":\"\",\"publisher\":{\"@id\":\"https:\/\/gulfcoastlegal.org\/#organization\"},\"potentialAction\":[{\"@type\":\"SearchAction\",\"target\":{\"@type\":\"EntryPoint\",\"urlTemplate\":\"https:\/\/gulfcoastlegal.org\/?s={search_term_string}\"},\"query-input\":{\"@type\":\"PropertyValueSpecification\",\"valueRequired\":true,\"valueName\":\"search_term_string\"}}],\"inLanguage\":\"pt-BR\"},{\"@type\":\"Organization\",\"@id\":\"https:\/\/gulfcoastlegal.org\/#organization\",\"name\":\"Gulf Coast Legal\",\"url\":\"https:\/\/gulfcoastlegal.org\/\",\"logo\":{\"@type\":\"ImageObject\",\"inLanguage\":\"pt-BR\",\"@id\":\"https:\/\/gulfcoastlegal.org\/#\/schema\/logo\/image\/\",\"url\":\"https:\/\/gulfcoastlegal.org\/wp-content\/uploads\/2024\/09\/gulfcoast-legal-services-logo.svg\",\"contentUrl\":\"https:\/\/gulfcoastlegal.org\/wp-content\/uploads\/2024\/09\/gulfcoast-legal-services-logo.svg\",\"width\":200,\"height\":60,\"caption\":\"Gulf Coast Legal\"},\"image\":{\"@id\":\"https:\/\/gulfcoastlegal.org\/#\/schema\/logo\/image\/\"},\"sameAs\":[\"https:\/\/www.facebook.com\/GulfcoastLegalServices\/\",\"https:\/\/www.instagram.com\/gulfcoast_legal_services\/\",\"https:\/\/www.indeed.com\/cmp\/Gulfcoast-Legal-Services-1\"]}]}<\/script>\n<!-- \/ Yoast SEO plugin. -->","yoast_head_json":{"title":"Projetos Especiais - Gulf Coast Legal","robots":{"index":"index","follow":"follow","max-snippet":"max-snippet:-1","max-image-preview":"max-image-preview:large","max-video-preview":"max-video-preview:-1"},"canonical":"https:\/\/gulfcoastlegal.org\/pt-br\/ajuda-juridica\/projetos-especiais\/","og_locale":"pt_BR","og_type":"article","og_title":"Projetos Especiais - Gulf Coast Legal","og_url":"https:\/\/gulfcoastlegal.org\/pt-br\/ajuda-juridica\/projetos-especiais\/","og_site_name":"Gulf Coast Legal","article_publisher":"https:\/\/www.facebook.com\/GulfcoastLegalServices\/","article_modified_time":"2025-03-13T12:15:49+00:00","twitter_card":"summary_large_image","schema":{"@context":"https:\/\/schema.org","@graph":[{"@type":"WebPage","@id":"https:\/\/gulfcoastlegal.org\/pt-br\/ajuda-juridica\/projetos-especiais\/","url":"https:\/\/gulfcoastlegal.org\/pt-br\/ajuda-juridica\/projetos-especiais\/","name":"Projetos Especiais - Gulf Coast Legal","isPartOf":{"@id":"https:\/\/gulfcoastlegal.org\/#website"},"datePublished":"2024-11-26T10:04:59+00:00","dateModified":"2025-03-13T12:15:49+00:00","breadcrumb":{"@id":"https:\/\/gulfcoastlegal.org\/pt-br\/ajuda-juridica\/projetos-especiais\/#breadcrumb"},"inLanguage":"pt-BR","potentialAction":[{"@type":"ReadAction","target":["https:\/\/gulfcoastlegal.org\/pt-br\/ajuda-juridica\/projetos-especiais\/"]}]},{"@type":"BreadcrumbList","@id":"https:\/\/gulfcoastlegal.org\/pt-br\/ajuda-juridica\/projetos-especiais\/#breadcrumb","itemListElement":[{"@type":"ListItem","position":1,"name":"Ajuda jur\u00eddica","item":"https:\/\/gulfcoastlegal.org\/pt-br\/ajuda-juridica\/"},{"@type":"ListItem","position":2,"name":"Projetos Especiais"}]},{"@type":"WebSite","@id":"https:\/\/gulfcoastlegal.org\/#website","url":"https:\/\/gulfcoastlegal.org\/","name":"Gulf Coast Legal","description":"","publisher":{"@id":"https:\/\/gulfcoastlegal.org\/#organization"},"potentialAction":[{"@type":"SearchAction","target":{"@type":"EntryPoint","urlTemplate":"https:\/\/gulfcoastlegal.org\/?s={search_term_string}"},"query-input":{"@type":"PropertyValueSpecification","valueRequired":true,"valueName":"search_term_string"}}],"inLanguage":"pt-BR"},{"@type":"Organization","@id":"https:\/\/gulfcoastlegal.org\/#organization","name":"Gulf Coast Legal","url":"https:\/\/gulfcoastlegal.org\/","logo":{"@type":"ImageObject","inLanguage":"pt-BR","@id":"https:\/\/gulfcoastlegal.org\/#\/schema\/logo\/image\/","url":"https:\/\/gulfcoastlegal.org\/wp-content\/uploads\/2024\/09\/gulfcoast-legal-services-logo.svg","contentUrl":"https:\/\/gulfcoastlegal.org\/wp-content\/uploads\/2024\/09\/gulfcoast-legal-services-logo.svg","width":200,"height":60,"caption":"Gulf Coast Legal"},"image":{"@id":"https:\/\/gulfcoastlegal.org\/#\/schema\/logo\/image\/"},"sameAs":["https:\/\/www.facebook.com\/GulfcoastLegalServices\/","https:\/\/www.instagram.com\/gulfcoast_legal_services\/","https:\/\/www.indeed.com\/cmp\/Gulfcoast-Legal-Services-1"]}]}},"_links":{"self":[{"href":"https:\/\/gulfcoastlegal.org\/pt-br\/wp-json\/wp\/v2\/pages\/1931","targetHints":{"allow":["GET"]}}],"collection":[{"href":"https:\/\/gulfcoastlegal.org\/pt-br\/wp-json\/wp\/v2\/pages"}],"about":[{"href":"https:\/\/gulfcoastlegal.org\/pt-br\/wp-json\/wp\/v2\/types\/page"}],"author":[{"embeddable":true,"href":"https:\/\/gulfcoastlegal.org\/pt-br\/wp-json\/wp\/v2\/users\/2"}],"replies":[{"embeddable":true,"href":"https:\/\/gulfcoastlegal.org\/pt-br\/wp-json\/wp\/v2\/comments?post=1931"}],"version-history":[{"count":0,"href":"https:\/\/gulfcoastlegal.org\/pt-br\/wp-json\/wp\/v2\/pages\/1931\/revisions"}],"up":[{"embeddable":true,"href":"https:\/\/gulfcoastlegal.org\/pt-br\/wp-json\/wp\/v2\/pages\/1818"}],"wp:attachment":[{"href":"https:\/\/gulfcoastlegal.org\/pt-br\/wp-json\/wp\/v2\/media?parent=1931"}],"curies":[{"name":"wp","href":"https:\/\/api.w.org\/{rel}","templated":true}]}}