{"id":1935,"date":"2024-09-11T05:38:28","date_gmt":"2024-09-11T05:38:28","guid":{"rendered":"https:\/\/gulfcoastlegal.mystaging.dev\/politica-de-privacidade\/"},"modified":"2025-02-07T18:05:00","modified_gmt":"2025-02-07T18:05:00","slug":"politica-de-privacidade","status":"publish","type":"page","link":"https:\/\/gulfcoastlegal.org\/pt-br\/politica-de-privacidade\/","title":{"rendered":"Pol\u00edtica de privacidade"},"content":{"rendered":"<section id=\"block_acf-block-67a64b4b55d5e\" class=\"gcl-block gcl-narrow-content alignfull container my-16\">\n\t<div class=\"md:w-11\/12 lg:w-10\/12 xl:w-8\/12 mx-auto\">\n\t\t<div class=\"acf-innerblocks-container\">\n\n<h1 class=\"wp-block-heading\" id=\"top\">Pol\u00edtica de privacidade<\/h1>\n\n\n\n<p class=\"has-gray-50-color has-text-color has-link-color wp-elements-345613aa5ed2a740aa6972ca5269ec8d\"><mark style=\"background-color:rgba(0, 0, 0, 0)\" class=\"has-inline-color has-gray-55-color\">\u00daltima atualiza\u00e7\u00e3o em 31\/07\/2024<\/mark><\/p>\n\n\n\n<hr class=\"wp-block-separator !w-full !border-t-0 !border-b border-gray-30 my-8 lg:my-10 has-alpha-channel-opacity mb-10 my-10 my-6 !border-b-px w-full border-b-px my-12\"\/>\n\n\n\n<blockquote class=\"wp-block-quote box border-none px-6 py-8 lg:p-10 mb-10 lg:mb-12 p-10 mb-12 is-layout-flow wp-block-quote-is-layout-flow\">\n<p>A Gulfcoast Legal Services (GLS) n\u00e3o vende ou divulga informa\u00e7\u00f5es sobre nossos volunt\u00e1rios, clientes ou apoiadores fora de nossa organiza\u00e7\u00e3o imediata, a menos que receba permiss\u00e3o por escrito.<\/p>\n<\/blockquote>\n\n\n\n<h2 class=\"wp-block-heading\">\u00cdndice<\/h2>\n\n\n\n<ol class=\"wp-block-list is-style-list-toc\">\n<li class=\"has-md-font-size\"><a href=\"#l1\">Uso do site \/ coleta de informa\u00e7\u00f5es<\/a><\/li>\n\n\n\n<li class=\"has-md-font-size\"><a href=\"#l2\">Coleta de informa\u00e7\u00f5es de identifica\u00e7\u00e3o pessoal<\/a><\/li>\n\n\n\n<li class=\"has-md-font-size\"><a href=\"#l3\">Compartilhamento GLS de informa\u00e7\u00f5es de identifica\u00e7\u00e3o pessoal<\/a><\/li>\n\n\n\n<li class=\"has-md-font-size\"><a href=\"#l4\">Informa\u00e7\u00f5es Financeiras e Pagamentos<\/a><\/li>\n\n\n\n<li class=\"has-md-font-size\"><a href=\"#l5\">Bolinhos<\/a><\/li>\n\n\n\n<li class=\"has-md-font-size\"><a href=\"#l6\">Links externos<\/a><\/li>\n\n\n\n<li class=\"has-md-font-size\"><a href=\"#l7\">Seguran\u00e7a<\/a><\/li>\n\n\n\n<li class=\"has-md-font-size\"><a href=\"#l8\">Privacidade das crian\u00e7as<\/a><\/li>\n\n\n\n<li class=\"has-md-font-size\"><a href=\"#l9\">Contate-nos<\/a><\/li>\n<\/ol>\n\n\n\n<h3 class=\"wp-block-heading\" id=\"l1\">1. Uso do site \/ coleta de informa\u00e7\u00f5es<\/h3>\n\n\n\n<p>Quando voc\u00ea visita nosso site, obtemos automaticamente dois tipos de informa\u00e7\u00f5es: informa\u00e7\u00f5es pessoais que voc\u00ea conscientemente escolhe divulgar que s\u00e3o coletadas individualmente e informa\u00e7\u00f5es de uso do site coletadas de forma agregada enquanto voc\u00ea e outras pessoas navegam em nosso site.<\/p>\n\n\n\n<p>N\u00e3o rastreamos as p\u00e1ginas que voc\u00ea ou qualquer visitante individual pode ver e n\u00e3o coletamos nenhuma outra informa\u00e7\u00e3o sem o seu conhecimento e permiss\u00e3o. N\u00e3o coletamos ou armazenamos informa\u00e7\u00f5es de identifica\u00e7\u00e3o pessoal, como seu nome, endere\u00e7o de correspond\u00eancia, endere\u00e7o de e-mail ou n\u00famero de telefone, a menos que voc\u00ea forne\u00e7a essas informa\u00e7\u00f5es. <\/p>\n\n\n\n<h3 class=\"wp-block-heading\" id=\"l2\">2. Coleta de informa\u00e7\u00f5es de identifica\u00e7\u00e3o pessoal<\/h3>\n\n\n\n<p>A GLS fornece uma inscri\u00e7\u00e3o para o nosso boletim informativo, bem como para as inscri\u00e7\u00f5es online. Qualquer informa\u00e7\u00e3o que voc\u00ea nos forne\u00e7a, incluindo seu nome, endere\u00e7o de correspond\u00eancia e endere\u00e7o de e-mail, \u00e9 armazenada pela GLS. As informa\u00e7\u00f5es s\u00e3o usadas para atender \u00e0 sua solicita\u00e7\u00e3o e rastrear informa\u00e7\u00f5es agregadas sobre o uso desses recursos. A GLS faz todos os esfor\u00e7os para garantir a coleta e transmiss\u00e3o seguras de suas informa\u00e7\u00f5es confidenciais usando metodologias de coleta e criptografia de dados aceitas pela ind\u00fastria.   <\/p>\n\n\n\n<h3 class=\"wp-block-heading\" id=\"l3\">3. Compartilhamento GLS de informa\u00e7\u00f5es de identifica\u00e7\u00e3o pessoal<\/h3>\n\n\n\n<p>A GLS n\u00e3o publicar\u00e1 suas informa\u00e7\u00f5es pessoais de contato, incluindo endere\u00e7o de e-mail, endere\u00e7o e n\u00fameros de telefone, no site sem o seu consentimento.<\/p>\n\n\n\n<h3 class=\"wp-block-heading\" id=\"l4\">4. Informa\u00e7\u00f5es financeiras e pagamentos<\/h3>\n\n\n\n<p>O PayPal \u00e9 um servidor seguro para processar pagamentos e informa\u00e7\u00f5es financeiras. A GLS faz login no PayPal, recupera as informa\u00e7\u00f5es e as processa. A GLS n\u00e3o ret\u00e9m, compartilha, armazena ou usa informa\u00e7\u00f5es de identifica\u00e7\u00e3o pessoal para quaisquer fins secund\u00e1rios.  <\/p>\n\n\n\n<h3 class=\"wp-block-heading\" id=\"l5\">5. Biscoitos<\/h3>\n\n\n\n<p>Um cookie \u00e9 um dado armazenado no disco r\u00edgido do usu\u00e1rio que cont\u00e9m informa\u00e7\u00f5es sobre o usu\u00e1rio. Usamos cookies em nosso site para personalizar e personalizar a experi\u00eancia de nossos visitantes e para dar suporte a algumas fun\u00e7\u00f5es necess\u00e1rias. Tamb\u00e9m usamos cookies para entender melhor como nossos visitantes usam nosso site.  <\/p>\n\n\n<p>Ao modificar as prefer&ecirc;ncias do seu navegador, voc&ecirc; tem a op&ccedil;&atilde;o de aceitar todos os cookies, ser notificado quando um cookie for definido ou rejeitar todos os cookies. Para obter mais informa&ccedil;&otilde;es sobre como modificar as configura&ccedil;&otilde;es do seu navegador para bloquear ou filtrar cookies, consulte <a href=\"https:\/\/www.allaboutcookies.org\/\" target=\"_blank\" rel=\"noreferrer noopener\" title=\"allaboutcookies.org - Opens in new window\">allaboutcookies.org<\/a>. <\/p>\n\n\n\n<h3 class=\"wp-block-heading\" id=\"l6\">6. Links externos<\/h3>\n\n\n\n<p>Este site pode conter links para outros sites. A GLS n\u00e3o \u00e9 respons\u00e1vel pelas pr\u00e1ticas de privacidade ou pelo conte\u00fado de tais sites. Incentivamos nossos usu\u00e1rios a estarem atentos quando sa\u00edrem de nosso site e a lerem as declara\u00e7\u00f5es de privacidade de cada site que coleta informa\u00e7\u00f5es de identifica\u00e7\u00e3o pessoal.  <\/p>\n\n\n\n<h3 class=\"wp-block-heading\" id=\"l7\">7. Seguran\u00e7a<\/h3>\n\n\n\n<p>Este site possui medidas de seguran\u00e7a para proteger a perda, uso indevido e altera\u00e7\u00e3o das informa\u00e7\u00f5es sob nosso controle. Usamos criptografia Secure Socket Layer (SSL) para proteger a transmiss\u00e3o de informa\u00e7\u00f5es que voc\u00ea nos envia quando usa nossos formul\u00e1rios online seguros. Todas as informa\u00e7\u00f5es que voc\u00ea nos fornece por meio desses formul\u00e1rios s\u00e3o armazenadas com seguran\u00e7a.  <\/p>\n\n\n\n<h3 class=\"wp-block-heading\" id=\"l8\">8. Privacidade das crian\u00e7as<\/h3>\n\n\n\n<p>Como nos preocupamos com a seguran\u00e7a e a privacidade das crian\u00e7as on-line, cumprimos a Lei de Prote\u00e7\u00e3o \u00e0 Privacidade On-line das Crian\u00e7as de 1998 (COPPA). A COPPA e o regulamento da FTC que a acompanha estabelecem uma lei federal dos Estados Unidos que protege a privacidade das crian\u00e7as que usam a Internet. N\u00e3o contatamos ou coletamos intencionalmente informa\u00e7\u00f5es pessoais de crian\u00e7as menores de 13 anos. Nosso site n\u00e3o se destina a solicitar informa\u00e7\u00f5es de qualquer tipo de crian\u00e7as menores de 13 anos.   <\/p>\n\n\n\n<h3 class=\"wp-block-heading\" id=\"l9\">9. Entre em contato conosco<\/h3>\n\n\n\n<p>Voc\u00ea pode entrar em contato conosco a qualquer momento para obter detalhes sobre esta Pol\u00edtica de Privacidade e suas vers\u00f5es anteriores. Para qualquer d\u00favida sobre sua conta ou seus dados pessoais, entre em contato com Tara Meyer, Gerente de Recursos Humanos da <a href=\"mailto:taram@gulfcoastlegal.org\">taram@gulfcoastlegal.org<\/a> <\/p>\n\n\n\n<div class=\"wp-block-buttons is-layout-flex wp-block-buttons-is-layout-flex\">\n<div class=\"wp-block-button\"><a class=\"wp-block-button__link wp-element-button\" href=\"https:\/\/gulfcoastlegal.org\/pt-br\/\">Ir para a p\u00e1gina inicial<\/a><\/div>\n\n\n\n<div class=\"wp-block-button is-style-btn-secondary\"><a class=\"wp-block-button__link wp-element-button\" href=\"#top\">Ir para o topo desta p\u00e1gina<\/a><\/div>\n<\/div>\n\n<\/div>\n\t<\/div>\n<\/section>\n\n\n<section id=\"block_acf-block-675874c0eecaa\" class=\"gcl-block gcl-footer alignfull relative pb-20 lg:pb-28 lg:pt-52\">\n\t<img decoding=\"async\" width=\"1920\" height=\"1197\" src=\"https:\/\/gulfcoastlegal.org\/wp-content\/uploads\/2024\/10\/equal-justice-under-law-1920x1197.webp\" class=\"absolute top-0 bottom-0 left-0 right-0 w-full h-full object-cover object-top hidden lg:block not-transparent\" alt=\"\" loading=\"lazy\" data-has-transparency=\"false\" data-dominant-color=\"b2a48b\" style=\"--dominant-color: #b2a48b;\" \/>\t<div class=\"container\">\n\t\t<div class=\"box px-6 py-8 md:p-8 lg:p-14 relative z-10\">\n\n\t\t\t<h2 class=''>Contate-nos<\/h2>\n\t\t\t<p>As inscri\u00e7\u00f5es podem ser preenchidas pessoalmente. A GLS aceita visitas de segunda a sexta-feira, das 9h00 \u00e0s 17h00. Observe que a GLS fecha para visitas de segunda a quinta-feira, das 12h30 \u00e0s 13h30, e n\u00e3o aceita visitas ap\u00f3s as 12h30 \u00e0s sextas-feiras  <\/p>\n\n\t\t\t\t\t\t\t<div class=\"grid lg:grid-cols-2 xl:grid-cols-4 gap-10 border-t border-gray-40 pt-6\">\n\t\t\t\t\t\t\t\t\t\t\t<div>\n\t\t\t\t\t\t\t\t\t\t\t\t\t\t\t<h3>Escrit\u00f3rio do peixe-boi<\/h3>\n\t\t\t\t\t\t\t\t\t\t\t\t\t\t\t\t\t\t\t\t\t\t<div class=\"flex gap-2 mb-3\">\n\t\t\t\t\t\t\t\t\t<img decoding=\"async\" src=\"https:\/\/gulfcoastlegal.org\/wp-content\/themes\/gulfcoastlegal\/dist\/images\/address-pin.svg\" class=\"h-6 w-6\" alt=\"\">\n\t\t\t\t\t\t\t\t\t<p>1112 Manatee Ave E, 2nd Floor, Bradenton, FL 34208<\/p>\n\t\t\t\t\t\t\t\t<\/div>\n\t\t\t\t\t\t\t\t\t\t\t\t\t\t\t\t\t\t\t\t\t\t<div class=\"flex gap-2\">\n\t\t\t\t\t\t\t\t\t<img decoding=\"async\" src=\"https:\/\/gulfcoastlegal.org\/wp-content\/themes\/gulfcoastlegal\/dist\/images\/phone.svg\" class=\"h-6 w-6\" alt=\"\">\n\t\t\t\t\t\t\t\t\t<p>941-746-6151<\/p>\n\t\t\t\t\t\t\t\t<\/div>\n\t\t\t\t\t\t\t\t\t\t\t\t\t<\/div>\n\t\t\t\t\t\t\t\t\t\t\t<div>\n\t\t\t\t\t\t\t\t\t\t\t\t\t\t\t<h3>Escrit\u00f3rio de Pinellas<\/h3>\n\t\t\t\t\t\t\t\t\t\t\t\t\t\t\t\t\t\t\t\t\t\t<div class=\"flex gap-2 mb-3\">\n\t\t\t\t\t\t\t\t\t<img decoding=\"async\" src=\"https:\/\/gulfcoastlegal.org\/wp-content\/themes\/gulfcoastlegal\/dist\/images\/address-pin.svg\" class=\"h-6 w-6\" alt=\"\">\n\t\t\t\t\t\t\t\t\t<p>501 1st Ave N, Suite 420, St. Petersburg, FL 33701<\/p>\n\t\t\t\t\t\t\t\t<\/div>\n\t\t\t\t\t\t\t\t\t\t\t\t\t\t\t\t\t\t\t\t\t\t<div class=\"flex gap-2\">\n\t\t\t\t\t\t\t\t\t<img decoding=\"async\" src=\"https:\/\/gulfcoastlegal.org\/wp-content\/themes\/gulfcoastlegal\/dist\/images\/phone.svg\" class=\"h-6 w-6\" alt=\"\">\n\t\t\t\t\t\t\t\t\t<p>727-821-0726<\/p>\n\t\t\t\t\t\t\t\t<\/div>\n\t\t\t\t\t\t\t\t\t\t\t\t\t<\/div>\n\t\t\t\t\t\t\t\t\t\t\t<div>\n\t\t\t\t\t\t\t\t\t\t\t\t\t\t\t<h3>Escrit\u00f3rio de Sarasota<\/h3>\n\t\t\t\t\t\t\t\t\t\t\t\t\t\t\t\t\t\t\t\t\t\t<div class=\"flex gap-2 mb-3\">\n\t\t\t\t\t\t\t\t\t<img decoding=\"async\" src=\"https:\/\/gulfcoastlegal.org\/wp-content\/themes\/gulfcoastlegal\/dist\/images\/address-pin.svg\" class=\"h-6 w-6\" alt=\"\">\n\t\t\t\t\t\t\t\t\t<p>250 Tamiami Trail S, Suite 201, Venice, FL 34285<\/p>\n\t\t\t\t\t\t\t\t<\/div>\n\t\t\t\t\t\t\t\t\t\t\t\t\t\t\t\t\t\t\t\t\t\t<div class=\"flex gap-2\">\n\t\t\t\t\t\t\t\t\t<img decoding=\"async\" src=\"https:\/\/gulfcoastlegal.org\/wp-content\/themes\/gulfcoastlegal\/dist\/images\/phone.svg\" class=\"h-6 w-6\" alt=\"\">\n\t\t\t\t\t\t\t\t\t<p>800-230-5920<\/p>\n\t\t\t\t\t\t\t\t<\/div>\n\t\t\t\t\t\t\t\t\t\t\t\t\t<\/div>\n\t\t\t\t\t\t\t\t\t\t\t<div>\n\t\t\t\t\t\t\t\t\t\t\t\t\t\t\t<h3>Escrit\u00f3rio de Wimauma<\/h3>\n\t\t\t\t\t\t\t\t\t\t\t\t\t\t\t\t\t\t\t\t\t\t<div class=\"flex gap-2 mb-3\">\n\t\t\t\t\t\t\t\t\t<img decoding=\"async\" src=\"https:\/\/gulfcoastlegal.org\/wp-content\/themes\/gulfcoastlegal\/dist\/images\/address-pin.svg\" class=\"h-6 w-6\" alt=\"\">\n\t\t\t\t\t\t\t\t\t<p>*next to Beth-El Ministries, 18238 US-301S, Wimauma, FL 33598<\/p>\n\t\t\t\t\t\t\t\t<\/div>\n\t\t\t\t\t\t\t\t\t\t\t\t\t\t\t\t\t\t\t\t\t\t<div class=\"flex gap-2\">\n\t\t\t\t\t\t\t\t\t<img decoding=\"async\" src=\"https:\/\/gulfcoastlegal.org\/wp-content\/themes\/gulfcoastlegal\/dist\/images\/phone.svg\" class=\"h-6 w-6\" alt=\"\">\n\t\t\t\t\t\t\t\t\t<p>727-821-0726<\/p>\n\t\t\t\t\t\t\t\t<\/div>\n\t\t\t\t\t\t\t\t\t\t\t\t\t<\/div>\n\t\t\t\t\t\t\t\t\t<\/div>\n\t\t\t\t\t<\/div>\n\t<\/div>\n<\/section>\n","protected":false},"excerpt":{"rendered":"","protected":false},"author":2,"featured_media":0,"parent":0,"menu_order":0,"comment_status":"closed","ping_status":"closed","template":"","meta":{"_acf_changed":false,"footnotes":""},"class_list":["post-1935","page","type-page","status-publish","hentry"],"acf":[],"yoast_head":"<!-- This site is optimized with the Yoast SEO plugin v25.9 - https:\/\/yoast.com\/wordpress\/plugins\/seo\/ -->\n<title>Pol\u00edtica de privacidade - Gulf Coast Legal<\/title>\n<meta name=\"robots\" content=\"index, follow, max-snippet:-1, max-image-preview:large, max-video-preview:-1\" \/>\n<link rel=\"canonical\" href=\"https:\/\/gulfcoastlegal.org\/pt-br\/politica-de-privacidade\/\" \/>\n<meta property=\"og:locale\" content=\"pt_BR\" \/>\n<meta property=\"og:type\" content=\"article\" \/>\n<meta property=\"og:title\" content=\"Pol\u00edtica de privacidade - Gulf Coast Legal\" \/>\n<meta property=\"og:url\" content=\"https:\/\/gulfcoastlegal.org\/pt-br\/politica-de-privacidade\/\" \/>\n<meta property=\"og:site_name\" content=\"Gulf Coast Legal\" \/>\n<meta property=\"article:publisher\" content=\"https:\/\/www.facebook.com\/GulfcoastLegalServices\/\" \/>\n<meta property=\"article:modified_time\" content=\"2025-02-07T18:05:00+00:00\" \/>\n<meta name=\"twitter:card\" content=\"summary_large_image\" \/>\n<meta name=\"twitter:label1\" content=\"Est. tempo de leitura\" \/>\n\t<meta name=\"twitter:data1\" content=\"3 minutes\" \/>\n<script type=\"application\/ld+json\" class=\"yoast-schema-graph\">{\"@context\":\"https:\/\/schema.org\",\"@graph\":[{\"@type\":\"WebPage\",\"@id\":\"https:\/\/gulfcoastlegal.org\/pt-br\/politica-de-privacidade\/\",\"url\":\"https:\/\/gulfcoastlegal.org\/pt-br\/politica-de-privacidade\/\",\"name\":\"Pol\u00edtica de privacidade - Gulf Coast Legal\",\"isPartOf\":{\"@id\":\"https:\/\/gulfcoastlegal.org\/#website\"},\"datePublished\":\"2024-09-11T05:38:28+00:00\",\"dateModified\":\"2025-02-07T18:05:00+00:00\",\"inLanguage\":\"pt-BR\",\"potentialAction\":[{\"@type\":\"ReadAction\",\"target\":[\"https:\/\/gulfcoastlegal.org\/pt-br\/politica-de-privacidade\/\"]}]},{\"@type\":\"WebSite\",\"@id\":\"https:\/\/gulfcoastlegal.org\/#website\",\"url\":\"https:\/\/gulfcoastlegal.org\/\",\"name\":\"Gulf Coast Legal\",\"description\":\"\",\"publisher\":{\"@id\":\"https:\/\/gulfcoastlegal.org\/#organization\"},\"potentialAction\":[{\"@type\":\"SearchAction\",\"target\":{\"@type\":\"EntryPoint\",\"urlTemplate\":\"https:\/\/gulfcoastlegal.org\/?s={search_term_string}\"},\"query-input\":{\"@type\":\"PropertyValueSpecification\",\"valueRequired\":true,\"valueName\":\"search_term_string\"}}],\"inLanguage\":\"pt-BR\"},{\"@type\":\"Organization\",\"@id\":\"https:\/\/gulfcoastlegal.org\/#organization\",\"name\":\"Gulf Coast Legal\",\"url\":\"https:\/\/gulfcoastlegal.org\/\",\"logo\":{\"@type\":\"ImageObject\",\"inLanguage\":\"pt-BR\",\"@id\":\"https:\/\/gulfcoastlegal.org\/#\/schema\/logo\/image\/\",\"url\":\"https:\/\/gulfcoastlegal.org\/wp-content\/uploads\/2024\/09\/gulfcoast-legal-services-logo.svg\",\"contentUrl\":\"https:\/\/gulfcoastlegal.org\/wp-content\/uploads\/2024\/09\/gulfcoast-legal-services-logo.svg\",\"width\":200,\"height\":60,\"caption\":\"Gulf Coast Legal\"},\"image\":{\"@id\":\"https:\/\/gulfcoastlegal.org\/#\/schema\/logo\/image\/\"},\"sameAs\":[\"https:\/\/www.facebook.com\/GulfcoastLegalServices\/\",\"https:\/\/www.instagram.com\/gulfcoast_legal_services\/\",\"https:\/\/www.indeed.com\/cmp\/Gulfcoast-Legal-Services-1\"]}]}<\/script>\n<!-- \/ Yoast SEO plugin. -->","yoast_head_json":{"title":"Pol\u00edtica de privacidade - Gulf Coast Legal","robots":{"index":"index","follow":"follow","max-snippet":"max-snippet:-1","max-image-preview":"max-image-preview:large","max-video-preview":"max-video-preview:-1"},"canonical":"https:\/\/gulfcoastlegal.org\/pt-br\/politica-de-privacidade\/","og_locale":"pt_BR","og_type":"article","og_title":"Pol\u00edtica de privacidade - Gulf Coast Legal","og_url":"https:\/\/gulfcoastlegal.org\/pt-br\/politica-de-privacidade\/","og_site_name":"Gulf Coast Legal","article_publisher":"https:\/\/www.facebook.com\/GulfcoastLegalServices\/","article_modified_time":"2025-02-07T18:05:00+00:00","twitter_card":"summary_large_image","twitter_misc":{"Est. tempo de leitura":"3 minutes"},"schema":{"@context":"https:\/\/schema.org","@graph":[{"@type":"WebPage","@id":"https:\/\/gulfcoastlegal.org\/pt-br\/politica-de-privacidade\/","url":"https:\/\/gulfcoastlegal.org\/pt-br\/politica-de-privacidade\/","name":"Pol\u00edtica de privacidade - Gulf Coast Legal","isPartOf":{"@id":"https:\/\/gulfcoastlegal.org\/#website"},"datePublished":"2024-09-11T05:38:28+00:00","dateModified":"2025-02-07T18:05:00+00:00","inLanguage":"pt-BR","potentialAction":[{"@type":"ReadAction","target":["https:\/\/gulfcoastlegal.org\/pt-br\/politica-de-privacidade\/"]}]},{"@type":"WebSite","@id":"https:\/\/gulfcoastlegal.org\/#website","url":"https:\/\/gulfcoastlegal.org\/","name":"Gulf Coast Legal","description":"","publisher":{"@id":"https:\/\/gulfcoastlegal.org\/#organization"},"potentialAction":[{"@type":"SearchAction","target":{"@type":"EntryPoint","urlTemplate":"https:\/\/gulfcoastlegal.org\/?s={search_term_string}"},"query-input":{"@type":"PropertyValueSpecification","valueRequired":true,"valueName":"search_term_string"}}],"inLanguage":"pt-BR"},{"@type":"Organization","@id":"https:\/\/gulfcoastlegal.org\/#organization","name":"Gulf Coast Legal","url":"https:\/\/gulfcoastlegal.org\/","logo":{"@type":"ImageObject","inLanguage":"pt-BR","@id":"https:\/\/gulfcoastlegal.org\/#\/schema\/logo\/image\/","url":"https:\/\/gulfcoastlegal.org\/wp-content\/uploads\/2024\/09\/gulfcoast-legal-services-logo.svg","contentUrl":"https:\/\/gulfcoastlegal.org\/wp-content\/uploads\/2024\/09\/gulfcoast-legal-services-logo.svg","width":200,"height":60,"caption":"Gulf Coast Legal"},"image":{"@id":"https:\/\/gulfcoastlegal.org\/#\/schema\/logo\/image\/"},"sameAs":["https:\/\/www.facebook.com\/GulfcoastLegalServices\/","https:\/\/www.instagram.com\/gulfcoast_legal_services\/","https:\/\/www.indeed.com\/cmp\/Gulfcoast-Legal-Services-1"]}]}},"_links":{"self":[{"href":"https:\/\/gulfcoastlegal.org\/pt-br\/wp-json\/wp\/v2\/pages\/1935","targetHints":{"allow":["GET"]}}],"collection":[{"href":"https:\/\/gulfcoastlegal.org\/pt-br\/wp-json\/wp\/v2\/pages"}],"about":[{"href":"https:\/\/gulfcoastlegal.org\/pt-br\/wp-json\/wp\/v2\/types\/page"}],"author":[{"embeddable":true,"href":"https:\/\/gulfcoastlegal.org\/pt-br\/wp-json\/wp\/v2\/users\/2"}],"replies":[{"embeddable":true,"href":"https:\/\/gulfcoastlegal.org\/pt-br\/wp-json\/wp\/v2\/comments?post=1935"}],"version-history":[{"count":0,"href":"https:\/\/gulfcoastlegal.org\/pt-br\/wp-json\/wp\/v2\/pages\/1935\/revisions"}],"wp:attachment":[{"href":"https:\/\/gulfcoastlegal.org\/pt-br\/wp-json\/wp\/v2\/media?parent=1935"}],"curies":[{"name":"wp","href":"https:\/\/api.w.org\/{rel}","templated":true}]}}